{"id":31975,"date":"2026-04-10T17:45:06","date_gmt":"2026-04-10T15:45:06","guid":{"rendered":"https:\/\/ultralimited.it\/?post_type=product&#038;p=31975"},"modified":"2026-04-15T09:11:05","modified_gmt":"2026-04-15T07:11:05","slug":"carloforte","status":"publish","type":"product","link":"https:\/\/ultralimited.it\/fr\/lunettes\/carloforte\/","title":{"rendered":"Carloforte"},"content":{"rendered":"<p data-start=\"800\" data-end=\"830\"><strong>Lunettes de soleil mod\u00e8le Carloforte<\/strong><\/p>\n<p data-start=\"832\" data-end=\"1278\">Le mod\u00e8le <strong>Carloforte<\/strong> d&rsquo;Ultra Limited est une paire de lunettes pour femme qui se distingue par son design papillon, con\u00e7u pour celles qui recherchent un style affirm\u00e9 et contemporain. Fabriqu\u00e9e en ac\u00e9tate de haute qualit\u00e9, elle offre un \u00e9quilibre parfait entre robustesse et confort, garantissant un port \u00e0 la fois l\u00e9ger et r\u00e9sistant. La monture papillon apporte une touche d&rsquo;\u00e9l\u00e9gance et s&rsquo;adapte \u00e0 diff\u00e9rents types de visages, mettant en valeur chaque expression.<\/p>\n<p data-start=\"1280\" data-end=\"1619\">Le mod\u00e8le Carloforte est disponible en quatre coloris \u00e9l\u00e9gants : <strong>Bleu<\/strong>, <strong>Bordeaux<\/strong>, <strong>Havana<\/strong>\u00a0et <strong>Noir<\/strong>, tous con\u00e7us pour exprimer une personnalit\u00e9 forte et sophistiqu\u00e9e. Chaque variante de couleur est pens\u00e9e pour ajouter une touche distinctive \u00e0 votre look, tout en conservant l&rsquo;\u00e9l\u00e9gance et la polyvalence qui caract\u00e9risent la marque Ultra Limited.<\/p>\n","protected":false},"excerpt":{"rendered":"<p>Lunettes de soleil mod\u00e8le Carloforte Le mod\u00e8le Carloforte d&rsquo;Ultra Limited est une paire de lunettes pour femme qui se distingue par son design papillon, con\u00e7u pour celles qui recherchent un style affirm\u00e9 et contemporain. Fabriqu\u00e9e en ac\u00e9tate de haute qualit\u00e9, elle offre un \u00e9quilibre parfait entre robustesse et confort, garantissant un port \u00e0 la fois <a href=\"https:\/\/ultralimited.it\/fr\/lunettes\/carloforte\/\" class=\"more-link\">&#8230;<\/a><\/p>\n","protected":false},"featured_media":32055,"template":"","meta":{"_acf_changed":false},"product_brand":[],"product_cat":[119,117,125,158],"class_list":{"0":"post-31975","1":"product","2":"type-product","3":"status-publish","4":"has-post-thumbnail","6":"product_cat-femme","7":"product_cat-lunettes","8":"product_cat-lunettes-de-soleil","9":"product_cat-nouveau","11":"first","12":"instock","13":"shipping-taxable","14":"product-type-variable"},"acf":[],"yoast_head":"<!-- This site is optimized with the Yoast SEO plugin v26.4 - https:\/\/yoast.com\/wordpress\/plugins\/seo\/ -->\n<title>Carloforte - Ultra Limited<\/title>\n<meta name=\"description\" content=\"Lunettes de soleil Carloforte d&#039;Ultra Limited. Mod\u00e8le \u00e9l\u00e9gant, disponible en bleu, havane, bordeaux et noir. En savoir plus et se rendre sur le site.\" \/>\n<meta name=\"robots\" content=\"index, follow, max-snippet:-1, max-image-preview:large, max-video-preview:-1\" \/>\n<link rel=\"canonical\" href=\"https:\/\/ultralimited.it\/fr\/lunettes\/carloforte\/\" \/>\n<meta property=\"og:locale\" content=\"fr_FR\" \/>\n<meta property=\"og:type\" content=\"article\" \/>\n<meta property=\"og:title\" content=\"Carloforte - Ultra Limited\" \/>\n<meta property=\"og:description\" content=\"Lunettes de soleil Carloforte d&#039;Ultra Limited. Mod\u00e8le \u00e9l\u00e9gant, disponible en bleu, havane, bordeaux et noir. En savoir plus et se rendre sur le site.\" \/>\n<meta property=\"og:url\" content=\"https:\/\/ultralimited.it\/fr\/lunettes\/carloforte\/\" \/>\n<meta property=\"og:site_name\" content=\"Ultra Limited\" \/>\n<meta property=\"article:modified_time\" content=\"2026-04-15T07:11:05+00:00\" \/>\n<meta property=\"og:image\" content=\"https:\/\/ultralimited.it\/wp-content\/uploads\/2026\/04\/CARLOFORTE-S-F-C4-scaled.jpg\" \/>\n\t<meta property=\"og:image:width\" content=\"2560\" \/>\n\t<meta property=\"og:image:height\" content=\"1920\" \/>\n\t<meta property=\"og:image:type\" content=\"image\/jpeg\" \/>\n<meta name=\"twitter:card\" content=\"summary_large_image\" \/>\n<meta name=\"twitter:label1\" content=\"Dur\u00e9e de lecture estim\u00e9e\" \/>\n\t<meta name=\"twitter:data1\" content=\"1 minute\" \/>\n<script type=\"application\/ld+json\" class=\"yoast-schema-graph\">{\"@context\":\"https:\/\/schema.org\",\"@graph\":[{\"@type\":\"WebPage\",\"@id\":\"https:\/\/ultralimited.it\/fr\/lunettes\/carloforte\/\",\"url\":\"https:\/\/ultralimited.it\/fr\/lunettes\/carloforte\/\",\"name\":\"Carloforte - Ultra Limited\",\"isPartOf\":{\"@id\":\"https:\/\/ultralimited.it\/en\/#website\"},\"primaryImageOfPage\":{\"@id\":\"https:\/\/ultralimited.it\/fr\/lunettes\/carloforte\/#primaryimage\"},\"image\":{\"@id\":\"https:\/\/ultralimited.it\/fr\/lunettes\/carloforte\/#primaryimage\"},\"thumbnailUrl\":\"https:\/\/ultralimited.it\/wp-content\/uploads\/2026\/04\/CARLOFORTE-S-F-C4-scaled.jpg\",\"datePublished\":\"2026-04-10T15:45:06+00:00\",\"dateModified\":\"2026-04-15T07:11:05+00:00\",\"description\":\"Lunettes de soleil Carloforte d'Ultra Limited. Mod\u00e8le \u00e9l\u00e9gant, disponible en bleu, havane, bordeaux et noir. En savoir plus et se rendre sur le site.\",\"breadcrumb\":{\"@id\":\"https:\/\/ultralimited.it\/fr\/lunettes\/carloforte\/#breadcrumb\"},\"inLanguage\":\"fr-FR\",\"potentialAction\":[{\"@type\":\"ReadAction\",\"target\":[\"https:\/\/ultralimited.it\/fr\/lunettes\/carloforte\/\"]}]},{\"@type\":\"ImageObject\",\"inLanguage\":\"fr-FR\",\"@id\":\"https:\/\/ultralimited.it\/fr\/lunettes\/carloforte\/#primaryimage\",\"url\":\"https:\/\/ultralimited.it\/wp-content\/uploads\/2026\/04\/CARLOFORTE-S-F-C4-scaled.jpg\",\"contentUrl\":\"https:\/\/ultralimited.it\/wp-content\/uploads\/2026\/04\/CARLOFORTE-S-F-C4-scaled.jpg\",\"width\":2560,\"height\":1920},{\"@type\":\"BreadcrumbList\",\"@id\":\"https:\/\/ultralimited.it\/fr\/lunettes\/carloforte\/#breadcrumb\",\"itemListElement\":[{\"@type\":\"ListItem\",\"position\":1,\"name\":\"Home\",\"item\":\"https:\/\/ultralimited.it\/fr\/\"},{\"@type\":\"ListItem\",\"position\":2,\"name\":\"Carloforte\"}]},{\"@type\":\"WebSite\",\"@id\":\"https:\/\/ultralimited.it\/en\/#website\",\"url\":\"https:\/\/ultralimited.it\/en\/\",\"name\":\"Ultra Limited\",\"description\":\"\",\"potentialAction\":[{\"@type\":\"SearchAction\",\"target\":{\"@type\":\"EntryPoint\",\"urlTemplate\":\"https:\/\/ultralimited.it\/en\/?s={search_term_string}\"},\"query-input\":{\"@type\":\"PropertyValueSpecification\",\"valueRequired\":true,\"valueName\":\"search_term_string\"}}],\"inLanguage\":\"fr-FR\"}]}<\/script>\n<!-- \/ Yoast SEO plugin. -->","yoast_head_json":{"title":"Carloforte - Ultra Limited","description":"Lunettes de soleil Carloforte d'Ultra Limited. Mod\u00e8le \u00e9l\u00e9gant, disponible en bleu, havane, bordeaux et noir. En savoir plus et se rendre sur le site.","robots":{"index":"index","follow":"follow","max-snippet":"max-snippet:-1","max-image-preview":"max-image-preview:large","max-video-preview":"max-video-preview:-1"},"canonical":"https:\/\/ultralimited.it\/fr\/lunettes\/carloforte\/","og_locale":"fr_FR","og_type":"article","og_title":"Carloforte - Ultra Limited","og_description":"Lunettes de soleil Carloforte d'Ultra Limited. Mod\u00e8le \u00e9l\u00e9gant, disponible en bleu, havane, bordeaux et noir. En savoir plus et se rendre sur le site.","og_url":"https:\/\/ultralimited.it\/fr\/lunettes\/carloforte\/","og_site_name":"Ultra Limited","article_modified_time":"2026-04-15T07:11:05+00:00","og_image":[{"width":2560,"height":1920,"url":"https:\/\/ultralimited.it\/wp-content\/uploads\/2026\/04\/CARLOFORTE-S-F-C4-scaled.jpg","type":"image\/jpeg"}],"twitter_card":"summary_large_image","twitter_misc":{"Dur\u00e9e de lecture estim\u00e9e":"1 minute"},"schema":{"@context":"https:\/\/schema.org","@graph":[{"@type":"WebPage","@id":"https:\/\/ultralimited.it\/fr\/lunettes\/carloforte\/","url":"https:\/\/ultralimited.it\/fr\/lunettes\/carloforte\/","name":"Carloforte - Ultra Limited","isPartOf":{"@id":"https:\/\/ultralimited.it\/en\/#website"},"primaryImageOfPage":{"@id":"https:\/\/ultralimited.it\/fr\/lunettes\/carloforte\/#primaryimage"},"image":{"@id":"https:\/\/ultralimited.it\/fr\/lunettes\/carloforte\/#primaryimage"},"thumbnailUrl":"https:\/\/ultralimited.it\/wp-content\/uploads\/2026\/04\/CARLOFORTE-S-F-C4-scaled.jpg","datePublished":"2026-04-10T15:45:06+00:00","dateModified":"2026-04-15T07:11:05+00:00","description":"Lunettes de soleil Carloforte d'Ultra Limited. Mod\u00e8le \u00e9l\u00e9gant, disponible en bleu, havane, bordeaux et noir. En savoir plus et se rendre sur le site.","breadcrumb":{"@id":"https:\/\/ultralimited.it\/fr\/lunettes\/carloforte\/#breadcrumb"},"inLanguage":"fr-FR","potentialAction":[{"@type":"ReadAction","target":["https:\/\/ultralimited.it\/fr\/lunettes\/carloforte\/"]}]},{"@type":"ImageObject","inLanguage":"fr-FR","@id":"https:\/\/ultralimited.it\/fr\/lunettes\/carloforte\/#primaryimage","url":"https:\/\/ultralimited.it\/wp-content\/uploads\/2026\/04\/CARLOFORTE-S-F-C4-scaled.jpg","contentUrl":"https:\/\/ultralimited.it\/wp-content\/uploads\/2026\/04\/CARLOFORTE-S-F-C4-scaled.jpg","width":2560,"height":1920},{"@type":"BreadcrumbList","@id":"https:\/\/ultralimited.it\/fr\/lunettes\/carloforte\/#breadcrumb","itemListElement":[{"@type":"ListItem","position":1,"name":"Home","item":"https:\/\/ultralimited.it\/fr\/"},{"@type":"ListItem","position":2,"name":"Carloforte"}]},{"@type":"WebSite","@id":"https:\/\/ultralimited.it\/en\/#website","url":"https:\/\/ultralimited.it\/en\/","name":"Ultra Limited","description":"","potentialAction":[{"@type":"SearchAction","target":{"@type":"EntryPoint","urlTemplate":"https:\/\/ultralimited.it\/en\/?s={search_term_string}"},"query-input":{"@type":"PropertyValueSpecification","valueRequired":true,"valueName":"search_term_string"}}],"inLanguage":"fr-FR"}]}},"_links":{"self":[{"href":"https:\/\/ultralimited.it\/fr\/wp-json\/wp\/v2\/product\/31975","targetHints":{"allow":["GET"]}}],"collection":[{"href":"https:\/\/ultralimited.it\/fr\/wp-json\/wp\/v2\/product"}],"about":[{"href":"https:\/\/ultralimited.it\/fr\/wp-json\/wp\/v2\/types\/product"}],"wp:featuredmedia":[{"embeddable":true,"href":"https:\/\/ultralimited.it\/fr\/wp-json\/wp\/v2\/media\/32055"}],"wp:attachment":[{"href":"https:\/\/ultralimited.it\/fr\/wp-json\/wp\/v2\/media?parent=31975"}],"wp:term":[{"taxonomy":"product_brand","embeddable":true,"href":"https:\/\/ultralimited.it\/fr\/wp-json\/wp\/v2\/product_brand?post=31975"},{"taxonomy":"product_cat","embeddable":true,"href":"https:\/\/ultralimited.it\/fr\/wp-json\/wp\/v2\/product_cat?post=31975"}],"curies":[{"name":"wp","href":"https:\/\/api.w.org\/{rel}","templated":true}]}}