{"id":31102,"date":"2026-01-20T14:41:46","date_gmt":"2026-01-20T13:41:46","guid":{"rendered":"https:\/\/ultralimited.it\/?post_type=product&#038;p=31102"},"modified":"2026-01-20T18:17:53","modified_gmt":"2026-01-20T17:17:53","slug":"ostuni","status":"publish","type":"product","link":"https:\/\/ultralimited.it\/fr\/lunettes\/ostuni\/","title":{"rendered":"Ostuni"},"content":{"rendered":"<p data-start=\"800\" data-end=\"830\"><strong data-start=\"800\" data-end=\"830\">Mod\u00e8le de lunettes Ostuni<\/strong><\/p>\n<p data-start=\"832\" data-end=\"1278\">Le mod\u00e8le Ostuni de Ultra Limited est une paire de lunettes pour femmes qui se distingue par son design papillon, con\u00e7u pour ceux qui recherchent un style audacieux et contemporain. Fabriqu\u00e9 en ac\u00e9tate de haute qualit\u00e9, il offre un parfait \u00e9quilibre entre robustesse et confort, garantissant un ajustement l\u00e9ger et r\u00e9sistant. La monture papillon ajoute une touche d&rsquo;\u00e9l\u00e9gance et s&rsquo;adapte \u00e0 diff\u00e9rents types de visages, mettant en valeur chaque expression.<\/p>\n<p data-start=\"1280\" data-end=\"1619\">Le mod\u00e8le Ostuni est disponible en quatre couleurs \u00e9l\u00e9gantes : <strong>Blanc, Bleu, Noir et Rouge<\/strong>, toutes pens\u00e9es pour exprimer une personnalit\u00e9 forte et sophistiqu\u00e9e. Chaque variante de couleur est con\u00e7ue pour ajouter une touche distinctive \u00e0 votre look, tout en maintenant l&rsquo;\u00e9l\u00e9gance et la polyvalence qui caract\u00e9risent la marque Ultra Limited.<\/p>\n","protected":false},"excerpt":{"rendered":"<p>Mod\u00e8le de lunettes Ostuni Le mod\u00e8le Ostuni de Ultra Limited est une paire de lunettes pour femmes qui se distingue par son design papillon, con\u00e7u pour ceux qui recherchent un style audacieux et contemporain. Fabriqu\u00e9 en ac\u00e9tate de haute qualit\u00e9, il offre un parfait \u00e9quilibre entre robustesse et confort, garantissant un ajustement l\u00e9ger et r\u00e9sistant. <a href=\"https:\/\/ultralimited.it\/fr\/lunettes\/ostuni\/\" class=\"more-link\">&#8230;<\/a><\/p>\n","protected":false},"featured_media":31404,"template":"","meta":{"_acf_changed":false},"product_brand":[],"product_cat":[119,117,122,158],"class_list":{"0":"post-31102","1":"product","2":"type-product","3":"status-publish","4":"has-post-thumbnail","6":"product_cat-femme","7":"product_cat-lunettes","8":"product_cat-lunettes-de-vue","9":"product_cat-nouveau","11":"first","12":"instock","13":"shipping-taxable","14":"product-type-variable"},"acf":[],"yoast_head":"<!-- This site is optimized with the Yoast SEO plugin v26.4 - https:\/\/yoast.com\/wordpress\/plugins\/seo\/ -->\n<title>Ostuni - Ultra Limited<\/title>\n<meta name=\"robots\" content=\"index, follow, max-snippet:-1, max-image-preview:large, max-video-preview:-1\" \/>\n<link rel=\"canonical\" href=\"https:\/\/ultralimited.it\/fr\/lunettes\/ostuni\/\" \/>\n<meta property=\"og:locale\" content=\"fr_FR\" \/>\n<meta property=\"og:type\" content=\"article\" \/>\n<meta property=\"og:title\" content=\"Ostuni - Ultra Limited\" \/>\n<meta property=\"og:description\" content=\"Mod\u00e8le de lunettes Ostuni Le mod\u00e8le Ostuni de Ultra Limited est une paire de lunettes pour femmes qui se distingue par son design papillon, con\u00e7u pour ceux qui recherchent un style audacieux et contemporain. Fabriqu\u00e9 en ac\u00e9tate de haute qualit\u00e9, il offre un parfait \u00e9quilibre entre robustesse et confort, garantissant un ajustement l\u00e9ger et r\u00e9sistant. ...\" \/>\n<meta property=\"og:url\" content=\"https:\/\/ultralimited.it\/fr\/lunettes\/ostuni\/\" \/>\n<meta property=\"og:site_name\" content=\"Ultra Limited\" \/>\n<meta property=\"article:modified_time\" content=\"2026-01-20T17:17:53+00:00\" \/>\n<meta property=\"og:image\" content=\"https:\/\/ultralimited.it\/wp-content\/uploads\/2026\/01\/Frame-1-5.png\" \/>\n\t<meta property=\"og:image:width\" content=\"1600\" \/>\n\t<meta property=\"og:image:height\" content=\"1200\" \/>\n\t<meta property=\"og:image:type\" content=\"image\/png\" \/>\n<meta name=\"twitter:card\" content=\"summary_large_image\" \/>\n<meta name=\"twitter:label1\" content=\"Dur\u00e9e de lecture estim\u00e9e\" \/>\n\t<meta name=\"twitter:data1\" content=\"1 minute\" \/>\n<script type=\"application\/ld+json\" class=\"yoast-schema-graph\">{\"@context\":\"https:\/\/schema.org\",\"@graph\":[{\"@type\":\"WebPage\",\"@id\":\"https:\/\/ultralimited.it\/fr\/lunettes\/ostuni\/\",\"url\":\"https:\/\/ultralimited.it\/fr\/lunettes\/ostuni\/\",\"name\":\"Ostuni - Ultra Limited\",\"isPartOf\":{\"@id\":\"https:\/\/ultralimited.it\/en\/#website\"},\"primaryImageOfPage\":{\"@id\":\"https:\/\/ultralimited.it\/fr\/lunettes\/ostuni\/#primaryimage\"},\"image\":{\"@id\":\"https:\/\/ultralimited.it\/fr\/lunettes\/ostuni\/#primaryimage\"},\"thumbnailUrl\":\"https:\/\/ultralimited.it\/wp-content\/uploads\/2026\/01\/OSTUNI-F-C4.jpg\",\"datePublished\":\"2026-01-20T13:41:46+00:00\",\"dateModified\":\"2026-01-20T17:17:53+00:00\",\"breadcrumb\":{\"@id\":\"https:\/\/ultralimited.it\/fr\/lunettes\/ostuni\/#breadcrumb\"},\"inLanguage\":\"fr-FR\",\"potentialAction\":[{\"@type\":\"ReadAction\",\"target\":[\"https:\/\/ultralimited.it\/fr\/lunettes\/ostuni\/\"]}]},{\"@type\":\"ImageObject\",\"inLanguage\":\"fr-FR\",\"@id\":\"https:\/\/ultralimited.it\/fr\/lunettes\/ostuni\/#primaryimage\",\"url\":\"https:\/\/ultralimited.it\/wp-content\/uploads\/2026\/01\/OSTUNI-F-C4.jpg\",\"contentUrl\":\"https:\/\/ultralimited.it\/wp-content\/uploads\/2026\/01\/OSTUNI-F-C4.jpg\",\"width\":2457,\"height\":1843},{\"@type\":\"BreadcrumbList\",\"@id\":\"https:\/\/ultralimited.it\/fr\/lunettes\/ostuni\/#breadcrumb\",\"itemListElement\":[{\"@type\":\"ListItem\",\"position\":1,\"name\":\"Home\",\"item\":\"https:\/\/ultralimited.it\/fr\/\"},{\"@type\":\"ListItem\",\"position\":2,\"name\":\"Ostuni\"}]},{\"@type\":\"WebSite\",\"@id\":\"https:\/\/ultralimited.it\/en\/#website\",\"url\":\"https:\/\/ultralimited.it\/en\/\",\"name\":\"Ultra Limited\",\"description\":\"\",\"potentialAction\":[{\"@type\":\"SearchAction\",\"target\":{\"@type\":\"EntryPoint\",\"urlTemplate\":\"https:\/\/ultralimited.it\/en\/?s={search_term_string}\"},\"query-input\":{\"@type\":\"PropertyValueSpecification\",\"valueRequired\":true,\"valueName\":\"search_term_string\"}}],\"inLanguage\":\"fr-FR\"}]}<\/script>\n<!-- \/ Yoast SEO plugin. -->","yoast_head_json":{"title":"Ostuni - Ultra Limited","robots":{"index":"index","follow":"follow","max-snippet":"max-snippet:-1","max-image-preview":"max-image-preview:large","max-video-preview":"max-video-preview:-1"},"canonical":"https:\/\/ultralimited.it\/fr\/lunettes\/ostuni\/","og_locale":"fr_FR","og_type":"article","og_title":"Ostuni - Ultra Limited","og_description":"Mod\u00e8le de lunettes Ostuni Le mod\u00e8le Ostuni de Ultra Limited est une paire de lunettes pour femmes qui se distingue par son design papillon, con\u00e7u pour ceux qui recherchent un style audacieux et contemporain. Fabriqu\u00e9 en ac\u00e9tate de haute qualit\u00e9, il offre un parfait \u00e9quilibre entre robustesse et confort, garantissant un ajustement l\u00e9ger et r\u00e9sistant. ...","og_url":"https:\/\/ultralimited.it\/fr\/lunettes\/ostuni\/","og_site_name":"Ultra Limited","article_modified_time":"2026-01-20T17:17:53+00:00","og_image":[{"width":1600,"height":1200,"url":"https:\/\/ultralimited.it\/wp-content\/uploads\/2026\/01\/Frame-1-5.png","type":"image\/png"}],"twitter_card":"summary_large_image","twitter_misc":{"Dur\u00e9e de lecture estim\u00e9e":"1 minute"},"schema":{"@context":"https:\/\/schema.org","@graph":[{"@type":"WebPage","@id":"https:\/\/ultralimited.it\/fr\/lunettes\/ostuni\/","url":"https:\/\/ultralimited.it\/fr\/lunettes\/ostuni\/","name":"Ostuni - Ultra Limited","isPartOf":{"@id":"https:\/\/ultralimited.it\/en\/#website"},"primaryImageOfPage":{"@id":"https:\/\/ultralimited.it\/fr\/lunettes\/ostuni\/#primaryimage"},"image":{"@id":"https:\/\/ultralimited.it\/fr\/lunettes\/ostuni\/#primaryimage"},"thumbnailUrl":"https:\/\/ultralimited.it\/wp-content\/uploads\/2026\/01\/OSTUNI-F-C4.jpg","datePublished":"2026-01-20T13:41:46+00:00","dateModified":"2026-01-20T17:17:53+00:00","breadcrumb":{"@id":"https:\/\/ultralimited.it\/fr\/lunettes\/ostuni\/#breadcrumb"},"inLanguage":"fr-FR","potentialAction":[{"@type":"ReadAction","target":["https:\/\/ultralimited.it\/fr\/lunettes\/ostuni\/"]}]},{"@type":"ImageObject","inLanguage":"fr-FR","@id":"https:\/\/ultralimited.it\/fr\/lunettes\/ostuni\/#primaryimage","url":"https:\/\/ultralimited.it\/wp-content\/uploads\/2026\/01\/OSTUNI-F-C4.jpg","contentUrl":"https:\/\/ultralimited.it\/wp-content\/uploads\/2026\/01\/OSTUNI-F-C4.jpg","width":2457,"height":1843},{"@type":"BreadcrumbList","@id":"https:\/\/ultralimited.it\/fr\/lunettes\/ostuni\/#breadcrumb","itemListElement":[{"@type":"ListItem","position":1,"name":"Home","item":"https:\/\/ultralimited.it\/fr\/"},{"@type":"ListItem","position":2,"name":"Ostuni"}]},{"@type":"WebSite","@id":"https:\/\/ultralimited.it\/en\/#website","url":"https:\/\/ultralimited.it\/en\/","name":"Ultra Limited","description":"","potentialAction":[{"@type":"SearchAction","target":{"@type":"EntryPoint","urlTemplate":"https:\/\/ultralimited.it\/en\/?s={search_term_string}"},"query-input":{"@type":"PropertyValueSpecification","valueRequired":true,"valueName":"search_term_string"}}],"inLanguage":"fr-FR"}]}},"_links":{"self":[{"href":"https:\/\/ultralimited.it\/fr\/wp-json\/wp\/v2\/product\/31102","targetHints":{"allow":["GET"]}}],"collection":[{"href":"https:\/\/ultralimited.it\/fr\/wp-json\/wp\/v2\/product"}],"about":[{"href":"https:\/\/ultralimited.it\/fr\/wp-json\/wp\/v2\/types\/product"}],"wp:featuredmedia":[{"embeddable":true,"href":"https:\/\/ultralimited.it\/fr\/wp-json\/wp\/v2\/media\/31404"}],"wp:attachment":[{"href":"https:\/\/ultralimited.it\/fr\/wp-json\/wp\/v2\/media?parent=31102"}],"wp:term":[{"taxonomy":"product_brand","embeddable":true,"href":"https:\/\/ultralimited.it\/fr\/wp-json\/wp\/v2\/product_brand?post=31102"},{"taxonomy":"product_cat","embeddable":true,"href":"https:\/\/ultralimited.it\/fr\/wp-json\/wp\/v2\/product_cat?post=31102"}],"curies":[{"name":"wp","href":"https:\/\/api.w.org\/{rel}","templated":true}]}}