{"id":30131,"date":"2025-07-31T10:45:32","date_gmt":"2025-07-31T08:45:32","guid":{"rendered":"http:\/\/ultralimited.it\/?post_type=product&#038;p=30131"},"modified":"2025-07-31T16:20:24","modified_gmt":"2025-07-31T14:20:24","slug":"norcia","status":"publish","type":"product","link":"https:\/\/ultralimited.it\/fr\/lunettes\/norcia\/","title":{"rendered":"Norcia"},"content":{"rendered":"<p data-start=\"830\" data-end=\"863\"><strong data-start=\"830\" data-end=\"863\">Lunettes de vue Mod\u00e8le Norcia<\/strong><\/p>\n<p data-start=\"865\" data-end=\"1318\">Le mod\u00e8le Norcia d&rsquo;Ultra Limited est une paire de lunettes pour femme qui se distingue par son design papillon, pens\u00e9 pour celles qui recherchent un style audacieux et contemporain. Fabriqu\u00e9 en ac\u00e9tate de haute qualit\u00e9, il offre un \u00e9quilibre parfait entre robustesse et confort, garantissant une prise l\u00e9g\u00e8re et r\u00e9sistante. La monture papillon apporte une touche d&rsquo;\u00e9l\u00e9gance et s&rsquo;adapte \u00e0 diff\u00e9rents types de visages, mettant en valeur chaque expression.<\/p>\n<p data-start=\"1320\" data-end=\"1660\">Le mod\u00e8le Norcia est disponible en quatre coloris \u00e9l\u00e9gants : Rayures, Havana, Noir et Bordeaux, tous con\u00e7us pour exprimer une personnalit\u00e9 forte et sophistiqu\u00e9e. Chaque variante de couleur est pens\u00e9e pour ajouter une touche distinctive \u00e0 votre look, tout en conservant l&rsquo;\u00e9l\u00e9gance et la polyvalence qui caract\u00e9risent la marque Ultra Limited.<\/p>\n","protected":false},"excerpt":{"rendered":"<p>Lunettes de vue Mod\u00e8le Norcia Le mod\u00e8le Norcia d&rsquo;Ultra Limited est une paire de lunettes pour femme qui se distingue par son design papillon, pens\u00e9 pour celles qui recherchent un style audacieux et contemporain. Fabriqu\u00e9 en ac\u00e9tate de haute qualit\u00e9, il offre un \u00e9quilibre parfait entre robustesse et confort, garantissant une prise l\u00e9g\u00e8re et r\u00e9sistante. <a href=\"https:\/\/ultralimited.it\/fr\/lunettes\/norcia\/\" class=\"more-link\">&#8230;<\/a><\/p>\n","protected":false},"featured_media":29839,"template":"","meta":{"_acf_changed":false},"product_brand":[],"product_cat":[119,117,122],"class_list":{"0":"post-30131","1":"product","2":"type-product","3":"status-publish","4":"has-post-thumbnail","6":"product_cat-femme","7":"product_cat-lunettes","8":"product_cat-lunettes-de-vue","10":"first","11":"instock","12":"shipping-taxable","13":"product-type-variable"},"acf":[],"yoast_head":"<!-- This site is optimized with the Yoast SEO plugin v26.4 - https:\/\/yoast.com\/wordpress\/plugins\/seo\/ -->\n<title>Norcia - Ultra Limited<\/title>\n<meta name=\"robots\" content=\"index, follow, max-snippet:-1, max-image-preview:large, max-video-preview:-1\" \/>\n<link rel=\"canonical\" href=\"https:\/\/ultralimited.it\/fr\/lunettes\/norcia\/\" \/>\n<meta property=\"og:locale\" content=\"fr_FR\" \/>\n<meta property=\"og:type\" content=\"article\" \/>\n<meta property=\"og:title\" content=\"Norcia - Ultra Limited\" \/>\n<meta property=\"og:description\" content=\"Lunettes de vue Mod\u00e8le Norcia Le mod\u00e8le Norcia d&rsquo;Ultra Limited est une paire de lunettes pour femme qui se distingue par son design papillon, pens\u00e9 pour celles qui recherchent un style audacieux et contemporain. Fabriqu\u00e9 en ac\u00e9tate de haute qualit\u00e9, il offre un \u00e9quilibre parfait entre robustesse et confort, garantissant une prise l\u00e9g\u00e8re et r\u00e9sistante. ...\" \/>\n<meta property=\"og:url\" content=\"https:\/\/ultralimited.it\/fr\/lunettes\/norcia\/\" \/>\n<meta property=\"og:site_name\" content=\"Ultra Limited\" \/>\n<meta property=\"article:modified_time\" content=\"2025-07-31T14:20:24+00:00\" \/>\n<meta property=\"og:image\" content=\"https:\/\/ultralimited.it\/wp-content\/uploads\/2025\/07\/ULNRNE.jpg\" \/>\n\t<meta property=\"og:image:width\" content=\"1600\" \/>\n\t<meta property=\"og:image:height\" content=\"1200\" \/>\n\t<meta property=\"og:image:type\" content=\"image\/jpeg\" \/>\n<meta name=\"twitter:card\" content=\"summary_large_image\" \/>\n<meta name=\"twitter:label1\" content=\"Dur\u00e9e de lecture estim\u00e9e\" \/>\n\t<meta name=\"twitter:data1\" content=\"1 minute\" \/>\n<script type=\"application\/ld+json\" class=\"yoast-schema-graph\">{\"@context\":\"https:\/\/schema.org\",\"@graph\":[{\"@type\":\"WebPage\",\"@id\":\"https:\/\/ultralimited.it\/fr\/lunettes\/norcia\/\",\"url\":\"https:\/\/ultralimited.it\/fr\/lunettes\/norcia\/\",\"name\":\"Norcia - Ultra Limited\",\"isPartOf\":{\"@id\":\"https:\/\/ultralimited.it\/en\/#website\"},\"primaryImageOfPage\":{\"@id\":\"https:\/\/ultralimited.it\/fr\/lunettes\/norcia\/#primaryimage\"},\"image\":{\"@id\":\"https:\/\/ultralimited.it\/fr\/lunettes\/norcia\/#primaryimage\"},\"thumbnailUrl\":\"https:\/\/ultralimited.it\/wp-content\/uploads\/2025\/07\/ULNRNE.jpg\",\"datePublished\":\"2025-07-31T08:45:32+00:00\",\"dateModified\":\"2025-07-31T14:20:24+00:00\",\"breadcrumb\":{\"@id\":\"https:\/\/ultralimited.it\/fr\/lunettes\/norcia\/#breadcrumb\"},\"inLanguage\":\"fr-FR\",\"potentialAction\":[{\"@type\":\"ReadAction\",\"target\":[\"https:\/\/ultralimited.it\/fr\/lunettes\/norcia\/\"]}]},{\"@type\":\"ImageObject\",\"inLanguage\":\"fr-FR\",\"@id\":\"https:\/\/ultralimited.it\/fr\/lunettes\/norcia\/#primaryimage\",\"url\":\"https:\/\/ultralimited.it\/wp-content\/uploads\/2025\/07\/ULNRNE.jpg\",\"contentUrl\":\"https:\/\/ultralimited.it\/wp-content\/uploads\/2025\/07\/ULNRNE.jpg\",\"width\":1600,\"height\":1200},{\"@type\":\"BreadcrumbList\",\"@id\":\"https:\/\/ultralimited.it\/fr\/lunettes\/norcia\/#breadcrumb\",\"itemListElement\":[{\"@type\":\"ListItem\",\"position\":1,\"name\":\"Home\",\"item\":\"https:\/\/ultralimited.it\/fr\/\"},{\"@type\":\"ListItem\",\"position\":2,\"name\":\"Norcia\"}]},{\"@type\":\"WebSite\",\"@id\":\"https:\/\/ultralimited.it\/en\/#website\",\"url\":\"https:\/\/ultralimited.it\/en\/\",\"name\":\"Ultra Limited\",\"description\":\"\",\"potentialAction\":[{\"@type\":\"SearchAction\",\"target\":{\"@type\":\"EntryPoint\",\"urlTemplate\":\"https:\/\/ultralimited.it\/en\/?s={search_term_string}\"},\"query-input\":{\"@type\":\"PropertyValueSpecification\",\"valueRequired\":true,\"valueName\":\"search_term_string\"}}],\"inLanguage\":\"fr-FR\"}]}<\/script>\n<!-- \/ Yoast SEO plugin. -->","yoast_head_json":{"title":"Norcia - Ultra Limited","robots":{"index":"index","follow":"follow","max-snippet":"max-snippet:-1","max-image-preview":"max-image-preview:large","max-video-preview":"max-video-preview:-1"},"canonical":"https:\/\/ultralimited.it\/fr\/lunettes\/norcia\/","og_locale":"fr_FR","og_type":"article","og_title":"Norcia - Ultra Limited","og_description":"Lunettes de vue Mod\u00e8le Norcia Le mod\u00e8le Norcia d&rsquo;Ultra Limited est une paire de lunettes pour femme qui se distingue par son design papillon, pens\u00e9 pour celles qui recherchent un style audacieux et contemporain. Fabriqu\u00e9 en ac\u00e9tate de haute qualit\u00e9, il offre un \u00e9quilibre parfait entre robustesse et confort, garantissant une prise l\u00e9g\u00e8re et r\u00e9sistante. ...","og_url":"https:\/\/ultralimited.it\/fr\/lunettes\/norcia\/","og_site_name":"Ultra Limited","article_modified_time":"2025-07-31T14:20:24+00:00","og_image":[{"width":1600,"height":1200,"url":"https:\/\/ultralimited.it\/wp-content\/uploads\/2025\/07\/ULNRNE.jpg","type":"image\/jpeg"}],"twitter_card":"summary_large_image","twitter_misc":{"Dur\u00e9e de lecture estim\u00e9e":"1 minute"},"schema":{"@context":"https:\/\/schema.org","@graph":[{"@type":"WebPage","@id":"https:\/\/ultralimited.it\/fr\/lunettes\/norcia\/","url":"https:\/\/ultralimited.it\/fr\/lunettes\/norcia\/","name":"Norcia - Ultra Limited","isPartOf":{"@id":"https:\/\/ultralimited.it\/en\/#website"},"primaryImageOfPage":{"@id":"https:\/\/ultralimited.it\/fr\/lunettes\/norcia\/#primaryimage"},"image":{"@id":"https:\/\/ultralimited.it\/fr\/lunettes\/norcia\/#primaryimage"},"thumbnailUrl":"https:\/\/ultralimited.it\/wp-content\/uploads\/2025\/07\/ULNRNE.jpg","datePublished":"2025-07-31T08:45:32+00:00","dateModified":"2025-07-31T14:20:24+00:00","breadcrumb":{"@id":"https:\/\/ultralimited.it\/fr\/lunettes\/norcia\/#breadcrumb"},"inLanguage":"fr-FR","potentialAction":[{"@type":"ReadAction","target":["https:\/\/ultralimited.it\/fr\/lunettes\/norcia\/"]}]},{"@type":"ImageObject","inLanguage":"fr-FR","@id":"https:\/\/ultralimited.it\/fr\/lunettes\/norcia\/#primaryimage","url":"https:\/\/ultralimited.it\/wp-content\/uploads\/2025\/07\/ULNRNE.jpg","contentUrl":"https:\/\/ultralimited.it\/wp-content\/uploads\/2025\/07\/ULNRNE.jpg","width":1600,"height":1200},{"@type":"BreadcrumbList","@id":"https:\/\/ultralimited.it\/fr\/lunettes\/norcia\/#breadcrumb","itemListElement":[{"@type":"ListItem","position":1,"name":"Home","item":"https:\/\/ultralimited.it\/fr\/"},{"@type":"ListItem","position":2,"name":"Norcia"}]},{"@type":"WebSite","@id":"https:\/\/ultralimited.it\/en\/#website","url":"https:\/\/ultralimited.it\/en\/","name":"Ultra Limited","description":"","potentialAction":[{"@type":"SearchAction","target":{"@type":"EntryPoint","urlTemplate":"https:\/\/ultralimited.it\/en\/?s={search_term_string}"},"query-input":{"@type":"PropertyValueSpecification","valueRequired":true,"valueName":"search_term_string"}}],"inLanguage":"fr-FR"}]}},"_links":{"self":[{"href":"https:\/\/ultralimited.it\/fr\/wp-json\/wp\/v2\/product\/30131","targetHints":{"allow":["GET"]}}],"collection":[{"href":"https:\/\/ultralimited.it\/fr\/wp-json\/wp\/v2\/product"}],"about":[{"href":"https:\/\/ultralimited.it\/fr\/wp-json\/wp\/v2\/types\/product"}],"wp:featuredmedia":[{"embeddable":true,"href":"https:\/\/ultralimited.it\/fr\/wp-json\/wp\/v2\/media\/29839"}],"wp:attachment":[{"href":"https:\/\/ultralimited.it\/fr\/wp-json\/wp\/v2\/media?parent=30131"}],"wp:term":[{"taxonomy":"product_brand","embeddable":true,"href":"https:\/\/ultralimited.it\/fr\/wp-json\/wp\/v2\/product_brand?post=30131"},{"taxonomy":"product_cat","embeddable":true,"href":"https:\/\/ultralimited.it\/fr\/wp-json\/wp\/v2\/product_cat?post=30131"}],"curies":[{"name":"wp","href":"https:\/\/api.w.org\/{rel}","templated":true}]}}