{"id":30002,"date":"2025-07-30T10:55:34","date_gmt":"2025-07-30T08:55:34","guid":{"rendered":"http:\/\/ultralimited.it\/?post_type=product&#038;p=30002"},"modified":"2025-07-31T15:13:03","modified_gmt":"2025-07-31T13:13:03","slug":"fucecchio","status":"publish","type":"product","link":"https:\/\/ultralimited.it\/fr\/lunettes\/fucecchio\/","title":{"rendered":"Fucecchio"},"content":{"rendered":"<p data-start=\"642\" data-end=\"678\"><strong data-start=\"642\" data-end=\"678\">Lunettes de vue Mod\u00e8le Fucecchio<\/strong><\/p>\n<p data-start=\"680\" data-end=\"1223\">Les lunettes de vue Fucecchio d&rsquo;Ultra Limited sont une combinaison parfaite de style et de fonctionnalit\u00e9. Avec un design en ac\u00e9tate, ce mod\u00e8le se distingue par son double pont et son collage total, garantissant robustesse et esth\u00e9tique raffin\u00e9e. Les d\u00e9tails du collage inf\u00e9rieur, con\u00e7us pour ajouter une touche distinctive, apportent un d\u00e9tail \u00e9l\u00e9gant et moderne. Disponible en quatre variantes de couleurs : bleu, havana, noir et vert, ces lunettes sont le choix id\u00e9al pour ceux qui recherchent confort et style sans compromettre la qualit\u00e9.<\/p>\n","protected":false},"excerpt":{"rendered":"<p>Lunettes de vue Mod\u00e8le Fucecchio Les lunettes de vue Fucecchio d&rsquo;Ultra Limited sont une combinaison parfaite de style et de fonctionnalit\u00e9. Avec un design en ac\u00e9tate, ce mod\u00e8le se distingue par son double pont et son collage total, garantissant robustesse et esth\u00e9tique raffin\u00e9e. Les d\u00e9tails du collage inf\u00e9rieur, con\u00e7us pour ajouter une touche distinctive, apportent <a href=\"https:\/\/ultralimited.it\/fr\/lunettes\/fucecchio\/\" class=\"more-link\">&#8230;<\/a><\/p>\n","protected":false},"featured_media":29789,"template":"","meta":{"_acf_changed":false},"product_brand":[],"product_cat":[129,117,122],"class_list":{"0":"post-30002","1":"product","2":"type-product","3":"status-publish","4":"has-post-thumbnail","6":"product_cat-homme","7":"product_cat-lunettes","8":"product_cat-lunettes-de-vue","10":"first","11":"instock","12":"shipping-taxable","13":"product-type-variable"},"acf":[],"yoast_head":"<!-- This site is optimized with the Yoast SEO plugin v26.4 - https:\/\/yoast.com\/wordpress\/plugins\/seo\/ -->\n<title>Fucecchio - Ultra Limited<\/title>\n<meta name=\"robots\" content=\"index, follow, max-snippet:-1, max-image-preview:large, max-video-preview:-1\" \/>\n<link rel=\"canonical\" href=\"https:\/\/ultralimited.it\/fr\/lunettes\/fucecchio\/\" \/>\n<meta property=\"og:locale\" content=\"fr_FR\" \/>\n<meta property=\"og:type\" content=\"article\" \/>\n<meta property=\"og:title\" content=\"Fucecchio - Ultra Limited\" \/>\n<meta property=\"og:description\" content=\"Lunettes de vue Mod\u00e8le Fucecchio Les lunettes de vue Fucecchio d&rsquo;Ultra Limited sont une combinaison parfaite de style et de fonctionnalit\u00e9. Avec un design en ac\u00e9tate, ce mod\u00e8le se distingue par son double pont et son collage total, garantissant robustesse et esth\u00e9tique raffin\u00e9e. Les d\u00e9tails du collage inf\u00e9rieur, con\u00e7us pour ajouter une touche distinctive, apportent ...\" \/>\n<meta property=\"og:url\" content=\"https:\/\/ultralimited.it\/fr\/lunettes\/fucecchio\/\" \/>\n<meta property=\"og:site_name\" content=\"Ultra Limited\" \/>\n<meta property=\"article:modified_time\" content=\"2025-07-31T13:13:03+00:00\" \/>\n<meta property=\"og:image\" content=\"https:\/\/ultralimited.it\/wp-content\/uploads\/2025\/07\/ULFUHA.jpg\" \/>\n\t<meta property=\"og:image:width\" content=\"1600\" \/>\n\t<meta property=\"og:image:height\" content=\"1200\" \/>\n\t<meta property=\"og:image:type\" content=\"image\/jpeg\" \/>\n<meta name=\"twitter:card\" content=\"summary_large_image\" \/>\n<meta name=\"twitter:label1\" content=\"Dur\u00e9e de lecture estim\u00e9e\" \/>\n\t<meta name=\"twitter:data1\" content=\"1 minute\" \/>\n<script type=\"application\/ld+json\" class=\"yoast-schema-graph\">{\"@context\":\"https:\/\/schema.org\",\"@graph\":[{\"@type\":\"WebPage\",\"@id\":\"https:\/\/ultralimited.it\/fr\/lunettes\/fucecchio\/\",\"url\":\"https:\/\/ultralimited.it\/fr\/lunettes\/fucecchio\/\",\"name\":\"Fucecchio - Ultra Limited\",\"isPartOf\":{\"@id\":\"https:\/\/ultralimited.it\/en\/#website\"},\"primaryImageOfPage\":{\"@id\":\"https:\/\/ultralimited.it\/fr\/lunettes\/fucecchio\/#primaryimage\"},\"image\":{\"@id\":\"https:\/\/ultralimited.it\/fr\/lunettes\/fucecchio\/#primaryimage\"},\"thumbnailUrl\":\"https:\/\/ultralimited.it\/wp-content\/uploads\/2025\/07\/ULFUHA.jpg\",\"datePublished\":\"2025-07-30T08:55:34+00:00\",\"dateModified\":\"2025-07-31T13:13:03+00:00\",\"breadcrumb\":{\"@id\":\"https:\/\/ultralimited.it\/fr\/lunettes\/fucecchio\/#breadcrumb\"},\"inLanguage\":\"fr-FR\",\"potentialAction\":[{\"@type\":\"ReadAction\",\"target\":[\"https:\/\/ultralimited.it\/fr\/lunettes\/fucecchio\/\"]}]},{\"@type\":\"ImageObject\",\"inLanguage\":\"fr-FR\",\"@id\":\"https:\/\/ultralimited.it\/fr\/lunettes\/fucecchio\/#primaryimage\",\"url\":\"https:\/\/ultralimited.it\/wp-content\/uploads\/2025\/07\/ULFUHA.jpg\",\"contentUrl\":\"https:\/\/ultralimited.it\/wp-content\/uploads\/2025\/07\/ULFUHA.jpg\",\"width\":1600,\"height\":1200},{\"@type\":\"BreadcrumbList\",\"@id\":\"https:\/\/ultralimited.it\/fr\/lunettes\/fucecchio\/#breadcrumb\",\"itemListElement\":[{\"@type\":\"ListItem\",\"position\":1,\"name\":\"Home\",\"item\":\"https:\/\/ultralimited.it\/fr\/\"},{\"@type\":\"ListItem\",\"position\":2,\"name\":\"Fucecchio\"}]},{\"@type\":\"WebSite\",\"@id\":\"https:\/\/ultralimited.it\/en\/#website\",\"url\":\"https:\/\/ultralimited.it\/en\/\",\"name\":\"Ultra Limited\",\"description\":\"\",\"potentialAction\":[{\"@type\":\"SearchAction\",\"target\":{\"@type\":\"EntryPoint\",\"urlTemplate\":\"https:\/\/ultralimited.it\/en\/?s={search_term_string}\"},\"query-input\":{\"@type\":\"PropertyValueSpecification\",\"valueRequired\":true,\"valueName\":\"search_term_string\"}}],\"inLanguage\":\"fr-FR\"}]}<\/script>\n<!-- \/ Yoast SEO plugin. -->","yoast_head_json":{"title":"Fucecchio - Ultra Limited","robots":{"index":"index","follow":"follow","max-snippet":"max-snippet:-1","max-image-preview":"max-image-preview:large","max-video-preview":"max-video-preview:-1"},"canonical":"https:\/\/ultralimited.it\/fr\/lunettes\/fucecchio\/","og_locale":"fr_FR","og_type":"article","og_title":"Fucecchio - Ultra Limited","og_description":"Lunettes de vue Mod\u00e8le Fucecchio Les lunettes de vue Fucecchio d&rsquo;Ultra Limited sont une combinaison parfaite de style et de fonctionnalit\u00e9. Avec un design en ac\u00e9tate, ce mod\u00e8le se distingue par son double pont et son collage total, garantissant robustesse et esth\u00e9tique raffin\u00e9e. Les d\u00e9tails du collage inf\u00e9rieur, con\u00e7us pour ajouter une touche distinctive, apportent ...","og_url":"https:\/\/ultralimited.it\/fr\/lunettes\/fucecchio\/","og_site_name":"Ultra Limited","article_modified_time":"2025-07-31T13:13:03+00:00","og_image":[{"width":1600,"height":1200,"url":"https:\/\/ultralimited.it\/wp-content\/uploads\/2025\/07\/ULFUHA.jpg","type":"image\/jpeg"}],"twitter_card":"summary_large_image","twitter_misc":{"Dur\u00e9e de lecture estim\u00e9e":"1 minute"},"schema":{"@context":"https:\/\/schema.org","@graph":[{"@type":"WebPage","@id":"https:\/\/ultralimited.it\/fr\/lunettes\/fucecchio\/","url":"https:\/\/ultralimited.it\/fr\/lunettes\/fucecchio\/","name":"Fucecchio - Ultra Limited","isPartOf":{"@id":"https:\/\/ultralimited.it\/en\/#website"},"primaryImageOfPage":{"@id":"https:\/\/ultralimited.it\/fr\/lunettes\/fucecchio\/#primaryimage"},"image":{"@id":"https:\/\/ultralimited.it\/fr\/lunettes\/fucecchio\/#primaryimage"},"thumbnailUrl":"https:\/\/ultralimited.it\/wp-content\/uploads\/2025\/07\/ULFUHA.jpg","datePublished":"2025-07-30T08:55:34+00:00","dateModified":"2025-07-31T13:13:03+00:00","breadcrumb":{"@id":"https:\/\/ultralimited.it\/fr\/lunettes\/fucecchio\/#breadcrumb"},"inLanguage":"fr-FR","potentialAction":[{"@type":"ReadAction","target":["https:\/\/ultralimited.it\/fr\/lunettes\/fucecchio\/"]}]},{"@type":"ImageObject","inLanguage":"fr-FR","@id":"https:\/\/ultralimited.it\/fr\/lunettes\/fucecchio\/#primaryimage","url":"https:\/\/ultralimited.it\/wp-content\/uploads\/2025\/07\/ULFUHA.jpg","contentUrl":"https:\/\/ultralimited.it\/wp-content\/uploads\/2025\/07\/ULFUHA.jpg","width":1600,"height":1200},{"@type":"BreadcrumbList","@id":"https:\/\/ultralimited.it\/fr\/lunettes\/fucecchio\/#breadcrumb","itemListElement":[{"@type":"ListItem","position":1,"name":"Home","item":"https:\/\/ultralimited.it\/fr\/"},{"@type":"ListItem","position":2,"name":"Fucecchio"}]},{"@type":"WebSite","@id":"https:\/\/ultralimited.it\/en\/#website","url":"https:\/\/ultralimited.it\/en\/","name":"Ultra Limited","description":"","potentialAction":[{"@type":"SearchAction","target":{"@type":"EntryPoint","urlTemplate":"https:\/\/ultralimited.it\/en\/?s={search_term_string}"},"query-input":{"@type":"PropertyValueSpecification","valueRequired":true,"valueName":"search_term_string"}}],"inLanguage":"fr-FR"}]}},"_links":{"self":[{"href":"https:\/\/ultralimited.it\/fr\/wp-json\/wp\/v2\/product\/30002","targetHints":{"allow":["GET"]}}],"collection":[{"href":"https:\/\/ultralimited.it\/fr\/wp-json\/wp\/v2\/product"}],"about":[{"href":"https:\/\/ultralimited.it\/fr\/wp-json\/wp\/v2\/types\/product"}],"wp:featuredmedia":[{"embeddable":true,"href":"https:\/\/ultralimited.it\/fr\/wp-json\/wp\/v2\/media\/29789"}],"wp:attachment":[{"href":"https:\/\/ultralimited.it\/fr\/wp-json\/wp\/v2\/media?parent=30002"}],"wp:term":[{"taxonomy":"product_brand","embeddable":true,"href":"https:\/\/ultralimited.it\/fr\/wp-json\/wp\/v2\/product_brand?post=30002"},{"taxonomy":"product_cat","embeddable":true,"href":"https:\/\/ultralimited.it\/fr\/wp-json\/wp\/v2\/product_cat?post=30002"}],"curies":[{"name":"wp","href":"https:\/\/api.w.org\/{rel}","templated":true}]}}