{"id":29721,"date":"2025-07-30T09:58:16","date_gmt":"2025-07-30T07:58:16","guid":{"rendered":"http:\/\/ultralimited.it\/?post_type=product&#038;p=29721"},"modified":"2025-08-01T13:46:25","modified_gmt":"2025-08-01T11:46:25","slug":"faenza","status":"publish","type":"product","link":"https:\/\/ultralimited.it\/fr\/lunettes\/faenza\/","title":{"rendered":"Faenza"},"content":{"rendered":"<p data-start=\"766\" data-end=\"799\"><strong data-start=\"766\" data-end=\"799\">Lunettes de vue Mod\u00e8le Faenza<\/strong><\/p>\n<p data-start=\"801\" data-end=\"1215\">\u00c9l\u00e9gance et audace, gr\u00e2ce \u00e0 sa forme papillon qui apporte une touche distinctive \u00e0 celui qui la porte. Fabriqu\u00e9es en ac\u00e9tate de haute qualit\u00e9, ces lunettes offrent une l\u00e9g\u00e8ret\u00e9 surprenante sans compromettre la r\u00e9sistance. Le collage total de la monture garantit une solidit\u00e9 durable, tandis que le design raffin\u00e9 s\u2019adapte parfaitement \u00e0 chaque visage, en faisant un accessoire polyvalent pour toutes les occasions.<\/p>\n<p data-start=\"1217\" data-end=\"1547\">Disponible dans diff\u00e9rentes couleurs \u2013 blanc, bleu, bordeaux et noir \u2013 le mod\u00e8le Faenza se distingue par sa capacit\u00e9 \u00e0 s\u2019adapter \u00e0 tous les styles, offrant toujours un look moderne et sophistiqu\u00e9. Chaque variante de couleur est con\u00e7ue pour mettre en valeur la personnalit\u00e9 de celui qui les porte, sans jamais sacrifier l\u2019\u00e9l\u00e9gance.<\/p>\n","protected":false},"excerpt":{"rendered":"<p>Lunettes de vue Mod\u00e8le Faenza \u00c9l\u00e9gance et audace, gr\u00e2ce \u00e0 sa forme papillon qui apporte une touche distinctive \u00e0 celui qui la porte. Fabriqu\u00e9es en ac\u00e9tate de haute qualit\u00e9, ces lunettes offrent une l\u00e9g\u00e8ret\u00e9 surprenante sans compromettre la r\u00e9sistance. Le collage total de la monture garantit une solidit\u00e9 durable, tandis que le design raffin\u00e9 s\u2019adapte <a href=\"https:\/\/ultralimited.it\/fr\/lunettes\/faenza\/\" class=\"more-link\">&#8230;<\/a><\/p>\n","protected":false},"featured_media":29764,"template":"","meta":{"_acf_changed":false},"product_brand":[],"product_cat":[119,117,122],"class_list":{"0":"post-29721","1":"product","2":"type-product","3":"status-publish","4":"has-post-thumbnail","6":"product_cat-femme","7":"product_cat-lunettes","8":"product_cat-lunettes-de-vue","10":"first","11":"instock","12":"shipping-taxable","13":"product-type-variable"},"acf":[],"yoast_head":"<!-- This site is optimized with the Yoast SEO plugin v26.4 - https:\/\/yoast.com\/wordpress\/plugins\/seo\/ -->\n<title>Faenza - Ultra Limited<\/title>\n<meta name=\"robots\" content=\"index, follow, max-snippet:-1, max-image-preview:large, max-video-preview:-1\" \/>\n<link rel=\"canonical\" href=\"https:\/\/ultralimited.it\/fr\/lunettes\/faenza\/\" \/>\n<meta property=\"og:locale\" content=\"fr_FR\" \/>\n<meta property=\"og:type\" content=\"article\" \/>\n<meta property=\"og:title\" content=\"Faenza - Ultra Limited\" \/>\n<meta property=\"og:description\" content=\"Lunettes de vue Mod\u00e8le Faenza \u00c9l\u00e9gance et audace, gr\u00e2ce \u00e0 sa forme papillon qui apporte une touche distinctive \u00e0 celui qui la porte. Fabriqu\u00e9es en ac\u00e9tate de haute qualit\u00e9, ces lunettes offrent une l\u00e9g\u00e8ret\u00e9 surprenante sans compromettre la r\u00e9sistance. Le collage total de la monture garantit une solidit\u00e9 durable, tandis que le design raffin\u00e9 s\u2019adapte ...\" \/>\n<meta property=\"og:url\" content=\"https:\/\/ultralimited.it\/fr\/lunettes\/faenza\/\" \/>\n<meta property=\"og:site_name\" content=\"Ultra Limited\" \/>\n<meta property=\"article:modified_time\" content=\"2025-08-01T11:46:25+00:00\" \/>\n<meta property=\"og:image\" content=\"https:\/\/ultralimited.it\/wp-content\/uploads\/2025\/07\/ULFABI.jpg\" \/>\n\t<meta property=\"og:image:width\" content=\"1600\" \/>\n\t<meta property=\"og:image:height\" content=\"1200\" \/>\n\t<meta property=\"og:image:type\" content=\"image\/jpeg\" \/>\n<meta name=\"twitter:card\" content=\"summary_large_image\" \/>\n<meta name=\"twitter:label1\" content=\"Dur\u00e9e de lecture estim\u00e9e\" \/>\n\t<meta name=\"twitter:data1\" content=\"1 minute\" \/>\n<script type=\"application\/ld+json\" class=\"yoast-schema-graph\">{\"@context\":\"https:\/\/schema.org\",\"@graph\":[{\"@type\":\"WebPage\",\"@id\":\"https:\/\/ultralimited.it\/fr\/lunettes\/faenza\/\",\"url\":\"https:\/\/ultralimited.it\/fr\/lunettes\/faenza\/\",\"name\":\"Faenza - Ultra Limited\",\"isPartOf\":{\"@id\":\"https:\/\/ultralimited.it\/en\/#website\"},\"primaryImageOfPage\":{\"@id\":\"https:\/\/ultralimited.it\/fr\/lunettes\/faenza\/#primaryimage\"},\"image\":{\"@id\":\"https:\/\/ultralimited.it\/fr\/lunettes\/faenza\/#primaryimage\"},\"thumbnailUrl\":\"https:\/\/ultralimited.it\/wp-content\/uploads\/2025\/07\/ULFABI.jpg\",\"datePublished\":\"2025-07-30T07:58:16+00:00\",\"dateModified\":\"2025-08-01T11:46:25+00:00\",\"breadcrumb\":{\"@id\":\"https:\/\/ultralimited.it\/fr\/lunettes\/faenza\/#breadcrumb\"},\"inLanguage\":\"fr-FR\",\"potentialAction\":[{\"@type\":\"ReadAction\",\"target\":[\"https:\/\/ultralimited.it\/fr\/lunettes\/faenza\/\"]}]},{\"@type\":\"ImageObject\",\"inLanguage\":\"fr-FR\",\"@id\":\"https:\/\/ultralimited.it\/fr\/lunettes\/faenza\/#primaryimage\",\"url\":\"https:\/\/ultralimited.it\/wp-content\/uploads\/2025\/07\/ULFABI.jpg\",\"contentUrl\":\"https:\/\/ultralimited.it\/wp-content\/uploads\/2025\/07\/ULFABI.jpg\",\"width\":1600,\"height\":1200},{\"@type\":\"BreadcrumbList\",\"@id\":\"https:\/\/ultralimited.it\/fr\/lunettes\/faenza\/#breadcrumb\",\"itemListElement\":[{\"@type\":\"ListItem\",\"position\":1,\"name\":\"Home\",\"item\":\"https:\/\/ultralimited.it\/fr\/\"},{\"@type\":\"ListItem\",\"position\":2,\"name\":\"Faenza\"}]},{\"@type\":\"WebSite\",\"@id\":\"https:\/\/ultralimited.it\/en\/#website\",\"url\":\"https:\/\/ultralimited.it\/en\/\",\"name\":\"Ultra Limited\",\"description\":\"\",\"potentialAction\":[{\"@type\":\"SearchAction\",\"target\":{\"@type\":\"EntryPoint\",\"urlTemplate\":\"https:\/\/ultralimited.it\/en\/?s={search_term_string}\"},\"query-input\":{\"@type\":\"PropertyValueSpecification\",\"valueRequired\":true,\"valueName\":\"search_term_string\"}}],\"inLanguage\":\"fr-FR\"}]}<\/script>\n<!-- \/ Yoast SEO plugin. -->","yoast_head_json":{"title":"Faenza - Ultra Limited","robots":{"index":"index","follow":"follow","max-snippet":"max-snippet:-1","max-image-preview":"max-image-preview:large","max-video-preview":"max-video-preview:-1"},"canonical":"https:\/\/ultralimited.it\/fr\/lunettes\/faenza\/","og_locale":"fr_FR","og_type":"article","og_title":"Faenza - Ultra Limited","og_description":"Lunettes de vue Mod\u00e8le Faenza \u00c9l\u00e9gance et audace, gr\u00e2ce \u00e0 sa forme papillon qui apporte une touche distinctive \u00e0 celui qui la porte. Fabriqu\u00e9es en ac\u00e9tate de haute qualit\u00e9, ces lunettes offrent une l\u00e9g\u00e8ret\u00e9 surprenante sans compromettre la r\u00e9sistance. Le collage total de la monture garantit une solidit\u00e9 durable, tandis que le design raffin\u00e9 s\u2019adapte ...","og_url":"https:\/\/ultralimited.it\/fr\/lunettes\/faenza\/","og_site_name":"Ultra Limited","article_modified_time":"2025-08-01T11:46:25+00:00","og_image":[{"width":1600,"height":1200,"url":"https:\/\/ultralimited.it\/wp-content\/uploads\/2025\/07\/ULFABI.jpg","type":"image\/jpeg"}],"twitter_card":"summary_large_image","twitter_misc":{"Dur\u00e9e de lecture estim\u00e9e":"1 minute"},"schema":{"@context":"https:\/\/schema.org","@graph":[{"@type":"WebPage","@id":"https:\/\/ultralimited.it\/fr\/lunettes\/faenza\/","url":"https:\/\/ultralimited.it\/fr\/lunettes\/faenza\/","name":"Faenza - Ultra Limited","isPartOf":{"@id":"https:\/\/ultralimited.it\/en\/#website"},"primaryImageOfPage":{"@id":"https:\/\/ultralimited.it\/fr\/lunettes\/faenza\/#primaryimage"},"image":{"@id":"https:\/\/ultralimited.it\/fr\/lunettes\/faenza\/#primaryimage"},"thumbnailUrl":"https:\/\/ultralimited.it\/wp-content\/uploads\/2025\/07\/ULFABI.jpg","datePublished":"2025-07-30T07:58:16+00:00","dateModified":"2025-08-01T11:46:25+00:00","breadcrumb":{"@id":"https:\/\/ultralimited.it\/fr\/lunettes\/faenza\/#breadcrumb"},"inLanguage":"fr-FR","potentialAction":[{"@type":"ReadAction","target":["https:\/\/ultralimited.it\/fr\/lunettes\/faenza\/"]}]},{"@type":"ImageObject","inLanguage":"fr-FR","@id":"https:\/\/ultralimited.it\/fr\/lunettes\/faenza\/#primaryimage","url":"https:\/\/ultralimited.it\/wp-content\/uploads\/2025\/07\/ULFABI.jpg","contentUrl":"https:\/\/ultralimited.it\/wp-content\/uploads\/2025\/07\/ULFABI.jpg","width":1600,"height":1200},{"@type":"BreadcrumbList","@id":"https:\/\/ultralimited.it\/fr\/lunettes\/faenza\/#breadcrumb","itemListElement":[{"@type":"ListItem","position":1,"name":"Home","item":"https:\/\/ultralimited.it\/fr\/"},{"@type":"ListItem","position":2,"name":"Faenza"}]},{"@type":"WebSite","@id":"https:\/\/ultralimited.it\/en\/#website","url":"https:\/\/ultralimited.it\/en\/","name":"Ultra Limited","description":"","potentialAction":[{"@type":"SearchAction","target":{"@type":"EntryPoint","urlTemplate":"https:\/\/ultralimited.it\/en\/?s={search_term_string}"},"query-input":{"@type":"PropertyValueSpecification","valueRequired":true,"valueName":"search_term_string"}}],"inLanguage":"fr-FR"}]}},"_links":{"self":[{"href":"https:\/\/ultralimited.it\/fr\/wp-json\/wp\/v2\/product\/29721","targetHints":{"allow":["GET"]}}],"collection":[{"href":"https:\/\/ultralimited.it\/fr\/wp-json\/wp\/v2\/product"}],"about":[{"href":"https:\/\/ultralimited.it\/fr\/wp-json\/wp\/v2\/types\/product"}],"wp:featuredmedia":[{"embeddable":true,"href":"https:\/\/ultralimited.it\/fr\/wp-json\/wp\/v2\/media\/29764"}],"wp:attachment":[{"href":"https:\/\/ultralimited.it\/fr\/wp-json\/wp\/v2\/media?parent=29721"}],"wp:term":[{"taxonomy":"product_brand","embeddable":true,"href":"https:\/\/ultralimited.it\/fr\/wp-json\/wp\/v2\/product_brand?post=29721"},{"taxonomy":"product_cat","embeddable":true,"href":"https:\/\/ultralimited.it\/fr\/wp-json\/wp\/v2\/product_cat?post=29721"}],"curies":[{"name":"wp","href":"https:\/\/api.w.org\/{rel}","templated":true}]}}