{"id":28548,"date":"2025-01-03T14:40:45","date_gmt":"2025-01-03T13:40:52","guid":{"rendered":"http:\/\/ultralimited.it\/?post_type=product&#038;p=28548"},"modified":"2025-01-27T11:12:13","modified_gmt":"2025-01-27T10:12:13","slug":"piana","status":"publish","type":"product","link":"https:\/\/ultralimited.it\/fr\/lunettes\/piana\/","title":{"rendered":"Piana"},"content":{"rendered":"<p><strong>Lunettes de soleil Ultra Limited Piana<\/strong> pour femme: ce mod\u00e8le allie le raffinement de la forme \u00ab \u0153il de chat \u00bb au savoir-faire artisanal de la r\u00e9gion de Belluno. Chaque paire est r\u00e9alis\u00e9e \u00e0 la main, \u00e0 partir de 12 feuilles d&rsquo;ac\u00e9tate de cellulose trait\u00e9es au<br \/>\ncours d&rsquo;un processus qui dure plus de 41 jours. Un d\u00e9tail distinctif est l&rsquo;ajout d&rsquo;une feuille en relief sur la zone ciliaire, qui conf\u00e8re originalit\u00e9 et style \u00e0 la monture. Disponibles en blanc, bleu, havane et noir, ces lunettes sont uniques, gr\u00e2ce \u00e0 la personnalisation offerte par le processus artisanal. D\u00e9couvrez le mod\u00e8le Ultra Limited Piana, pour un look \u00e9l\u00e9gant et original.<\/p>\n","protected":false},"excerpt":{"rendered":"<p>Lunettes de soleil Ultra Limited Piana pour femme: ce mod\u00e8le allie le raffinement de la forme \u00ab \u0153il de chat \u00bb au savoir-faire artisanal de la r\u00e9gion de Belluno. Chaque paire est r\u00e9alis\u00e9e \u00e0 la main, \u00e0 partir de 12 feuilles d&rsquo;ac\u00e9tate de cellulose trait\u00e9es au cours d&rsquo;un processus qui dure plus de 41 jours. <a href=\"https:\/\/ultralimited.it\/fr\/lunettes\/piana\/\" class=\"more-link\">&#8230;<\/a><\/p>\n","protected":false},"featured_media":28666,"template":"","meta":{"_acf_changed":false},"product_brand":[],"product_cat":[119,117,125],"class_list":{"0":"post-28548","1":"product","2":"type-product","3":"status-publish","4":"has-post-thumbnail","6":"product_cat-femme","7":"product_cat-lunettes","8":"product_cat-lunettes-de-soleil","10":"first","11":"instock","12":"shipping-taxable","13":"product-type-variable"},"acf":[],"yoast_head":"<!-- This site is optimized with the Yoast SEO plugin v26.4 - https:\/\/yoast.com\/wordpress\/plugins\/seo\/ -->\n<title>Piana - Ultra Limited<\/title>\n<meta name=\"robots\" content=\"index, follow, max-snippet:-1, max-image-preview:large, max-video-preview:-1\" \/>\n<link rel=\"canonical\" href=\"https:\/\/ultralimited.it\/fr\/lunettes\/piana\/\" \/>\n<meta property=\"og:locale\" content=\"fr_FR\" \/>\n<meta property=\"og:type\" content=\"article\" \/>\n<meta property=\"og:title\" content=\"Piana - Ultra Limited\" \/>\n<meta property=\"og:description\" content=\"Lunettes de soleil Ultra Limited Piana pour femme: ce mod\u00e8le allie le raffinement de la forme \u00ab \u0153il de chat \u00bb au savoir-faire artisanal de la r\u00e9gion de Belluno. Chaque paire est r\u00e9alis\u00e9e \u00e0 la main, \u00e0 partir de 12 feuilles d&rsquo;ac\u00e9tate de cellulose trait\u00e9es au cours d&rsquo;un processus qui dure plus de 41 jours. ...\" \/>\n<meta property=\"og:url\" content=\"https:\/\/ultralimited.it\/fr\/lunettes\/piana\/\" \/>\n<meta property=\"og:site_name\" content=\"Ultra Limited\" \/>\n<meta property=\"article:modified_time\" content=\"2025-01-27T10:12:13+00:00\" \/>\n<meta property=\"og:image\" content=\"https:\/\/ultralimited.it\/wp-content\/uploads\/2025\/01\/PIANA-S-F-BIANCO.jpg\" \/>\n\t<meta property=\"og:image:width\" content=\"1600\" \/>\n\t<meta property=\"og:image:height\" content=\"1200\" \/>\n\t<meta property=\"og:image:type\" content=\"image\/jpeg\" \/>\n<meta name=\"twitter:card\" content=\"summary_large_image\" \/>\n<meta name=\"twitter:label1\" content=\"Dur\u00e9e de lecture estim\u00e9e\" \/>\n\t<meta name=\"twitter:data1\" content=\"1 minute\" \/>\n<script type=\"application\/ld+json\" class=\"yoast-schema-graph\">{\"@context\":\"https:\/\/schema.org\",\"@graph\":[{\"@type\":\"WebPage\",\"@id\":\"https:\/\/ultralimited.it\/fr\/lunettes\/piana\/\",\"url\":\"https:\/\/ultralimited.it\/fr\/lunettes\/piana\/\",\"name\":\"Piana - Ultra Limited\",\"isPartOf\":{\"@id\":\"https:\/\/ultralimited.it\/en\/#website\"},\"primaryImageOfPage\":{\"@id\":\"https:\/\/ultralimited.it\/fr\/lunettes\/piana\/#primaryimage\"},\"image\":{\"@id\":\"https:\/\/ultralimited.it\/fr\/lunettes\/piana\/#primaryimage\"},\"thumbnailUrl\":\"https:\/\/ultralimited.it\/wp-content\/uploads\/2025\/01\/PIANA-S-F-BIANCO.jpg\",\"datePublished\":\"2025-01-03T13:40:52+00:00\",\"dateModified\":\"2025-01-27T10:12:13+00:00\",\"breadcrumb\":{\"@id\":\"https:\/\/ultralimited.it\/fr\/lunettes\/piana\/#breadcrumb\"},\"inLanguage\":\"fr-FR\",\"potentialAction\":[{\"@type\":\"ReadAction\",\"target\":[\"https:\/\/ultralimited.it\/fr\/lunettes\/piana\/\"]}]},{\"@type\":\"ImageObject\",\"inLanguage\":\"fr-FR\",\"@id\":\"https:\/\/ultralimited.it\/fr\/lunettes\/piana\/#primaryimage\",\"url\":\"https:\/\/ultralimited.it\/wp-content\/uploads\/2025\/01\/PIANA-S-F-BIANCO.jpg\",\"contentUrl\":\"https:\/\/ultralimited.it\/wp-content\/uploads\/2025\/01\/PIANA-S-F-BIANCO.jpg\",\"width\":1600,\"height\":1200},{\"@type\":\"BreadcrumbList\",\"@id\":\"https:\/\/ultralimited.it\/fr\/lunettes\/piana\/#breadcrumb\",\"itemListElement\":[{\"@type\":\"ListItem\",\"position\":1,\"name\":\"Home\",\"item\":\"https:\/\/ultralimited.it\/fr\/\"},{\"@type\":\"ListItem\",\"position\":2,\"name\":\"Piana\"}]},{\"@type\":\"WebSite\",\"@id\":\"https:\/\/ultralimited.it\/en\/#website\",\"url\":\"https:\/\/ultralimited.it\/en\/\",\"name\":\"Ultra Limited\",\"description\":\"\",\"potentialAction\":[{\"@type\":\"SearchAction\",\"target\":{\"@type\":\"EntryPoint\",\"urlTemplate\":\"https:\/\/ultralimited.it\/en\/?s={search_term_string}\"},\"query-input\":{\"@type\":\"PropertyValueSpecification\",\"valueRequired\":true,\"valueName\":\"search_term_string\"}}],\"inLanguage\":\"fr-FR\"}]}<\/script>\n<!-- \/ Yoast SEO plugin. -->","yoast_head_json":{"title":"Piana - Ultra Limited","robots":{"index":"index","follow":"follow","max-snippet":"max-snippet:-1","max-image-preview":"max-image-preview:large","max-video-preview":"max-video-preview:-1"},"canonical":"https:\/\/ultralimited.it\/fr\/lunettes\/piana\/","og_locale":"fr_FR","og_type":"article","og_title":"Piana - Ultra Limited","og_description":"Lunettes de soleil Ultra Limited Piana pour femme: ce mod\u00e8le allie le raffinement de la forme \u00ab \u0153il de chat \u00bb au savoir-faire artisanal de la r\u00e9gion de Belluno. Chaque paire est r\u00e9alis\u00e9e \u00e0 la main, \u00e0 partir de 12 feuilles d&rsquo;ac\u00e9tate de cellulose trait\u00e9es au cours d&rsquo;un processus qui dure plus de 41 jours. ...","og_url":"https:\/\/ultralimited.it\/fr\/lunettes\/piana\/","og_site_name":"Ultra Limited","article_modified_time":"2025-01-27T10:12:13+00:00","og_image":[{"width":1600,"height":1200,"url":"https:\/\/ultralimited.it\/wp-content\/uploads\/2025\/01\/PIANA-S-F-BIANCO.jpg","type":"image\/jpeg"}],"twitter_card":"summary_large_image","twitter_misc":{"Dur\u00e9e de lecture estim\u00e9e":"1 minute"},"schema":{"@context":"https:\/\/schema.org","@graph":[{"@type":"WebPage","@id":"https:\/\/ultralimited.it\/fr\/lunettes\/piana\/","url":"https:\/\/ultralimited.it\/fr\/lunettes\/piana\/","name":"Piana - Ultra Limited","isPartOf":{"@id":"https:\/\/ultralimited.it\/en\/#website"},"primaryImageOfPage":{"@id":"https:\/\/ultralimited.it\/fr\/lunettes\/piana\/#primaryimage"},"image":{"@id":"https:\/\/ultralimited.it\/fr\/lunettes\/piana\/#primaryimage"},"thumbnailUrl":"https:\/\/ultralimited.it\/wp-content\/uploads\/2025\/01\/PIANA-S-F-BIANCO.jpg","datePublished":"2025-01-03T13:40:52+00:00","dateModified":"2025-01-27T10:12:13+00:00","breadcrumb":{"@id":"https:\/\/ultralimited.it\/fr\/lunettes\/piana\/#breadcrumb"},"inLanguage":"fr-FR","potentialAction":[{"@type":"ReadAction","target":["https:\/\/ultralimited.it\/fr\/lunettes\/piana\/"]}]},{"@type":"ImageObject","inLanguage":"fr-FR","@id":"https:\/\/ultralimited.it\/fr\/lunettes\/piana\/#primaryimage","url":"https:\/\/ultralimited.it\/wp-content\/uploads\/2025\/01\/PIANA-S-F-BIANCO.jpg","contentUrl":"https:\/\/ultralimited.it\/wp-content\/uploads\/2025\/01\/PIANA-S-F-BIANCO.jpg","width":1600,"height":1200},{"@type":"BreadcrumbList","@id":"https:\/\/ultralimited.it\/fr\/lunettes\/piana\/#breadcrumb","itemListElement":[{"@type":"ListItem","position":1,"name":"Home","item":"https:\/\/ultralimited.it\/fr\/"},{"@type":"ListItem","position":2,"name":"Piana"}]},{"@type":"WebSite","@id":"https:\/\/ultralimited.it\/en\/#website","url":"https:\/\/ultralimited.it\/en\/","name":"Ultra Limited","description":"","potentialAction":[{"@type":"SearchAction","target":{"@type":"EntryPoint","urlTemplate":"https:\/\/ultralimited.it\/en\/?s={search_term_string}"},"query-input":{"@type":"PropertyValueSpecification","valueRequired":true,"valueName":"search_term_string"}}],"inLanguage":"fr-FR"}]}},"_links":{"self":[{"href":"https:\/\/ultralimited.it\/fr\/wp-json\/wp\/v2\/product\/28548","targetHints":{"allow":["GET"]}}],"collection":[{"href":"https:\/\/ultralimited.it\/fr\/wp-json\/wp\/v2\/product"}],"about":[{"href":"https:\/\/ultralimited.it\/fr\/wp-json\/wp\/v2\/types\/product"}],"wp:featuredmedia":[{"embeddable":true,"href":"https:\/\/ultralimited.it\/fr\/wp-json\/wp\/v2\/media\/28666"}],"wp:attachment":[{"href":"https:\/\/ultralimited.it\/fr\/wp-json\/wp\/v2\/media?parent=28548"}],"wp:term":[{"taxonomy":"product_brand","embeddable":true,"href":"https:\/\/ultralimited.it\/fr\/wp-json\/wp\/v2\/product_brand?post=28548"},{"taxonomy":"product_cat","embeddable":true,"href":"https:\/\/ultralimited.it\/fr\/wp-json\/wp\/v2\/product_cat?post=28548"}],"curies":[{"name":"wp","href":"https:\/\/api.w.org\/{rel}","templated":true}]}}