{"id":28396,"date":"2025-01-03T14:16:51","date_gmt":"2025-01-03T13:16:56","guid":{"rendered":"http:\/\/ultralimited.it\/?post_type=product&#038;p=28396"},"modified":"2025-01-29T09:23:07","modified_gmt":"2025-01-29T08:23:07","slug":"bergeggi","status":"publish","type":"product","link":"https:\/\/ultralimited.it\/fr\/lunettes\/bergeggi\/","title":{"rendered":"Bergeggi"},"content":{"rendered":"<p>Lunettes de soleil Ultra Limited Bergeggi pour femme : la forme audacieuse et irr\u00e9guli\u00e8re conf\u00e8re \u00e0 ce mod\u00e8le une touche d&rsquo;\u00e9l\u00e9gance distinctive. Chaque paire de lunettes est fabriqu\u00e9e \u00e0 la main \u00e0 partir de 12 feuilles d&rsquo;ac\u00e9tate de cellulose, trait\u00e9es<br \/>\nau cours d&rsquo;un processus complexe qui dure plus de 41 jours et comprend la s\u00e9lection, l\u2019encollage, le durcissement, le pressage, la cuisson, la coupe, le tonnelage, la finition et le polissage. La monture est enrichie de branches thermoform\u00e9es, orn\u00e9es d&rsquo;un motif en forme de diamant qui en optimise \u00e0 la fois le design et la r\u00e9sistance. Les couleurs disponibles &#8211; blanc, havane et noir &#8211; sont \u00e9l\u00e9gantes et sophistiqu\u00e9es, et chaque paire de lunettes acquiert une personnalisation unique gr\u00e2ce au savoir-faire artisanal. D\u00e9couvrez le mod\u00e8le Ultra Limited Bergeggi, pour un look raffin\u00e9 et distinctif.<\/p>\n","protected":false},"excerpt":{"rendered":"<p>Lunettes de soleil Ultra Limited Bergeggi pour femme : la forme audacieuse et irr\u00e9guli\u00e8re conf\u00e8re \u00e0 ce mod\u00e8le une touche d&rsquo;\u00e9l\u00e9gance distinctive. Chaque paire de lunettes est fabriqu\u00e9e \u00e0 la main \u00e0 partir de 12 feuilles d&rsquo;ac\u00e9tate de cellulose, trait\u00e9es au cours d&rsquo;un processus complexe qui dure plus de 41 jours et comprend la s\u00e9lection, <a href=\"https:\/\/ultralimited.it\/fr\/lunettes\/bergeggi\/\" class=\"more-link\">&#8230;<\/a><\/p>\n","protected":false},"featured_media":28591,"template":"","meta":{"_acf_changed":false},"product_brand":[],"product_cat":[119,117,125],"class_list":{"0":"post-28396","1":"product","2":"type-product","3":"status-publish","4":"has-post-thumbnail","6":"product_cat-femme","7":"product_cat-lunettes","8":"product_cat-lunettes-de-soleil","10":"first","11":"instock","12":"shipping-taxable","13":"product-type-variable"},"acf":[],"yoast_head":"<!-- This site is optimized with the Yoast SEO plugin v26.4 - https:\/\/yoast.com\/wordpress\/plugins\/seo\/ -->\n<title>Bergeggi - Ultra Limited<\/title>\n<meta name=\"robots\" content=\"index, follow, max-snippet:-1, max-image-preview:large, max-video-preview:-1\" \/>\n<link rel=\"canonical\" href=\"https:\/\/ultralimited.it\/fr\/lunettes\/bergeggi\/\" \/>\n<meta property=\"og:locale\" content=\"fr_FR\" \/>\n<meta property=\"og:type\" content=\"article\" \/>\n<meta property=\"og:title\" content=\"Bergeggi - Ultra Limited\" \/>\n<meta property=\"og:description\" content=\"Lunettes de soleil Ultra Limited Bergeggi pour femme : la forme audacieuse et irr\u00e9guli\u00e8re conf\u00e8re \u00e0 ce mod\u00e8le une touche d&rsquo;\u00e9l\u00e9gance distinctive. Chaque paire de lunettes est fabriqu\u00e9e \u00e0 la main \u00e0 partir de 12 feuilles d&rsquo;ac\u00e9tate de cellulose, trait\u00e9es au cours d&rsquo;un processus complexe qui dure plus de 41 jours et comprend la s\u00e9lection, ...\" \/>\n<meta property=\"og:url\" content=\"https:\/\/ultralimited.it\/fr\/lunettes\/bergeggi\/\" \/>\n<meta property=\"og:site_name\" content=\"Ultra Limited\" \/>\n<meta property=\"article:modified_time\" content=\"2025-01-29T08:23:07+00:00\" \/>\n<meta property=\"og:image\" content=\"https:\/\/ultralimited.it\/wp-content\/uploads\/2025\/01\/BERGEGGI-S-F-BIANCO.jpg\" \/>\n\t<meta property=\"og:image:width\" content=\"1600\" \/>\n\t<meta property=\"og:image:height\" content=\"1200\" \/>\n\t<meta property=\"og:image:type\" content=\"image\/jpeg\" \/>\n<meta name=\"twitter:card\" content=\"summary_large_image\" \/>\n<meta name=\"twitter:label1\" content=\"Dur\u00e9e de lecture estim\u00e9e\" \/>\n\t<meta name=\"twitter:data1\" content=\"1 minute\" \/>\n<script type=\"application\/ld+json\" class=\"yoast-schema-graph\">{\"@context\":\"https:\/\/schema.org\",\"@graph\":[{\"@type\":\"WebPage\",\"@id\":\"https:\/\/ultralimited.it\/fr\/lunettes\/bergeggi\/\",\"url\":\"https:\/\/ultralimited.it\/fr\/lunettes\/bergeggi\/\",\"name\":\"Bergeggi - Ultra Limited\",\"isPartOf\":{\"@id\":\"https:\/\/ultralimited.it\/en\/#website\"},\"primaryImageOfPage\":{\"@id\":\"https:\/\/ultralimited.it\/fr\/lunettes\/bergeggi\/#primaryimage\"},\"image\":{\"@id\":\"https:\/\/ultralimited.it\/fr\/lunettes\/bergeggi\/#primaryimage\"},\"thumbnailUrl\":\"https:\/\/ultralimited.it\/wp-content\/uploads\/2025\/01\/BERGEGGI-S-F-BIANCO.jpg\",\"datePublished\":\"2025-01-03T13:16:56+00:00\",\"dateModified\":\"2025-01-29T08:23:07+00:00\",\"breadcrumb\":{\"@id\":\"https:\/\/ultralimited.it\/fr\/lunettes\/bergeggi\/#breadcrumb\"},\"inLanguage\":\"fr-FR\",\"potentialAction\":[{\"@type\":\"ReadAction\",\"target\":[\"https:\/\/ultralimited.it\/fr\/lunettes\/bergeggi\/\"]}]},{\"@type\":\"ImageObject\",\"inLanguage\":\"fr-FR\",\"@id\":\"https:\/\/ultralimited.it\/fr\/lunettes\/bergeggi\/#primaryimage\",\"url\":\"https:\/\/ultralimited.it\/wp-content\/uploads\/2025\/01\/BERGEGGI-S-F-BIANCO.jpg\",\"contentUrl\":\"https:\/\/ultralimited.it\/wp-content\/uploads\/2025\/01\/BERGEGGI-S-F-BIANCO.jpg\",\"width\":1600,\"height\":1200},{\"@type\":\"BreadcrumbList\",\"@id\":\"https:\/\/ultralimited.it\/fr\/lunettes\/bergeggi\/#breadcrumb\",\"itemListElement\":[{\"@type\":\"ListItem\",\"position\":1,\"name\":\"Home\",\"item\":\"https:\/\/ultralimited.it\/fr\/\"},{\"@type\":\"ListItem\",\"position\":2,\"name\":\"Bergeggi\"}]},{\"@type\":\"WebSite\",\"@id\":\"https:\/\/ultralimited.it\/en\/#website\",\"url\":\"https:\/\/ultralimited.it\/en\/\",\"name\":\"Ultra Limited\",\"description\":\"\",\"potentialAction\":[{\"@type\":\"SearchAction\",\"target\":{\"@type\":\"EntryPoint\",\"urlTemplate\":\"https:\/\/ultralimited.it\/en\/?s={search_term_string}\"},\"query-input\":{\"@type\":\"PropertyValueSpecification\",\"valueRequired\":true,\"valueName\":\"search_term_string\"}}],\"inLanguage\":\"fr-FR\"}]}<\/script>\n<!-- \/ Yoast SEO plugin. -->","yoast_head_json":{"title":"Bergeggi - Ultra Limited","robots":{"index":"index","follow":"follow","max-snippet":"max-snippet:-1","max-image-preview":"max-image-preview:large","max-video-preview":"max-video-preview:-1"},"canonical":"https:\/\/ultralimited.it\/fr\/lunettes\/bergeggi\/","og_locale":"fr_FR","og_type":"article","og_title":"Bergeggi - Ultra Limited","og_description":"Lunettes de soleil Ultra Limited Bergeggi pour femme : la forme audacieuse et irr\u00e9guli\u00e8re conf\u00e8re \u00e0 ce mod\u00e8le une touche d&rsquo;\u00e9l\u00e9gance distinctive. Chaque paire de lunettes est fabriqu\u00e9e \u00e0 la main \u00e0 partir de 12 feuilles d&rsquo;ac\u00e9tate de cellulose, trait\u00e9es au cours d&rsquo;un processus complexe qui dure plus de 41 jours et comprend la s\u00e9lection, ...","og_url":"https:\/\/ultralimited.it\/fr\/lunettes\/bergeggi\/","og_site_name":"Ultra Limited","article_modified_time":"2025-01-29T08:23:07+00:00","og_image":[{"width":1600,"height":1200,"url":"https:\/\/ultralimited.it\/wp-content\/uploads\/2025\/01\/BERGEGGI-S-F-BIANCO.jpg","type":"image\/jpeg"}],"twitter_card":"summary_large_image","twitter_misc":{"Dur\u00e9e de lecture estim\u00e9e":"1 minute"},"schema":{"@context":"https:\/\/schema.org","@graph":[{"@type":"WebPage","@id":"https:\/\/ultralimited.it\/fr\/lunettes\/bergeggi\/","url":"https:\/\/ultralimited.it\/fr\/lunettes\/bergeggi\/","name":"Bergeggi - Ultra Limited","isPartOf":{"@id":"https:\/\/ultralimited.it\/en\/#website"},"primaryImageOfPage":{"@id":"https:\/\/ultralimited.it\/fr\/lunettes\/bergeggi\/#primaryimage"},"image":{"@id":"https:\/\/ultralimited.it\/fr\/lunettes\/bergeggi\/#primaryimage"},"thumbnailUrl":"https:\/\/ultralimited.it\/wp-content\/uploads\/2025\/01\/BERGEGGI-S-F-BIANCO.jpg","datePublished":"2025-01-03T13:16:56+00:00","dateModified":"2025-01-29T08:23:07+00:00","breadcrumb":{"@id":"https:\/\/ultralimited.it\/fr\/lunettes\/bergeggi\/#breadcrumb"},"inLanguage":"fr-FR","potentialAction":[{"@type":"ReadAction","target":["https:\/\/ultralimited.it\/fr\/lunettes\/bergeggi\/"]}]},{"@type":"ImageObject","inLanguage":"fr-FR","@id":"https:\/\/ultralimited.it\/fr\/lunettes\/bergeggi\/#primaryimage","url":"https:\/\/ultralimited.it\/wp-content\/uploads\/2025\/01\/BERGEGGI-S-F-BIANCO.jpg","contentUrl":"https:\/\/ultralimited.it\/wp-content\/uploads\/2025\/01\/BERGEGGI-S-F-BIANCO.jpg","width":1600,"height":1200},{"@type":"BreadcrumbList","@id":"https:\/\/ultralimited.it\/fr\/lunettes\/bergeggi\/#breadcrumb","itemListElement":[{"@type":"ListItem","position":1,"name":"Home","item":"https:\/\/ultralimited.it\/fr\/"},{"@type":"ListItem","position":2,"name":"Bergeggi"}]},{"@type":"WebSite","@id":"https:\/\/ultralimited.it\/en\/#website","url":"https:\/\/ultralimited.it\/en\/","name":"Ultra Limited","description":"","potentialAction":[{"@type":"SearchAction","target":{"@type":"EntryPoint","urlTemplate":"https:\/\/ultralimited.it\/en\/?s={search_term_string}"},"query-input":{"@type":"PropertyValueSpecification","valueRequired":true,"valueName":"search_term_string"}}],"inLanguage":"fr-FR"}]}},"_links":{"self":[{"href":"https:\/\/ultralimited.it\/fr\/wp-json\/wp\/v2\/product\/28396","targetHints":{"allow":["GET"]}}],"collection":[{"href":"https:\/\/ultralimited.it\/fr\/wp-json\/wp\/v2\/product"}],"about":[{"href":"https:\/\/ultralimited.it\/fr\/wp-json\/wp\/v2\/types\/product"}],"wp:featuredmedia":[{"embeddable":true,"href":"https:\/\/ultralimited.it\/fr\/wp-json\/wp\/v2\/media\/28591"}],"wp:attachment":[{"href":"https:\/\/ultralimited.it\/fr\/wp-json\/wp\/v2\/media?parent=28396"}],"wp:term":[{"taxonomy":"product_brand","embeddable":true,"href":"https:\/\/ultralimited.it\/fr\/wp-json\/wp\/v2\/product_brand?post=28396"},{"taxonomy":"product_cat","embeddable":true,"href":"https:\/\/ultralimited.it\/fr\/wp-json\/wp\/v2\/product_cat?post=28396"}],"curies":[{"name":"wp","href":"https:\/\/api.w.org\/{rel}","templated":true}]}}