{"id":28359,"date":"2025-01-03T14:05:37","date_gmt":"2025-01-03T13:05:44","guid":{"rendered":"http:\/\/ultralimited.it\/?post_type=product&#038;p=28359"},"modified":"2025-01-15T14:53:57","modified_gmt":"2025-01-15T13:53:57","slug":"rovigo","status":"publish","type":"product","link":"https:\/\/ultralimited.it\/fr\/lunettes\/rovigo\/","title":{"rendered":"Rovigo"},"content":{"rendered":"<p>Lunettes de vue Ultra Limited Rovigo pour homme : une fusion parfaite de couleurs vives et de lignes modernes, avec une forme carr\u00e9e \u00e9l\u00e9gante et bien d\u00e9finie. Chaque paire de lunettes est fabriqu\u00e9e \u00e0 la main \u00e0 partir de 12 feuilles d&rsquo;ac\u00e9tate de cellulose, trait\u00e9es au cours d&rsquo;un processus qui dure plus de 41 jours. Ce processus comprend la s\u00e9lection, l\u2019encollage, le durcissement, le pressage, la cuisson, la coupe, le tonnelage, la finition et le polissage, ce qui garantit un produit de haute qualit\u00e9. Enfin, un cadre en ac\u00e9tate monochrome vient parfaire les encollages, en apportant une touche d&rsquo; \u00e9l\u00e9gance. Disponibles en blanc, bleu, noir et<br \/>\nrouge, ces lunettes sont une ic\u00f4ne de style et de personnalit\u00e9. Chaque paire de lunettes est unique gr\u00e2ce au soin apport\u00e9 et \u00e0 la pr\u00e9cision des \u00e9tapes de fabrication. D\u00e9couvrez le mod\u00e8le Ultra Limited Rovigo, pour un look qui ne passe pas inaper\u00e7u.<\/p>\n","protected":false},"excerpt":{"rendered":"<p>Lunettes de vue Ultra Limited Rovigo pour homme : une fusion parfaite de couleurs vives et de lignes modernes, avec une forme carr\u00e9e \u00e9l\u00e9gante et bien d\u00e9finie. Chaque paire de lunettes est fabriqu\u00e9e \u00e0 la main \u00e0 partir de 12 feuilles d&rsquo;ac\u00e9tate de cellulose, trait\u00e9es au cours d&rsquo;un processus qui dure plus de 41 jours. <a href=\"https:\/\/ultralimited.it\/fr\/lunettes\/rovigo\/\" class=\"more-link\">&#8230;<\/a><\/p>\n","protected":false},"featured_media":28686,"template":"","meta":{"_acf_changed":false},"product_brand":[],"product_cat":[129,117,122],"class_list":{"0":"post-28359","1":"product","2":"type-product","3":"status-publish","4":"has-post-thumbnail","6":"product_cat-homme","7":"product_cat-lunettes","8":"product_cat-lunettes-de-vue","10":"first","11":"instock","12":"shipping-taxable","13":"product-type-variable"},"acf":[],"yoast_head":"<!-- This site is optimized with the Yoast SEO plugin v26.4 - https:\/\/yoast.com\/wordpress\/plugins\/seo\/ -->\n<title>Rovigo - Ultra Limited<\/title>\n<meta name=\"robots\" content=\"index, follow, max-snippet:-1, max-image-preview:large, max-video-preview:-1\" \/>\n<link rel=\"canonical\" href=\"https:\/\/ultralimited.it\/fr\/lunettes\/rovigo\/\" \/>\n<meta property=\"og:locale\" content=\"fr_FR\" \/>\n<meta property=\"og:type\" content=\"article\" \/>\n<meta property=\"og:title\" content=\"Rovigo - Ultra Limited\" \/>\n<meta property=\"og:description\" content=\"Lunettes de vue Ultra Limited Rovigo pour homme : une fusion parfaite de couleurs vives et de lignes modernes, avec une forme carr\u00e9e \u00e9l\u00e9gante et bien d\u00e9finie. Chaque paire de lunettes est fabriqu\u00e9e \u00e0 la main \u00e0 partir de 12 feuilles d&rsquo;ac\u00e9tate de cellulose, trait\u00e9es au cours d&rsquo;un processus qui dure plus de 41 jours. ...\" \/>\n<meta property=\"og:url\" content=\"https:\/\/ultralimited.it\/fr\/lunettes\/rovigo\/\" \/>\n<meta property=\"og:site_name\" content=\"Ultra Limited\" \/>\n<meta property=\"article:modified_time\" content=\"2025-01-15T13:53:57+00:00\" \/>\n<meta property=\"og:image\" content=\"https:\/\/ultralimited.it\/wp-content\/uploads\/2025\/01\/ROVIGO-V-F-BIANCO.jpg\" \/>\n\t<meta property=\"og:image:width\" content=\"1600\" \/>\n\t<meta property=\"og:image:height\" content=\"1200\" \/>\n\t<meta property=\"og:image:type\" content=\"image\/jpeg\" \/>\n<meta name=\"twitter:card\" content=\"summary_large_image\" \/>\n<meta name=\"twitter:label1\" content=\"Dur\u00e9e de lecture estim\u00e9e\" \/>\n\t<meta name=\"twitter:data1\" content=\"1 minute\" \/>\n<script type=\"application\/ld+json\" class=\"yoast-schema-graph\">{\"@context\":\"https:\/\/schema.org\",\"@graph\":[{\"@type\":\"WebPage\",\"@id\":\"https:\/\/ultralimited.it\/fr\/lunettes\/rovigo\/\",\"url\":\"https:\/\/ultralimited.it\/fr\/lunettes\/rovigo\/\",\"name\":\"Rovigo - Ultra Limited\",\"isPartOf\":{\"@id\":\"https:\/\/ultralimited.it\/en\/#website\"},\"primaryImageOfPage\":{\"@id\":\"https:\/\/ultralimited.it\/fr\/lunettes\/rovigo\/#primaryimage\"},\"image\":{\"@id\":\"https:\/\/ultralimited.it\/fr\/lunettes\/rovigo\/#primaryimage\"},\"thumbnailUrl\":\"https:\/\/ultralimited.it\/wp-content\/uploads\/2025\/01\/ROVIGO-V-F-BIANCO.jpg\",\"datePublished\":\"2025-01-03T13:05:44+00:00\",\"dateModified\":\"2025-01-15T13:53:57+00:00\",\"breadcrumb\":{\"@id\":\"https:\/\/ultralimited.it\/fr\/lunettes\/rovigo\/#breadcrumb\"},\"inLanguage\":\"fr-FR\",\"potentialAction\":[{\"@type\":\"ReadAction\",\"target\":[\"https:\/\/ultralimited.it\/fr\/lunettes\/rovigo\/\"]}]},{\"@type\":\"ImageObject\",\"inLanguage\":\"fr-FR\",\"@id\":\"https:\/\/ultralimited.it\/fr\/lunettes\/rovigo\/#primaryimage\",\"url\":\"https:\/\/ultralimited.it\/wp-content\/uploads\/2025\/01\/ROVIGO-V-F-BIANCO.jpg\",\"contentUrl\":\"https:\/\/ultralimited.it\/wp-content\/uploads\/2025\/01\/ROVIGO-V-F-BIANCO.jpg\",\"width\":1600,\"height\":1200},{\"@type\":\"BreadcrumbList\",\"@id\":\"https:\/\/ultralimited.it\/fr\/lunettes\/rovigo\/#breadcrumb\",\"itemListElement\":[{\"@type\":\"ListItem\",\"position\":1,\"name\":\"Home\",\"item\":\"https:\/\/ultralimited.it\/fr\/\"},{\"@type\":\"ListItem\",\"position\":2,\"name\":\"Rovigo\"}]},{\"@type\":\"WebSite\",\"@id\":\"https:\/\/ultralimited.it\/en\/#website\",\"url\":\"https:\/\/ultralimited.it\/en\/\",\"name\":\"Ultra Limited\",\"description\":\"\",\"potentialAction\":[{\"@type\":\"SearchAction\",\"target\":{\"@type\":\"EntryPoint\",\"urlTemplate\":\"https:\/\/ultralimited.it\/en\/?s={search_term_string}\"},\"query-input\":{\"@type\":\"PropertyValueSpecification\",\"valueRequired\":true,\"valueName\":\"search_term_string\"}}],\"inLanguage\":\"fr-FR\"}]}<\/script>\n<!-- \/ Yoast SEO plugin. -->","yoast_head_json":{"title":"Rovigo - Ultra Limited","robots":{"index":"index","follow":"follow","max-snippet":"max-snippet:-1","max-image-preview":"max-image-preview:large","max-video-preview":"max-video-preview:-1"},"canonical":"https:\/\/ultralimited.it\/fr\/lunettes\/rovigo\/","og_locale":"fr_FR","og_type":"article","og_title":"Rovigo - Ultra Limited","og_description":"Lunettes de vue Ultra Limited Rovigo pour homme : une fusion parfaite de couleurs vives et de lignes modernes, avec une forme carr\u00e9e \u00e9l\u00e9gante et bien d\u00e9finie. Chaque paire de lunettes est fabriqu\u00e9e \u00e0 la main \u00e0 partir de 12 feuilles d&rsquo;ac\u00e9tate de cellulose, trait\u00e9es au cours d&rsquo;un processus qui dure plus de 41 jours. ...","og_url":"https:\/\/ultralimited.it\/fr\/lunettes\/rovigo\/","og_site_name":"Ultra Limited","article_modified_time":"2025-01-15T13:53:57+00:00","og_image":[{"width":1600,"height":1200,"url":"https:\/\/ultralimited.it\/wp-content\/uploads\/2025\/01\/ROVIGO-V-F-BIANCO.jpg","type":"image\/jpeg"}],"twitter_card":"summary_large_image","twitter_misc":{"Dur\u00e9e de lecture estim\u00e9e":"1 minute"},"schema":{"@context":"https:\/\/schema.org","@graph":[{"@type":"WebPage","@id":"https:\/\/ultralimited.it\/fr\/lunettes\/rovigo\/","url":"https:\/\/ultralimited.it\/fr\/lunettes\/rovigo\/","name":"Rovigo - Ultra Limited","isPartOf":{"@id":"https:\/\/ultralimited.it\/en\/#website"},"primaryImageOfPage":{"@id":"https:\/\/ultralimited.it\/fr\/lunettes\/rovigo\/#primaryimage"},"image":{"@id":"https:\/\/ultralimited.it\/fr\/lunettes\/rovigo\/#primaryimage"},"thumbnailUrl":"https:\/\/ultralimited.it\/wp-content\/uploads\/2025\/01\/ROVIGO-V-F-BIANCO.jpg","datePublished":"2025-01-03T13:05:44+00:00","dateModified":"2025-01-15T13:53:57+00:00","breadcrumb":{"@id":"https:\/\/ultralimited.it\/fr\/lunettes\/rovigo\/#breadcrumb"},"inLanguage":"fr-FR","potentialAction":[{"@type":"ReadAction","target":["https:\/\/ultralimited.it\/fr\/lunettes\/rovigo\/"]}]},{"@type":"ImageObject","inLanguage":"fr-FR","@id":"https:\/\/ultralimited.it\/fr\/lunettes\/rovigo\/#primaryimage","url":"https:\/\/ultralimited.it\/wp-content\/uploads\/2025\/01\/ROVIGO-V-F-BIANCO.jpg","contentUrl":"https:\/\/ultralimited.it\/wp-content\/uploads\/2025\/01\/ROVIGO-V-F-BIANCO.jpg","width":1600,"height":1200},{"@type":"BreadcrumbList","@id":"https:\/\/ultralimited.it\/fr\/lunettes\/rovigo\/#breadcrumb","itemListElement":[{"@type":"ListItem","position":1,"name":"Home","item":"https:\/\/ultralimited.it\/fr\/"},{"@type":"ListItem","position":2,"name":"Rovigo"}]},{"@type":"WebSite","@id":"https:\/\/ultralimited.it\/en\/#website","url":"https:\/\/ultralimited.it\/en\/","name":"Ultra Limited","description":"","potentialAction":[{"@type":"SearchAction","target":{"@type":"EntryPoint","urlTemplate":"https:\/\/ultralimited.it\/en\/?s={search_term_string}"},"query-input":{"@type":"PropertyValueSpecification","valueRequired":true,"valueName":"search_term_string"}}],"inLanguage":"fr-FR"}]}},"_links":{"self":[{"href":"https:\/\/ultralimited.it\/fr\/wp-json\/wp\/v2\/product\/28359","targetHints":{"allow":["GET"]}}],"collection":[{"href":"https:\/\/ultralimited.it\/fr\/wp-json\/wp\/v2\/product"}],"about":[{"href":"https:\/\/ultralimited.it\/fr\/wp-json\/wp\/v2\/types\/product"}],"wp:featuredmedia":[{"embeddable":true,"href":"https:\/\/ultralimited.it\/fr\/wp-json\/wp\/v2\/media\/28686"}],"wp:attachment":[{"href":"https:\/\/ultralimited.it\/fr\/wp-json\/wp\/v2\/media?parent=28359"}],"wp:term":[{"taxonomy":"product_brand","embeddable":true,"href":"https:\/\/ultralimited.it\/fr\/wp-json\/wp\/v2\/product_brand?post=28359"},{"taxonomy":"product_cat","embeddable":true,"href":"https:\/\/ultralimited.it\/fr\/wp-json\/wp\/v2\/product_cat?post=28359"}],"curies":[{"name":"wp","href":"https:\/\/api.w.org\/{rel}","templated":true}]}}