{"id":28318,"date":"2025-01-03T12:54:10","date_gmt":"2025-01-03T11:54:10","guid":{"rendered":"http:\/\/ultralimited.it\/?post_type=product&#038;p=28318"},"modified":"2025-01-15T14:43:26","modified_gmt":"2025-01-15T13:43:26","slug":"mantova","status":"publish","type":"product","link":"https:\/\/ultralimited.it\/fr\/lunettes\/mantova\/","title":{"rendered":"Mantova"},"content":{"rendered":"<p>Lunettes de vue Ultra Limited Mantova pour femme : un chef-d&rsquo;\u0153uvre artisanal qui allie le meilleur de la r\u00e9gion de Belluno \u00e0 des technologies de pointe. La forme irr\u00e9guli\u00e8re de la monture ajoute une touche d&rsquo;originalit\u00e9, faisant de chaque paire un<br \/>\naccessoire exclusif et sophistiqu\u00e9. R\u00e9alis\u00e9es \u00e0 la main \u00e0 partir de 12 feuilles d&rsquo;ac\u00e9tate de cellulose, le processus de fabrication de ces lunettes dure plus de 41 jours et comprend la s\u00e9lection, l\u2019encollage, le durcissement, le pressage, la cuisson, la coupe, le tonnelage, la finition et le polissage. Des feuilles assorties enrichissent les parties ext\u00e9rieures sup\u00e9rieure et inf\u00e9rieure, en apportant un d\u00e9tail distinctif. Disponible en blanc, bleu, havane et noir, chaque paire de lunettes est unique. D\u00e9couvrez le mod\u00e8le Ultra Limited Mantova, un exemple r\u00e9ussi d&rsquo;exclusivit\u00e9.<\/p>\n","protected":false},"excerpt":{"rendered":"<p>Lunettes de vue Ultra Limited Mantova pour femme : un chef-d&rsquo;\u0153uvre artisanal qui allie le meilleur de la r\u00e9gion de Belluno \u00e0 des technologies de pointe. La forme irr\u00e9guli\u00e8re de la monture ajoute une touche d&rsquo;originalit\u00e9, faisant de chaque paire un accessoire exclusif et sophistiqu\u00e9. R\u00e9alis\u00e9es \u00e0 la main \u00e0 partir de 12 feuilles d&rsquo;ac\u00e9tate <a href=\"https:\/\/ultralimited.it\/fr\/lunettes\/mantova\/\" class=\"more-link\">&#8230;<\/a><\/p>\n","protected":false},"featured_media":28656,"template":"","meta":{"_acf_changed":false},"product_brand":[],"product_cat":[119,117,122],"class_list":{"0":"post-28318","1":"product","2":"type-product","3":"status-publish","4":"has-post-thumbnail","6":"product_cat-femme","7":"product_cat-lunettes","8":"product_cat-lunettes-de-vue","10":"first","11":"instock","12":"shipping-taxable","13":"product-type-variable"},"acf":[],"yoast_head":"<!-- This site is optimized with the Yoast SEO plugin v26.4 - https:\/\/yoast.com\/wordpress\/plugins\/seo\/ -->\n<title>Mantova - Ultra Limited<\/title>\n<meta name=\"robots\" content=\"index, follow, max-snippet:-1, max-image-preview:large, max-video-preview:-1\" \/>\n<link rel=\"canonical\" href=\"https:\/\/ultralimited.it\/fr\/lunettes\/mantova\/\" \/>\n<meta property=\"og:locale\" content=\"fr_FR\" \/>\n<meta property=\"og:type\" content=\"article\" \/>\n<meta property=\"og:title\" content=\"Mantova - Ultra Limited\" \/>\n<meta property=\"og:description\" content=\"Lunettes de vue Ultra Limited Mantova pour femme : un chef-d&rsquo;\u0153uvre artisanal qui allie le meilleur de la r\u00e9gion de Belluno \u00e0 des technologies de pointe. La forme irr\u00e9guli\u00e8re de la monture ajoute une touche d&rsquo;originalit\u00e9, faisant de chaque paire un accessoire exclusif et sophistiqu\u00e9. R\u00e9alis\u00e9es \u00e0 la main \u00e0 partir de 12 feuilles d&rsquo;ac\u00e9tate ...\" \/>\n<meta property=\"og:url\" content=\"https:\/\/ultralimited.it\/fr\/lunettes\/mantova\/\" \/>\n<meta property=\"og:site_name\" content=\"Ultra Limited\" \/>\n<meta property=\"article:modified_time\" content=\"2025-01-15T13:43:26+00:00\" \/>\n<meta property=\"og:image\" content=\"https:\/\/ultralimited.it\/wp-content\/uploads\/2025\/01\/MANTOVA-V-F-HAVANA.jpg\" \/>\n\t<meta property=\"og:image:width\" content=\"1600\" \/>\n\t<meta property=\"og:image:height\" content=\"1200\" \/>\n\t<meta property=\"og:image:type\" content=\"image\/jpeg\" \/>\n<meta name=\"twitter:card\" content=\"summary_large_image\" \/>\n<meta name=\"twitter:label1\" content=\"Dur\u00e9e de lecture estim\u00e9e\" \/>\n\t<meta name=\"twitter:data1\" content=\"1 minute\" \/>\n<script type=\"application\/ld+json\" class=\"yoast-schema-graph\">{\"@context\":\"https:\/\/schema.org\",\"@graph\":[{\"@type\":\"WebPage\",\"@id\":\"https:\/\/ultralimited.it\/fr\/lunettes\/mantova\/\",\"url\":\"https:\/\/ultralimited.it\/fr\/lunettes\/mantova\/\",\"name\":\"Mantova - Ultra Limited\",\"isPartOf\":{\"@id\":\"https:\/\/ultralimited.it\/en\/#website\"},\"primaryImageOfPage\":{\"@id\":\"https:\/\/ultralimited.it\/fr\/lunettes\/mantova\/#primaryimage\"},\"image\":{\"@id\":\"https:\/\/ultralimited.it\/fr\/lunettes\/mantova\/#primaryimage\"},\"thumbnailUrl\":\"https:\/\/ultralimited.it\/wp-content\/uploads\/2025\/01\/MANTOVA-V-F-HAVANA.jpg\",\"datePublished\":\"2025-01-03T11:54:10+00:00\",\"dateModified\":\"2025-01-15T13:43:26+00:00\",\"breadcrumb\":{\"@id\":\"https:\/\/ultralimited.it\/fr\/lunettes\/mantova\/#breadcrumb\"},\"inLanguage\":\"fr-FR\",\"potentialAction\":[{\"@type\":\"ReadAction\",\"target\":[\"https:\/\/ultralimited.it\/fr\/lunettes\/mantova\/\"]}]},{\"@type\":\"ImageObject\",\"inLanguage\":\"fr-FR\",\"@id\":\"https:\/\/ultralimited.it\/fr\/lunettes\/mantova\/#primaryimage\",\"url\":\"https:\/\/ultralimited.it\/wp-content\/uploads\/2025\/01\/MANTOVA-V-F-HAVANA.jpg\",\"contentUrl\":\"https:\/\/ultralimited.it\/wp-content\/uploads\/2025\/01\/MANTOVA-V-F-HAVANA.jpg\",\"width\":1600,\"height\":1200},{\"@type\":\"BreadcrumbList\",\"@id\":\"https:\/\/ultralimited.it\/fr\/lunettes\/mantova\/#breadcrumb\",\"itemListElement\":[{\"@type\":\"ListItem\",\"position\":1,\"name\":\"Home\",\"item\":\"https:\/\/ultralimited.it\/fr\/\"},{\"@type\":\"ListItem\",\"position\":2,\"name\":\"Mantova\"}]},{\"@type\":\"WebSite\",\"@id\":\"https:\/\/ultralimited.it\/en\/#website\",\"url\":\"https:\/\/ultralimited.it\/en\/\",\"name\":\"Ultra Limited\",\"description\":\"\",\"potentialAction\":[{\"@type\":\"SearchAction\",\"target\":{\"@type\":\"EntryPoint\",\"urlTemplate\":\"https:\/\/ultralimited.it\/en\/?s={search_term_string}\"},\"query-input\":{\"@type\":\"PropertyValueSpecification\",\"valueRequired\":true,\"valueName\":\"search_term_string\"}}],\"inLanguage\":\"fr-FR\"}]}<\/script>\n<!-- \/ Yoast SEO plugin. -->","yoast_head_json":{"title":"Mantova - Ultra Limited","robots":{"index":"index","follow":"follow","max-snippet":"max-snippet:-1","max-image-preview":"max-image-preview:large","max-video-preview":"max-video-preview:-1"},"canonical":"https:\/\/ultralimited.it\/fr\/lunettes\/mantova\/","og_locale":"fr_FR","og_type":"article","og_title":"Mantova - Ultra Limited","og_description":"Lunettes de vue Ultra Limited Mantova pour femme : un chef-d&rsquo;\u0153uvre artisanal qui allie le meilleur de la r\u00e9gion de Belluno \u00e0 des technologies de pointe. La forme irr\u00e9guli\u00e8re de la monture ajoute une touche d&rsquo;originalit\u00e9, faisant de chaque paire un accessoire exclusif et sophistiqu\u00e9. R\u00e9alis\u00e9es \u00e0 la main \u00e0 partir de 12 feuilles d&rsquo;ac\u00e9tate ...","og_url":"https:\/\/ultralimited.it\/fr\/lunettes\/mantova\/","og_site_name":"Ultra Limited","article_modified_time":"2025-01-15T13:43:26+00:00","og_image":[{"width":1600,"height":1200,"url":"https:\/\/ultralimited.it\/wp-content\/uploads\/2025\/01\/MANTOVA-V-F-HAVANA.jpg","type":"image\/jpeg"}],"twitter_card":"summary_large_image","twitter_misc":{"Dur\u00e9e de lecture estim\u00e9e":"1 minute"},"schema":{"@context":"https:\/\/schema.org","@graph":[{"@type":"WebPage","@id":"https:\/\/ultralimited.it\/fr\/lunettes\/mantova\/","url":"https:\/\/ultralimited.it\/fr\/lunettes\/mantova\/","name":"Mantova - Ultra Limited","isPartOf":{"@id":"https:\/\/ultralimited.it\/en\/#website"},"primaryImageOfPage":{"@id":"https:\/\/ultralimited.it\/fr\/lunettes\/mantova\/#primaryimage"},"image":{"@id":"https:\/\/ultralimited.it\/fr\/lunettes\/mantova\/#primaryimage"},"thumbnailUrl":"https:\/\/ultralimited.it\/wp-content\/uploads\/2025\/01\/MANTOVA-V-F-HAVANA.jpg","datePublished":"2025-01-03T11:54:10+00:00","dateModified":"2025-01-15T13:43:26+00:00","breadcrumb":{"@id":"https:\/\/ultralimited.it\/fr\/lunettes\/mantova\/#breadcrumb"},"inLanguage":"fr-FR","potentialAction":[{"@type":"ReadAction","target":["https:\/\/ultralimited.it\/fr\/lunettes\/mantova\/"]}]},{"@type":"ImageObject","inLanguage":"fr-FR","@id":"https:\/\/ultralimited.it\/fr\/lunettes\/mantova\/#primaryimage","url":"https:\/\/ultralimited.it\/wp-content\/uploads\/2025\/01\/MANTOVA-V-F-HAVANA.jpg","contentUrl":"https:\/\/ultralimited.it\/wp-content\/uploads\/2025\/01\/MANTOVA-V-F-HAVANA.jpg","width":1600,"height":1200},{"@type":"BreadcrumbList","@id":"https:\/\/ultralimited.it\/fr\/lunettes\/mantova\/#breadcrumb","itemListElement":[{"@type":"ListItem","position":1,"name":"Home","item":"https:\/\/ultralimited.it\/fr\/"},{"@type":"ListItem","position":2,"name":"Mantova"}]},{"@type":"WebSite","@id":"https:\/\/ultralimited.it\/en\/#website","url":"https:\/\/ultralimited.it\/en\/","name":"Ultra Limited","description":"","potentialAction":[{"@type":"SearchAction","target":{"@type":"EntryPoint","urlTemplate":"https:\/\/ultralimited.it\/en\/?s={search_term_string}"},"query-input":{"@type":"PropertyValueSpecification","valueRequired":true,"valueName":"search_term_string"}}],"inLanguage":"fr-FR"}]}},"_links":{"self":[{"href":"https:\/\/ultralimited.it\/fr\/wp-json\/wp\/v2\/product\/28318","targetHints":{"allow":["GET"]}}],"collection":[{"href":"https:\/\/ultralimited.it\/fr\/wp-json\/wp\/v2\/product"}],"about":[{"href":"https:\/\/ultralimited.it\/fr\/wp-json\/wp\/v2\/types\/product"}],"wp:featuredmedia":[{"embeddable":true,"href":"https:\/\/ultralimited.it\/fr\/wp-json\/wp\/v2\/media\/28656"}],"wp:attachment":[{"href":"https:\/\/ultralimited.it\/fr\/wp-json\/wp\/v2\/media?parent=28318"}],"wp:term":[{"taxonomy":"product_brand","embeddable":true,"href":"https:\/\/ultralimited.it\/fr\/wp-json\/wp\/v2\/product_brand?post=28318"},{"taxonomy":"product_cat","embeddable":true,"href":"https:\/\/ultralimited.it\/fr\/wp-json\/wp\/v2\/product_cat?post=28318"}],"curies":[{"name":"wp","href":"https:\/\/api.w.org\/{rel}","templated":true}]}}