{"id":28186,"date":"2025-01-03T11:57:28","date_gmt":"2025-01-03T10:57:28","guid":{"rendered":"http:\/\/ultralimited.it\/?post_type=product&#038;p=28186"},"modified":"2025-01-29T09:19:49","modified_gmt":"2025-01-29T08:19:49","slug":"andria","status":"publish","type":"product","link":"https:\/\/ultralimited.it\/fr\/lunettes\/andria\/","title":{"rendered":"Andria"},"content":{"rendered":"<p>Lunettes de vue Ultra Limited Andria : une explosion de couleurs et de design avec une forme ronde unisexe, parfaite pour ceux qui veulent se d\u00e9marquer. Chaque paire de lunettes est fabriqu\u00e9e \u00e0 la main \u00e0 partir de 12 feuilles d&rsquo;ac\u00e9tate de cellulose,<br \/>\ntrait\u00e9es pendant 41 jours. Les phases de s\u00e9lection, encollage, durcissement, pressage, cuisson, coupe, tonnelage, finition et polissage donnent un r\u00e9sultat unique. Le cadre en ac\u00e9tate monochrome entoure \u00e9l\u00e9gamment les encollages, cr\u00e9ant ainsi un accessoire exclusif. Disponible en blanc, bleu, noir et rouge, chaque paire de lunettes est unique. D\u00e9couvrez le mod\u00e8le Ultra Limited Andria, un m\u00e9lange parfait de savoir-faire artisanal et de style.<\/p>\n","protected":false},"excerpt":{"rendered":"<p>Lunettes de vue Ultra Limited Andria : une explosion de couleurs et de design avec une forme ronde unisexe, parfaite pour ceux qui veulent se d\u00e9marquer. Chaque paire de lunettes est fabriqu\u00e9e \u00e0 la main \u00e0 partir de 12 feuilles d&rsquo;ac\u00e9tate de cellulose, trait\u00e9es pendant 41 jours. Les phases de s\u00e9lection, encollage, durcissement, pressage, cuisson, <a href=\"https:\/\/ultralimited.it\/fr\/lunettes\/andria\/\" class=\"more-link\">&#8230;<\/a><\/p>\n","protected":false},"featured_media":28571,"template":"","meta":{"_acf_changed":false},"product_brand":[],"product_cat":[119,129,117,122],"class_list":{"0":"post-28186","1":"product","2":"type-product","3":"status-publish","4":"has-post-thumbnail","6":"product_cat-femme","7":"product_cat-homme","8":"product_cat-lunettes","9":"product_cat-lunettes-de-vue","11":"first","12":"instock","13":"shipping-taxable","14":"product-type-variable"},"acf":[],"yoast_head":"<!-- This site is optimized with the Yoast SEO plugin v26.4 - https:\/\/yoast.com\/wordpress\/plugins\/seo\/ -->\n<title>Andria - Ultra Limited<\/title>\n<meta name=\"robots\" content=\"index, follow, max-snippet:-1, max-image-preview:large, max-video-preview:-1\" \/>\n<link rel=\"canonical\" href=\"https:\/\/ultralimited.it\/fr\/lunettes\/andria\/\" \/>\n<meta property=\"og:locale\" content=\"fr_FR\" \/>\n<meta property=\"og:type\" content=\"article\" \/>\n<meta property=\"og:title\" content=\"Andria - Ultra Limited\" \/>\n<meta property=\"og:description\" content=\"Lunettes de vue Ultra Limited Andria : une explosion de couleurs et de design avec une forme ronde unisexe, parfaite pour ceux qui veulent se d\u00e9marquer. Chaque paire de lunettes est fabriqu\u00e9e \u00e0 la main \u00e0 partir de 12 feuilles d&rsquo;ac\u00e9tate de cellulose, trait\u00e9es pendant 41 jours. Les phases de s\u00e9lection, encollage, durcissement, pressage, cuisson, ...\" \/>\n<meta property=\"og:url\" content=\"https:\/\/ultralimited.it\/fr\/lunettes\/andria\/\" \/>\n<meta property=\"og:site_name\" content=\"Ultra Limited\" \/>\n<meta property=\"article:modified_time\" content=\"2025-01-29T08:19:49+00:00\" \/>\n<meta property=\"og:image\" content=\"https:\/\/ultralimited.it\/wp-content\/uploads\/2025\/01\/ANDRIA-V-F-BIANCO.jpg\" \/>\n\t<meta property=\"og:image:width\" content=\"1600\" \/>\n\t<meta property=\"og:image:height\" content=\"1200\" \/>\n\t<meta property=\"og:image:type\" content=\"image\/jpeg\" \/>\n<meta name=\"twitter:card\" content=\"summary_large_image\" \/>\n<meta name=\"twitter:label1\" content=\"Dur\u00e9e de lecture estim\u00e9e\" \/>\n\t<meta name=\"twitter:data1\" content=\"1 minute\" \/>\n<script type=\"application\/ld+json\" class=\"yoast-schema-graph\">{\"@context\":\"https:\/\/schema.org\",\"@graph\":[{\"@type\":\"WebPage\",\"@id\":\"https:\/\/ultralimited.it\/fr\/lunettes\/andria\/\",\"url\":\"https:\/\/ultralimited.it\/fr\/lunettes\/andria\/\",\"name\":\"Andria - Ultra Limited\",\"isPartOf\":{\"@id\":\"https:\/\/ultralimited.it\/en\/#website\"},\"primaryImageOfPage\":{\"@id\":\"https:\/\/ultralimited.it\/fr\/lunettes\/andria\/#primaryimage\"},\"image\":{\"@id\":\"https:\/\/ultralimited.it\/fr\/lunettes\/andria\/#primaryimage\"},\"thumbnailUrl\":\"https:\/\/ultralimited.it\/wp-content\/uploads\/2025\/01\/ANDRIA-V-F-BIANCO.jpg\",\"datePublished\":\"2025-01-03T10:57:28+00:00\",\"dateModified\":\"2025-01-29T08:19:49+00:00\",\"breadcrumb\":{\"@id\":\"https:\/\/ultralimited.it\/fr\/lunettes\/andria\/#breadcrumb\"},\"inLanguage\":\"fr-FR\",\"potentialAction\":[{\"@type\":\"ReadAction\",\"target\":[\"https:\/\/ultralimited.it\/fr\/lunettes\/andria\/\"]}]},{\"@type\":\"ImageObject\",\"inLanguage\":\"fr-FR\",\"@id\":\"https:\/\/ultralimited.it\/fr\/lunettes\/andria\/#primaryimage\",\"url\":\"https:\/\/ultralimited.it\/wp-content\/uploads\/2025\/01\/ANDRIA-V-F-BIANCO.jpg\",\"contentUrl\":\"https:\/\/ultralimited.it\/wp-content\/uploads\/2025\/01\/ANDRIA-V-F-BIANCO.jpg\",\"width\":1600,\"height\":1200},{\"@type\":\"BreadcrumbList\",\"@id\":\"https:\/\/ultralimited.it\/fr\/lunettes\/andria\/#breadcrumb\",\"itemListElement\":[{\"@type\":\"ListItem\",\"position\":1,\"name\":\"Home\",\"item\":\"https:\/\/ultralimited.it\/fr\/\"},{\"@type\":\"ListItem\",\"position\":2,\"name\":\"Andria\"}]},{\"@type\":\"WebSite\",\"@id\":\"https:\/\/ultralimited.it\/en\/#website\",\"url\":\"https:\/\/ultralimited.it\/en\/\",\"name\":\"Ultra Limited\",\"description\":\"\",\"potentialAction\":[{\"@type\":\"SearchAction\",\"target\":{\"@type\":\"EntryPoint\",\"urlTemplate\":\"https:\/\/ultralimited.it\/en\/?s={search_term_string}\"},\"query-input\":{\"@type\":\"PropertyValueSpecification\",\"valueRequired\":true,\"valueName\":\"search_term_string\"}}],\"inLanguage\":\"fr-FR\"}]}<\/script>\n<!-- \/ Yoast SEO plugin. -->","yoast_head_json":{"title":"Andria - Ultra Limited","robots":{"index":"index","follow":"follow","max-snippet":"max-snippet:-1","max-image-preview":"max-image-preview:large","max-video-preview":"max-video-preview:-1"},"canonical":"https:\/\/ultralimited.it\/fr\/lunettes\/andria\/","og_locale":"fr_FR","og_type":"article","og_title":"Andria - Ultra Limited","og_description":"Lunettes de vue Ultra Limited Andria : une explosion de couleurs et de design avec une forme ronde unisexe, parfaite pour ceux qui veulent se d\u00e9marquer. Chaque paire de lunettes est fabriqu\u00e9e \u00e0 la main \u00e0 partir de 12 feuilles d&rsquo;ac\u00e9tate de cellulose, trait\u00e9es pendant 41 jours. Les phases de s\u00e9lection, encollage, durcissement, pressage, cuisson, ...","og_url":"https:\/\/ultralimited.it\/fr\/lunettes\/andria\/","og_site_name":"Ultra Limited","article_modified_time":"2025-01-29T08:19:49+00:00","og_image":[{"width":1600,"height":1200,"url":"https:\/\/ultralimited.it\/wp-content\/uploads\/2025\/01\/ANDRIA-V-F-BIANCO.jpg","type":"image\/jpeg"}],"twitter_card":"summary_large_image","twitter_misc":{"Dur\u00e9e de lecture estim\u00e9e":"1 minute"},"schema":{"@context":"https:\/\/schema.org","@graph":[{"@type":"WebPage","@id":"https:\/\/ultralimited.it\/fr\/lunettes\/andria\/","url":"https:\/\/ultralimited.it\/fr\/lunettes\/andria\/","name":"Andria - Ultra Limited","isPartOf":{"@id":"https:\/\/ultralimited.it\/en\/#website"},"primaryImageOfPage":{"@id":"https:\/\/ultralimited.it\/fr\/lunettes\/andria\/#primaryimage"},"image":{"@id":"https:\/\/ultralimited.it\/fr\/lunettes\/andria\/#primaryimage"},"thumbnailUrl":"https:\/\/ultralimited.it\/wp-content\/uploads\/2025\/01\/ANDRIA-V-F-BIANCO.jpg","datePublished":"2025-01-03T10:57:28+00:00","dateModified":"2025-01-29T08:19:49+00:00","breadcrumb":{"@id":"https:\/\/ultralimited.it\/fr\/lunettes\/andria\/#breadcrumb"},"inLanguage":"fr-FR","potentialAction":[{"@type":"ReadAction","target":["https:\/\/ultralimited.it\/fr\/lunettes\/andria\/"]}]},{"@type":"ImageObject","inLanguage":"fr-FR","@id":"https:\/\/ultralimited.it\/fr\/lunettes\/andria\/#primaryimage","url":"https:\/\/ultralimited.it\/wp-content\/uploads\/2025\/01\/ANDRIA-V-F-BIANCO.jpg","contentUrl":"https:\/\/ultralimited.it\/wp-content\/uploads\/2025\/01\/ANDRIA-V-F-BIANCO.jpg","width":1600,"height":1200},{"@type":"BreadcrumbList","@id":"https:\/\/ultralimited.it\/fr\/lunettes\/andria\/#breadcrumb","itemListElement":[{"@type":"ListItem","position":1,"name":"Home","item":"https:\/\/ultralimited.it\/fr\/"},{"@type":"ListItem","position":2,"name":"Andria"}]},{"@type":"WebSite","@id":"https:\/\/ultralimited.it\/en\/#website","url":"https:\/\/ultralimited.it\/en\/","name":"Ultra Limited","description":"","potentialAction":[{"@type":"SearchAction","target":{"@type":"EntryPoint","urlTemplate":"https:\/\/ultralimited.it\/en\/?s={search_term_string}"},"query-input":{"@type":"PropertyValueSpecification","valueRequired":true,"valueName":"search_term_string"}}],"inLanguage":"fr-FR"}]}},"_links":{"self":[{"href":"https:\/\/ultralimited.it\/fr\/wp-json\/wp\/v2\/product\/28186","targetHints":{"allow":["GET"]}}],"collection":[{"href":"https:\/\/ultralimited.it\/fr\/wp-json\/wp\/v2\/product"}],"about":[{"href":"https:\/\/ultralimited.it\/fr\/wp-json\/wp\/v2\/types\/product"}],"wp:featuredmedia":[{"embeddable":true,"href":"https:\/\/ultralimited.it\/fr\/wp-json\/wp\/v2\/media\/28571"}],"wp:attachment":[{"href":"https:\/\/ultralimited.it\/fr\/wp-json\/wp\/v2\/media?parent=28186"}],"wp:term":[{"taxonomy":"product_brand","embeddable":true,"href":"https:\/\/ultralimited.it\/fr\/wp-json\/wp\/v2\/product_brand?post=28186"},{"taxonomy":"product_cat","embeddable":true,"href":"https:\/\/ultralimited.it\/fr\/wp-json\/wp\/v2\/product_cat?post=28186"}],"curies":[{"name":"wp","href":"https:\/\/api.w.org\/{rel}","templated":true}]}}