{"id":27841,"date":"2024-08-05T14:53:18","date_gmt":"2024-08-05T12:53:24","guid":{"rendered":"http:\/\/ultralimited.it\/?post_type=product&#038;p=27841"},"modified":"2025-01-15T16:39:38","modified_gmt":"2025-01-15T15:39:38","slug":"ivrea","status":"publish","type":"product","link":"https:\/\/ultralimited.it\/fr\/lunettes\/ivrea\/","title":{"rendered":"Ivrea"},"content":{"rendered":"<p><span data-sheets-value=\"{\" data-sheets-userformat=\"{\">Le mod\u00e8le Ivrea d\u2019Ultra Limited est con\u00e7u pour les personnes qui ne craignent pas d\u2019afficher leur personnalit\u00e9 avec style et originalit\u00e9. Avec leur forme ronde, ces lunettes unisexes sont l\u2019accessoire parfait pour ceux qui veulent un look caract\u00e9ristique et non conventionnel. Elles sont disponibles dans des couleurs vives : bleu, blanc, rouge et noir. Le mod\u00e8le Ivrea exprime \u00e9nergie et cr\u00e9ativit\u00e9.<br \/>\nChaque paire est fabriqu\u00e9e \u00e0 partir de 12 feuilles d\u2019ac\u00e9tate de cellulose, trait\u00e9es m\u00e9ticuleusement au cours d\u2019un processus qui dure plus de 41 jours. Le traitement comprend des \u00e9tapes pr\u00e9cises comme la s\u00e9lection et le collage, suivies du durcissement, du pressage, de la cuisson, du d\u00e9coupage, du polissage au tonneau, de la finition et encore d\u2019une phase de polissage. Ce processus artisanal donne aux lunettes leurs rayures color\u00e9es incomparables, symbole d\u2019une qualit\u00e9 sup\u00e9rieure et d\u2019un design unique. Le mod\u00e8le Ivrea est id\u00e9al pour ceux qui recherchent des lunettes pour compl\u00e9ter leur look, mais qui deviennent aussi une v\u00e9ritable d\u00e9claration de style. Parfaites pour toutes les occasions, du travail aux loisirs, ces lunettes apportent une note de fra\u00eecheur et d\u2019audace qui les rend incomparables. Choisissez le mod\u00e8le Ivrea pour une touche de couleur et d\u2019originalit\u00e9, et laissez transpara\u00eetre votre personnalit\u00e9 avec un accessoire amusant et audacieux.<\/span><\/p>\n","protected":false},"excerpt":{"rendered":"<p>Le mod\u00e8le Ivrea d\u2019Ultra Limited est con\u00e7u pour les personnes qui ne craignent pas d\u2019afficher leur personnalit\u00e9 avec style et originalit\u00e9. Avec leur forme ronde, ces lunettes unisexes sont l\u2019accessoire parfait pour ceux qui veulent un look caract\u00e9ristique et non conventionnel. Elles sont disponibles dans des couleurs vives : bleu, blanc, rouge et noir. Le <a href=\"https:\/\/ultralimited.it\/fr\/lunettes\/ivrea\/\" class=\"more-link\">&#8230;<\/a><\/p>\n","protected":false},"featured_media":27858,"template":"","meta":{"_acf_changed":false},"product_brand":[],"product_cat":[119,129,117,122],"class_list":{"0":"post-27841","1":"product","2":"type-product","3":"status-publish","4":"has-post-thumbnail","6":"product_cat-femme","7":"product_cat-homme","8":"product_cat-lunettes","9":"product_cat-lunettes-de-vue","11":"first","12":"instock","13":"shipping-taxable","14":"product-type-variable"},"acf":[],"yoast_head":"<!-- This site is optimized with the Yoast SEO plugin v26.4 - https:\/\/yoast.com\/wordpress\/plugins\/seo\/ -->\n<title>Ivrea - Ultra Limited<\/title>\n<meta name=\"robots\" content=\"index, follow, max-snippet:-1, max-image-preview:large, max-video-preview:-1\" \/>\n<link rel=\"canonical\" href=\"https:\/\/ultralimited.it\/fr\/lunettes\/ivrea\/\" \/>\n<meta property=\"og:locale\" content=\"fr_FR\" \/>\n<meta property=\"og:type\" content=\"article\" \/>\n<meta property=\"og:title\" content=\"Ivrea - Ultra Limited\" \/>\n<meta property=\"og:description\" content=\"Le mod\u00e8le Ivrea d\u2019Ultra Limited est con\u00e7u pour les personnes qui ne craignent pas d\u2019afficher leur personnalit\u00e9 avec style et originalit\u00e9. Avec leur forme ronde, ces lunettes unisexes sont l\u2019accessoire parfait pour ceux qui veulent un look caract\u00e9ristique et non conventionnel. Elles sont disponibles dans des couleurs vives : bleu, blanc, rouge et noir. Le ...\" \/>\n<meta property=\"og:url\" content=\"https:\/\/ultralimited.it\/fr\/lunettes\/ivrea\/\" \/>\n<meta property=\"og:site_name\" content=\"Ultra Limited\" \/>\n<meta property=\"article:modified_time\" content=\"2025-01-15T15:39:38+00:00\" \/>\n<meta property=\"og:image\" content=\"https:\/\/ultralimited.it\/wp-content\/uploads\/2024\/08\/ULIVNE.jpg\" \/>\n\t<meta property=\"og:image:width\" content=\"1600\" \/>\n\t<meta property=\"og:image:height\" content=\"1200\" \/>\n\t<meta property=\"og:image:type\" content=\"image\/jpeg\" \/>\n<meta name=\"twitter:card\" content=\"summary_large_image\" \/>\n<meta name=\"twitter:label1\" content=\"Dur\u00e9e de lecture estim\u00e9e\" \/>\n\t<meta name=\"twitter:data1\" content=\"2 minutes\" \/>\n<script type=\"application\/ld+json\" class=\"yoast-schema-graph\">{\"@context\":\"https:\/\/schema.org\",\"@graph\":[{\"@type\":\"WebPage\",\"@id\":\"https:\/\/ultralimited.it\/fr\/lunettes\/ivrea\/\",\"url\":\"https:\/\/ultralimited.it\/fr\/lunettes\/ivrea\/\",\"name\":\"Ivrea - Ultra Limited\",\"isPartOf\":{\"@id\":\"https:\/\/ultralimited.it\/en\/#website\"},\"primaryImageOfPage\":{\"@id\":\"https:\/\/ultralimited.it\/fr\/lunettes\/ivrea\/#primaryimage\"},\"image\":{\"@id\":\"https:\/\/ultralimited.it\/fr\/lunettes\/ivrea\/#primaryimage\"},\"thumbnailUrl\":\"https:\/\/ultralimited.it\/wp-content\/uploads\/2024\/08\/ULIVNE.jpg\",\"datePublished\":\"2024-08-05T12:53:24+00:00\",\"dateModified\":\"2025-01-15T15:39:38+00:00\",\"breadcrumb\":{\"@id\":\"https:\/\/ultralimited.it\/fr\/lunettes\/ivrea\/#breadcrumb\"},\"inLanguage\":\"fr-FR\",\"potentialAction\":[{\"@type\":\"ReadAction\",\"target\":[\"https:\/\/ultralimited.it\/fr\/lunettes\/ivrea\/\"]}]},{\"@type\":\"ImageObject\",\"inLanguage\":\"fr-FR\",\"@id\":\"https:\/\/ultralimited.it\/fr\/lunettes\/ivrea\/#primaryimage\",\"url\":\"https:\/\/ultralimited.it\/wp-content\/uploads\/2024\/08\/ULIVNE.jpg\",\"contentUrl\":\"https:\/\/ultralimited.it\/wp-content\/uploads\/2024\/08\/ULIVNE.jpg\",\"width\":1600,\"height\":1200},{\"@type\":\"BreadcrumbList\",\"@id\":\"https:\/\/ultralimited.it\/fr\/lunettes\/ivrea\/#breadcrumb\",\"itemListElement\":[{\"@type\":\"ListItem\",\"position\":1,\"name\":\"Home\",\"item\":\"https:\/\/ultralimited.it\/fr\/\"},{\"@type\":\"ListItem\",\"position\":2,\"name\":\"Ivrea\"}]},{\"@type\":\"WebSite\",\"@id\":\"https:\/\/ultralimited.it\/en\/#website\",\"url\":\"https:\/\/ultralimited.it\/en\/\",\"name\":\"Ultra Limited\",\"description\":\"\",\"potentialAction\":[{\"@type\":\"SearchAction\",\"target\":{\"@type\":\"EntryPoint\",\"urlTemplate\":\"https:\/\/ultralimited.it\/en\/?s={search_term_string}\"},\"query-input\":{\"@type\":\"PropertyValueSpecification\",\"valueRequired\":true,\"valueName\":\"search_term_string\"}}],\"inLanguage\":\"fr-FR\"}]}<\/script>\n<!-- \/ Yoast SEO plugin. -->","yoast_head_json":{"title":"Ivrea - Ultra Limited","robots":{"index":"index","follow":"follow","max-snippet":"max-snippet:-1","max-image-preview":"max-image-preview:large","max-video-preview":"max-video-preview:-1"},"canonical":"https:\/\/ultralimited.it\/fr\/lunettes\/ivrea\/","og_locale":"fr_FR","og_type":"article","og_title":"Ivrea - Ultra Limited","og_description":"Le mod\u00e8le Ivrea d\u2019Ultra Limited est con\u00e7u pour les personnes qui ne craignent pas d\u2019afficher leur personnalit\u00e9 avec style et originalit\u00e9. Avec leur forme ronde, ces lunettes unisexes sont l\u2019accessoire parfait pour ceux qui veulent un look caract\u00e9ristique et non conventionnel. Elles sont disponibles dans des couleurs vives : bleu, blanc, rouge et noir. Le ...","og_url":"https:\/\/ultralimited.it\/fr\/lunettes\/ivrea\/","og_site_name":"Ultra Limited","article_modified_time":"2025-01-15T15:39:38+00:00","og_image":[{"width":1600,"height":1200,"url":"https:\/\/ultralimited.it\/wp-content\/uploads\/2024\/08\/ULIVNE.jpg","type":"image\/jpeg"}],"twitter_card":"summary_large_image","twitter_misc":{"Dur\u00e9e de lecture estim\u00e9e":"2 minutes"},"schema":{"@context":"https:\/\/schema.org","@graph":[{"@type":"WebPage","@id":"https:\/\/ultralimited.it\/fr\/lunettes\/ivrea\/","url":"https:\/\/ultralimited.it\/fr\/lunettes\/ivrea\/","name":"Ivrea - Ultra Limited","isPartOf":{"@id":"https:\/\/ultralimited.it\/en\/#website"},"primaryImageOfPage":{"@id":"https:\/\/ultralimited.it\/fr\/lunettes\/ivrea\/#primaryimage"},"image":{"@id":"https:\/\/ultralimited.it\/fr\/lunettes\/ivrea\/#primaryimage"},"thumbnailUrl":"https:\/\/ultralimited.it\/wp-content\/uploads\/2024\/08\/ULIVNE.jpg","datePublished":"2024-08-05T12:53:24+00:00","dateModified":"2025-01-15T15:39:38+00:00","breadcrumb":{"@id":"https:\/\/ultralimited.it\/fr\/lunettes\/ivrea\/#breadcrumb"},"inLanguage":"fr-FR","potentialAction":[{"@type":"ReadAction","target":["https:\/\/ultralimited.it\/fr\/lunettes\/ivrea\/"]}]},{"@type":"ImageObject","inLanguage":"fr-FR","@id":"https:\/\/ultralimited.it\/fr\/lunettes\/ivrea\/#primaryimage","url":"https:\/\/ultralimited.it\/wp-content\/uploads\/2024\/08\/ULIVNE.jpg","contentUrl":"https:\/\/ultralimited.it\/wp-content\/uploads\/2024\/08\/ULIVNE.jpg","width":1600,"height":1200},{"@type":"BreadcrumbList","@id":"https:\/\/ultralimited.it\/fr\/lunettes\/ivrea\/#breadcrumb","itemListElement":[{"@type":"ListItem","position":1,"name":"Home","item":"https:\/\/ultralimited.it\/fr\/"},{"@type":"ListItem","position":2,"name":"Ivrea"}]},{"@type":"WebSite","@id":"https:\/\/ultralimited.it\/en\/#website","url":"https:\/\/ultralimited.it\/en\/","name":"Ultra Limited","description":"","potentialAction":[{"@type":"SearchAction","target":{"@type":"EntryPoint","urlTemplate":"https:\/\/ultralimited.it\/en\/?s={search_term_string}"},"query-input":{"@type":"PropertyValueSpecification","valueRequired":true,"valueName":"search_term_string"}}],"inLanguage":"fr-FR"}]}},"_links":{"self":[{"href":"https:\/\/ultralimited.it\/fr\/wp-json\/wp\/v2\/product\/27841","targetHints":{"allow":["GET"]}}],"collection":[{"href":"https:\/\/ultralimited.it\/fr\/wp-json\/wp\/v2\/product"}],"about":[{"href":"https:\/\/ultralimited.it\/fr\/wp-json\/wp\/v2\/types\/product"}],"wp:featuredmedia":[{"embeddable":true,"href":"https:\/\/ultralimited.it\/fr\/wp-json\/wp\/v2\/media\/27858"}],"wp:attachment":[{"href":"https:\/\/ultralimited.it\/fr\/wp-json\/wp\/v2\/media?parent=27841"}],"wp:term":[{"taxonomy":"product_brand","embeddable":true,"href":"https:\/\/ultralimited.it\/fr\/wp-json\/wp\/v2\/product_brand?post=27841"},{"taxonomy":"product_cat","embeddable":true,"href":"https:\/\/ultralimited.it\/fr\/wp-json\/wp\/v2\/product_cat?post=27841"}],"curies":[{"name":"wp","href":"https:\/\/api.w.org\/{rel}","templated":true}]}}