{"id":27760,"date":"2024-08-05T14:48:02","date_gmt":"2024-08-05T12:48:07","guid":{"rendered":"http:\/\/ultralimited.it\/?post_type=product&#038;p=27760"},"modified":"2024-08-29T17:31:26","modified_gmt":"2024-08-29T15:31:26","slug":"fossano","status":"publish","type":"product","link":"https:\/\/ultralimited.it\/fr\/lunettes\/fossano\/","title":{"rendered":"Fossano"},"content":{"rendered":"<p><span data-sheets-value=\"{\" data-sheets-userformat=\"{\">Le mod\u00e8le Fossano d\u2019Ultra Limited est l\u2019incarnation m\u00eame de l\u2019\u00e9l\u00e9gance masculine. Avec leur forme carr\u00e9e, ces lunettes de vue sont id\u00e9ales pour ceux qui recherchent un look classique, mais avec des d\u00e9tails particuliers qui renforcent leur unicit\u00e9. Disponible en bleu, havane, rayures et noir, le mod\u00e8le Fossano est con\u00e7u pour l\u2019homme qui appr\u00e9cie l\u2019esth\u00e9tique raffin\u00e9e et l\u2019\u00e9clectisme. Fabriqu\u00e9es au moyen d\u2019un processus m\u00e9ticuleux impliquant 12 feuilles d\u2019ac\u00e9tate de cellulose, ces lunettes sont le fruit de plus de 41 jours de travail artisanal. Chaque \u00e9tape \u2013 de la s\u00e9lection au collage, en passant par le durcissement, le pressage, la cuisson, le d\u00e9coupage, le polissage au tonneau, la finition et encore une phase de polissage &#8211; contribue \u00e0 cr\u00e9er des rayures de couleur distinctives et \u00e0 obtenir une qualit\u00e9 irr\u00e9prochable. Fossano est une paire de lunettes qui s\u2019adapte \u00e0 tous les moments de la journ\u00e9e, du bureau aux loisirs, gr\u00e2ce \u00e0 sa combinaison de sobri\u00e9t\u00e9 et de caract\u00e8re. Parfaites pour ceux qui d\u00e9sirent arborer un look \u00e9l\u00e9gant et professionnel sans renoncer \u00e0 une touche de personnalit\u00e9. Choisissez le mod\u00e8le Fossano, un accessoire qui combine des formes classiques et des d\u00e9tails uniques, une paire de lunettes \u00e9clectique et intemporelle, parfaite pour l\u2019homme moderne qui sait ce qu\u2019il veut.<\/span> <\/p>\n","protected":false},"excerpt":{"rendered":"<p>Le mod\u00e8le Fossano d\u2019Ultra Limited est l\u2019incarnation m\u00eame de l\u2019\u00e9l\u00e9gance masculine. Avec leur forme carr\u00e9e, ces lunettes de vue sont id\u00e9ales pour ceux qui recherchent un look classique, mais avec des d\u00e9tails particuliers qui renforcent leur unicit\u00e9. Disponible en bleu, havane, rayures et noir, le mod\u00e8le Fossano est con\u00e7u pour l\u2019homme qui appr\u00e9cie l\u2019esth\u00e9tique raffin\u00e9e <a href=\"https:\/\/ultralimited.it\/fr\/lunettes\/fossano\/\" class=\"more-link\">&#8230;<\/a><\/p>\n","protected":false},"featured_media":27787,"template":"","meta":{"_acf_changed":false},"product_brand":[],"product_cat":[129,117,122],"class_list":{"0":"post-27760","1":"product","2":"type-product","3":"status-publish","4":"has-post-thumbnail","6":"product_cat-homme","7":"product_cat-lunettes","8":"product_cat-lunettes-de-vue","10":"first","11":"instock","12":"shipping-taxable","13":"product-type-variable"},"acf":[],"yoast_head":"<!-- This site is optimized with the Yoast SEO plugin v26.4 - https:\/\/yoast.com\/wordpress\/plugins\/seo\/ -->\n<title>Fossano - Ultra Limited<\/title>\n<meta name=\"robots\" content=\"index, follow, max-snippet:-1, max-image-preview:large, max-video-preview:-1\" \/>\n<link rel=\"canonical\" href=\"https:\/\/ultralimited.it\/fr\/lunettes\/fossano\/\" \/>\n<meta property=\"og:locale\" content=\"fr_FR\" \/>\n<meta property=\"og:type\" content=\"article\" \/>\n<meta property=\"og:title\" content=\"Fossano - Ultra Limited\" \/>\n<meta property=\"og:description\" content=\"Le mod\u00e8le Fossano d\u2019Ultra Limited est l\u2019incarnation m\u00eame de l\u2019\u00e9l\u00e9gance masculine. Avec leur forme carr\u00e9e, ces lunettes de vue sont id\u00e9ales pour ceux qui recherchent un look classique, mais avec des d\u00e9tails particuliers qui renforcent leur unicit\u00e9. Disponible en bleu, havane, rayures et noir, le mod\u00e8le Fossano est con\u00e7u pour l\u2019homme qui appr\u00e9cie l\u2019esth\u00e9tique raffin\u00e9e ...\" \/>\n<meta property=\"og:url\" content=\"https:\/\/ultralimited.it\/fr\/lunettes\/fossano\/\" \/>\n<meta property=\"og:site_name\" content=\"Ultra Limited\" \/>\n<meta property=\"article:modified_time\" content=\"2024-08-29T15:31:26+00:00\" \/>\n<meta property=\"og:image\" content=\"https:\/\/ultralimited.it\/wp-content\/uploads\/2024\/08\/ULFSBL.jpg\" \/>\n\t<meta property=\"og:image:width\" content=\"1600\" \/>\n\t<meta property=\"og:image:height\" content=\"1200\" \/>\n\t<meta property=\"og:image:type\" content=\"image\/jpeg\" \/>\n<meta name=\"twitter:card\" content=\"summary_large_image\" \/>\n<meta name=\"twitter:label1\" content=\"Dur\u00e9e de lecture estim\u00e9e\" \/>\n\t<meta name=\"twitter:data1\" content=\"1 minute\" \/>\n<script type=\"application\/ld+json\" class=\"yoast-schema-graph\">{\"@context\":\"https:\/\/schema.org\",\"@graph\":[{\"@type\":\"WebPage\",\"@id\":\"https:\/\/ultralimited.it\/fr\/lunettes\/fossano\/\",\"url\":\"https:\/\/ultralimited.it\/fr\/lunettes\/fossano\/\",\"name\":\"Fossano - Ultra Limited\",\"isPartOf\":{\"@id\":\"https:\/\/ultralimited.it\/en\/#website\"},\"primaryImageOfPage\":{\"@id\":\"https:\/\/ultralimited.it\/fr\/lunettes\/fossano\/#primaryimage\"},\"image\":{\"@id\":\"https:\/\/ultralimited.it\/fr\/lunettes\/fossano\/#primaryimage\"},\"thumbnailUrl\":\"https:\/\/ultralimited.it\/wp-content\/uploads\/2024\/08\/ULFSBL.jpg\",\"datePublished\":\"2024-08-05T12:48:07+00:00\",\"dateModified\":\"2024-08-29T15:31:26+00:00\",\"breadcrumb\":{\"@id\":\"https:\/\/ultralimited.it\/fr\/lunettes\/fossano\/#breadcrumb\"},\"inLanguage\":\"fr-FR\",\"potentialAction\":[{\"@type\":\"ReadAction\",\"target\":[\"https:\/\/ultralimited.it\/fr\/lunettes\/fossano\/\"]}]},{\"@type\":\"ImageObject\",\"inLanguage\":\"fr-FR\",\"@id\":\"https:\/\/ultralimited.it\/fr\/lunettes\/fossano\/#primaryimage\",\"url\":\"https:\/\/ultralimited.it\/wp-content\/uploads\/2024\/08\/ULFSBL.jpg\",\"contentUrl\":\"https:\/\/ultralimited.it\/wp-content\/uploads\/2024\/08\/ULFSBL.jpg\",\"width\":1600,\"height\":1200},{\"@type\":\"BreadcrumbList\",\"@id\":\"https:\/\/ultralimited.it\/fr\/lunettes\/fossano\/#breadcrumb\",\"itemListElement\":[{\"@type\":\"ListItem\",\"position\":1,\"name\":\"Home\",\"item\":\"https:\/\/ultralimited.it\/fr\/\"},{\"@type\":\"ListItem\",\"position\":2,\"name\":\"Fossano\"}]},{\"@type\":\"WebSite\",\"@id\":\"https:\/\/ultralimited.it\/en\/#website\",\"url\":\"https:\/\/ultralimited.it\/en\/\",\"name\":\"Ultra Limited\",\"description\":\"\",\"potentialAction\":[{\"@type\":\"SearchAction\",\"target\":{\"@type\":\"EntryPoint\",\"urlTemplate\":\"https:\/\/ultralimited.it\/en\/?s={search_term_string}\"},\"query-input\":{\"@type\":\"PropertyValueSpecification\",\"valueRequired\":true,\"valueName\":\"search_term_string\"}}],\"inLanguage\":\"fr-FR\"}]}<\/script>\n<!-- \/ Yoast SEO plugin. -->","yoast_head_json":{"title":"Fossano - Ultra Limited","robots":{"index":"index","follow":"follow","max-snippet":"max-snippet:-1","max-image-preview":"max-image-preview:large","max-video-preview":"max-video-preview:-1"},"canonical":"https:\/\/ultralimited.it\/fr\/lunettes\/fossano\/","og_locale":"fr_FR","og_type":"article","og_title":"Fossano - Ultra Limited","og_description":"Le mod\u00e8le Fossano d\u2019Ultra Limited est l\u2019incarnation m\u00eame de l\u2019\u00e9l\u00e9gance masculine. Avec leur forme carr\u00e9e, ces lunettes de vue sont id\u00e9ales pour ceux qui recherchent un look classique, mais avec des d\u00e9tails particuliers qui renforcent leur unicit\u00e9. Disponible en bleu, havane, rayures et noir, le mod\u00e8le Fossano est con\u00e7u pour l\u2019homme qui appr\u00e9cie l\u2019esth\u00e9tique raffin\u00e9e ...","og_url":"https:\/\/ultralimited.it\/fr\/lunettes\/fossano\/","og_site_name":"Ultra Limited","article_modified_time":"2024-08-29T15:31:26+00:00","og_image":[{"width":1600,"height":1200,"url":"https:\/\/ultralimited.it\/wp-content\/uploads\/2024\/08\/ULFSBL.jpg","type":"image\/jpeg"}],"twitter_card":"summary_large_image","twitter_misc":{"Dur\u00e9e de lecture estim\u00e9e":"1 minute"},"schema":{"@context":"https:\/\/schema.org","@graph":[{"@type":"WebPage","@id":"https:\/\/ultralimited.it\/fr\/lunettes\/fossano\/","url":"https:\/\/ultralimited.it\/fr\/lunettes\/fossano\/","name":"Fossano - Ultra Limited","isPartOf":{"@id":"https:\/\/ultralimited.it\/en\/#website"},"primaryImageOfPage":{"@id":"https:\/\/ultralimited.it\/fr\/lunettes\/fossano\/#primaryimage"},"image":{"@id":"https:\/\/ultralimited.it\/fr\/lunettes\/fossano\/#primaryimage"},"thumbnailUrl":"https:\/\/ultralimited.it\/wp-content\/uploads\/2024\/08\/ULFSBL.jpg","datePublished":"2024-08-05T12:48:07+00:00","dateModified":"2024-08-29T15:31:26+00:00","breadcrumb":{"@id":"https:\/\/ultralimited.it\/fr\/lunettes\/fossano\/#breadcrumb"},"inLanguage":"fr-FR","potentialAction":[{"@type":"ReadAction","target":["https:\/\/ultralimited.it\/fr\/lunettes\/fossano\/"]}]},{"@type":"ImageObject","inLanguage":"fr-FR","@id":"https:\/\/ultralimited.it\/fr\/lunettes\/fossano\/#primaryimage","url":"https:\/\/ultralimited.it\/wp-content\/uploads\/2024\/08\/ULFSBL.jpg","contentUrl":"https:\/\/ultralimited.it\/wp-content\/uploads\/2024\/08\/ULFSBL.jpg","width":1600,"height":1200},{"@type":"BreadcrumbList","@id":"https:\/\/ultralimited.it\/fr\/lunettes\/fossano\/#breadcrumb","itemListElement":[{"@type":"ListItem","position":1,"name":"Home","item":"https:\/\/ultralimited.it\/fr\/"},{"@type":"ListItem","position":2,"name":"Fossano"}]},{"@type":"WebSite","@id":"https:\/\/ultralimited.it\/en\/#website","url":"https:\/\/ultralimited.it\/en\/","name":"Ultra Limited","description":"","potentialAction":[{"@type":"SearchAction","target":{"@type":"EntryPoint","urlTemplate":"https:\/\/ultralimited.it\/en\/?s={search_term_string}"},"query-input":{"@type":"PropertyValueSpecification","valueRequired":true,"valueName":"search_term_string"}}],"inLanguage":"fr-FR"}]}},"_links":{"self":[{"href":"https:\/\/ultralimited.it\/fr\/wp-json\/wp\/v2\/product\/27760","targetHints":{"allow":["GET"]}}],"collection":[{"href":"https:\/\/ultralimited.it\/fr\/wp-json\/wp\/v2\/product"}],"about":[{"href":"https:\/\/ultralimited.it\/fr\/wp-json\/wp\/v2\/types\/product"}],"wp:featuredmedia":[{"embeddable":true,"href":"https:\/\/ultralimited.it\/fr\/wp-json\/wp\/v2\/media\/27787"}],"wp:attachment":[{"href":"https:\/\/ultralimited.it\/fr\/wp-json\/wp\/v2\/media?parent=27760"}],"wp:term":[{"taxonomy":"product_brand","embeddable":true,"href":"https:\/\/ultralimited.it\/fr\/wp-json\/wp\/v2\/product_brand?post=27760"},{"taxonomy":"product_cat","embeddable":true,"href":"https:\/\/ultralimited.it\/fr\/wp-json\/wp\/v2\/product_cat?post=27760"}],"curies":[{"name":"wp","href":"https:\/\/api.w.org\/{rel}","templated":true}]}}