{"id":27735,"date":"2024-08-05T14:47:52","date_gmt":"2024-08-05T12:47:57","guid":{"rendered":"http:\/\/ultralimited.it\/?post_type=product&#038;p=27735"},"modified":"2024-08-29T17:37:55","modified_gmt":"2024-08-29T15:37:55","slug":"giannutri","status":"publish","type":"product","link":"https:\/\/ultralimited.it\/fr\/lunettes\/giannutri\/","title":{"rendered":"Giannutri"},"content":{"rendered":"<p><span data-sheets-value=\"{\"data-sheets-userformat=\"{\">Giannutri est un mod\u00e8le de lunettes de soleil pour femme qui a \u00e9t\u00e9 cr\u00e9\u00e9 pour c\u00e9l\u00e9brer avec \u00e9l\u00e9gance le 10 \u00e8me anniversaire de la collection Ultra Limited. Avec leur forme carr\u00e9e caract\u00e9ristique, ces lunettes de soleil incarnent un style raffin\u00e9 et intemporel, disponible dans les coloris \u00e9l\u00e9gants havane et noir. La cr\u00e9ation de chaque paire de Giannutri est une \u0153uvre d\u2019art, r\u00e9alis\u00e9e \u00e0 partir de 12 feuilles d\u2019ac\u00e9tate de cellulose au moyen d\u2019un processus artisanal qui dure plus de 41 jours. Ce processus complexe comprend des \u00e9tapes comme la s\u00e9lection, le collage, le durcissement, le pressage, la cuisson, le d\u00e9coupage, le polissage au tonneau, la finition et encore une phase de polissage, pour aboutir \u00e0 des rayures color\u00e9es uniques qui donnent \u00e0 chaque exemplaire un caract\u00e8re distinctif. En hommage au 10 \u00e8me anniversaire d\u2019Ultra Limited, le mod\u00e8le Giannutri pr\u00e9sente un logo exclusif sur les branches, symbolisant une d\u00e9cennie d\u2019innovation et de design avant- gardiste. Chaque paire est livr\u00e9e dans un \u00e9tui sp\u00e9cial, une touche de luxe qui ajoute valeur et raffinement \u00e0 un accessoire d\u00e9j\u00e0 extraordinaire. Ces lunettes de soleil sont parfaites pour celles qui souhaitent c\u00e9l\u00e9brer leur unicit\u00e9 avec un design audacieux et recherch\u00e9. En choisissant de porter le mod\u00e8le Giannutri, vous ferez partie int\u00e9grante de l\u2019histoire d\u2019Ultra Limited, une marque qui continue \u00e0 red\u00e9finir l\u2019\u00e9l\u00e9gance et le style.<\/span><\/p>\n","protected":false},"excerpt":{"rendered":"<p>Giannutri est un mod\u00e8le de lunettes de soleil pour femme qui a \u00e9t\u00e9 cr\u00e9\u00e9 pour c\u00e9l\u00e9brer avec \u00e9l\u00e9gance le 10 \u00e8me anniversaire de la collection Ultra Limited. Avec leur forme carr\u00e9e caract\u00e9ristique, ces lunettes de soleil incarnent un style raffin\u00e9 et intemporel, disponible dans les coloris \u00e9l\u00e9gants havane et noir. La cr\u00e9ation de chaque paire <a href=\"https:\/\/ultralimited.it\/fr\/lunettes\/giannutri\/\" class=\"more-link\">&#8230;<\/a><\/p>\n","protected":false},"featured_media":27904,"template":"","meta":{"_acf_changed":false},"product_brand":[],"product_cat":[119,117,125],"class_list":{"0":"post-27735","1":"product","2":"type-product","3":"status-publish","4":"has-post-thumbnail","6":"product_cat-femme","7":"product_cat-lunettes","8":"product_cat-lunettes-de-soleil","10":"first","11":"instock","12":"shipping-taxable","13":"product-type-variable"},"acf":[],"yoast_head":"<!-- This site is optimized with the Yoast SEO plugin v26.4 - https:\/\/yoast.com\/wordpress\/plugins\/seo\/ -->\n<title>Giannutri - Ultra Limited<\/title>\n<meta name=\"robots\" content=\"index, follow, max-snippet:-1, max-image-preview:large, max-video-preview:-1\" \/>\n<link rel=\"canonical\" href=\"https:\/\/ultralimited.it\/fr\/lunettes\/giannutri\/\" \/>\n<meta property=\"og:locale\" content=\"fr_FR\" \/>\n<meta property=\"og:type\" content=\"article\" \/>\n<meta property=\"og:title\" content=\"Giannutri - Ultra Limited\" \/>\n<meta property=\"og:description\" content=\"Giannutri est un mod\u00e8le de lunettes de soleil pour femme qui a \u00e9t\u00e9 cr\u00e9\u00e9 pour c\u00e9l\u00e9brer avec \u00e9l\u00e9gance le 10 \u00e8me anniversaire de la collection Ultra Limited. Avec leur forme carr\u00e9e caract\u00e9ristique, ces lunettes de soleil incarnent un style raffin\u00e9 et intemporel, disponible dans les coloris \u00e9l\u00e9gants havane et noir. La cr\u00e9ation de chaque paire ...\" \/>\n<meta property=\"og:url\" content=\"https:\/\/ultralimited.it\/fr\/lunettes\/giannutri\/\" \/>\n<meta property=\"og:site_name\" content=\"Ultra Limited\" \/>\n<meta property=\"article:modified_time\" content=\"2024-08-29T15:37:55+00:00\" \/>\n<meta property=\"og:image\" content=\"https:\/\/ultralimited.it\/wp-content\/uploads\/2024\/08\/ULSGIAHA.jpg\" \/>\n\t<meta property=\"og:image:width\" content=\"1600\" \/>\n\t<meta property=\"og:image:height\" content=\"1200\" \/>\n\t<meta property=\"og:image:type\" content=\"image\/jpeg\" \/>\n<meta name=\"twitter:card\" content=\"summary_large_image\" \/>\n<meta name=\"twitter:label1\" content=\"Dur\u00e9e de lecture estim\u00e9e\" \/>\n\t<meta name=\"twitter:data1\" content=\"1 minute\" \/>\n<script type=\"application\/ld+json\" class=\"yoast-schema-graph\">{\"@context\":\"https:\/\/schema.org\",\"@graph\":[{\"@type\":\"WebPage\",\"@id\":\"https:\/\/ultralimited.it\/fr\/lunettes\/giannutri\/\",\"url\":\"https:\/\/ultralimited.it\/fr\/lunettes\/giannutri\/\",\"name\":\"Giannutri - Ultra Limited\",\"isPartOf\":{\"@id\":\"https:\/\/ultralimited.it\/en\/#website\"},\"primaryImageOfPage\":{\"@id\":\"https:\/\/ultralimited.it\/fr\/lunettes\/giannutri\/#primaryimage\"},\"image\":{\"@id\":\"https:\/\/ultralimited.it\/fr\/lunettes\/giannutri\/#primaryimage\"},\"thumbnailUrl\":\"https:\/\/ultralimited.it\/wp-content\/uploads\/2024\/08\/ULSGIAHA.jpg\",\"datePublished\":\"2024-08-05T12:47:57+00:00\",\"dateModified\":\"2024-08-29T15:37:55+00:00\",\"breadcrumb\":{\"@id\":\"https:\/\/ultralimited.it\/fr\/lunettes\/giannutri\/#breadcrumb\"},\"inLanguage\":\"fr-FR\",\"potentialAction\":[{\"@type\":\"ReadAction\",\"target\":[\"https:\/\/ultralimited.it\/fr\/lunettes\/giannutri\/\"]}]},{\"@type\":\"ImageObject\",\"inLanguage\":\"fr-FR\",\"@id\":\"https:\/\/ultralimited.it\/fr\/lunettes\/giannutri\/#primaryimage\",\"url\":\"https:\/\/ultralimited.it\/wp-content\/uploads\/2024\/08\/ULSGIAHA.jpg\",\"contentUrl\":\"https:\/\/ultralimited.it\/wp-content\/uploads\/2024\/08\/ULSGIAHA.jpg\",\"width\":1600,\"height\":1200},{\"@type\":\"BreadcrumbList\",\"@id\":\"https:\/\/ultralimited.it\/fr\/lunettes\/giannutri\/#breadcrumb\",\"itemListElement\":[{\"@type\":\"ListItem\",\"position\":1,\"name\":\"Home\",\"item\":\"https:\/\/ultralimited.it\/fr\/\"},{\"@type\":\"ListItem\",\"position\":2,\"name\":\"Giannutri\"}]},{\"@type\":\"WebSite\",\"@id\":\"https:\/\/ultralimited.it\/en\/#website\",\"url\":\"https:\/\/ultralimited.it\/en\/\",\"name\":\"Ultra Limited\",\"description\":\"\",\"potentialAction\":[{\"@type\":\"SearchAction\",\"target\":{\"@type\":\"EntryPoint\",\"urlTemplate\":\"https:\/\/ultralimited.it\/en\/?s={search_term_string}\"},\"query-input\":{\"@type\":\"PropertyValueSpecification\",\"valueRequired\":true,\"valueName\":\"search_term_string\"}}],\"inLanguage\":\"fr-FR\"}]}<\/script>\n<!-- \/ Yoast SEO plugin. -->","yoast_head_json":{"title":"Giannutri - Ultra Limited","robots":{"index":"index","follow":"follow","max-snippet":"max-snippet:-1","max-image-preview":"max-image-preview:large","max-video-preview":"max-video-preview:-1"},"canonical":"https:\/\/ultralimited.it\/fr\/lunettes\/giannutri\/","og_locale":"fr_FR","og_type":"article","og_title":"Giannutri - Ultra Limited","og_description":"Giannutri est un mod\u00e8le de lunettes de soleil pour femme qui a \u00e9t\u00e9 cr\u00e9\u00e9 pour c\u00e9l\u00e9brer avec \u00e9l\u00e9gance le 10 \u00e8me anniversaire de la collection Ultra Limited. Avec leur forme carr\u00e9e caract\u00e9ristique, ces lunettes de soleil incarnent un style raffin\u00e9 et intemporel, disponible dans les coloris \u00e9l\u00e9gants havane et noir. La cr\u00e9ation de chaque paire ...","og_url":"https:\/\/ultralimited.it\/fr\/lunettes\/giannutri\/","og_site_name":"Ultra Limited","article_modified_time":"2024-08-29T15:37:55+00:00","og_image":[{"width":1600,"height":1200,"url":"https:\/\/ultralimited.it\/wp-content\/uploads\/2024\/08\/ULSGIAHA.jpg","type":"image\/jpeg"}],"twitter_card":"summary_large_image","twitter_misc":{"Dur\u00e9e de lecture estim\u00e9e":"1 minute"},"schema":{"@context":"https:\/\/schema.org","@graph":[{"@type":"WebPage","@id":"https:\/\/ultralimited.it\/fr\/lunettes\/giannutri\/","url":"https:\/\/ultralimited.it\/fr\/lunettes\/giannutri\/","name":"Giannutri - Ultra Limited","isPartOf":{"@id":"https:\/\/ultralimited.it\/en\/#website"},"primaryImageOfPage":{"@id":"https:\/\/ultralimited.it\/fr\/lunettes\/giannutri\/#primaryimage"},"image":{"@id":"https:\/\/ultralimited.it\/fr\/lunettes\/giannutri\/#primaryimage"},"thumbnailUrl":"https:\/\/ultralimited.it\/wp-content\/uploads\/2024\/08\/ULSGIAHA.jpg","datePublished":"2024-08-05T12:47:57+00:00","dateModified":"2024-08-29T15:37:55+00:00","breadcrumb":{"@id":"https:\/\/ultralimited.it\/fr\/lunettes\/giannutri\/#breadcrumb"},"inLanguage":"fr-FR","potentialAction":[{"@type":"ReadAction","target":["https:\/\/ultralimited.it\/fr\/lunettes\/giannutri\/"]}]},{"@type":"ImageObject","inLanguage":"fr-FR","@id":"https:\/\/ultralimited.it\/fr\/lunettes\/giannutri\/#primaryimage","url":"https:\/\/ultralimited.it\/wp-content\/uploads\/2024\/08\/ULSGIAHA.jpg","contentUrl":"https:\/\/ultralimited.it\/wp-content\/uploads\/2024\/08\/ULSGIAHA.jpg","width":1600,"height":1200},{"@type":"BreadcrumbList","@id":"https:\/\/ultralimited.it\/fr\/lunettes\/giannutri\/#breadcrumb","itemListElement":[{"@type":"ListItem","position":1,"name":"Home","item":"https:\/\/ultralimited.it\/fr\/"},{"@type":"ListItem","position":2,"name":"Giannutri"}]},{"@type":"WebSite","@id":"https:\/\/ultralimited.it\/en\/#website","url":"https:\/\/ultralimited.it\/en\/","name":"Ultra Limited","description":"","potentialAction":[{"@type":"SearchAction","target":{"@type":"EntryPoint","urlTemplate":"https:\/\/ultralimited.it\/en\/?s={search_term_string}"},"query-input":{"@type":"PropertyValueSpecification","valueRequired":true,"valueName":"search_term_string"}}],"inLanguage":"fr-FR"}]}},"_links":{"self":[{"href":"https:\/\/ultralimited.it\/fr\/wp-json\/wp\/v2\/product\/27735","targetHints":{"allow":["GET"]}}],"collection":[{"href":"https:\/\/ultralimited.it\/fr\/wp-json\/wp\/v2\/product"}],"about":[{"href":"https:\/\/ultralimited.it\/fr\/wp-json\/wp\/v2\/types\/product"}],"wp:featuredmedia":[{"embeddable":true,"href":"https:\/\/ultralimited.it\/fr\/wp-json\/wp\/v2\/media\/27904"}],"wp:attachment":[{"href":"https:\/\/ultralimited.it\/fr\/wp-json\/wp\/v2\/media?parent=27735"}],"wp:term":[{"taxonomy":"product_brand","embeddable":true,"href":"https:\/\/ultralimited.it\/fr\/wp-json\/wp\/v2\/product_brand?post=27735"},{"taxonomy":"product_cat","embeddable":true,"href":"https:\/\/ultralimited.it\/fr\/wp-json\/wp\/v2\/product_cat?post=27735"}],"curies":[{"name":"wp","href":"https:\/\/api.w.org\/{rel}","templated":true}]}}