{"id":27654,"date":"2024-08-05T14:36:05","date_gmt":"2024-08-05T12:36:11","guid":{"rendered":"http:\/\/ultralimited.it\/?post_type=product&#038;p=27654"},"modified":"2025-01-15T16:45:23","modified_gmt":"2025-01-15T15:45:23","slug":"courmayeur","status":"publish","type":"product","link":"https:\/\/ultralimited.it\/fr\/lunettes\/courmayeur\/","title":{"rendered":"Courmayeur"},"content":{"rendered":"<p><span data-sheets-value=\"{\" data-sheets-userformat=\"{\">Le mod\u00e8le Courmayeur d\u2019Ultra Limited repr\u00e9sente l\u2019essence m\u00eame de la f\u00e9minit\u00e9 raffin\u00e9e et du glamour intemporel. Inspir\u00e9es par le style embl\u00e9matique des divas des ann\u00e9es 50, ces lunettes de vue de forme cat-eye \u00e9voquent l\u2019\u00e9l\u00e9gance et le raffinement d\u2019un \u00e2ge d\u2019or. Disponibles en bordeaux, havane, blanc et noir, les lunettes Courmayeur sont agr\u00e9ment\u00e9es de rayures color\u00e9es, fruit du traitement de 12 bandes d\u2019ac\u00e9tate de cellulose. Ce processus artisanal sophistiqu\u00e9, qui dure plus de 41 jours, comprend des \u00e9tapes comme la s\u00e9lection, le collage, le durcissement, le pressage, la cuisson, le d\u00e9coupage, le polissage au tonneau, la finition et encore une phase de polissage, ce qui garantit une qualit\u00e9 irr\u00e9prochable et une beaut\u00e9 in\u00e9gal\u00e9e. Un \u00e9l\u00e9ment caract\u00e9ristique de ce mod\u00e8le est le biseau interne \u00e0 45\u00b0, qui ajoute une touche de sophistication et de l\u00e9g\u00e8ret\u00e9 au design. Les branches thermoform\u00e9es assurent un ajustement confortable, en compl\u00e9tant ainsi un produit alliant tradition et modernit\u00e9. Les lunettes Courmayeur sont fabriqu\u00e9es \u00e0 la main par des ma\u00eetres artisans du p\u00f4le de la lunetterie de Belluno, en combinant l\u2019art de l\u2019artisanat raffin\u00e9 et l\u2019innovation technologique. Le r\u00e9sultat est un accessoire \u00e9l\u00e9gant et luxueux, parfait pour celles qui souhaitent exprimer une f\u00e9minit\u00e9 audacieuse et chic. Choisissez le mod\u00e8le Courmayeur et laissez-vous envahir par le charme intemporel d\u2019un look de v\u00e9ritable diva.<\/span><\/p>\n","protected":false},"excerpt":{"rendered":"<p>Le mod\u00e8le Courmayeur d\u2019Ultra Limited repr\u00e9sente l\u2019essence m\u00eame de la f\u00e9minit\u00e9 raffin\u00e9e et du glamour intemporel. Inspir\u00e9es par le style embl\u00e9matique des divas des ann\u00e9es 50, ces lunettes de vue de forme cat-eye \u00e9voquent l\u2019\u00e9l\u00e9gance et le raffinement d\u2019un \u00e2ge d\u2019or. Disponibles en bordeaux, havane, blanc et noir, les lunettes Courmayeur sont agr\u00e9ment\u00e9es de rayures <a href=\"https:\/\/ultralimited.it\/fr\/lunettes\/courmayeur\/\" class=\"more-link\">&#8230;<\/a><\/p>\n","protected":false},"featured_media":27661,"template":"","meta":{"_acf_changed":false},"product_brand":[],"product_cat":[119,117,122],"class_list":{"0":"post-27654","1":"product","2":"type-product","3":"status-publish","4":"has-post-thumbnail","6":"product_cat-femme","7":"product_cat-lunettes","8":"product_cat-lunettes-de-vue","10":"first","11":"instock","12":"shipping-taxable","13":"product-type-variable"},"acf":[],"yoast_head":"<!-- This site is optimized with the Yoast SEO plugin v26.4 - https:\/\/yoast.com\/wordpress\/plugins\/seo\/ -->\n<title>Courmayeur - Ultra Limited<\/title>\n<meta name=\"robots\" content=\"index, follow, max-snippet:-1, max-image-preview:large, max-video-preview:-1\" \/>\n<link rel=\"canonical\" href=\"https:\/\/ultralimited.it\/fr\/lunettes\/courmayeur\/\" \/>\n<meta property=\"og:locale\" content=\"fr_FR\" \/>\n<meta property=\"og:type\" content=\"article\" \/>\n<meta property=\"og:title\" content=\"Courmayeur - Ultra Limited\" \/>\n<meta property=\"og:description\" content=\"Le mod\u00e8le Courmayeur d\u2019Ultra Limited repr\u00e9sente l\u2019essence m\u00eame de la f\u00e9minit\u00e9 raffin\u00e9e et du glamour intemporel. Inspir\u00e9es par le style embl\u00e9matique des divas des ann\u00e9es 50, ces lunettes de vue de forme cat-eye \u00e9voquent l\u2019\u00e9l\u00e9gance et le raffinement d\u2019un \u00e2ge d\u2019or. Disponibles en bordeaux, havane, blanc et noir, les lunettes Courmayeur sont agr\u00e9ment\u00e9es de rayures ...\" \/>\n<meta property=\"og:url\" content=\"https:\/\/ultralimited.it\/fr\/lunettes\/courmayeur\/\" \/>\n<meta property=\"og:site_name\" content=\"Ultra Limited\" \/>\n<meta property=\"article:modified_time\" content=\"2025-01-15T15:45:23+00:00\" \/>\n<meta property=\"og:image\" content=\"https:\/\/ultralimited.it\/wp-content\/uploads\/2024\/08\/ULCOUBX.jpg\" \/>\n\t<meta property=\"og:image:width\" content=\"1600\" \/>\n\t<meta property=\"og:image:height\" content=\"1200\" \/>\n\t<meta property=\"og:image:type\" content=\"image\/jpeg\" \/>\n<meta name=\"twitter:card\" content=\"summary_large_image\" \/>\n<meta name=\"twitter:label1\" content=\"Dur\u00e9e de lecture estim\u00e9e\" \/>\n\t<meta name=\"twitter:data1\" content=\"2 minutes\" \/>\n<script type=\"application\/ld+json\" class=\"yoast-schema-graph\">{\"@context\":\"https:\/\/schema.org\",\"@graph\":[{\"@type\":\"WebPage\",\"@id\":\"https:\/\/ultralimited.it\/fr\/lunettes\/courmayeur\/\",\"url\":\"https:\/\/ultralimited.it\/fr\/lunettes\/courmayeur\/\",\"name\":\"Courmayeur - Ultra Limited\",\"isPartOf\":{\"@id\":\"https:\/\/ultralimited.it\/en\/#website\"},\"primaryImageOfPage\":{\"@id\":\"https:\/\/ultralimited.it\/fr\/lunettes\/courmayeur\/#primaryimage\"},\"image\":{\"@id\":\"https:\/\/ultralimited.it\/fr\/lunettes\/courmayeur\/#primaryimage\"},\"thumbnailUrl\":\"https:\/\/ultralimited.it\/wp-content\/uploads\/2024\/08\/ULCOUBX.jpg\",\"datePublished\":\"2024-08-05T12:36:11+00:00\",\"dateModified\":\"2025-01-15T15:45:23+00:00\",\"breadcrumb\":{\"@id\":\"https:\/\/ultralimited.it\/fr\/lunettes\/courmayeur\/#breadcrumb\"},\"inLanguage\":\"fr-FR\",\"potentialAction\":[{\"@type\":\"ReadAction\",\"target\":[\"https:\/\/ultralimited.it\/fr\/lunettes\/courmayeur\/\"]}]},{\"@type\":\"ImageObject\",\"inLanguage\":\"fr-FR\",\"@id\":\"https:\/\/ultralimited.it\/fr\/lunettes\/courmayeur\/#primaryimage\",\"url\":\"https:\/\/ultralimited.it\/wp-content\/uploads\/2024\/08\/ULCOUBX.jpg\",\"contentUrl\":\"https:\/\/ultralimited.it\/wp-content\/uploads\/2024\/08\/ULCOUBX.jpg\",\"width\":1600,\"height\":1200},{\"@type\":\"BreadcrumbList\",\"@id\":\"https:\/\/ultralimited.it\/fr\/lunettes\/courmayeur\/#breadcrumb\",\"itemListElement\":[{\"@type\":\"ListItem\",\"position\":1,\"name\":\"Home\",\"item\":\"https:\/\/ultralimited.it\/fr\/\"},{\"@type\":\"ListItem\",\"position\":2,\"name\":\"Courmayeur\"}]},{\"@type\":\"WebSite\",\"@id\":\"https:\/\/ultralimited.it\/en\/#website\",\"url\":\"https:\/\/ultralimited.it\/en\/\",\"name\":\"Ultra Limited\",\"description\":\"\",\"potentialAction\":[{\"@type\":\"SearchAction\",\"target\":{\"@type\":\"EntryPoint\",\"urlTemplate\":\"https:\/\/ultralimited.it\/en\/?s={search_term_string}\"},\"query-input\":{\"@type\":\"PropertyValueSpecification\",\"valueRequired\":true,\"valueName\":\"search_term_string\"}}],\"inLanguage\":\"fr-FR\"}]}<\/script>\n<!-- \/ Yoast SEO plugin. -->","yoast_head_json":{"title":"Courmayeur - Ultra Limited","robots":{"index":"index","follow":"follow","max-snippet":"max-snippet:-1","max-image-preview":"max-image-preview:large","max-video-preview":"max-video-preview:-1"},"canonical":"https:\/\/ultralimited.it\/fr\/lunettes\/courmayeur\/","og_locale":"fr_FR","og_type":"article","og_title":"Courmayeur - Ultra Limited","og_description":"Le mod\u00e8le Courmayeur d\u2019Ultra Limited repr\u00e9sente l\u2019essence m\u00eame de la f\u00e9minit\u00e9 raffin\u00e9e et du glamour intemporel. Inspir\u00e9es par le style embl\u00e9matique des divas des ann\u00e9es 50, ces lunettes de vue de forme cat-eye \u00e9voquent l\u2019\u00e9l\u00e9gance et le raffinement d\u2019un \u00e2ge d\u2019or. Disponibles en bordeaux, havane, blanc et noir, les lunettes Courmayeur sont agr\u00e9ment\u00e9es de rayures ...","og_url":"https:\/\/ultralimited.it\/fr\/lunettes\/courmayeur\/","og_site_name":"Ultra Limited","article_modified_time":"2025-01-15T15:45:23+00:00","og_image":[{"width":1600,"height":1200,"url":"https:\/\/ultralimited.it\/wp-content\/uploads\/2024\/08\/ULCOUBX.jpg","type":"image\/jpeg"}],"twitter_card":"summary_large_image","twitter_misc":{"Dur\u00e9e de lecture estim\u00e9e":"2 minutes"},"schema":{"@context":"https:\/\/schema.org","@graph":[{"@type":"WebPage","@id":"https:\/\/ultralimited.it\/fr\/lunettes\/courmayeur\/","url":"https:\/\/ultralimited.it\/fr\/lunettes\/courmayeur\/","name":"Courmayeur - Ultra Limited","isPartOf":{"@id":"https:\/\/ultralimited.it\/en\/#website"},"primaryImageOfPage":{"@id":"https:\/\/ultralimited.it\/fr\/lunettes\/courmayeur\/#primaryimage"},"image":{"@id":"https:\/\/ultralimited.it\/fr\/lunettes\/courmayeur\/#primaryimage"},"thumbnailUrl":"https:\/\/ultralimited.it\/wp-content\/uploads\/2024\/08\/ULCOUBX.jpg","datePublished":"2024-08-05T12:36:11+00:00","dateModified":"2025-01-15T15:45:23+00:00","breadcrumb":{"@id":"https:\/\/ultralimited.it\/fr\/lunettes\/courmayeur\/#breadcrumb"},"inLanguage":"fr-FR","potentialAction":[{"@type":"ReadAction","target":["https:\/\/ultralimited.it\/fr\/lunettes\/courmayeur\/"]}]},{"@type":"ImageObject","inLanguage":"fr-FR","@id":"https:\/\/ultralimited.it\/fr\/lunettes\/courmayeur\/#primaryimage","url":"https:\/\/ultralimited.it\/wp-content\/uploads\/2024\/08\/ULCOUBX.jpg","contentUrl":"https:\/\/ultralimited.it\/wp-content\/uploads\/2024\/08\/ULCOUBX.jpg","width":1600,"height":1200},{"@type":"BreadcrumbList","@id":"https:\/\/ultralimited.it\/fr\/lunettes\/courmayeur\/#breadcrumb","itemListElement":[{"@type":"ListItem","position":1,"name":"Home","item":"https:\/\/ultralimited.it\/fr\/"},{"@type":"ListItem","position":2,"name":"Courmayeur"}]},{"@type":"WebSite","@id":"https:\/\/ultralimited.it\/en\/#website","url":"https:\/\/ultralimited.it\/en\/","name":"Ultra Limited","description":"","potentialAction":[{"@type":"SearchAction","target":{"@type":"EntryPoint","urlTemplate":"https:\/\/ultralimited.it\/en\/?s={search_term_string}"},"query-input":{"@type":"PropertyValueSpecification","valueRequired":true,"valueName":"search_term_string"}}],"inLanguage":"fr-FR"}]}},"_links":{"self":[{"href":"https:\/\/ultralimited.it\/fr\/wp-json\/wp\/v2\/product\/27654","targetHints":{"allow":["GET"]}}],"collection":[{"href":"https:\/\/ultralimited.it\/fr\/wp-json\/wp\/v2\/product"}],"about":[{"href":"https:\/\/ultralimited.it\/fr\/wp-json\/wp\/v2\/types\/product"}],"wp:featuredmedia":[{"embeddable":true,"href":"https:\/\/ultralimited.it\/fr\/wp-json\/wp\/v2\/media\/27661"}],"wp:attachment":[{"href":"https:\/\/ultralimited.it\/fr\/wp-json\/wp\/v2\/media?parent=27654"}],"wp:term":[{"taxonomy":"product_brand","embeddable":true,"href":"https:\/\/ultralimited.it\/fr\/wp-json\/wp\/v2\/product_brand?post=27654"},{"taxonomy":"product_cat","embeddable":true,"href":"https:\/\/ultralimited.it\/fr\/wp-json\/wp\/v2\/product_cat?post=27654"}],"curies":[{"name":"wp","href":"https:\/\/api.w.org\/{rel}","templated":true}]}}