{"id":27571,"date":"2024-08-02T15:42:28","date_gmt":"2024-08-02T13:42:33","guid":{"rendered":"http:\/\/ultralimited.it\/?post_type=product&#038;p=27571"},"modified":"2024-08-29T17:16:08","modified_gmt":"2024-08-29T15:16:08","slug":"canelli","status":"publish","type":"product","link":"https:\/\/ultralimited.it\/fr\/lunettes\/canelli\/","title":{"rendered":"Canelli"},"content":{"rendered":"<p><span data-sheets-value=\"{\" data-sheets-userformat=\"{\">Le mod\u00e8le Canelli d\u2019Ultra Limited est l\u2019essence m\u00eame de l\u2019\u00e9clectisme, con\u00e7u pour les personnes qui recherchent des lunettes amusantes et s\u00e9rieuses \u00e0 la fois. Avec sa forme ronde et \u00e9l\u00e9gante, Canelli est un mod\u00e8le unisexe qui s\u2019adapte parfaitement \u00e0 tous les styles. Ces lunettes conviennent particuli\u00e8rement \u00e0 ceux qui ont un visage carr\u00e9, car elles adoucissent les traits et donnent un aspect plus doux et harmonieux. Disponible dans une gamme de couleurs attrayantes &#8211; bleu, havane, rayures et noir &#8211; Canelli offre un m\u00e9lange d\u2019options, allant des combinaisons les plus classiques \u00e0 celles plus audacieuses et vives. Les rayures color\u00e9es sont obtenues au moyen d\u2019un processus artisanal qui dure plus de 41 jours, pendant lequel 12 feuilles d\u2019ac\u00e9tate de cellulose sont trait\u00e9es m\u00e9ticuleusement. Le processus comprend la s\u00e9lection, le collage, le durcissement, le pressage, la cuisson, le d\u00e9coupage, le polissage au tonneau, la finition et encore une phase de polissage, en garantissant ainsi un produit final unique de haute qualit\u00e9. R\u00e9alis\u00e9es \u00e0 la main par des ma\u00eetres artisans du p\u00f4le de la lunetterie de Belluno, les lunettes Canelli incarnent l\u2019excellence de l\u2019artisanat et le souci du d\u00e9tail. Votre pr\u00e9f\u00e9rence se porte sur un look discret ou vous souhaitez exp\u00e9rimenter des couleurs plus audacieuses\u00a0? Les lunettes Canelli s\u2019adaptent \u00e0 chaque humeur et \u00e0 chaque occasion.<\/span><\/p>\n","protected":false},"excerpt":{"rendered":"<p>Le mod\u00e8le Canelli d\u2019Ultra Limited est l\u2019essence m\u00eame de l\u2019\u00e9clectisme, con\u00e7u pour les personnes qui recherchent des lunettes amusantes et s\u00e9rieuses \u00e0 la fois. Avec sa forme ronde et \u00e9l\u00e9gante, Canelli est un mod\u00e8le unisexe qui s\u2019adapte parfaitement \u00e0 tous les styles. Ces lunettes conviennent particuli\u00e8rement \u00e0 ceux qui ont un visage carr\u00e9, car elles <a href=\"https:\/\/ultralimited.it\/fr\/lunettes\/canelli\/\" class=\"more-link\">&#8230;<\/a><\/p>\n","protected":false},"featured_media":27583,"template":"","meta":{"_acf_changed":false},"product_brand":[],"product_cat":[119,129,117,122],"class_list":{"0":"post-27571","1":"product","2":"type-product","3":"status-publish","4":"has-post-thumbnail","6":"product_cat-femme","7":"product_cat-homme","8":"product_cat-lunettes","9":"product_cat-lunettes-de-vue","11":"first","12":"instock","13":"shipping-taxable","14":"product-type-variable"},"acf":[],"yoast_head":"<!-- This site is optimized with the Yoast SEO plugin v26.4 - https:\/\/yoast.com\/wordpress\/plugins\/seo\/ -->\n<title>Canelli - Ultra Limited<\/title>\n<meta name=\"robots\" content=\"index, follow, max-snippet:-1, max-image-preview:large, max-video-preview:-1\" \/>\n<link rel=\"canonical\" href=\"https:\/\/ultralimited.it\/fr\/lunettes\/canelli\/\" \/>\n<meta property=\"og:locale\" content=\"fr_FR\" \/>\n<meta property=\"og:type\" content=\"article\" \/>\n<meta property=\"og:title\" content=\"Canelli - Ultra Limited\" \/>\n<meta property=\"og:description\" content=\"Le mod\u00e8le Canelli d\u2019Ultra Limited est l\u2019essence m\u00eame de l\u2019\u00e9clectisme, con\u00e7u pour les personnes qui recherchent des lunettes amusantes et s\u00e9rieuses \u00e0 la fois. Avec sa forme ronde et \u00e9l\u00e9gante, Canelli est un mod\u00e8le unisexe qui s\u2019adapte parfaitement \u00e0 tous les styles. Ces lunettes conviennent particuli\u00e8rement \u00e0 ceux qui ont un visage carr\u00e9, car elles ...\" \/>\n<meta property=\"og:url\" content=\"https:\/\/ultralimited.it\/fr\/lunettes\/canelli\/\" \/>\n<meta property=\"og:site_name\" content=\"Ultra Limited\" \/>\n<meta property=\"article:modified_time\" content=\"2024-08-29T15:16:08+00:00\" \/>\n<meta property=\"og:image\" content=\"https:\/\/ultralimited.it\/wp-content\/uploads\/2024\/08\/ULCANHA.jpg\" \/>\n\t<meta property=\"og:image:width\" content=\"1600\" \/>\n\t<meta property=\"og:image:height\" content=\"1200\" \/>\n\t<meta property=\"og:image:type\" content=\"image\/jpeg\" \/>\n<meta name=\"twitter:card\" content=\"summary_large_image\" \/>\n<meta name=\"twitter:label1\" content=\"Dur\u00e9e de lecture estim\u00e9e\" \/>\n\t<meta name=\"twitter:data1\" content=\"1 minute\" \/>\n<script type=\"application\/ld+json\" class=\"yoast-schema-graph\">{\"@context\":\"https:\/\/schema.org\",\"@graph\":[{\"@type\":\"WebPage\",\"@id\":\"https:\/\/ultralimited.it\/fr\/lunettes\/canelli\/\",\"url\":\"https:\/\/ultralimited.it\/fr\/lunettes\/canelli\/\",\"name\":\"Canelli - Ultra Limited\",\"isPartOf\":{\"@id\":\"https:\/\/ultralimited.it\/en\/#website\"},\"primaryImageOfPage\":{\"@id\":\"https:\/\/ultralimited.it\/fr\/lunettes\/canelli\/#primaryimage\"},\"image\":{\"@id\":\"https:\/\/ultralimited.it\/fr\/lunettes\/canelli\/#primaryimage\"},\"thumbnailUrl\":\"https:\/\/ultralimited.it\/wp-content\/uploads\/2024\/08\/ULCANHA.jpg\",\"datePublished\":\"2024-08-02T13:42:33+00:00\",\"dateModified\":\"2024-08-29T15:16:08+00:00\",\"breadcrumb\":{\"@id\":\"https:\/\/ultralimited.it\/fr\/lunettes\/canelli\/#breadcrumb\"},\"inLanguage\":\"fr-FR\",\"potentialAction\":[{\"@type\":\"ReadAction\",\"target\":[\"https:\/\/ultralimited.it\/fr\/lunettes\/canelli\/\"]}]},{\"@type\":\"ImageObject\",\"inLanguage\":\"fr-FR\",\"@id\":\"https:\/\/ultralimited.it\/fr\/lunettes\/canelli\/#primaryimage\",\"url\":\"https:\/\/ultralimited.it\/wp-content\/uploads\/2024\/08\/ULCANHA.jpg\",\"contentUrl\":\"https:\/\/ultralimited.it\/wp-content\/uploads\/2024\/08\/ULCANHA.jpg\",\"width\":1600,\"height\":1200},{\"@type\":\"BreadcrumbList\",\"@id\":\"https:\/\/ultralimited.it\/fr\/lunettes\/canelli\/#breadcrumb\",\"itemListElement\":[{\"@type\":\"ListItem\",\"position\":1,\"name\":\"Home\",\"item\":\"https:\/\/ultralimited.it\/fr\/\"},{\"@type\":\"ListItem\",\"position\":2,\"name\":\"Canelli\"}]},{\"@type\":\"WebSite\",\"@id\":\"https:\/\/ultralimited.it\/en\/#website\",\"url\":\"https:\/\/ultralimited.it\/en\/\",\"name\":\"Ultra Limited\",\"description\":\"\",\"potentialAction\":[{\"@type\":\"SearchAction\",\"target\":{\"@type\":\"EntryPoint\",\"urlTemplate\":\"https:\/\/ultralimited.it\/en\/?s={search_term_string}\"},\"query-input\":{\"@type\":\"PropertyValueSpecification\",\"valueRequired\":true,\"valueName\":\"search_term_string\"}}],\"inLanguage\":\"fr-FR\"}]}<\/script>\n<!-- \/ Yoast SEO plugin. -->","yoast_head_json":{"title":"Canelli - Ultra Limited","robots":{"index":"index","follow":"follow","max-snippet":"max-snippet:-1","max-image-preview":"max-image-preview:large","max-video-preview":"max-video-preview:-1"},"canonical":"https:\/\/ultralimited.it\/fr\/lunettes\/canelli\/","og_locale":"fr_FR","og_type":"article","og_title":"Canelli - Ultra Limited","og_description":"Le mod\u00e8le Canelli d\u2019Ultra Limited est l\u2019essence m\u00eame de l\u2019\u00e9clectisme, con\u00e7u pour les personnes qui recherchent des lunettes amusantes et s\u00e9rieuses \u00e0 la fois. Avec sa forme ronde et \u00e9l\u00e9gante, Canelli est un mod\u00e8le unisexe qui s\u2019adapte parfaitement \u00e0 tous les styles. Ces lunettes conviennent particuli\u00e8rement \u00e0 ceux qui ont un visage carr\u00e9, car elles ...","og_url":"https:\/\/ultralimited.it\/fr\/lunettes\/canelli\/","og_site_name":"Ultra Limited","article_modified_time":"2024-08-29T15:16:08+00:00","og_image":[{"width":1600,"height":1200,"url":"https:\/\/ultralimited.it\/wp-content\/uploads\/2024\/08\/ULCANHA.jpg","type":"image\/jpeg"}],"twitter_card":"summary_large_image","twitter_misc":{"Dur\u00e9e de lecture estim\u00e9e":"1 minute"},"schema":{"@context":"https:\/\/schema.org","@graph":[{"@type":"WebPage","@id":"https:\/\/ultralimited.it\/fr\/lunettes\/canelli\/","url":"https:\/\/ultralimited.it\/fr\/lunettes\/canelli\/","name":"Canelli - Ultra Limited","isPartOf":{"@id":"https:\/\/ultralimited.it\/en\/#website"},"primaryImageOfPage":{"@id":"https:\/\/ultralimited.it\/fr\/lunettes\/canelli\/#primaryimage"},"image":{"@id":"https:\/\/ultralimited.it\/fr\/lunettes\/canelli\/#primaryimage"},"thumbnailUrl":"https:\/\/ultralimited.it\/wp-content\/uploads\/2024\/08\/ULCANHA.jpg","datePublished":"2024-08-02T13:42:33+00:00","dateModified":"2024-08-29T15:16:08+00:00","breadcrumb":{"@id":"https:\/\/ultralimited.it\/fr\/lunettes\/canelli\/#breadcrumb"},"inLanguage":"fr-FR","potentialAction":[{"@type":"ReadAction","target":["https:\/\/ultralimited.it\/fr\/lunettes\/canelli\/"]}]},{"@type":"ImageObject","inLanguage":"fr-FR","@id":"https:\/\/ultralimited.it\/fr\/lunettes\/canelli\/#primaryimage","url":"https:\/\/ultralimited.it\/wp-content\/uploads\/2024\/08\/ULCANHA.jpg","contentUrl":"https:\/\/ultralimited.it\/wp-content\/uploads\/2024\/08\/ULCANHA.jpg","width":1600,"height":1200},{"@type":"BreadcrumbList","@id":"https:\/\/ultralimited.it\/fr\/lunettes\/canelli\/#breadcrumb","itemListElement":[{"@type":"ListItem","position":1,"name":"Home","item":"https:\/\/ultralimited.it\/fr\/"},{"@type":"ListItem","position":2,"name":"Canelli"}]},{"@type":"WebSite","@id":"https:\/\/ultralimited.it\/en\/#website","url":"https:\/\/ultralimited.it\/en\/","name":"Ultra Limited","description":"","potentialAction":[{"@type":"SearchAction","target":{"@type":"EntryPoint","urlTemplate":"https:\/\/ultralimited.it\/en\/?s={search_term_string}"},"query-input":{"@type":"PropertyValueSpecification","valueRequired":true,"valueName":"search_term_string"}}],"inLanguage":"fr-FR"}]}},"_links":{"self":[{"href":"https:\/\/ultralimited.it\/fr\/wp-json\/wp\/v2\/product\/27571","targetHints":{"allow":["GET"]}}],"collection":[{"href":"https:\/\/ultralimited.it\/fr\/wp-json\/wp\/v2\/product"}],"about":[{"href":"https:\/\/ultralimited.it\/fr\/wp-json\/wp\/v2\/types\/product"}],"wp:featuredmedia":[{"embeddable":true,"href":"https:\/\/ultralimited.it\/fr\/wp-json\/wp\/v2\/media\/27583"}],"wp:attachment":[{"href":"https:\/\/ultralimited.it\/fr\/wp-json\/wp\/v2\/media?parent=27571"}],"wp:term":[{"taxonomy":"product_brand","embeddable":true,"href":"https:\/\/ultralimited.it\/fr\/wp-json\/wp\/v2\/product_brand?post=27571"},{"taxonomy":"product_cat","embeddable":true,"href":"https:\/\/ultralimited.it\/fr\/wp-json\/wp\/v2\/product_cat?post=27571"}],"curies":[{"name":"wp","href":"https:\/\/api.w.org\/{rel}","templated":true}]}}