{"id":27490,"date":"2024-08-02T15:34:49","date_gmt":"2024-08-02T13:34:53","guid":{"rendered":"http:\/\/ultralimited.it\/?post_type=product&#038;p=27490"},"modified":"2025-01-15T16:23:32","modified_gmt":"2025-01-15T15:23:32","slug":"biella","status":"publish","type":"product","link":"https:\/\/ultralimited.it\/fr\/lunettes\/biella\/","title":{"rendered":"Biella"},"content":{"rendered":"<p><span data-sheets-value=\"{\" data-sheets-userformat=\"{\">Le mod\u00e8le Biella d\u2019Ultra Limited est destin\u00e9 \u00e0 celles qui ne craignent pas de se d\u00e9marquer. Ces lunettes pour femmes combinent une forme hexagonale innovante avec un design qui parle de personnalit\u00e9 et de style. Avec ses couleurs vives et caract\u00e9ristiques &#8211; rouge, havane, blanc et noir &#8211; Biella est con\u00e7u pour celles qui aiment oser et jouer avec la mode sans renoncer \u00e0 l\u2019\u00e9l\u00e9gance. Chaque paire est une pi\u00e8ce unique, fabriqu\u00e9e au moyen d\u2019un processus artisanal qui dure plus de 41 jours et comprend toutes les \u00e9tapes\u00a0: s\u00e9lection et collage des 12 feuilles d\u2019ac\u00e9tate de cellulose, durcissement, pressage, d\u00e9coupage, polissage au tonneau, finition et encore une phase de polissage. Ce souci du d\u00e9tail garantit des rayures color\u00e9es et un design qui ne passe pas inaper\u00e7u. Les lunettes Biella sont fabriqu\u00e9es \u00e0 la main par des ma\u00eetres artisans du p\u00f4le de la lunetterie, r\u00e9put\u00e9s pour leur maestria dans le traitement de l\u2019ac\u00e9tate. Les branches thermoform\u00e9es assurent un ajustement confortable et parfait, en compl\u00e9tant un look audacieux et \u00e9l\u00e9gant. Choisissez Biella pour donner une touche de caract\u00e8re qui refl\u00e8te votre personnalit\u00e9 vive et raffin\u00e9e. Avec ces lunettes, vous serez pr\u00eate \u00e0 briller avec un m\u00e9lange d\u2019originalit\u00e9 et de sophistication.<\/span><\/p>\n","protected":false},"excerpt":{"rendered":"<p>Le mod\u00e8le Biella d\u2019Ultra Limited est destin\u00e9 \u00e0 celles qui ne craignent pas de se d\u00e9marquer. Ces lunettes pour femmes combinent une forme hexagonale innovante avec un design qui parle de personnalit\u00e9 et de style. Avec ses couleurs vives et caract\u00e9ristiques &#8211; rouge, havane, blanc et noir &#8211; Biella est con\u00e7u pour celles qui aiment <a href=\"https:\/\/ultralimited.it\/fr\/lunettes\/biella\/\" class=\"more-link\">&#8230;<\/a><\/p>\n","protected":false},"featured_media":27517,"template":"","meta":{"_acf_changed":false},"product_brand":[],"product_cat":[119,117,122],"class_list":{"0":"post-27490","1":"product","2":"type-product","3":"status-publish","4":"has-post-thumbnail","6":"product_cat-femme","7":"product_cat-lunettes","8":"product_cat-lunettes-de-vue","10":"first","11":"instock","12":"shipping-taxable","13":"product-type-variable"},"acf":[],"yoast_head":"<!-- This site is optimized with the Yoast SEO plugin v26.4 - https:\/\/yoast.com\/wordpress\/plugins\/seo\/ -->\n<title>Biella - Ultra Limited<\/title>\n<meta name=\"robots\" content=\"index, follow, max-snippet:-1, max-image-preview:large, max-video-preview:-1\" \/>\n<link rel=\"canonical\" href=\"https:\/\/ultralimited.it\/fr\/lunettes\/biella\/\" \/>\n<meta property=\"og:locale\" content=\"fr_FR\" \/>\n<meta property=\"og:type\" content=\"article\" \/>\n<meta property=\"og:title\" content=\"Biella - Ultra Limited\" \/>\n<meta property=\"og:description\" content=\"Le mod\u00e8le Biella d\u2019Ultra Limited est destin\u00e9 \u00e0 celles qui ne craignent pas de se d\u00e9marquer. Ces lunettes pour femmes combinent une forme hexagonale innovante avec un design qui parle de personnalit\u00e9 et de style. Avec ses couleurs vives et caract\u00e9ristiques &#8211; rouge, havane, blanc et noir &#8211; Biella est con\u00e7u pour celles qui aiment ...\" \/>\n<meta property=\"og:url\" content=\"https:\/\/ultralimited.it\/fr\/lunettes\/biella\/\" \/>\n<meta property=\"og:site_name\" content=\"Ultra Limited\" \/>\n<meta property=\"article:modified_time\" content=\"2025-01-15T15:23:32+00:00\" \/>\n<meta property=\"og:image\" content=\"https:\/\/ultralimited.it\/wp-content\/uploads\/2024\/08\/ULBIBX.jpg\" \/>\n\t<meta property=\"og:image:width\" content=\"1600\" \/>\n\t<meta property=\"og:image:height\" content=\"1200\" \/>\n\t<meta property=\"og:image:type\" content=\"image\/jpeg\" \/>\n<meta name=\"twitter:card\" content=\"summary_large_image\" \/>\n<meta name=\"twitter:label1\" content=\"Dur\u00e9e de lecture estim\u00e9e\" \/>\n\t<meta name=\"twitter:data1\" content=\"2 minutes\" \/>\n<script type=\"application\/ld+json\" class=\"yoast-schema-graph\">{\"@context\":\"https:\/\/schema.org\",\"@graph\":[{\"@type\":\"WebPage\",\"@id\":\"https:\/\/ultralimited.it\/fr\/lunettes\/biella\/\",\"url\":\"https:\/\/ultralimited.it\/fr\/lunettes\/biella\/\",\"name\":\"Biella - Ultra Limited\",\"isPartOf\":{\"@id\":\"https:\/\/ultralimited.it\/en\/#website\"},\"primaryImageOfPage\":{\"@id\":\"https:\/\/ultralimited.it\/fr\/lunettes\/biella\/#primaryimage\"},\"image\":{\"@id\":\"https:\/\/ultralimited.it\/fr\/lunettes\/biella\/#primaryimage\"},\"thumbnailUrl\":\"https:\/\/ultralimited.it\/wp-content\/uploads\/2024\/08\/ULBIBX.jpg\",\"datePublished\":\"2024-08-02T13:34:53+00:00\",\"dateModified\":\"2025-01-15T15:23:32+00:00\",\"breadcrumb\":{\"@id\":\"https:\/\/ultralimited.it\/fr\/lunettes\/biella\/#breadcrumb\"},\"inLanguage\":\"fr-FR\",\"potentialAction\":[{\"@type\":\"ReadAction\",\"target\":[\"https:\/\/ultralimited.it\/fr\/lunettes\/biella\/\"]}]},{\"@type\":\"ImageObject\",\"inLanguage\":\"fr-FR\",\"@id\":\"https:\/\/ultralimited.it\/fr\/lunettes\/biella\/#primaryimage\",\"url\":\"https:\/\/ultralimited.it\/wp-content\/uploads\/2024\/08\/ULBIBX.jpg\",\"contentUrl\":\"https:\/\/ultralimited.it\/wp-content\/uploads\/2024\/08\/ULBIBX.jpg\",\"width\":1600,\"height\":1200},{\"@type\":\"BreadcrumbList\",\"@id\":\"https:\/\/ultralimited.it\/fr\/lunettes\/biella\/#breadcrumb\",\"itemListElement\":[{\"@type\":\"ListItem\",\"position\":1,\"name\":\"Home\",\"item\":\"https:\/\/ultralimited.it\/fr\/\"},{\"@type\":\"ListItem\",\"position\":2,\"name\":\"Biella\"}]},{\"@type\":\"WebSite\",\"@id\":\"https:\/\/ultralimited.it\/en\/#website\",\"url\":\"https:\/\/ultralimited.it\/en\/\",\"name\":\"Ultra Limited\",\"description\":\"\",\"potentialAction\":[{\"@type\":\"SearchAction\",\"target\":{\"@type\":\"EntryPoint\",\"urlTemplate\":\"https:\/\/ultralimited.it\/en\/?s={search_term_string}\"},\"query-input\":{\"@type\":\"PropertyValueSpecification\",\"valueRequired\":true,\"valueName\":\"search_term_string\"}}],\"inLanguage\":\"fr-FR\"}]}<\/script>\n<!-- \/ Yoast SEO plugin. -->","yoast_head_json":{"title":"Biella - Ultra Limited","robots":{"index":"index","follow":"follow","max-snippet":"max-snippet:-1","max-image-preview":"max-image-preview:large","max-video-preview":"max-video-preview:-1"},"canonical":"https:\/\/ultralimited.it\/fr\/lunettes\/biella\/","og_locale":"fr_FR","og_type":"article","og_title":"Biella - Ultra Limited","og_description":"Le mod\u00e8le Biella d\u2019Ultra Limited est destin\u00e9 \u00e0 celles qui ne craignent pas de se d\u00e9marquer. Ces lunettes pour femmes combinent une forme hexagonale innovante avec un design qui parle de personnalit\u00e9 et de style. Avec ses couleurs vives et caract\u00e9ristiques &#8211; rouge, havane, blanc et noir &#8211; Biella est con\u00e7u pour celles qui aiment ...","og_url":"https:\/\/ultralimited.it\/fr\/lunettes\/biella\/","og_site_name":"Ultra Limited","article_modified_time":"2025-01-15T15:23:32+00:00","og_image":[{"width":1600,"height":1200,"url":"https:\/\/ultralimited.it\/wp-content\/uploads\/2024\/08\/ULBIBX.jpg","type":"image\/jpeg"}],"twitter_card":"summary_large_image","twitter_misc":{"Dur\u00e9e de lecture estim\u00e9e":"2 minutes"},"schema":{"@context":"https:\/\/schema.org","@graph":[{"@type":"WebPage","@id":"https:\/\/ultralimited.it\/fr\/lunettes\/biella\/","url":"https:\/\/ultralimited.it\/fr\/lunettes\/biella\/","name":"Biella - Ultra Limited","isPartOf":{"@id":"https:\/\/ultralimited.it\/en\/#website"},"primaryImageOfPage":{"@id":"https:\/\/ultralimited.it\/fr\/lunettes\/biella\/#primaryimage"},"image":{"@id":"https:\/\/ultralimited.it\/fr\/lunettes\/biella\/#primaryimage"},"thumbnailUrl":"https:\/\/ultralimited.it\/wp-content\/uploads\/2024\/08\/ULBIBX.jpg","datePublished":"2024-08-02T13:34:53+00:00","dateModified":"2025-01-15T15:23:32+00:00","breadcrumb":{"@id":"https:\/\/ultralimited.it\/fr\/lunettes\/biella\/#breadcrumb"},"inLanguage":"fr-FR","potentialAction":[{"@type":"ReadAction","target":["https:\/\/ultralimited.it\/fr\/lunettes\/biella\/"]}]},{"@type":"ImageObject","inLanguage":"fr-FR","@id":"https:\/\/ultralimited.it\/fr\/lunettes\/biella\/#primaryimage","url":"https:\/\/ultralimited.it\/wp-content\/uploads\/2024\/08\/ULBIBX.jpg","contentUrl":"https:\/\/ultralimited.it\/wp-content\/uploads\/2024\/08\/ULBIBX.jpg","width":1600,"height":1200},{"@type":"BreadcrumbList","@id":"https:\/\/ultralimited.it\/fr\/lunettes\/biella\/#breadcrumb","itemListElement":[{"@type":"ListItem","position":1,"name":"Home","item":"https:\/\/ultralimited.it\/fr\/"},{"@type":"ListItem","position":2,"name":"Biella"}]},{"@type":"WebSite","@id":"https:\/\/ultralimited.it\/en\/#website","url":"https:\/\/ultralimited.it\/en\/","name":"Ultra Limited","description":"","potentialAction":[{"@type":"SearchAction","target":{"@type":"EntryPoint","urlTemplate":"https:\/\/ultralimited.it\/en\/?s={search_term_string}"},"query-input":{"@type":"PropertyValueSpecification","valueRequired":true,"valueName":"search_term_string"}}],"inLanguage":"fr-FR"}]}},"_links":{"self":[{"href":"https:\/\/ultralimited.it\/fr\/wp-json\/wp\/v2\/product\/27490","targetHints":{"allow":["GET"]}}],"collection":[{"href":"https:\/\/ultralimited.it\/fr\/wp-json\/wp\/v2\/product"}],"about":[{"href":"https:\/\/ultralimited.it\/fr\/wp-json\/wp\/v2\/types\/product"}],"wp:featuredmedia":[{"embeddable":true,"href":"https:\/\/ultralimited.it\/fr\/wp-json\/wp\/v2\/media\/27517"}],"wp:attachment":[{"href":"https:\/\/ultralimited.it\/fr\/wp-json\/wp\/v2\/media?parent=27490"}],"wp:term":[{"taxonomy":"product_brand","embeddable":true,"href":"https:\/\/ultralimited.it\/fr\/wp-json\/wp\/v2\/product_brand?post=27490"},{"taxonomy":"product_cat","embeddable":true,"href":"https:\/\/ultralimited.it\/fr\/wp-json\/wp\/v2\/product_cat?post=27490"}],"curies":[{"name":"wp","href":"https:\/\/api.w.org\/{rel}","templated":true}]}}