{"id":27409,"date":"2024-07-31T14:16:54","date_gmt":"2024-07-31T12:17:00","guid":{"rendered":"http:\/\/ultralimited.it\/?post_type=product&#038;p=27409"},"modified":"2025-01-15T16:33:03","modified_gmt":"2025-01-15T15:33:03","slug":"albissola","status":"publish","type":"product","link":"https:\/\/ultralimited.it\/fr\/lunettes\/albissola\/","title":{"rendered":"Albissola"},"content":{"rendered":"<p><span data-sheets-value=\"{\" data-sheets-userformat=\"{\">Lunettes de vue Ultra Limited Albissola. Une cr\u00e9ation qui incarne le raffinement et le charme du design f\u00e9minin. Ces lunettes de forme cat-eye ne se limitent pas \u00e0 accentuer le regard, car elles expriment \u00e9galement une personnalit\u00e9 \u00e9l\u00e9gante et sophistiqu\u00e9e. Le mod\u00e8le Albissola pr\u00e9sente des bandes color\u00e9es obtenues gr\u00e2ce \u00e0 un processus de fabrication m\u00e9ticuleux. Chaque paire est compos\u00e9e de 12 feuilles d\u2019ac\u00e9tate de cellulose, trait\u00e9es avec maestria pendant plus de 41 jours. Le processus comprend toutes les \u00e9tapes, de la s\u00e9lection et du collage jusqu\u2019au durcissement et au pressage, en passant par le d\u00e9coupage, le polissage au tonneau, la finition et encore une phase de polissage. Chaque \u00e9tape est r\u00e9alis\u00e9e avec la plus grande pr\u00e9cision pour garantir un produit final d\u2019une qualit\u00e9 et d\u2019une durabilit\u00e9 exceptionnelles. Les lunettes Albissola sont fabriqu\u00e9es \u00e0 la main par des artisans exp\u00e9riment\u00e9s du p\u00f4le de la lunetterie de Belluno, qui allient tradition et innovation technologique. Les branches thermoform\u00e9es compl\u00e8tent le design avec une combinaison parfaite de confort et de style. Elles sont disponibles en 4 coloris exclusifs: bordeaux, havane, noir et rayures. Albissola est le choix id\u00e9al pour donner une touche de classe \u00e0 votre look de tous les jours ou pour vous d\u00e9marquer lors d\u2019occasions sp\u00e9ciales.<\/span><\/p>\n","protected":false},"excerpt":{"rendered":"<p>Lunettes de vue Ultra Limited Albissola. Une cr\u00e9ation qui incarne le raffinement et le charme du design f\u00e9minin. Ces lunettes de forme cat-eye ne se limitent pas \u00e0 accentuer le regard, car elles expriment \u00e9galement une personnalit\u00e9 \u00e9l\u00e9gante et sophistiqu\u00e9e. Le mod\u00e8le Albissola pr\u00e9sente des bandes color\u00e9es obtenues gr\u00e2ce \u00e0 un processus de fabrication m\u00e9ticuleux. <a href=\"https:\/\/ultralimited.it\/fr\/lunettes\/albissola\/\" class=\"more-link\">&#8230;<\/a><\/p>\n","protected":false},"featured_media":27432,"template":"","meta":{"_acf_changed":false},"product_brand":[],"product_cat":[119,117,122],"class_list":{"0":"post-27409","1":"product","2":"type-product","3":"status-publish","4":"has-post-thumbnail","6":"product_cat-femme","7":"product_cat-lunettes","8":"product_cat-lunettes-de-vue","10":"first","11":"instock","12":"shipping-taxable","13":"product-type-variable"},"acf":[],"yoast_head":"<!-- This site is optimized with the Yoast SEO plugin v26.4 - https:\/\/yoast.com\/wordpress\/plugins\/seo\/ -->\n<title>Albissola - Ultra Limited<\/title>\n<meta name=\"robots\" content=\"index, follow, max-snippet:-1, max-image-preview:large, max-video-preview:-1\" \/>\n<link rel=\"canonical\" href=\"https:\/\/ultralimited.it\/fr\/lunettes\/albissola\/\" \/>\n<meta property=\"og:locale\" content=\"fr_FR\" \/>\n<meta property=\"og:type\" content=\"article\" \/>\n<meta property=\"og:title\" content=\"Albissola - Ultra Limited\" \/>\n<meta property=\"og:description\" content=\"Lunettes de vue Ultra Limited Albissola. Une cr\u00e9ation qui incarne le raffinement et le charme du design f\u00e9minin. Ces lunettes de forme cat-eye ne se limitent pas \u00e0 accentuer le regard, car elles expriment \u00e9galement une personnalit\u00e9 \u00e9l\u00e9gante et sophistiqu\u00e9e. Le mod\u00e8le Albissola pr\u00e9sente des bandes color\u00e9es obtenues gr\u00e2ce \u00e0 un processus de fabrication m\u00e9ticuleux. ...\" \/>\n<meta property=\"og:url\" content=\"https:\/\/ultralimited.it\/fr\/lunettes\/albissola\/\" \/>\n<meta property=\"og:site_name\" content=\"Ultra Limited\" \/>\n<meta property=\"article:modified_time\" content=\"2025-01-15T15:33:03+00:00\" \/>\n<meta property=\"og:image\" content=\"https:\/\/ultralimited.it\/wp-content\/uploads\/2024\/07\/ULALBBX.jpg\" \/>\n\t<meta property=\"og:image:width\" content=\"1600\" \/>\n\t<meta property=\"og:image:height\" content=\"1200\" \/>\n\t<meta property=\"og:image:type\" content=\"image\/jpeg\" \/>\n<meta name=\"twitter:card\" content=\"summary_large_image\" \/>\n<meta name=\"twitter:label1\" content=\"Dur\u00e9e de lecture estim\u00e9e\" \/>\n\t<meta name=\"twitter:data1\" content=\"2 minutes\" \/>\n<script type=\"application\/ld+json\" class=\"yoast-schema-graph\">{\"@context\":\"https:\/\/schema.org\",\"@graph\":[{\"@type\":\"WebPage\",\"@id\":\"https:\/\/ultralimited.it\/fr\/lunettes\/albissola\/\",\"url\":\"https:\/\/ultralimited.it\/fr\/lunettes\/albissola\/\",\"name\":\"Albissola - Ultra Limited\",\"isPartOf\":{\"@id\":\"https:\/\/ultralimited.it\/en\/#website\"},\"primaryImageOfPage\":{\"@id\":\"https:\/\/ultralimited.it\/fr\/lunettes\/albissola\/#primaryimage\"},\"image\":{\"@id\":\"https:\/\/ultralimited.it\/fr\/lunettes\/albissola\/#primaryimage\"},\"thumbnailUrl\":\"https:\/\/ultralimited.it\/wp-content\/uploads\/2024\/07\/ULALBBX.jpg\",\"datePublished\":\"2024-07-31T12:17:00+00:00\",\"dateModified\":\"2025-01-15T15:33:03+00:00\",\"breadcrumb\":{\"@id\":\"https:\/\/ultralimited.it\/fr\/lunettes\/albissola\/#breadcrumb\"},\"inLanguage\":\"fr-FR\",\"potentialAction\":[{\"@type\":\"ReadAction\",\"target\":[\"https:\/\/ultralimited.it\/fr\/lunettes\/albissola\/\"]}]},{\"@type\":\"ImageObject\",\"inLanguage\":\"fr-FR\",\"@id\":\"https:\/\/ultralimited.it\/fr\/lunettes\/albissola\/#primaryimage\",\"url\":\"https:\/\/ultralimited.it\/wp-content\/uploads\/2024\/07\/ULALBBX.jpg\",\"contentUrl\":\"https:\/\/ultralimited.it\/wp-content\/uploads\/2024\/07\/ULALBBX.jpg\",\"width\":1600,\"height\":1200},{\"@type\":\"BreadcrumbList\",\"@id\":\"https:\/\/ultralimited.it\/fr\/lunettes\/albissola\/#breadcrumb\",\"itemListElement\":[{\"@type\":\"ListItem\",\"position\":1,\"name\":\"Home\",\"item\":\"https:\/\/ultralimited.it\/fr\/\"},{\"@type\":\"ListItem\",\"position\":2,\"name\":\"Albissola\"}]},{\"@type\":\"WebSite\",\"@id\":\"https:\/\/ultralimited.it\/en\/#website\",\"url\":\"https:\/\/ultralimited.it\/en\/\",\"name\":\"Ultra Limited\",\"description\":\"\",\"potentialAction\":[{\"@type\":\"SearchAction\",\"target\":{\"@type\":\"EntryPoint\",\"urlTemplate\":\"https:\/\/ultralimited.it\/en\/?s={search_term_string}\"},\"query-input\":{\"@type\":\"PropertyValueSpecification\",\"valueRequired\":true,\"valueName\":\"search_term_string\"}}],\"inLanguage\":\"fr-FR\"}]}<\/script>\n<!-- \/ Yoast SEO plugin. -->","yoast_head_json":{"title":"Albissola - Ultra Limited","robots":{"index":"index","follow":"follow","max-snippet":"max-snippet:-1","max-image-preview":"max-image-preview:large","max-video-preview":"max-video-preview:-1"},"canonical":"https:\/\/ultralimited.it\/fr\/lunettes\/albissola\/","og_locale":"fr_FR","og_type":"article","og_title":"Albissola - Ultra Limited","og_description":"Lunettes de vue Ultra Limited Albissola. Une cr\u00e9ation qui incarne le raffinement et le charme du design f\u00e9minin. Ces lunettes de forme cat-eye ne se limitent pas \u00e0 accentuer le regard, car elles expriment \u00e9galement une personnalit\u00e9 \u00e9l\u00e9gante et sophistiqu\u00e9e. Le mod\u00e8le Albissola pr\u00e9sente des bandes color\u00e9es obtenues gr\u00e2ce \u00e0 un processus de fabrication m\u00e9ticuleux. ...","og_url":"https:\/\/ultralimited.it\/fr\/lunettes\/albissola\/","og_site_name":"Ultra Limited","article_modified_time":"2025-01-15T15:33:03+00:00","og_image":[{"width":1600,"height":1200,"url":"https:\/\/ultralimited.it\/wp-content\/uploads\/2024\/07\/ULALBBX.jpg","type":"image\/jpeg"}],"twitter_card":"summary_large_image","twitter_misc":{"Dur\u00e9e de lecture estim\u00e9e":"2 minutes"},"schema":{"@context":"https:\/\/schema.org","@graph":[{"@type":"WebPage","@id":"https:\/\/ultralimited.it\/fr\/lunettes\/albissola\/","url":"https:\/\/ultralimited.it\/fr\/lunettes\/albissola\/","name":"Albissola - Ultra Limited","isPartOf":{"@id":"https:\/\/ultralimited.it\/en\/#website"},"primaryImageOfPage":{"@id":"https:\/\/ultralimited.it\/fr\/lunettes\/albissola\/#primaryimage"},"image":{"@id":"https:\/\/ultralimited.it\/fr\/lunettes\/albissola\/#primaryimage"},"thumbnailUrl":"https:\/\/ultralimited.it\/wp-content\/uploads\/2024\/07\/ULALBBX.jpg","datePublished":"2024-07-31T12:17:00+00:00","dateModified":"2025-01-15T15:33:03+00:00","breadcrumb":{"@id":"https:\/\/ultralimited.it\/fr\/lunettes\/albissola\/#breadcrumb"},"inLanguage":"fr-FR","potentialAction":[{"@type":"ReadAction","target":["https:\/\/ultralimited.it\/fr\/lunettes\/albissola\/"]}]},{"@type":"ImageObject","inLanguage":"fr-FR","@id":"https:\/\/ultralimited.it\/fr\/lunettes\/albissola\/#primaryimage","url":"https:\/\/ultralimited.it\/wp-content\/uploads\/2024\/07\/ULALBBX.jpg","contentUrl":"https:\/\/ultralimited.it\/wp-content\/uploads\/2024\/07\/ULALBBX.jpg","width":1600,"height":1200},{"@type":"BreadcrumbList","@id":"https:\/\/ultralimited.it\/fr\/lunettes\/albissola\/#breadcrumb","itemListElement":[{"@type":"ListItem","position":1,"name":"Home","item":"https:\/\/ultralimited.it\/fr\/"},{"@type":"ListItem","position":2,"name":"Albissola"}]},{"@type":"WebSite","@id":"https:\/\/ultralimited.it\/en\/#website","url":"https:\/\/ultralimited.it\/en\/","name":"Ultra Limited","description":"","potentialAction":[{"@type":"SearchAction","target":{"@type":"EntryPoint","urlTemplate":"https:\/\/ultralimited.it\/en\/?s={search_term_string}"},"query-input":{"@type":"PropertyValueSpecification","valueRequired":true,"valueName":"search_term_string"}}],"inLanguage":"fr-FR"}]}},"_links":{"self":[{"href":"https:\/\/ultralimited.it\/fr\/wp-json\/wp\/v2\/product\/27409","targetHints":{"allow":["GET"]}}],"collection":[{"href":"https:\/\/ultralimited.it\/fr\/wp-json\/wp\/v2\/product"}],"about":[{"href":"https:\/\/ultralimited.it\/fr\/wp-json\/wp\/v2\/types\/product"}],"wp:featuredmedia":[{"embeddable":true,"href":"https:\/\/ultralimited.it\/fr\/wp-json\/wp\/v2\/media\/27432"}],"wp:attachment":[{"href":"https:\/\/ultralimited.it\/fr\/wp-json\/wp\/v2\/media?parent=27409"}],"wp:term":[{"taxonomy":"product_brand","embeddable":true,"href":"https:\/\/ultralimited.it\/fr\/wp-json\/wp\/v2\/product_brand?post=27409"},{"taxonomy":"product_cat","embeddable":true,"href":"https:\/\/ultralimited.it\/fr\/wp-json\/wp\/v2\/product_cat?post=27409"}],"curies":[{"name":"wp","href":"https:\/\/api.w.org\/{rel}","templated":true}]}}