{"id":24602,"date":"2023-03-14T17:47:28","date_gmt":"2023-03-22T18:21:39","guid":{"rendered":"http:\/\/ultralimited.it\/non%20class\u00e9\/sabrina\/"},"modified":"2024-03-12T09:44:31","modified_gmt":"2024-03-12T08:44:31","slug":"sabrina","status":"publish","type":"product","link":"https:\/\/ultralimited.it\/fr\/sacs\/sabrina\/","title":{"rendered":"Sabrina"},"content":{"rendered":"<p><span data-sheets-value=\"{\" data-sheets-userformat=\"{\">Sac \u00e0 dos Ultra Limited mod\u00e8le Sabrina. Fabriqu\u00e9 \u00e0 la main en cuir pleine fleur. Le sac \u00e0 dos comporte une petite poche frontale et une poche sup\u00e9rieure. Il pr\u00e9sente des finitions soign\u00e9es et deux sangles r\u00e9glables.<\/span><\/p>\n","protected":false},"excerpt":{"rendered":"<p>Sac \u00e0 dos Ultra Limited mod\u00e8le Sabrina. Fabriqu\u00e9 \u00e0 la main en cuir pleine fleur. Le sac \u00e0 dos comporte une petite poche frontale et une poche sup\u00e9rieure. Il pr\u00e9sente des finitions soign\u00e9es et deux sangles r\u00e9glables.<\/p>\n","protected":false},"featured_media":21125,"template":"","meta":{"_acf_changed":false},"product_brand":[],"product_cat":[114],"class_list":{"0":"post-24602","1":"product","2":"type-product","3":"status-publish","4":"has-post-thumbnail","6":"product_cat-sacs","8":"first","9":"instock","10":"shipping-taxable","11":"product-type-simple"},"acf":[],"yoast_head":"<!-- This site is optimized with the Yoast SEO plugin v26.4 - https:\/\/yoast.com\/wordpress\/plugins\/seo\/ -->\n<title>Sabrina - Ultra Limited<\/title>\n<meta name=\"robots\" content=\"index, follow, max-snippet:-1, max-image-preview:large, max-video-preview:-1\" \/>\n<link rel=\"canonical\" href=\"https:\/\/ultralimited.it\/fr\/sacs\/sabrina\/\" \/>\n<meta property=\"og:locale\" content=\"fr_FR\" \/>\n<meta property=\"og:type\" content=\"article\" \/>\n<meta property=\"og:title\" content=\"Sabrina - Ultra Limited\" \/>\n<meta property=\"og:description\" content=\"Sac \u00e0 dos Ultra Limited mod\u00e8le Sabrina. Fabriqu\u00e9 \u00e0 la main en cuir pleine fleur. Le sac \u00e0 dos comporte une petite poche frontale et une poche sup\u00e9rieure. Il pr\u00e9sente des finitions soign\u00e9es et deux sangles r\u00e9glables.\" \/>\n<meta property=\"og:url\" content=\"https:\/\/ultralimited.it\/fr\/sacs\/sabrina\/\" \/>\n<meta property=\"og:site_name\" content=\"Ultra Limited\" \/>\n<meta property=\"article:modified_time\" content=\"2024-03-12T08:44:31+00:00\" \/>\n<meta property=\"og:image\" content=\"https:\/\/ultralimited.it\/wp-content\/uploads\/2023\/03\/SABRINA-FRONTALE-1.jpg\" \/>\n\t<meta property=\"og:image:width\" content=\"1600\" \/>\n\t<meta property=\"og:image:height\" content=\"1574\" \/>\n\t<meta property=\"og:image:type\" content=\"image\/jpeg\" \/>\n<meta name=\"twitter:card\" content=\"summary_large_image\" \/>\n<meta name=\"twitter:label1\" content=\"Dur\u00e9e de lecture estim\u00e9e\" \/>\n\t<meta name=\"twitter:data1\" content=\"1 minute\" \/>\n<script type=\"application\/ld+json\" class=\"yoast-schema-graph\">{\"@context\":\"https:\/\/schema.org\",\"@graph\":[{\"@type\":\"WebPage\",\"@id\":\"https:\/\/ultralimited.it\/fr\/sacs\/sabrina\/\",\"url\":\"https:\/\/ultralimited.it\/fr\/sacs\/sabrina\/\",\"name\":\"Sabrina - Ultra Limited\",\"isPartOf\":{\"@id\":\"https:\/\/ultralimited.it\/en\/#website\"},\"primaryImageOfPage\":{\"@id\":\"https:\/\/ultralimited.it\/fr\/sacs\/sabrina\/#primaryimage\"},\"image\":{\"@id\":\"https:\/\/ultralimited.it\/fr\/sacs\/sabrina\/#primaryimage\"},\"thumbnailUrl\":\"https:\/\/ultralimited.it\/wp-content\/uploads\/2023\/03\/SABRINA-FRONTALE-1.jpg\",\"datePublished\":\"2023-03-22T18:21:39+00:00\",\"dateModified\":\"2024-03-12T08:44:31+00:00\",\"breadcrumb\":{\"@id\":\"https:\/\/ultralimited.it\/fr\/sacs\/sabrina\/#breadcrumb\"},\"inLanguage\":\"fr-FR\",\"potentialAction\":[{\"@type\":\"ReadAction\",\"target\":[\"https:\/\/ultralimited.it\/fr\/sacs\/sabrina\/\"]}]},{\"@type\":\"ImageObject\",\"inLanguage\":\"fr-FR\",\"@id\":\"https:\/\/ultralimited.it\/fr\/sacs\/sabrina\/#primaryimage\",\"url\":\"https:\/\/ultralimited.it\/wp-content\/uploads\/2023\/03\/SABRINA-FRONTALE-1.jpg\",\"contentUrl\":\"https:\/\/ultralimited.it\/wp-content\/uploads\/2023\/03\/SABRINA-FRONTALE-1.jpg\",\"width\":1600,\"height\":1574},{\"@type\":\"BreadcrumbList\",\"@id\":\"https:\/\/ultralimited.it\/fr\/sacs\/sabrina\/#breadcrumb\",\"itemListElement\":[{\"@type\":\"ListItem\",\"position\":1,\"name\":\"Home\",\"item\":\"https:\/\/ultralimited.it\/fr\/\"},{\"@type\":\"ListItem\",\"position\":2,\"name\":\"Sabrina\"}]},{\"@type\":\"WebSite\",\"@id\":\"https:\/\/ultralimited.it\/en\/#website\",\"url\":\"https:\/\/ultralimited.it\/en\/\",\"name\":\"Ultra Limited\",\"description\":\"\",\"potentialAction\":[{\"@type\":\"SearchAction\",\"target\":{\"@type\":\"EntryPoint\",\"urlTemplate\":\"https:\/\/ultralimited.it\/en\/?s={search_term_string}\"},\"query-input\":{\"@type\":\"PropertyValueSpecification\",\"valueRequired\":true,\"valueName\":\"search_term_string\"}}],\"inLanguage\":\"fr-FR\"}]}<\/script>\n<!-- \/ Yoast SEO plugin. -->","yoast_head_json":{"title":"Sabrina - Ultra Limited","robots":{"index":"index","follow":"follow","max-snippet":"max-snippet:-1","max-image-preview":"max-image-preview:large","max-video-preview":"max-video-preview:-1"},"canonical":"https:\/\/ultralimited.it\/fr\/sacs\/sabrina\/","og_locale":"fr_FR","og_type":"article","og_title":"Sabrina - Ultra Limited","og_description":"Sac \u00e0 dos Ultra Limited mod\u00e8le Sabrina. Fabriqu\u00e9 \u00e0 la main en cuir pleine fleur. Le sac \u00e0 dos comporte une petite poche frontale et une poche sup\u00e9rieure. Il pr\u00e9sente des finitions soign\u00e9es et deux sangles r\u00e9glables.","og_url":"https:\/\/ultralimited.it\/fr\/sacs\/sabrina\/","og_site_name":"Ultra Limited","article_modified_time":"2024-03-12T08:44:31+00:00","og_image":[{"width":1600,"height":1574,"url":"https:\/\/ultralimited.it\/wp-content\/uploads\/2023\/03\/SABRINA-FRONTALE-1.jpg","type":"image\/jpeg"}],"twitter_card":"summary_large_image","twitter_misc":{"Dur\u00e9e de lecture estim\u00e9e":"1 minute"},"schema":{"@context":"https:\/\/schema.org","@graph":[{"@type":"WebPage","@id":"https:\/\/ultralimited.it\/fr\/sacs\/sabrina\/","url":"https:\/\/ultralimited.it\/fr\/sacs\/sabrina\/","name":"Sabrina - Ultra Limited","isPartOf":{"@id":"https:\/\/ultralimited.it\/en\/#website"},"primaryImageOfPage":{"@id":"https:\/\/ultralimited.it\/fr\/sacs\/sabrina\/#primaryimage"},"image":{"@id":"https:\/\/ultralimited.it\/fr\/sacs\/sabrina\/#primaryimage"},"thumbnailUrl":"https:\/\/ultralimited.it\/wp-content\/uploads\/2023\/03\/SABRINA-FRONTALE-1.jpg","datePublished":"2023-03-22T18:21:39+00:00","dateModified":"2024-03-12T08:44:31+00:00","breadcrumb":{"@id":"https:\/\/ultralimited.it\/fr\/sacs\/sabrina\/#breadcrumb"},"inLanguage":"fr-FR","potentialAction":[{"@type":"ReadAction","target":["https:\/\/ultralimited.it\/fr\/sacs\/sabrina\/"]}]},{"@type":"ImageObject","inLanguage":"fr-FR","@id":"https:\/\/ultralimited.it\/fr\/sacs\/sabrina\/#primaryimage","url":"https:\/\/ultralimited.it\/wp-content\/uploads\/2023\/03\/SABRINA-FRONTALE-1.jpg","contentUrl":"https:\/\/ultralimited.it\/wp-content\/uploads\/2023\/03\/SABRINA-FRONTALE-1.jpg","width":1600,"height":1574},{"@type":"BreadcrumbList","@id":"https:\/\/ultralimited.it\/fr\/sacs\/sabrina\/#breadcrumb","itemListElement":[{"@type":"ListItem","position":1,"name":"Home","item":"https:\/\/ultralimited.it\/fr\/"},{"@type":"ListItem","position":2,"name":"Sabrina"}]},{"@type":"WebSite","@id":"https:\/\/ultralimited.it\/en\/#website","url":"https:\/\/ultralimited.it\/en\/","name":"Ultra Limited","description":"","potentialAction":[{"@type":"SearchAction","target":{"@type":"EntryPoint","urlTemplate":"https:\/\/ultralimited.it\/en\/?s={search_term_string}"},"query-input":{"@type":"PropertyValueSpecification","valueRequired":true,"valueName":"search_term_string"}}],"inLanguage":"fr-FR"}]}},"_links":{"self":[{"href":"https:\/\/ultralimited.it\/fr\/wp-json\/wp\/v2\/product\/24602","targetHints":{"allow":["GET"]}}],"collection":[{"href":"https:\/\/ultralimited.it\/fr\/wp-json\/wp\/v2\/product"}],"about":[{"href":"https:\/\/ultralimited.it\/fr\/wp-json\/wp\/v2\/types\/product"}],"wp:featuredmedia":[{"embeddable":true,"href":"https:\/\/ultralimited.it\/fr\/wp-json\/wp\/v2\/media\/21125"}],"wp:attachment":[{"href":"https:\/\/ultralimited.it\/fr\/wp-json\/wp\/v2\/media?parent=24602"}],"wp:term":[{"taxonomy":"product_brand","embeddable":true,"href":"https:\/\/ultralimited.it\/fr\/wp-json\/wp\/v2\/product_brand?post=24602"},{"taxonomy":"product_cat","embeddable":true,"href":"https:\/\/ultralimited.it\/fr\/wp-json\/wp\/v2\/product_cat?post=24602"}],"curies":[{"name":"wp","href":"https:\/\/api.w.org\/{rel}","templated":true}]}}