{"id":23831,"date":"2023-03-07T14:19:03","date_gmt":"2023-03-21T14:24:12","guid":{"rendered":"http:\/\/ultralimited.it\/non%20class\u00e9\/alicudi\/"},"modified":"2024-07-10T14:23:25","modified_gmt":"2024-07-10T12:23:25","slug":"alicudi","status":"publish","type":"product","link":"https:\/\/ultralimited.it\/fr\/lunettes\/alicudi\/","title":{"rendered":"Alicudi"},"content":{"rendered":"<p>Le mod\u00e8le Alicudi d\u2019Ultra Limited offre un design particulier et sophistiqu\u00e9. La monture est caract\u00e9ris\u00e9e par une forme rectangulaire l\u00e9g\u00e8rement arrondie aux angles pour un \u00e9quilibre parfait entre modernit\u00e9 et confort. Elles repr\u00e9sentent la solution parfaite pour les personnes qui recherchent un accessoire alliant \u00e9l\u00e9gance et unicit\u00e9. Id\u00e9ales pour un usage quotidien comme pour les occasions sp\u00e9ciales, ces lunettes, compos\u00e9es d\u2019environ 10 feuilles d\u2019ac\u00e9tate color\u00e9, s\u2019adaptent facilement \u00e0 diff\u00e9rents styles, du plus d\u00e9contract\u00e9 au plus formel. Ne perdez pas de temps et profitez d\u2019une exp\u00e9rience visuelle hors du commun gr\u00e2ce au mod\u00e8le Alicudi.<\/p>\n","protected":false},"excerpt":{"rendered":"<p>Le mod\u00e8le Alicudi d\u2019Ultra Limited offre un design particulier et sophistiqu\u00e9. La monture est caract\u00e9ris\u00e9e par une forme rectangulaire l\u00e9g\u00e8rement arrondie aux angles pour un \u00e9quilibre parfait entre modernit\u00e9 et confort. Elles repr\u00e9sentent la solution parfaite pour les personnes qui recherchent un accessoire alliant \u00e9l\u00e9gance et unicit\u00e9. Id\u00e9ales pour un usage quotidien comme pour les <a href=\"https:\/\/ultralimited.it\/fr\/lunettes\/alicudi\/\" class=\"more-link\">&#8230;<\/a><\/p>\n","protected":false},"featured_media":18750,"template":"","meta":{"_acf_changed":false},"product_brand":[],"product_cat":[129,117,122],"class_list":{"0":"post-23831","1":"product","2":"type-product","3":"status-publish","4":"has-post-thumbnail","6":"product_cat-homme","7":"product_cat-lunettes","8":"product_cat-lunettes-de-vue","10":"first","11":"instock","12":"shipping-taxable","13":"product-type-variable"},"acf":[],"yoast_head":"<!-- This site is optimized with the Yoast SEO plugin v26.4 - https:\/\/yoast.com\/wordpress\/plugins\/seo\/ -->\n<title>Alicudi - Ultra Limited<\/title>\n<meta name=\"robots\" content=\"index, follow, max-snippet:-1, max-image-preview:large, max-video-preview:-1\" \/>\n<link rel=\"canonical\" href=\"https:\/\/ultralimited.it\/fr\/lunettes\/alicudi\/\" \/>\n<meta property=\"og:locale\" content=\"fr_FR\" \/>\n<meta property=\"og:type\" content=\"article\" \/>\n<meta property=\"og:title\" content=\"Alicudi - Ultra Limited\" \/>\n<meta property=\"og:description\" content=\"Le mod\u00e8le Alicudi d\u2019Ultra Limited offre un design particulier et sophistiqu\u00e9. La monture est caract\u00e9ris\u00e9e par une forme rectangulaire l\u00e9g\u00e8rement arrondie aux angles pour un \u00e9quilibre parfait entre modernit\u00e9 et confort. Elles repr\u00e9sentent la solution parfaite pour les personnes qui recherchent un accessoire alliant \u00e9l\u00e9gance et unicit\u00e9. Id\u00e9ales pour un usage quotidien comme pour les ...\" \/>\n<meta property=\"og:url\" content=\"https:\/\/ultralimited.it\/fr\/lunettes\/alicudi\/\" \/>\n<meta property=\"og:site_name\" content=\"Ultra Limited\" \/>\n<meta property=\"article:modified_time\" content=\"2024-07-10T12:23:25+00:00\" \/>\n<meta property=\"og:image\" content=\"https:\/\/ultralimited.it\/wp-content\/uploads\/2023\/03\/ALICUDI-NERO-SPAZ.jpg\" \/>\n\t<meta property=\"og:image:width\" content=\"1600\" \/>\n\t<meta property=\"og:image:height\" content=\"1200\" \/>\n\t<meta property=\"og:image:type\" content=\"image\/jpeg\" \/>\n<meta name=\"twitter:card\" content=\"summary_large_image\" \/>\n<meta name=\"twitter:label1\" content=\"Dur\u00e9e de lecture estim\u00e9e\" \/>\n\t<meta name=\"twitter:data1\" content=\"1 minute\" \/>\n<script type=\"application\/ld+json\" class=\"yoast-schema-graph\">{\"@context\":\"https:\/\/schema.org\",\"@graph\":[{\"@type\":\"WebPage\",\"@id\":\"https:\/\/ultralimited.it\/fr\/lunettes\/alicudi\/\",\"url\":\"https:\/\/ultralimited.it\/fr\/lunettes\/alicudi\/\",\"name\":\"Alicudi - Ultra Limited\",\"isPartOf\":{\"@id\":\"https:\/\/ultralimited.it\/en\/#website\"},\"primaryImageOfPage\":{\"@id\":\"https:\/\/ultralimited.it\/fr\/lunettes\/alicudi\/#primaryimage\"},\"image\":{\"@id\":\"https:\/\/ultralimited.it\/fr\/lunettes\/alicudi\/#primaryimage\"},\"thumbnailUrl\":\"https:\/\/ultralimited.it\/wp-content\/uploads\/2023\/03\/ALICUDI-NERO-SPAZ.jpg\",\"datePublished\":\"2023-03-21T14:24:12+00:00\",\"dateModified\":\"2024-07-10T12:23:25+00:00\",\"breadcrumb\":{\"@id\":\"https:\/\/ultralimited.it\/fr\/lunettes\/alicudi\/#breadcrumb\"},\"inLanguage\":\"fr-FR\",\"potentialAction\":[{\"@type\":\"ReadAction\",\"target\":[\"https:\/\/ultralimited.it\/fr\/lunettes\/alicudi\/\"]}]},{\"@type\":\"ImageObject\",\"inLanguage\":\"fr-FR\",\"@id\":\"https:\/\/ultralimited.it\/fr\/lunettes\/alicudi\/#primaryimage\",\"url\":\"https:\/\/ultralimited.it\/wp-content\/uploads\/2023\/03\/ALICUDI-NERO-SPAZ.jpg\",\"contentUrl\":\"https:\/\/ultralimited.it\/wp-content\/uploads\/2023\/03\/ALICUDI-NERO-SPAZ.jpg\",\"width\":1600,\"height\":1200},{\"@type\":\"BreadcrumbList\",\"@id\":\"https:\/\/ultralimited.it\/fr\/lunettes\/alicudi\/#breadcrumb\",\"itemListElement\":[{\"@type\":\"ListItem\",\"position\":1,\"name\":\"Home\",\"item\":\"https:\/\/ultralimited.it\/fr\/\"},{\"@type\":\"ListItem\",\"position\":2,\"name\":\"Alicudi\"}]},{\"@type\":\"WebSite\",\"@id\":\"https:\/\/ultralimited.it\/en\/#website\",\"url\":\"https:\/\/ultralimited.it\/en\/\",\"name\":\"Ultra Limited\",\"description\":\"\",\"potentialAction\":[{\"@type\":\"SearchAction\",\"target\":{\"@type\":\"EntryPoint\",\"urlTemplate\":\"https:\/\/ultralimited.it\/en\/?s={search_term_string}\"},\"query-input\":{\"@type\":\"PropertyValueSpecification\",\"valueRequired\":true,\"valueName\":\"search_term_string\"}}],\"inLanguage\":\"fr-FR\"}]}<\/script>\n<!-- \/ Yoast SEO plugin. -->","yoast_head_json":{"title":"Alicudi - Ultra Limited","robots":{"index":"index","follow":"follow","max-snippet":"max-snippet:-1","max-image-preview":"max-image-preview:large","max-video-preview":"max-video-preview:-1"},"canonical":"https:\/\/ultralimited.it\/fr\/lunettes\/alicudi\/","og_locale":"fr_FR","og_type":"article","og_title":"Alicudi - Ultra Limited","og_description":"Le mod\u00e8le Alicudi d\u2019Ultra Limited offre un design particulier et sophistiqu\u00e9. La monture est caract\u00e9ris\u00e9e par une forme rectangulaire l\u00e9g\u00e8rement arrondie aux angles pour un \u00e9quilibre parfait entre modernit\u00e9 et confort. Elles repr\u00e9sentent la solution parfaite pour les personnes qui recherchent un accessoire alliant \u00e9l\u00e9gance et unicit\u00e9. Id\u00e9ales pour un usage quotidien comme pour les ...","og_url":"https:\/\/ultralimited.it\/fr\/lunettes\/alicudi\/","og_site_name":"Ultra Limited","article_modified_time":"2024-07-10T12:23:25+00:00","og_image":[{"width":1600,"height":1200,"url":"https:\/\/ultralimited.it\/wp-content\/uploads\/2023\/03\/ALICUDI-NERO-SPAZ.jpg","type":"image\/jpeg"}],"twitter_card":"summary_large_image","twitter_misc":{"Dur\u00e9e de lecture estim\u00e9e":"1 minute"},"schema":{"@context":"https:\/\/schema.org","@graph":[{"@type":"WebPage","@id":"https:\/\/ultralimited.it\/fr\/lunettes\/alicudi\/","url":"https:\/\/ultralimited.it\/fr\/lunettes\/alicudi\/","name":"Alicudi - Ultra Limited","isPartOf":{"@id":"https:\/\/ultralimited.it\/en\/#website"},"primaryImageOfPage":{"@id":"https:\/\/ultralimited.it\/fr\/lunettes\/alicudi\/#primaryimage"},"image":{"@id":"https:\/\/ultralimited.it\/fr\/lunettes\/alicudi\/#primaryimage"},"thumbnailUrl":"https:\/\/ultralimited.it\/wp-content\/uploads\/2023\/03\/ALICUDI-NERO-SPAZ.jpg","datePublished":"2023-03-21T14:24:12+00:00","dateModified":"2024-07-10T12:23:25+00:00","breadcrumb":{"@id":"https:\/\/ultralimited.it\/fr\/lunettes\/alicudi\/#breadcrumb"},"inLanguage":"fr-FR","potentialAction":[{"@type":"ReadAction","target":["https:\/\/ultralimited.it\/fr\/lunettes\/alicudi\/"]}]},{"@type":"ImageObject","inLanguage":"fr-FR","@id":"https:\/\/ultralimited.it\/fr\/lunettes\/alicudi\/#primaryimage","url":"https:\/\/ultralimited.it\/wp-content\/uploads\/2023\/03\/ALICUDI-NERO-SPAZ.jpg","contentUrl":"https:\/\/ultralimited.it\/wp-content\/uploads\/2023\/03\/ALICUDI-NERO-SPAZ.jpg","width":1600,"height":1200},{"@type":"BreadcrumbList","@id":"https:\/\/ultralimited.it\/fr\/lunettes\/alicudi\/#breadcrumb","itemListElement":[{"@type":"ListItem","position":1,"name":"Home","item":"https:\/\/ultralimited.it\/fr\/"},{"@type":"ListItem","position":2,"name":"Alicudi"}]},{"@type":"WebSite","@id":"https:\/\/ultralimited.it\/en\/#website","url":"https:\/\/ultralimited.it\/en\/","name":"Ultra Limited","description":"","potentialAction":[{"@type":"SearchAction","target":{"@type":"EntryPoint","urlTemplate":"https:\/\/ultralimited.it\/en\/?s={search_term_string}"},"query-input":{"@type":"PropertyValueSpecification","valueRequired":true,"valueName":"search_term_string"}}],"inLanguage":"fr-FR"}]}},"_links":{"self":[{"href":"https:\/\/ultralimited.it\/fr\/wp-json\/wp\/v2\/product\/23831","targetHints":{"allow":["GET"]}}],"collection":[{"href":"https:\/\/ultralimited.it\/fr\/wp-json\/wp\/v2\/product"}],"about":[{"href":"https:\/\/ultralimited.it\/fr\/wp-json\/wp\/v2\/types\/product"}],"wp:featuredmedia":[{"embeddable":true,"href":"https:\/\/ultralimited.it\/fr\/wp-json\/wp\/v2\/media\/18750"}],"wp:attachment":[{"href":"https:\/\/ultralimited.it\/fr\/wp-json\/wp\/v2\/media?parent=23831"}],"wp:term":[{"taxonomy":"product_brand","embeddable":true,"href":"https:\/\/ultralimited.it\/fr\/wp-json\/wp\/v2\/product_brand?post=23831"},{"taxonomy":"product_cat","embeddable":true,"href":"https:\/\/ultralimited.it\/fr\/wp-json\/wp\/v2\/product_cat?post=23831"}],"curies":[{"name":"wp","href":"https:\/\/api.w.org\/{rel}","templated":true}]}}