{"id":23744,"date":"2023-03-07T17:25:32","date_gmt":"2023-03-21T14:13:08","guid":{"rendered":"http:\/\/ultralimited.it\/non%20class\u00e9\/laggio\/"},"modified":"2024-02-29T11:59:26","modified_gmt":"2024-02-29T10:59:26","slug":"laggio","status":"publish","type":"product","link":"https:\/\/ultralimited.it\/fr\/lunettes\/laggio\/","title":{"rendered":"Laggio"},"content":{"rendered":"<p><span data-sheets-value=\"{\"1\":2,\"2\":\"Occhiale da vista Ultra Limited Trapani. Realizzato a mano combinando il sapere artigiano del distretto bellunese a tecnologie d\u2019avanguardia. Assemblaggio di 12 lastre di acetato di cellulosa, lavorate per pi\u00f9 di 41 giorni in diverse fasi: taglio, pressa, forno, burattatura, finitura e lucidatura.\"}\" data-sheets-userformat=\"{\"2\":513,\"3\":{\"1\":0},\"12\":0}\">Lunettes de vue Laggio Ultra Limited. Fabriqu\u00e9es \u00e0 la main en associant le savoir-faire artisanal de la r\u00e9gion de Belluno \u00e0 une technologie de pointe. Assemblage de 12 feuilles d&rsquo;ac\u00e9tate de cellulose, trait\u00e9es pendant plus de 41 jours en diff\u00e9rentes phases: s\u00e9lection, encollage, s\u00e9chage, pressage, \u00e9tuvage, d\u00e9coupage, tonnelage, finition et polissage.<\/span><\/p>\n","protected":false},"excerpt":{"rendered":"<p>Lunettes de vue Laggio Ultra Limited. Fabriqu\u00e9es \u00e0 la main en associant le savoir-faire artisanal de la r\u00e9gion de Belluno \u00e0 une technologie de pointe. Assemblage de 12 feuilles d&rsquo;ac\u00e9tate de cellulose, trait\u00e9es pendant plus de 41 jours en diff\u00e9rentes phases: s\u00e9lection, encollage, s\u00e9chage, pressage, \u00e9tuvage, d\u00e9coupage, tonnelage, finition et polissage.<\/p>\n","protected":false},"featured_media":19391,"template":"","meta":{"_acf_changed":false},"product_brand":[],"product_cat":[119,117,122],"class_list":{"0":"post-23744","1":"product","2":"type-product","3":"status-publish","4":"has-post-thumbnail","6":"product_cat-femme","7":"product_cat-lunettes","8":"product_cat-lunettes-de-vue","10":"first","11":"instock","12":"shipping-taxable","13":"product-type-variable"},"acf":[],"yoast_head":"<!-- This site is optimized with the Yoast SEO plugin v26.4 - https:\/\/yoast.com\/wordpress\/plugins\/seo\/ -->\n<title>Laggio - Ultra Limited<\/title>\n<meta name=\"robots\" content=\"index, follow, max-snippet:-1, max-image-preview:large, max-video-preview:-1\" \/>\n<link rel=\"canonical\" href=\"https:\/\/ultralimited.it\/fr\/lunettes\/laggio\/\" \/>\n<meta property=\"og:locale\" content=\"fr_FR\" \/>\n<meta property=\"og:type\" content=\"article\" \/>\n<meta property=\"og:title\" content=\"Laggio - Ultra Limited\" \/>\n<meta property=\"og:description\" content=\"Lunettes de vue Laggio Ultra Limited. Fabriqu\u00e9es \u00e0 la main en associant le savoir-faire artisanal de la r\u00e9gion de Belluno \u00e0 une technologie de pointe. Assemblage de 12 feuilles d&rsquo;ac\u00e9tate de cellulose, trait\u00e9es pendant plus de 41 jours en diff\u00e9rentes phases: s\u00e9lection, encollage, s\u00e9chage, pressage, \u00e9tuvage, d\u00e9coupage, tonnelage, finition et polissage.\" \/>\n<meta property=\"og:url\" content=\"https:\/\/ultralimited.it\/fr\/lunettes\/laggio\/\" \/>\n<meta property=\"og:site_name\" content=\"Ultra Limited\" \/>\n<meta property=\"article:modified_time\" content=\"2024-02-29T10:59:26+00:00\" \/>\n<meta property=\"og:image\" content=\"https:\/\/ultralimited.it\/wp-content\/uploads\/2023\/03\/LAGGIO-FRONTALE.jpg\" \/>\n\t<meta property=\"og:image:width\" content=\"1600\" \/>\n\t<meta property=\"og:image:height\" content=\"1067\" \/>\n\t<meta property=\"og:image:type\" content=\"image\/jpeg\" \/>\n<meta name=\"twitter:card\" content=\"summary_large_image\" \/>\n<script type=\"application\/ld+json\" class=\"yoast-schema-graph\">{\"@context\":\"https:\/\/schema.org\",\"@graph\":[{\"@type\":\"WebPage\",\"@id\":\"https:\/\/ultralimited.it\/fr\/lunettes\/laggio\/\",\"url\":\"https:\/\/ultralimited.it\/fr\/lunettes\/laggio\/\",\"name\":\"Laggio - Ultra Limited\",\"isPartOf\":{\"@id\":\"https:\/\/ultralimited.it\/en\/#website\"},\"primaryImageOfPage\":{\"@id\":\"https:\/\/ultralimited.it\/fr\/lunettes\/laggio\/#primaryimage\"},\"image\":{\"@id\":\"https:\/\/ultralimited.it\/fr\/lunettes\/laggio\/#primaryimage\"},\"thumbnailUrl\":\"https:\/\/ultralimited.it\/wp-content\/uploads\/2023\/03\/LAGGIO-FRONTALE.jpg\",\"datePublished\":\"2023-03-21T14:13:08+00:00\",\"dateModified\":\"2024-02-29T10:59:26+00:00\",\"breadcrumb\":{\"@id\":\"https:\/\/ultralimited.it\/fr\/lunettes\/laggio\/#breadcrumb\"},\"inLanguage\":\"fr-FR\",\"potentialAction\":[{\"@type\":\"ReadAction\",\"target\":[\"https:\/\/ultralimited.it\/fr\/lunettes\/laggio\/\"]}]},{\"@type\":\"ImageObject\",\"inLanguage\":\"fr-FR\",\"@id\":\"https:\/\/ultralimited.it\/fr\/lunettes\/laggio\/#primaryimage\",\"url\":\"https:\/\/ultralimited.it\/wp-content\/uploads\/2023\/03\/LAGGIO-FRONTALE.jpg\",\"contentUrl\":\"https:\/\/ultralimited.it\/wp-content\/uploads\/2023\/03\/LAGGIO-FRONTALE.jpg\",\"width\":1600,\"height\":1067},{\"@type\":\"BreadcrumbList\",\"@id\":\"https:\/\/ultralimited.it\/fr\/lunettes\/laggio\/#breadcrumb\",\"itemListElement\":[{\"@type\":\"ListItem\",\"position\":1,\"name\":\"Home\",\"item\":\"https:\/\/ultralimited.it\/fr\/\"},{\"@type\":\"ListItem\",\"position\":2,\"name\":\"Laggio\"}]},{\"@type\":\"WebSite\",\"@id\":\"https:\/\/ultralimited.it\/en\/#website\",\"url\":\"https:\/\/ultralimited.it\/en\/\",\"name\":\"Ultra Limited\",\"description\":\"\",\"potentialAction\":[{\"@type\":\"SearchAction\",\"target\":{\"@type\":\"EntryPoint\",\"urlTemplate\":\"https:\/\/ultralimited.it\/en\/?s={search_term_string}\"},\"query-input\":{\"@type\":\"PropertyValueSpecification\",\"valueRequired\":true,\"valueName\":\"search_term_string\"}}],\"inLanguage\":\"fr-FR\"}]}<\/script>\n<!-- \/ Yoast SEO plugin. -->","yoast_head_json":{"title":"Laggio - Ultra Limited","robots":{"index":"index","follow":"follow","max-snippet":"max-snippet:-1","max-image-preview":"max-image-preview:large","max-video-preview":"max-video-preview:-1"},"canonical":"https:\/\/ultralimited.it\/fr\/lunettes\/laggio\/","og_locale":"fr_FR","og_type":"article","og_title":"Laggio - Ultra Limited","og_description":"Lunettes de vue Laggio Ultra Limited. Fabriqu\u00e9es \u00e0 la main en associant le savoir-faire artisanal de la r\u00e9gion de Belluno \u00e0 une technologie de pointe. Assemblage de 12 feuilles d&rsquo;ac\u00e9tate de cellulose, trait\u00e9es pendant plus de 41 jours en diff\u00e9rentes phases: s\u00e9lection, encollage, s\u00e9chage, pressage, \u00e9tuvage, d\u00e9coupage, tonnelage, finition et polissage.","og_url":"https:\/\/ultralimited.it\/fr\/lunettes\/laggio\/","og_site_name":"Ultra Limited","article_modified_time":"2024-02-29T10:59:26+00:00","og_image":[{"width":1600,"height":1067,"url":"https:\/\/ultralimited.it\/wp-content\/uploads\/2023\/03\/LAGGIO-FRONTALE.jpg","type":"image\/jpeg"}],"twitter_card":"summary_large_image","schema":{"@context":"https:\/\/schema.org","@graph":[{"@type":"WebPage","@id":"https:\/\/ultralimited.it\/fr\/lunettes\/laggio\/","url":"https:\/\/ultralimited.it\/fr\/lunettes\/laggio\/","name":"Laggio - Ultra Limited","isPartOf":{"@id":"https:\/\/ultralimited.it\/en\/#website"},"primaryImageOfPage":{"@id":"https:\/\/ultralimited.it\/fr\/lunettes\/laggio\/#primaryimage"},"image":{"@id":"https:\/\/ultralimited.it\/fr\/lunettes\/laggio\/#primaryimage"},"thumbnailUrl":"https:\/\/ultralimited.it\/wp-content\/uploads\/2023\/03\/LAGGIO-FRONTALE.jpg","datePublished":"2023-03-21T14:13:08+00:00","dateModified":"2024-02-29T10:59:26+00:00","breadcrumb":{"@id":"https:\/\/ultralimited.it\/fr\/lunettes\/laggio\/#breadcrumb"},"inLanguage":"fr-FR","potentialAction":[{"@type":"ReadAction","target":["https:\/\/ultralimited.it\/fr\/lunettes\/laggio\/"]}]},{"@type":"ImageObject","inLanguage":"fr-FR","@id":"https:\/\/ultralimited.it\/fr\/lunettes\/laggio\/#primaryimage","url":"https:\/\/ultralimited.it\/wp-content\/uploads\/2023\/03\/LAGGIO-FRONTALE.jpg","contentUrl":"https:\/\/ultralimited.it\/wp-content\/uploads\/2023\/03\/LAGGIO-FRONTALE.jpg","width":1600,"height":1067},{"@type":"BreadcrumbList","@id":"https:\/\/ultralimited.it\/fr\/lunettes\/laggio\/#breadcrumb","itemListElement":[{"@type":"ListItem","position":1,"name":"Home","item":"https:\/\/ultralimited.it\/fr\/"},{"@type":"ListItem","position":2,"name":"Laggio"}]},{"@type":"WebSite","@id":"https:\/\/ultralimited.it\/en\/#website","url":"https:\/\/ultralimited.it\/en\/","name":"Ultra Limited","description":"","potentialAction":[{"@type":"SearchAction","target":{"@type":"EntryPoint","urlTemplate":"https:\/\/ultralimited.it\/en\/?s={search_term_string}"},"query-input":{"@type":"PropertyValueSpecification","valueRequired":true,"valueName":"search_term_string"}}],"inLanguage":"fr-FR"}]}},"_links":{"self":[{"href":"https:\/\/ultralimited.it\/fr\/wp-json\/wp\/v2\/product\/23744","targetHints":{"allow":["GET"]}}],"collection":[{"href":"https:\/\/ultralimited.it\/fr\/wp-json\/wp\/v2\/product"}],"about":[{"href":"https:\/\/ultralimited.it\/fr\/wp-json\/wp\/v2\/types\/product"}],"wp:featuredmedia":[{"embeddable":true,"href":"https:\/\/ultralimited.it\/fr\/wp-json\/wp\/v2\/media\/19391"}],"wp:attachment":[{"href":"https:\/\/ultralimited.it\/fr\/wp-json\/wp\/v2\/media?parent=23744"}],"wp:term":[{"taxonomy":"product_brand","embeddable":true,"href":"https:\/\/ultralimited.it\/fr\/wp-json\/wp\/v2\/product_brand?post=23744"},{"taxonomy":"product_cat","embeddable":true,"href":"https:\/\/ultralimited.it\/fr\/wp-json\/wp\/v2\/product_cat?post=23744"}],"curies":[{"name":"wp","href":"https:\/\/api.w.org\/{rel}","templated":true}]}}