{"id":23724,"date":"2023-03-07T17:38:46","date_gmt":"2023-03-21T14:08:57","guid":{"rendered":"http:\/\/ultralimited.it\/non%20class\u00e9\/pozzuoli\/"},"modified":"2024-07-09T15:55:15","modified_gmt":"2024-07-09T13:55:15","slug":"pozzuoli","status":"publish","type":"product","link":"https:\/\/ultralimited.it\/fr\/lunettes\/pozzuoli\/","title":{"rendered":"Pozzuoli"},"content":{"rendered":"<p>Les lunettes Pozzuoli d\u2019Ultra Limited sont une merveille de couleurs et de design audacieux, parfaites pour les personnes qui d\u00e9sirent se distinguer avec style. Ce mod\u00e8le pr\u00e9sente une monture rectangulaire caract\u00e9ris\u00e9e par des combinaisons de couleurs vives : rouge, bleu, bleu clair, blanc, noir et \u00e9caille de tortue. Le contraste entre les diff\u00e9rentes sections de couleur et les textures cr\u00e9e un effet visuel unique et dynamique. La structure robuste de la monture est fabriqu\u00e9e en ac\u00e9tate de cellulose, un mat\u00e9riau de haute qualit\u00e9 qui garantit durabilit\u00e9 et confort. La fabrication de chaque monture Pozzuoli dure jusqu\u2019\u00e0 41 jours. Le savoir-faire italien se refl\u00e8te dans chaque d\u00e9tail, des lignes nettes et pr\u00e9cises \u00e0 la finition polie. D\u00e9couvrez la beaut\u00e9 du mod\u00e8le Pozzuoli d\u2019Ultra Limited.<\/p>\n","protected":false},"excerpt":{"rendered":"<p>Les lunettes Pozzuoli d\u2019Ultra Limited sont une merveille de couleurs et de design audacieux, parfaites pour les personnes qui d\u00e9sirent se distinguer avec style. Ce mod\u00e8le pr\u00e9sente une monture rectangulaire caract\u00e9ris\u00e9e par des combinaisons de couleurs vives : rouge, bleu, bleu clair, blanc, noir et \u00e9caille de tortue. Le contraste entre les diff\u00e9rentes sections de <a href=\"https:\/\/ultralimited.it\/fr\/lunettes\/pozzuoli\/\" class=\"more-link\">&#8230;<\/a><\/p>\n","protected":false},"featured_media":19838,"template":"","meta":{"_acf_changed":false},"product_brand":[],"product_cat":[119,117,122],"class_list":{"0":"post-23724","1":"product","2":"type-product","3":"status-publish","4":"has-post-thumbnail","6":"product_cat-femme","7":"product_cat-lunettes","8":"product_cat-lunettes-de-vue","10":"first","11":"instock","12":"shipping-taxable","13":"product-type-variable"},"acf":[],"yoast_head":"<!-- This site is optimized with the Yoast SEO plugin v26.4 - https:\/\/yoast.com\/wordpress\/plugins\/seo\/ -->\n<title>Pozzuoli - Ultra Limited<\/title>\n<meta name=\"robots\" content=\"index, follow, max-snippet:-1, max-image-preview:large, max-video-preview:-1\" \/>\n<link rel=\"canonical\" href=\"https:\/\/ultralimited.it\/fr\/lunettes\/pozzuoli\/\" \/>\n<meta property=\"og:locale\" content=\"fr_FR\" \/>\n<meta property=\"og:type\" content=\"article\" \/>\n<meta property=\"og:title\" content=\"Pozzuoli - Ultra Limited\" \/>\n<meta property=\"og:description\" content=\"Les lunettes Pozzuoli d\u2019Ultra Limited sont une merveille de couleurs et de design audacieux, parfaites pour les personnes qui d\u00e9sirent se distinguer avec style. Ce mod\u00e8le pr\u00e9sente une monture rectangulaire caract\u00e9ris\u00e9e par des combinaisons de couleurs vives : rouge, bleu, bleu clair, blanc, noir et \u00e9caille de tortue. Le contraste entre les diff\u00e9rentes sections de ...\" \/>\n<meta property=\"og:url\" content=\"https:\/\/ultralimited.it\/fr\/lunettes\/pozzuoli\/\" \/>\n<meta property=\"og:site_name\" content=\"Ultra Limited\" \/>\n<meta property=\"article:modified_time\" content=\"2024-07-09T13:55:15+00:00\" \/>\n<meta property=\"og:image\" content=\"https:\/\/ultralimited.it\/wp-content\/uploads\/2023\/03\/POZZUOLI-FRONTALE.jpg\" \/>\n\t<meta property=\"og:image:width\" content=\"1600\" \/>\n\t<meta property=\"og:image:height\" content=\"1059\" \/>\n\t<meta property=\"og:image:type\" content=\"image\/jpeg\" \/>\n<meta name=\"twitter:card\" content=\"summary_large_image\" \/>\n<meta name=\"twitter:label1\" content=\"Dur\u00e9e de lecture estim\u00e9e\" \/>\n\t<meta name=\"twitter:data1\" content=\"1 minute\" \/>\n<script type=\"application\/ld+json\" class=\"yoast-schema-graph\">{\"@context\":\"https:\/\/schema.org\",\"@graph\":[{\"@type\":\"WebPage\",\"@id\":\"https:\/\/ultralimited.it\/fr\/lunettes\/pozzuoli\/\",\"url\":\"https:\/\/ultralimited.it\/fr\/lunettes\/pozzuoli\/\",\"name\":\"Pozzuoli - Ultra Limited\",\"isPartOf\":{\"@id\":\"https:\/\/ultralimited.it\/en\/#website\"},\"primaryImageOfPage\":{\"@id\":\"https:\/\/ultralimited.it\/fr\/lunettes\/pozzuoli\/#primaryimage\"},\"image\":{\"@id\":\"https:\/\/ultralimited.it\/fr\/lunettes\/pozzuoli\/#primaryimage\"},\"thumbnailUrl\":\"https:\/\/ultralimited.it\/wp-content\/uploads\/2023\/03\/POZZUOLI-FRONTALE.jpg\",\"datePublished\":\"2023-03-21T14:08:57+00:00\",\"dateModified\":\"2024-07-09T13:55:15+00:00\",\"breadcrumb\":{\"@id\":\"https:\/\/ultralimited.it\/fr\/lunettes\/pozzuoli\/#breadcrumb\"},\"inLanguage\":\"fr-FR\",\"potentialAction\":[{\"@type\":\"ReadAction\",\"target\":[\"https:\/\/ultralimited.it\/fr\/lunettes\/pozzuoli\/\"]}]},{\"@type\":\"ImageObject\",\"inLanguage\":\"fr-FR\",\"@id\":\"https:\/\/ultralimited.it\/fr\/lunettes\/pozzuoli\/#primaryimage\",\"url\":\"https:\/\/ultralimited.it\/wp-content\/uploads\/2023\/03\/POZZUOLI-FRONTALE.jpg\",\"contentUrl\":\"https:\/\/ultralimited.it\/wp-content\/uploads\/2023\/03\/POZZUOLI-FRONTALE.jpg\",\"width\":1600,\"height\":1059},{\"@type\":\"BreadcrumbList\",\"@id\":\"https:\/\/ultralimited.it\/fr\/lunettes\/pozzuoli\/#breadcrumb\",\"itemListElement\":[{\"@type\":\"ListItem\",\"position\":1,\"name\":\"Home\",\"item\":\"https:\/\/ultralimited.it\/fr\/\"},{\"@type\":\"ListItem\",\"position\":2,\"name\":\"Pozzuoli\"}]},{\"@type\":\"WebSite\",\"@id\":\"https:\/\/ultralimited.it\/en\/#website\",\"url\":\"https:\/\/ultralimited.it\/en\/\",\"name\":\"Ultra Limited\",\"description\":\"\",\"potentialAction\":[{\"@type\":\"SearchAction\",\"target\":{\"@type\":\"EntryPoint\",\"urlTemplate\":\"https:\/\/ultralimited.it\/en\/?s={search_term_string}\"},\"query-input\":{\"@type\":\"PropertyValueSpecification\",\"valueRequired\":true,\"valueName\":\"search_term_string\"}}],\"inLanguage\":\"fr-FR\"}]}<\/script>\n<!-- \/ Yoast SEO plugin. -->","yoast_head_json":{"title":"Pozzuoli - Ultra Limited","robots":{"index":"index","follow":"follow","max-snippet":"max-snippet:-1","max-image-preview":"max-image-preview:large","max-video-preview":"max-video-preview:-1"},"canonical":"https:\/\/ultralimited.it\/fr\/lunettes\/pozzuoli\/","og_locale":"fr_FR","og_type":"article","og_title":"Pozzuoli - Ultra Limited","og_description":"Les lunettes Pozzuoli d\u2019Ultra Limited sont une merveille de couleurs et de design audacieux, parfaites pour les personnes qui d\u00e9sirent se distinguer avec style. Ce mod\u00e8le pr\u00e9sente une monture rectangulaire caract\u00e9ris\u00e9e par des combinaisons de couleurs vives : rouge, bleu, bleu clair, blanc, noir et \u00e9caille de tortue. Le contraste entre les diff\u00e9rentes sections de ...","og_url":"https:\/\/ultralimited.it\/fr\/lunettes\/pozzuoli\/","og_site_name":"Ultra Limited","article_modified_time":"2024-07-09T13:55:15+00:00","og_image":[{"width":1600,"height":1059,"url":"https:\/\/ultralimited.it\/wp-content\/uploads\/2023\/03\/POZZUOLI-FRONTALE.jpg","type":"image\/jpeg"}],"twitter_card":"summary_large_image","twitter_misc":{"Dur\u00e9e de lecture estim\u00e9e":"1 minute"},"schema":{"@context":"https:\/\/schema.org","@graph":[{"@type":"WebPage","@id":"https:\/\/ultralimited.it\/fr\/lunettes\/pozzuoli\/","url":"https:\/\/ultralimited.it\/fr\/lunettes\/pozzuoli\/","name":"Pozzuoli - Ultra Limited","isPartOf":{"@id":"https:\/\/ultralimited.it\/en\/#website"},"primaryImageOfPage":{"@id":"https:\/\/ultralimited.it\/fr\/lunettes\/pozzuoli\/#primaryimage"},"image":{"@id":"https:\/\/ultralimited.it\/fr\/lunettes\/pozzuoli\/#primaryimage"},"thumbnailUrl":"https:\/\/ultralimited.it\/wp-content\/uploads\/2023\/03\/POZZUOLI-FRONTALE.jpg","datePublished":"2023-03-21T14:08:57+00:00","dateModified":"2024-07-09T13:55:15+00:00","breadcrumb":{"@id":"https:\/\/ultralimited.it\/fr\/lunettes\/pozzuoli\/#breadcrumb"},"inLanguage":"fr-FR","potentialAction":[{"@type":"ReadAction","target":["https:\/\/ultralimited.it\/fr\/lunettes\/pozzuoli\/"]}]},{"@type":"ImageObject","inLanguage":"fr-FR","@id":"https:\/\/ultralimited.it\/fr\/lunettes\/pozzuoli\/#primaryimage","url":"https:\/\/ultralimited.it\/wp-content\/uploads\/2023\/03\/POZZUOLI-FRONTALE.jpg","contentUrl":"https:\/\/ultralimited.it\/wp-content\/uploads\/2023\/03\/POZZUOLI-FRONTALE.jpg","width":1600,"height":1059},{"@type":"BreadcrumbList","@id":"https:\/\/ultralimited.it\/fr\/lunettes\/pozzuoli\/#breadcrumb","itemListElement":[{"@type":"ListItem","position":1,"name":"Home","item":"https:\/\/ultralimited.it\/fr\/"},{"@type":"ListItem","position":2,"name":"Pozzuoli"}]},{"@type":"WebSite","@id":"https:\/\/ultralimited.it\/en\/#website","url":"https:\/\/ultralimited.it\/en\/","name":"Ultra Limited","description":"","potentialAction":[{"@type":"SearchAction","target":{"@type":"EntryPoint","urlTemplate":"https:\/\/ultralimited.it\/en\/?s={search_term_string}"},"query-input":{"@type":"PropertyValueSpecification","valueRequired":true,"valueName":"search_term_string"}}],"inLanguage":"fr-FR"}]}},"_links":{"self":[{"href":"https:\/\/ultralimited.it\/fr\/wp-json\/wp\/v2\/product\/23724","targetHints":{"allow":["GET"]}}],"collection":[{"href":"https:\/\/ultralimited.it\/fr\/wp-json\/wp\/v2\/product"}],"about":[{"href":"https:\/\/ultralimited.it\/fr\/wp-json\/wp\/v2\/types\/product"}],"wp:featuredmedia":[{"embeddable":true,"href":"https:\/\/ultralimited.it\/fr\/wp-json\/wp\/v2\/media\/19838"}],"wp:attachment":[{"href":"https:\/\/ultralimited.it\/fr\/wp-json\/wp\/v2\/media?parent=23724"}],"wp:term":[{"taxonomy":"product_brand","embeddable":true,"href":"https:\/\/ultralimited.it\/fr\/wp-json\/wp\/v2\/product_brand?post=23724"},{"taxonomy":"product_cat","embeddable":true,"href":"https:\/\/ultralimited.it\/fr\/wp-json\/wp\/v2\/product_cat?post=23724"}],"curies":[{"name":"wp","href":"https:\/\/api.w.org\/{rel}","templated":true}]}}