{"id":23705,"date":"2023-03-07T22:10:28","date_gmt":"2023-03-21T14:05:43","guid":{"rendered":"http:\/\/ultralimited.it\/non%20class\u00e9\/forli\/"},"modified":"2024-07-09T15:52:39","modified_gmt":"2024-07-09T13:52:39","slug":"forli","status":"publish","type":"product","link":"https:\/\/ultralimited.it\/fr\/lunettes\/forli\/","title":{"rendered":"Forl\u00ec"},"content":{"rendered":"<p>Les lunettes Forl\u00ec d\u2019Ultra Limited \u00e9voquent une symphonie de couleurs et de lignes en formant un accessoire unique qui transforme n\u2019importe quel look. Le design des lunettes est extr\u00eamement s\u00e9duisant, une combinaison de couleurs vives en mesure de cr\u00e9er un effet visuel surprenant et dynamique. Gr\u00e2ce \u00e0 leur structure solide et \u00e0 l\u2019attention port\u00e9e aux d\u00e9tails, ces lunettes repr\u00e9sentent un v\u00e9ritable accessoire de mode, mais aussi un exemple de haute qualit\u00e9 artisanale. Le mod\u00e8le Forl\u00ec est cr\u00e9\u00e9 \u00e0 partir de 12 feuilles d\u2019ac\u00e9tate de cellulose, trait\u00e9es m\u00e9ticuleusement pendant plus de 41 jours \u00e0 travers diff\u00e9rentes \u00e9tapes : s\u00e9lection, collage, durcissement, pressage, cuisson, d\u00e9coupage, polissage au tonneau, finition et encore une phase polissage. D\u00e9couvrez le mod\u00e8le Forl\u00ec d\u2019Ultra Limited.<\/p>\n","protected":false},"excerpt":{"rendered":"<p>Les lunettes Forl\u00ec d\u2019Ultra Limited \u00e9voquent une symphonie de couleurs et de lignes en formant un accessoire unique qui transforme n\u2019importe quel look. Le design des lunettes est extr\u00eamement s\u00e9duisant, une combinaison de couleurs vives en mesure de cr\u00e9er un effet visuel surprenant et dynamique. Gr\u00e2ce \u00e0 leur structure solide et \u00e0 l\u2019attention port\u00e9e aux <a href=\"https:\/\/ultralimited.it\/fr\/lunettes\/forli\/\" class=\"more-link\">&#8230;<\/a><\/p>\n","protected":false},"featured_media":19214,"template":"","meta":{"_acf_changed":false},"product_brand":[],"product_cat":[119,129,117,122],"class_list":{"0":"post-23705","1":"product","2":"type-product","3":"status-publish","4":"has-post-thumbnail","6":"product_cat-femme","7":"product_cat-homme","8":"product_cat-lunettes","9":"product_cat-lunettes-de-vue","11":"first","12":"instock","13":"shipping-taxable","14":"product-type-variable"},"acf":[],"yoast_head":"<!-- This site is optimized with the Yoast SEO plugin v26.4 - https:\/\/yoast.com\/wordpress\/plugins\/seo\/ -->\n<title>Forl\u00ec - Ultra Limited<\/title>\n<meta name=\"robots\" content=\"index, follow, max-snippet:-1, max-image-preview:large, max-video-preview:-1\" \/>\n<link rel=\"canonical\" href=\"https:\/\/ultralimited.it\/fr\/lunettes\/forli\/\" \/>\n<meta property=\"og:locale\" content=\"fr_FR\" \/>\n<meta property=\"og:type\" content=\"article\" \/>\n<meta property=\"og:title\" content=\"Forl\u00ec - Ultra Limited\" \/>\n<meta property=\"og:description\" content=\"Les lunettes Forl\u00ec d\u2019Ultra Limited \u00e9voquent une symphonie de couleurs et de lignes en formant un accessoire unique qui transforme n\u2019importe quel look. Le design des lunettes est extr\u00eamement s\u00e9duisant, une combinaison de couleurs vives en mesure de cr\u00e9er un effet visuel surprenant et dynamique. Gr\u00e2ce \u00e0 leur structure solide et \u00e0 l\u2019attention port\u00e9e aux ...\" \/>\n<meta property=\"og:url\" content=\"https:\/\/ultralimited.it\/fr\/lunettes\/forli\/\" \/>\n<meta property=\"og:site_name\" content=\"Ultra Limited\" \/>\n<meta property=\"article:modified_time\" content=\"2024-07-09T13:52:39+00:00\" \/>\n<meta property=\"og:image\" content=\"https:\/\/ultralimited.it\/wp-content\/uploads\/2023\/03\/FORLI-FRONTALE.jpg\" \/>\n\t<meta property=\"og:image:width\" content=\"1600\" \/>\n\t<meta property=\"og:image:height\" content=\"1059\" \/>\n\t<meta property=\"og:image:type\" content=\"image\/jpeg\" \/>\n<meta name=\"twitter:card\" content=\"summary_large_image\" \/>\n<meta name=\"twitter:label1\" content=\"Dur\u00e9e de lecture estim\u00e9e\" \/>\n\t<meta name=\"twitter:data1\" content=\"1 minute\" \/>\n<script type=\"application\/ld+json\" class=\"yoast-schema-graph\">{\"@context\":\"https:\/\/schema.org\",\"@graph\":[{\"@type\":\"WebPage\",\"@id\":\"https:\/\/ultralimited.it\/fr\/lunettes\/forli\/\",\"url\":\"https:\/\/ultralimited.it\/fr\/lunettes\/forli\/\",\"name\":\"Forl\u00ec - Ultra Limited\",\"isPartOf\":{\"@id\":\"https:\/\/ultralimited.it\/en\/#website\"},\"primaryImageOfPage\":{\"@id\":\"https:\/\/ultralimited.it\/fr\/lunettes\/forli\/#primaryimage\"},\"image\":{\"@id\":\"https:\/\/ultralimited.it\/fr\/lunettes\/forli\/#primaryimage\"},\"thumbnailUrl\":\"https:\/\/ultralimited.it\/wp-content\/uploads\/2023\/03\/FORLI-FRONTALE.jpg\",\"datePublished\":\"2023-03-21T14:05:43+00:00\",\"dateModified\":\"2024-07-09T13:52:39+00:00\",\"breadcrumb\":{\"@id\":\"https:\/\/ultralimited.it\/fr\/lunettes\/forli\/#breadcrumb\"},\"inLanguage\":\"fr-FR\",\"potentialAction\":[{\"@type\":\"ReadAction\",\"target\":[\"https:\/\/ultralimited.it\/fr\/lunettes\/forli\/\"]}]},{\"@type\":\"ImageObject\",\"inLanguage\":\"fr-FR\",\"@id\":\"https:\/\/ultralimited.it\/fr\/lunettes\/forli\/#primaryimage\",\"url\":\"https:\/\/ultralimited.it\/wp-content\/uploads\/2023\/03\/FORLI-FRONTALE.jpg\",\"contentUrl\":\"https:\/\/ultralimited.it\/wp-content\/uploads\/2023\/03\/FORLI-FRONTALE.jpg\",\"width\":1600,\"height\":1059},{\"@type\":\"BreadcrumbList\",\"@id\":\"https:\/\/ultralimited.it\/fr\/lunettes\/forli\/#breadcrumb\",\"itemListElement\":[{\"@type\":\"ListItem\",\"position\":1,\"name\":\"Home\",\"item\":\"https:\/\/ultralimited.it\/fr\/\"},{\"@type\":\"ListItem\",\"position\":2,\"name\":\"Forl\u00ec\"}]},{\"@type\":\"WebSite\",\"@id\":\"https:\/\/ultralimited.it\/en\/#website\",\"url\":\"https:\/\/ultralimited.it\/en\/\",\"name\":\"Ultra Limited\",\"description\":\"\",\"potentialAction\":[{\"@type\":\"SearchAction\",\"target\":{\"@type\":\"EntryPoint\",\"urlTemplate\":\"https:\/\/ultralimited.it\/en\/?s={search_term_string}\"},\"query-input\":{\"@type\":\"PropertyValueSpecification\",\"valueRequired\":true,\"valueName\":\"search_term_string\"}}],\"inLanguage\":\"fr-FR\"}]}<\/script>\n<!-- \/ Yoast SEO plugin. -->","yoast_head_json":{"title":"Forl\u00ec - Ultra Limited","robots":{"index":"index","follow":"follow","max-snippet":"max-snippet:-1","max-image-preview":"max-image-preview:large","max-video-preview":"max-video-preview:-1"},"canonical":"https:\/\/ultralimited.it\/fr\/lunettes\/forli\/","og_locale":"fr_FR","og_type":"article","og_title":"Forl\u00ec - Ultra Limited","og_description":"Les lunettes Forl\u00ec d\u2019Ultra Limited \u00e9voquent une symphonie de couleurs et de lignes en formant un accessoire unique qui transforme n\u2019importe quel look. Le design des lunettes est extr\u00eamement s\u00e9duisant, une combinaison de couleurs vives en mesure de cr\u00e9er un effet visuel surprenant et dynamique. Gr\u00e2ce \u00e0 leur structure solide et \u00e0 l\u2019attention port\u00e9e aux ...","og_url":"https:\/\/ultralimited.it\/fr\/lunettes\/forli\/","og_site_name":"Ultra Limited","article_modified_time":"2024-07-09T13:52:39+00:00","og_image":[{"width":1600,"height":1059,"url":"https:\/\/ultralimited.it\/wp-content\/uploads\/2023\/03\/FORLI-FRONTALE.jpg","type":"image\/jpeg"}],"twitter_card":"summary_large_image","twitter_misc":{"Dur\u00e9e de lecture estim\u00e9e":"1 minute"},"schema":{"@context":"https:\/\/schema.org","@graph":[{"@type":"WebPage","@id":"https:\/\/ultralimited.it\/fr\/lunettes\/forli\/","url":"https:\/\/ultralimited.it\/fr\/lunettes\/forli\/","name":"Forl\u00ec - Ultra Limited","isPartOf":{"@id":"https:\/\/ultralimited.it\/en\/#website"},"primaryImageOfPage":{"@id":"https:\/\/ultralimited.it\/fr\/lunettes\/forli\/#primaryimage"},"image":{"@id":"https:\/\/ultralimited.it\/fr\/lunettes\/forli\/#primaryimage"},"thumbnailUrl":"https:\/\/ultralimited.it\/wp-content\/uploads\/2023\/03\/FORLI-FRONTALE.jpg","datePublished":"2023-03-21T14:05:43+00:00","dateModified":"2024-07-09T13:52:39+00:00","breadcrumb":{"@id":"https:\/\/ultralimited.it\/fr\/lunettes\/forli\/#breadcrumb"},"inLanguage":"fr-FR","potentialAction":[{"@type":"ReadAction","target":["https:\/\/ultralimited.it\/fr\/lunettes\/forli\/"]}]},{"@type":"ImageObject","inLanguage":"fr-FR","@id":"https:\/\/ultralimited.it\/fr\/lunettes\/forli\/#primaryimage","url":"https:\/\/ultralimited.it\/wp-content\/uploads\/2023\/03\/FORLI-FRONTALE.jpg","contentUrl":"https:\/\/ultralimited.it\/wp-content\/uploads\/2023\/03\/FORLI-FRONTALE.jpg","width":1600,"height":1059},{"@type":"BreadcrumbList","@id":"https:\/\/ultralimited.it\/fr\/lunettes\/forli\/#breadcrumb","itemListElement":[{"@type":"ListItem","position":1,"name":"Home","item":"https:\/\/ultralimited.it\/fr\/"},{"@type":"ListItem","position":2,"name":"Forl\u00ec"}]},{"@type":"WebSite","@id":"https:\/\/ultralimited.it\/en\/#website","url":"https:\/\/ultralimited.it\/en\/","name":"Ultra Limited","description":"","potentialAction":[{"@type":"SearchAction","target":{"@type":"EntryPoint","urlTemplate":"https:\/\/ultralimited.it\/en\/?s={search_term_string}"},"query-input":{"@type":"PropertyValueSpecification","valueRequired":true,"valueName":"search_term_string"}}],"inLanguage":"fr-FR"}]}},"_links":{"self":[{"href":"https:\/\/ultralimited.it\/fr\/wp-json\/wp\/v2\/product\/23705","targetHints":{"allow":["GET"]}}],"collection":[{"href":"https:\/\/ultralimited.it\/fr\/wp-json\/wp\/v2\/product"}],"about":[{"href":"https:\/\/ultralimited.it\/fr\/wp-json\/wp\/v2\/types\/product"}],"wp:featuredmedia":[{"embeddable":true,"href":"https:\/\/ultralimited.it\/fr\/wp-json\/wp\/v2\/media\/19214"}],"wp:attachment":[{"href":"https:\/\/ultralimited.it\/fr\/wp-json\/wp\/v2\/media?parent=23705"}],"wp:term":[{"taxonomy":"product_brand","embeddable":true,"href":"https:\/\/ultralimited.it\/fr\/wp-json\/wp\/v2\/product_brand?post=23705"},{"taxonomy":"product_cat","embeddable":true,"href":"https:\/\/ultralimited.it\/fr\/wp-json\/wp\/v2\/product_cat?post=23705"}],"curies":[{"name":"wp","href":"https:\/\/api.w.org\/{rel}","templated":true}]}}