{"id":31791,"date":"2026-02-25T11:07:00","date_gmt":"2026-02-25T10:07:00","guid":{"rendered":"https:\/\/ultralimited.it\/?page_id=31791"},"modified":"2026-04-14T12:25:51","modified_gmt":"2026-04-14T10:25:51","slug":"harmonie-chromatique-et-lunettes","status":"publish","type":"page","link":"https:\/\/ultralimited.it\/fr\/harmonie-chromatique-et-lunettes\/","title":{"rendered":"Harmonie chromatique et lunettes"},"content":{"rendered":"\n<section class=\"header_76 mt-0\">\n    <div class=\"container h-100\">\n        <div class=\"row h-100\">\n            <div class=\"col-12 col-lg-6 d-flex align-items-center mb-5 mb-lg-0\">\n                <div>\n                    <h1 class=\"title-3 mb-0\">Harmonie chromatique et lunettes: choisissez la couleur qui vous met en valeur<\/h1>                    <h3><strong>Comment associer la monture au sous-ton de votre teint pour mettre en valeur votre peau, vos yeux et vos cheveux<\/strong><\/h3>\n                    <a target=\"_self\" rel=\"noopener\" title=\"D\u00e9couvrez la collection\" href=\"https:\/\/ultralimited.it\/fr\/catalogue\/\" class=\"btn \"><span>D\u00e9couvrez la collection<\/span><\/a>                <\/div>\n            <\/div>\n            <div class=\"col-12 col-lg-6 mb-3 mb-lg-0 h-100 position-relative\">\n                <div class=\"row\">\n                    <div class=\"col-12 col-lg-6\">\n                        <div class=\"gallery-left\">\n                                                            <img decoding=\"async\" class=\"img-1 mb-3\" src=\"https:\/\/ultralimited.it\/wp-content\/uploads\/2026\/01\/AMATRICE-L-C1.jpg\" alt=\"\">\n                                                            <img decoding=\"async\" class=\"img-1 mb-3\" src=\"https:\/\/ultralimited.it\/wp-content\/uploads\/2026\/01\/Visual-1.png\" alt=\"\">\n                                                            <img decoding=\"async\" class=\"img-1 mb-3\" src=\"https:\/\/ultralimited.it\/wp-content\/uploads\/2026\/02\/Frame-22-6-scaled.png\" alt=\"\">\n                                                    <\/div>\n                    <\/div>\n                    <div class=\"col-12 col-lg-6\">\n                        <div class=\"gallery-right\">\n                                                            <img decoding=\"async\" class=\"img-1 mb-3\" src=\"https:\/\/ultralimited.it\/wp-content\/uploads\/2026\/01\/Ultra_limited_New_Collection_2026.jpg\" alt=\"\">\n                                                            <img decoding=\"async\" class=\"img-1 mb-3\" src=\"https:\/\/ultralimited.it\/wp-content\/uploads\/2026\/02\/Frame-21-12-scaled.png\" alt=\"\">\n                                                            <img decoding=\"async\" class=\"img-1 mb-3\" src=\"https:\/\/ultralimited.it\/wp-content\/uploads\/2026\/01\/OSTUNI-L-C3.jpg\" alt=\"\">\n                                                    <\/div>\n                    <\/div>\n                <\/div>\n            <\/div>\n        <\/div>\n    <\/div>\n<\/section>\n\n\n<section class=\"layout_65\">\n    <div class=\"container\">\n        <div class=\"row\">\n            <div class=\"col-12 col-lg-6 mb-3 mb-lg-0\">\n                <h4 class=\"text-075 font-b mb-3 mb-0\">Comment l&rsquo;harmonie des couleurs transforme le choix des lunettes en un acte de soin envers soi-m\u00eame<\/h4>                <h3 class=\"title-3 mb-0\">La couleur qui vous correspond<\/h3>            <\/div>\n            <div class=\"col-12 col-lg-6\">\n                <div class=\"gen--p title-p\">\n                    <p><span style=\"font-weight: 400;\">Lorsqu&rsquo;on parle de style, l\u2019on pense presque toujours \u00e0 la forme. Cependant, c&rsquo;est la couleur qui fait v\u00e9ritablement la diff\u00e9rence.<\/span><\/p>\n<p><span style=\"font-weight: 400;\"><strong>L&rsquo;harmonie chromatique<\/strong>, c&rsquo;est exactement cela : la capacit\u00e9 \u00e0 choisir des couleurs qui mettent naturellement en valeur notre <strong>teint, nos yeux, nos cheveux<\/strong>. Il ne s\u2019agit pas d\u2019une mode \u00e9ph\u00e9m\u00e8re, c&rsquo;est une fa\u00e7on intelligente de se regarder et de se choisir.\u00a0 Et cela vaut aussi \u2013 et surtout \u2013 pour les lunettes.<\/span><\/p>\n<p><span style=\"font-weight: 400;\">En effet, les lunettes sont l&rsquo;\u00e9l\u00e9ment le plus proche du visage, elles encadrent le regard et peuvent vous illuminer ou vous ternir en une seconde Chez Ultra Limited, nous pensons que chaque monture doit dialoguer avec celui qui la porte.\u00a0\u00a0<\/span><\/p>\n<p><span style=\"font-weight: 400;\">Notre nouvelle collection est d\u2019ailleurs n\u00e9e de cette intention : une palette de possibilit\u00e9s, chacune con\u00e7ue pour mettre en valeur une saison diff\u00e9rente.<\/span><\/p>\n                <\/div>\n                            <\/div>\n        <\/div>\n    <\/div>\n<\/section>\n\n\n<section class=\"layout_65\">\n    <div class=\"container\">\n        <div class=\"row\">\n            <div class=\"col-12 col-lg-6 mb-3 mb-lg-0\">\n                <h4 class=\"text-075 font-b mb-3 mb-0\">Sous-ton, intensit\u00e9 et contraste: les trois \u00e9l\u00e9ments<\/h4>                <h3 class=\"title-3 mb-0\">Qu&rsquo;est-ce que l&rsquo;harmonie chromatique et comment change-t-elle la fa\u00e7on de choisir ses lunettes<\/h3>            <\/div>\n            <div class=\"col-12 col-lg-6\">\n                <div class=\"gen--p title-p\">\n                    <p><span style=\"font-weight: 400;\">L&rsquo;harmonie chromatique classe les personnes en quatre saisons \u2013 Printemps, \u00c9t\u00e9, Automne et Hiver \u2013 en fonction de trois \u00e9l\u00e9ments : le <\/span><b>sous-ton <\/b><span style=\"font-weight: 400;\">de la peau (chaud ou froid), l\u2019<\/span><b>intensit\u00e9 des couleurs personnelles <\/b><span style=\"font-weight: 400;\">(brillantes ou douces) et le niveau de <\/span><b>contraste naturel<\/b><span style=\"font-weight: 400;\"> entre le teint, les yeux et les cheveux.<\/span><\/p>\n<p><span style=\"font-weight: 400;\">Il n&rsquo;est pas n\u00e9cessaire de devenir un expert. Il suffit de comprendre une chose : lorsque la couleur est en harmonie avec vous, cela se voit.\u00a0 Le visage para\u00eet plus frais, le regard plus d\u00e9fini, l&rsquo;ensemble plus coh\u00e9rent. <\/span><b>Et les lunettes peuvent faire tout cela en un instant.<\/b><\/p>\n                <\/div>\n                            <\/div>\n        <\/div>\n    <\/div>\n<\/section>\n\n\n<section class=\"gallery_8 mt-0\" style=\"min-height: 100vh;\">\n    <div class=\"container h-100\">\n        <div class=\"row h-100\">\n            <div class=\"col-12 col-lg-6 d-flex flex-column h-100\">\n                <div class=\"flex-grow-1 mb-3\" style=\"flex-basis: 60%; aspect-ratio: 1 \/ 1; overflow: hidden;\">\n                    <img decoding=\"async\" src=\"https:\/\/ultralimited.it\/wp-content\/uploads\/2026\/02\/SIM0028-2.jpg\" alt=\"\"\n                        class=\"w-100 h-100\" style=\"object-fit: cover;\">\n                <\/div>\n                <div class=\"flex-grow-1 mb-3\" style=\"flex-basis: 40%; aspect-ratio: 16 \/ 9; overflow: hidden;\">\n                    <img decoding=\"async\" src=\"https:\/\/ultralimited.it\/wp-content\/uploads\/2026\/02\/Frame-24-7-scaled.png\" alt=\"\"\n                        class=\"w-100 h-100\" style=\"object-fit: cover;\">\n                <\/div>\n            <\/div>\n\n            <div class=\"col-12 col-lg-6 d-flex flex-column h-100\">\n                <div class=\"flex-grow-1 mb-3\" style=\"flex-basis: 40%; aspect-ratio: 16 \/ 9; overflow: hidden;\">\n                    <img decoding=\"async\" src=\"https:\/\/ultralimited.it\/wp-content\/uploads\/2026\/02\/Frame-23-4-scaled.png\" alt=\"\"\n                        class=\"w-100 h-100\" style=\"object-fit: cover;\">\n                <\/div>\n                <div class=\"flex-grow-1 mb-3\" style=\"flex-basis: 60%; aspect-ratio: 1 \/ 1; overflow: hidden;\">\n                    <img decoding=\"async\" src=\"https:\/\/ultralimited.it\/wp-content\/uploads\/2026\/02\/SIM0261.jpg\" alt=\"\"\n                        class=\"w-100 h-100\" style=\"object-fit: cover;\">\n                <\/div>\n            <\/div>\n\n        <\/div>\n    <\/div>\n<\/section>\n\n\n<section class=\"layout_65\">\n    <div class=\"container\">\n        <div class=\"row\">\n            <div class=\"col-12 col-lg-6 mb-3 mb-lg-0\">\n                <h4 class=\"text-075 font-b mb-3 mb-0\">Printemps<\/h4>                <h3 class=\"title-3 mb-0\">Des lunettes aux tons chauds et lumineux<\/h3>            <\/div>\n            <div class=\"col-12 col-lg-6\">\n                <div class=\"gen--p title-p\">\n                    <p><strong>Teint dor\u00e9 ou p\u00eache ? La monture \u00e0 rayures est votre choix id\u00e9al.<\/strong><\/p>\n<p>Le type \u00ab Printemps \u00bb se caract\u00e9rise par une nuance de fond chaude, un \u00e9clat naturel et des couleurs de peau claires \u00e0 moyennes. Il s&rsquo;accorde parfaitement avec des teintes solaires, vives, jamais ternes.<\/p>\n<p>Pour cette saison, notre association id\u00e9ale est <strong>Licata \u00e0 rayures<\/strong>: un m\u00e9lange de couleurs \u00e9clatantes, riche sans \u00eatre lourd, qui s&rsquo;harmonise parfaitement avec les teints dor\u00e9s ou p\u00eache. La monture \u0153il-de-chat qui ajoute du caract\u00e8re sans nuire \u00e0 la fra\u00eecheur.<\/p>\n                <\/div>\n                            <\/div>\n        <\/div>\n    <\/div>\n<\/section>\n\n<div class=\"wp-block-image\">\n<figure class=\"aligncenter size-large is-resized\"><img loading=\"lazy\" decoding=\"async\" width=\"1024\" height=\"258\" src=\"https:\/\/ultralimited.it\/wp-content\/uploads\/2026\/04\/primavera-1024x258.png\" alt=\"\" class=\"wp-image-32011\" style=\"width:774px;height:auto\"\/><\/figure><\/div>\n\n\n<section class=\"layout_65\">\n    <div class=\"container\">\n        <div class=\"row\">\n            <div class=\"col-12 col-lg-6 mb-3 mb-lg-0\">\n                <h4 class=\"text-075 font-b mb-3 mb-0\">\u00c9t\u00e9<\/h4>                <h3 class=\"title-3 mb-0\">Des lunettes aux teintes froides et d\u00e9licates<\/h3>            <\/div>\n            <div class=\"col-12 col-lg-6\">\n                <div class=\"gen--p title-p\">\n                    <p><strong>Des couleurs douces et peu contrast\u00e9es : pourquoi le blanc est le choix parfait pour la saison estivale<\/strong><\/p>\n<p><span style=\"font-weight: 400;\">L&rsquo;\u00c9t\u00e9 poss\u00e8de un sous-ton froid, des couleurs personnelles douces et peu contrast\u00e9es.\u00a0 L&rsquo;\u00e9l\u00e9gance est sa marque de fabrique naturelle, jamais excessive.<\/span><\/p>\n<p><span style=\"font-weight: 400;\">Pour cette saison, le choix se porte sur <\/span><b>Amatrice en Blanc<\/b><span style=\"font-weight: 400;\"> : une monture hexagonale au style contemporain, visuellement l\u00e9g\u00e8re, qui accompagne sans dominer. Le blanc, froid et neutre, respecte la d\u00e9licatesse de l&rsquo;\u00c9t\u00e9 sans cr\u00e9er de contrastes agressifs.<\/span><\/p>\n<p><span style=\"font-weight: 400;\">Pourquoi cela fonctionne : le blanc est une couleur neutre froide parfaite pour l&rsquo;\u00c9t\u00e9, qui met en valeur sans voler la vedette.<\/span><\/p>\n                <\/div>\n                            <\/div>\n        <\/div>\n    <\/div>\n<\/section>\n\n<div class=\"wp-block-image\">\n<figure class=\"aligncenter size-large is-resized\"><img loading=\"lazy\" decoding=\"async\" width=\"1024\" height=\"258\" src=\"https:\/\/ultralimited.it\/wp-content\/uploads\/2026\/02\/Frame-23-2-1024x258.png\" alt=\"\" class=\"wp-image-31656\" style=\"width:774px;height:auto\"\/><\/figure><\/div>\n\n\n<section class=\"layout_65\">\n    <div class=\"container\">\n        <div class=\"row\">\n            <div class=\"col-12 col-lg-6 mb-3 mb-lg-0\">\n                <h4 class=\"text-075 font-b mb-3 mb-0\">Automne<\/h4>                <h3 class=\"title-3 mb-0\">Des lunettes aux couleurs profondes et terreuses<\/h3>            <\/div>\n            <div class=\"col-12 col-lg-6\">\n                <div class=\"gen--p title-p\">\n                    <p><strong>Bordeaux et teintes riches : les associations pour les teints ambr\u00e9s et les cheveux bruns ou roux<\/strong><\/p>\n<p><span style=\"font-weight: 400;\">L&rsquo;Automne appr\u00e9cie les couleurs pleines, terreuses et profondes. Avec son sous-ton chaud et intense, il se marie tr\u00e8s bien avec les teintes riches, enracin\u00e9es dans la terre et la nature.<\/span><\/p>\n<p><span style=\"font-weight: 400;\">C&rsquo;est l\u00e0 qu&rsquo;entre en sc\u00e8ne <strong>Courmayeur in Bordeaux<\/strong><\/span><span style=\"font-weight: 400;\">: une monture \u0153il de chat au caract\u00e8re affirm\u00e9, dans l&rsquo;une des couleurs les plus profondes et les plus envo\u00fbtantes de la nouvelle collection. Le bordeaux, chaud, sombre et sophistiqu\u00e9, s&rsquo;harmonise naturellement avec les teints ambr\u00e9s, les cheveux bruns ou roux, les yeux miel ou vert mousse.<\/span><\/p>\n<p><span style=\"font-weight: 400;\">Pourquoi cela fonctionne : le bordeaux est une teinte automnale par excellence.\u00a0 Suffisamment intense pour mettre en valeur la profondeur sans l&rsquo;\u00e9teindre<\/span><\/p>\n                <\/div>\n                            <\/div>\n        <\/div>\n    <\/div>\n<\/section>\n\n<div class=\"wp-block-image\">\n<figure class=\"aligncenter size-large is-resized\"><img loading=\"lazy\" decoding=\"async\" width=\"1024\" height=\"258\" src=\"https:\/\/ultralimited.it\/wp-content\/uploads\/2026\/04\/autunno-1024x258.png\" alt=\"\" class=\"wp-image-32016\" style=\"width:774px;height:auto\"\/><\/figure><\/div>\n\n\n<section class=\"layout_65\">\n    <div class=\"container\">\n        <div class=\"row\">\n            <div class=\"col-12 col-lg-6 mb-3 mb-lg-0\">\n                <h1 class=\"text-075 font-b mb-3 mb-0\">Hiver<\/h1>                <h1 class=\"title-3 mb-0\">Des lunettes au contraste net et affirm\u00e9<\/h1>            <\/div>\n            <div class=\"col-12 col-lg-6\">\n                <div class=\"gen--p title-p\">\n                    <p><strong>Pourquoi le noir est la seule couleur que l&rsquo;Hiver porte avec un naturel absolu\u00a0<\/strong><\/p>\n<p><span style=\"font-weight: 400;\">L&rsquo;Hiver est froid, tr\u00e8s contrast\u00e9, magn\u00e9tique. Il exige des couleurs nettes, affirm\u00e9es, capables de soutenir sa pr\u00e9sence sans s&rsquo;estomper.<\/span><\/p>\n<p><span style=\"font-weight: 400;\">Pour cette saison, le choix se porte sur <\/span><b>Ostuni en Noir<\/b><span style=\"font-weight: 400;\"> : une monture papillon au style fort et reconnaissable. Le noir est la couleur de l&rsquo;Hiver par excellence : pur, d\u00e9finitif, \u00e9l\u00e9gant. Il soutient le contraste naturel de la saison sans jamais perdre son \u00e9quilibre.<\/span><\/p>\n<p><span style=\"font-weight: 400;\">Pourquoi cela fonctionne : le noir est la seule couleur neutre que l&rsquo;Hiver porte avec une facilit\u00e9 d\u00e9concertante.<\/span><\/p>\n                <\/div>\n                            <\/div>\n        <\/div>\n    <\/div>\n<\/section>\n\n<div class=\"wp-block-image\">\n<figure class=\"aligncenter size-large is-resized\"><img loading=\"lazy\" decoding=\"async\" width=\"1024\" height=\"258\" src=\"https:\/\/ultralimited.it\/wp-content\/uploads\/2026\/04\/inverno-1024x258.png\" alt=\"\" class=\"wp-image-32021\" style=\"width:774px;height:auto\"\/><\/figure><\/div>\n\n\n<section class=\"layout_65\">\n    <div class=\"container\">\n        <div class=\"row\">\n            <div class=\"col-12 col-lg-6 mb-3 mb-lg-0\">\n                <h4 class=\"text-075 font-b mb-3 mb-0\">Les lunettes id\u00e9ales ne suivent pas les tendances.  Elles vous suivent.<\/h4>                <h3 class=\"title-3 mb-0\">Comment utiliser l&rsquo;harmonie chromatique comme un outil de style, et non comme une r\u00e8gle<\/h3>            <\/div>\n            <div class=\"col-12 col-lg-6\">\n                <div class=\"gen--p title-p\">\n                    <p><span style=\"font-weight: 400;\">L&rsquo;harmonie chromatique n&rsquo;est pas une r\u00e8gle stricte : c&rsquo;est un outil. Elle vous aide \u00e0 comprendre pourquoi certaines couleurs vous mettent imm\u00e9diatement \u00e0 l&rsquo;aise et pourquoi d&rsquo;autres, bien que somptueuses, ne semblent pas vous appartenir.<\/span><\/p>\n<p><span style=\"font-weight: 400;\">Notre nouvelle collection est n\u00e9e dans cet esprit : il ne s\u2019agit pas seulement de design ou d\u2019artisanat, mais d\u2019un vrai dialogue avec ceux qui la portent.<\/span><\/p>\n<p><span style=\"font-weight: 400;\">D\u00e9couvrez notre nouvelle collection, trouvez votre saison, choisissez votre couleur et laissez nos lunettes faire le reste.\u00a0<\/span><span style=\"font-weight: 400;\"><br \/>\n<\/span><\/p>\n                <\/div>\n                                    <a target=\"_self\" rel=\"noopener\" title=\"Trouver un revendeur  \" href=\"https:\/\/ultralimited.it\/fr\/store-locator\/\" class=\"btn mt-3\"><span>Trouver un revendeur  <\/span><\/a>                            <\/div>\n        <\/div>\n    <\/div>\n<\/section>\n\n\n<p><\/p>\n","protected":false},"excerpt":{"rendered":"","protected":false},"author":1,"featured_media":0,"parent":0,"menu_order":0,"comment_status":"closed","ping_status":"closed","template":"","meta":{"_acf_changed":false,"footnotes":""},"class_list":["post-31791","page","type-page","status-publish","hentry"],"acf":[],"yoast_head":"<!-- This site is optimized with the Yoast SEO plugin v26.4 - https:\/\/yoast.com\/wordpress\/plugins\/seo\/ -->\n<title>Harmonie chromatique et lunettes - Ultra Limited<\/title>\n<meta name=\"robots\" content=\"index, follow, max-snippet:-1, max-image-preview:large, max-video-preview:-1\" \/>\n<link rel=\"canonical\" href=\"https:\/\/ultralimited.it\/fr\/harmonie-chromatique-et-lunettes\/\" \/>\n<meta property=\"og:locale\" content=\"fr_FR\" \/>\n<meta property=\"og:type\" content=\"article\" \/>\n<meta property=\"og:title\" content=\"Harmonie chromatique et lunettes - Ultra Limited\" \/>\n<meta property=\"og:url\" content=\"https:\/\/ultralimited.it\/fr\/harmonie-chromatique-et-lunettes\/\" \/>\n<meta property=\"og:site_name\" content=\"Ultra Limited\" \/>\n<meta property=\"article:modified_time\" content=\"2026-04-14T10:25:51+00:00\" \/>\n<meta property=\"og:image\" content=\"https:\/\/ultralimited.it\/wp-content\/uploads\/2026\/04\/primavera-1024x258.png\" \/>\n<meta name=\"twitter:card\" content=\"summary_large_image\" \/>\n<meta name=\"twitter:label1\" content=\"Dur\u00e9e de lecture estim\u00e9e\" \/>\n\t<meta name=\"twitter:data1\" content=\"1 minute\" \/>\n<script type=\"application\/ld+json\" class=\"yoast-schema-graph\">{\"@context\":\"https:\/\/schema.org\",\"@graph\":[{\"@type\":\"WebPage\",\"@id\":\"https:\/\/ultralimited.it\/fr\/harmonie-chromatique-et-lunettes\/\",\"url\":\"https:\/\/ultralimited.it\/fr\/harmonie-chromatique-et-lunettes\/\",\"name\":\"Harmonie chromatique et lunettes - Ultra Limited\",\"isPartOf\":{\"@id\":\"https:\/\/ultralimited.it\/en\/#website\"},\"primaryImageOfPage\":{\"@id\":\"https:\/\/ultralimited.it\/fr\/harmonie-chromatique-et-lunettes\/#primaryimage\"},\"image\":{\"@id\":\"https:\/\/ultralimited.it\/fr\/harmonie-chromatique-et-lunettes\/#primaryimage\"},\"thumbnailUrl\":\"https:\/\/ultralimited.it\/wp-content\/uploads\/2026\/04\/primavera-1024x258.png\",\"datePublished\":\"2026-02-25T10:07:00+00:00\",\"dateModified\":\"2026-04-14T10:25:51+00:00\",\"breadcrumb\":{\"@id\":\"https:\/\/ultralimited.it\/fr\/harmonie-chromatique-et-lunettes\/#breadcrumb\"},\"inLanguage\":\"fr-FR\",\"potentialAction\":[{\"@type\":\"ReadAction\",\"target\":[\"https:\/\/ultralimited.it\/fr\/harmonie-chromatique-et-lunettes\/\"]}]},{\"@type\":\"ImageObject\",\"inLanguage\":\"fr-FR\",\"@id\":\"https:\/\/ultralimited.it\/fr\/harmonie-chromatique-et-lunettes\/#primaryimage\",\"url\":\"https:\/\/ultralimited.it\/wp-content\/uploads\/2026\/04\/primavera-1024x258.png\",\"contentUrl\":\"https:\/\/ultralimited.it\/wp-content\/uploads\/2026\/04\/primavera-1024x258.png\"},{\"@type\":\"BreadcrumbList\",\"@id\":\"https:\/\/ultralimited.it\/fr\/harmonie-chromatique-et-lunettes\/#breadcrumb\",\"itemListElement\":[{\"@type\":\"ListItem\",\"position\":1,\"name\":\"Home\",\"item\":\"https:\/\/ultralimited.it\/fr\/\"},{\"@type\":\"ListItem\",\"position\":2,\"name\":\"Harmonie chromatique et lunettes\"}]},{\"@type\":\"WebSite\",\"@id\":\"https:\/\/ultralimited.it\/en\/#website\",\"url\":\"https:\/\/ultralimited.it\/en\/\",\"name\":\"Ultra Limited\",\"description\":\"\",\"potentialAction\":[{\"@type\":\"SearchAction\",\"target\":{\"@type\":\"EntryPoint\",\"urlTemplate\":\"https:\/\/ultralimited.it\/en\/?s={search_term_string}\"},\"query-input\":{\"@type\":\"PropertyValueSpecification\",\"valueRequired\":true,\"valueName\":\"search_term_string\"}}],\"inLanguage\":\"fr-FR\"}]}<\/script>\n<!-- \/ Yoast SEO plugin. -->","yoast_head_json":{"title":"Harmonie chromatique et lunettes - Ultra Limited","robots":{"index":"index","follow":"follow","max-snippet":"max-snippet:-1","max-image-preview":"max-image-preview:large","max-video-preview":"max-video-preview:-1"},"canonical":"https:\/\/ultralimited.it\/fr\/harmonie-chromatique-et-lunettes\/","og_locale":"fr_FR","og_type":"article","og_title":"Harmonie chromatique et lunettes - Ultra Limited","og_url":"https:\/\/ultralimited.it\/fr\/harmonie-chromatique-et-lunettes\/","og_site_name":"Ultra Limited","article_modified_time":"2026-04-14T10:25:51+00:00","og_image":[{"url":"https:\/\/ultralimited.it\/wp-content\/uploads\/2026\/04\/primavera-1024x258.png","type":"","width":"","height":""}],"twitter_card":"summary_large_image","twitter_misc":{"Dur\u00e9e de lecture estim\u00e9e":"1 minute"},"schema":{"@context":"https:\/\/schema.org","@graph":[{"@type":"WebPage","@id":"https:\/\/ultralimited.it\/fr\/harmonie-chromatique-et-lunettes\/","url":"https:\/\/ultralimited.it\/fr\/harmonie-chromatique-et-lunettes\/","name":"Harmonie chromatique et lunettes - Ultra Limited","isPartOf":{"@id":"https:\/\/ultralimited.it\/en\/#website"},"primaryImageOfPage":{"@id":"https:\/\/ultralimited.it\/fr\/harmonie-chromatique-et-lunettes\/#primaryimage"},"image":{"@id":"https:\/\/ultralimited.it\/fr\/harmonie-chromatique-et-lunettes\/#primaryimage"},"thumbnailUrl":"https:\/\/ultralimited.it\/wp-content\/uploads\/2026\/04\/primavera-1024x258.png","datePublished":"2026-02-25T10:07:00+00:00","dateModified":"2026-04-14T10:25:51+00:00","breadcrumb":{"@id":"https:\/\/ultralimited.it\/fr\/harmonie-chromatique-et-lunettes\/#breadcrumb"},"inLanguage":"fr-FR","potentialAction":[{"@type":"ReadAction","target":["https:\/\/ultralimited.it\/fr\/harmonie-chromatique-et-lunettes\/"]}]},{"@type":"ImageObject","inLanguage":"fr-FR","@id":"https:\/\/ultralimited.it\/fr\/harmonie-chromatique-et-lunettes\/#primaryimage","url":"https:\/\/ultralimited.it\/wp-content\/uploads\/2026\/04\/primavera-1024x258.png","contentUrl":"https:\/\/ultralimited.it\/wp-content\/uploads\/2026\/04\/primavera-1024x258.png"},{"@type":"BreadcrumbList","@id":"https:\/\/ultralimited.it\/fr\/harmonie-chromatique-et-lunettes\/#breadcrumb","itemListElement":[{"@type":"ListItem","position":1,"name":"Home","item":"https:\/\/ultralimited.it\/fr\/"},{"@type":"ListItem","position":2,"name":"Harmonie chromatique et lunettes"}]},{"@type":"WebSite","@id":"https:\/\/ultralimited.it\/en\/#website","url":"https:\/\/ultralimited.it\/en\/","name":"Ultra Limited","description":"","potentialAction":[{"@type":"SearchAction","target":{"@type":"EntryPoint","urlTemplate":"https:\/\/ultralimited.it\/en\/?s={search_term_string}"},"query-input":{"@type":"PropertyValueSpecification","valueRequired":true,"valueName":"search_term_string"}}],"inLanguage":"fr-FR"}]}},"_links":{"self":[{"href":"https:\/\/ultralimited.it\/fr\/wp-json\/wp\/v2\/pages\/31791","targetHints":{"allow":["GET"]}}],"collection":[{"href":"https:\/\/ultralimited.it\/fr\/wp-json\/wp\/v2\/pages"}],"about":[{"href":"https:\/\/ultralimited.it\/fr\/wp-json\/wp\/v2\/types\/page"}],"author":[{"embeddable":true,"href":"https:\/\/ultralimited.it\/fr\/wp-json\/wp\/v2\/users\/1"}],"replies":[{"embeddable":true,"href":"https:\/\/ultralimited.it\/fr\/wp-json\/wp\/v2\/comments?post=31791"}],"version-history":[{"count":2,"href":"https:\/\/ultralimited.it\/fr\/wp-json\/wp\/v2\/pages\/31791\/revisions"}],"predecessor-version":[{"id":32028,"href":"https:\/\/ultralimited.it\/fr\/wp-json\/wp\/v2\/pages\/31791\/revisions\/32028"}],"wp:attachment":[{"href":"https:\/\/ultralimited.it\/fr\/wp-json\/wp\/v2\/media?parent=31791"}],"curies":[{"name":"wp","href":"https:\/\/api.w.org\/{rel}","templated":true}]}}