{"id":29426,"date":"2025-06-23T15:14:54","date_gmt":"2025-06-23T13:14:54","guid":{"rendered":"http:\/\/ultralimited.it\/?page_id=29426"},"modified":"2025-06-23T15:45:02","modified_gmt":"2025-06-23T13:45:02","slug":"lunettes-dete-2025","status":"publish","type":"page","link":"https:\/\/ultralimited.it\/fr\/lunettes-dete-2025\/","title":{"rendered":"lunettes de soleil"},"content":{"rendered":"<h1><b>Ultra Limited \u00c9t\u00e9 2025<\/b><\/h1>\n","protected":false},"excerpt":{"rendered":"<p>Ultra Limited \u00c9t\u00e9 2025<\/p>\n","protected":false},"author":1,"featured_media":29060,"parent":0,"menu_order":0,"comment_status":"closed","ping_status":"closed","template":"template-landing-page.php","meta":{"_acf_changed":false,"footnotes":""},"class_list":["post-29426","page","type-page","status-publish","has-post-thumbnail","hentry"],"acf":[],"yoast_head":"<!-- This site is optimized with the Yoast SEO plugin v26.4 - https:\/\/yoast.com\/wordpress\/plugins\/seo\/ -->\n<title>Lunettes d&#039;\u00e9t\u00e9 2025 - Ultra Limited<\/title>\n<meta name=\"description\" content=\"D\u00e9couvrez toutes les tendances pour l&#039;\u00e9t\u00e9 2025 avec Ultra Limited. Formes audacieuses, couleurs vibrantes, d\u00e9tails personnalis\u00e9s.\" \/>\n<meta name=\"robots\" content=\"index, follow, max-snippet:-1, max-image-preview:large, max-video-preview:-1\" \/>\n<link rel=\"canonical\" href=\"https:\/\/ultralimited.it\/fr\/lunettes-dete-2025\/\" \/>\n<meta property=\"og:locale\" content=\"fr_FR\" \/>\n<meta property=\"og:type\" content=\"article\" \/>\n<meta property=\"og:title\" content=\"Lunettes d&#039;\u00e9t\u00e9 2025 - Ultra Limited\" \/>\n<meta property=\"og:description\" content=\"D\u00e9couvrez toutes les tendances pour l&#039;\u00e9t\u00e9 2025 avec Ultra Limited. Formes audacieuses, couleurs vibrantes, d\u00e9tails personnalis\u00e9s.\" \/>\n<meta property=\"og:url\" content=\"https:\/\/ultralimited.it\/fr\/lunettes-dete-2025\/\" \/>\n<meta property=\"og:site_name\" content=\"Ultra Limited\" \/>\n<meta property=\"article:modified_time\" content=\"2025-06-23T13:45:02+00:00\" \/>\n<meta property=\"og:image\" content=\"https:\/\/ultralimited.it\/wp-content\/uploads\/2025\/02\/1.png\" \/>\n\t<meta property=\"og:image:width\" content=\"1200\" \/>\n\t<meta property=\"og:image:height\" content=\"800\" \/>\n\t<meta property=\"og:image:type\" content=\"image\/png\" \/>\n<meta name=\"twitter:card\" content=\"summary_large_image\" \/>\n<meta name=\"twitter:label1\" content=\"Dur\u00e9e de lecture estim\u00e9e\" \/>\n\t<meta name=\"twitter:data1\" content=\"1 minute\" \/>\n<script type=\"application\/ld+json\" class=\"yoast-schema-graph\">{\"@context\":\"https:\/\/schema.org\",\"@graph\":[{\"@type\":\"WebPage\",\"@id\":\"https:\/\/ultralimited.it\/fr\/lunettes-dete-2025\/\",\"url\":\"https:\/\/ultralimited.it\/fr\/lunettes-dete-2025\/\",\"name\":\"Lunettes d'\u00e9t\u00e9 2025 - Ultra Limited\",\"isPartOf\":{\"@id\":\"https:\/\/ultralimited.it\/en\/#website\"},\"primaryImageOfPage\":{\"@id\":\"https:\/\/ultralimited.it\/fr\/lunettes-dete-2025\/#primaryimage\"},\"image\":{\"@id\":\"https:\/\/ultralimited.it\/fr\/lunettes-dete-2025\/#primaryimage\"},\"thumbnailUrl\":\"https:\/\/ultralimited.it\/wp-content\/uploads\/2025\/02\/1.png\",\"datePublished\":\"2025-06-23T13:14:54+00:00\",\"dateModified\":\"2025-06-23T13:45:02+00:00\",\"description\":\"D\u00e9couvrez toutes les tendances pour l'\u00e9t\u00e9 2025 avec Ultra Limited. Formes audacieuses, couleurs vibrantes, d\u00e9tails personnalis\u00e9s.\",\"breadcrumb\":{\"@id\":\"https:\/\/ultralimited.it\/fr\/lunettes-dete-2025\/#breadcrumb\"},\"inLanguage\":\"fr-FR\",\"potentialAction\":[{\"@type\":\"ReadAction\",\"target\":[\"https:\/\/ultralimited.it\/fr\/lunettes-dete-2025\/\"]}]},{\"@type\":\"ImageObject\",\"inLanguage\":\"fr-FR\",\"@id\":\"https:\/\/ultralimited.it\/fr\/lunettes-dete-2025\/#primaryimage\",\"url\":\"https:\/\/ultralimited.it\/wp-content\/uploads\/2025\/02\/1.png\",\"contentUrl\":\"https:\/\/ultralimited.it\/wp-content\/uploads\/2025\/02\/1.png\",\"width\":1200,\"height\":800,\"caption\":\"Occhiali Ultra Limited modello Giudecca in anteprima al SILMO 2025\"},{\"@type\":\"BreadcrumbList\",\"@id\":\"https:\/\/ultralimited.it\/fr\/lunettes-dete-2025\/#breadcrumb\",\"itemListElement\":[{\"@type\":\"ListItem\",\"position\":1,\"name\":\"Home\",\"item\":\"https:\/\/ultralimited.it\/fr\/\"},{\"@type\":\"ListItem\",\"position\":2,\"name\":\"lunettes de soleil\"}]},{\"@type\":\"WebSite\",\"@id\":\"https:\/\/ultralimited.it\/en\/#website\",\"url\":\"https:\/\/ultralimited.it\/en\/\",\"name\":\"Ultra Limited\",\"description\":\"\",\"potentialAction\":[{\"@type\":\"SearchAction\",\"target\":{\"@type\":\"EntryPoint\",\"urlTemplate\":\"https:\/\/ultralimited.it\/en\/?s={search_term_string}\"},\"query-input\":{\"@type\":\"PropertyValueSpecification\",\"valueRequired\":true,\"valueName\":\"search_term_string\"}}],\"inLanguage\":\"fr-FR\"}]}<\/script>\n<!-- \/ Yoast SEO plugin. -->","yoast_head_json":{"title":"Lunettes d'\u00e9t\u00e9 2025 - Ultra Limited","description":"D\u00e9couvrez toutes les tendances pour l'\u00e9t\u00e9 2025 avec Ultra Limited. Formes audacieuses, couleurs vibrantes, d\u00e9tails personnalis\u00e9s.","robots":{"index":"index","follow":"follow","max-snippet":"max-snippet:-1","max-image-preview":"max-image-preview:large","max-video-preview":"max-video-preview:-1"},"canonical":"https:\/\/ultralimited.it\/fr\/lunettes-dete-2025\/","og_locale":"fr_FR","og_type":"article","og_title":"Lunettes d'\u00e9t\u00e9 2025 - Ultra Limited","og_description":"D\u00e9couvrez toutes les tendances pour l'\u00e9t\u00e9 2025 avec Ultra Limited. Formes audacieuses, couleurs vibrantes, d\u00e9tails personnalis\u00e9s.","og_url":"https:\/\/ultralimited.it\/fr\/lunettes-dete-2025\/","og_site_name":"Ultra Limited","article_modified_time":"2025-06-23T13:45:02+00:00","og_image":[{"width":1200,"height":800,"url":"https:\/\/ultralimited.it\/wp-content\/uploads\/2025\/02\/1.png","type":"image\/png"}],"twitter_card":"summary_large_image","twitter_misc":{"Dur\u00e9e de lecture estim\u00e9e":"1 minute"},"schema":{"@context":"https:\/\/schema.org","@graph":[{"@type":"WebPage","@id":"https:\/\/ultralimited.it\/fr\/lunettes-dete-2025\/","url":"https:\/\/ultralimited.it\/fr\/lunettes-dete-2025\/","name":"Lunettes d'\u00e9t\u00e9 2025 - Ultra Limited","isPartOf":{"@id":"https:\/\/ultralimited.it\/en\/#website"},"primaryImageOfPage":{"@id":"https:\/\/ultralimited.it\/fr\/lunettes-dete-2025\/#primaryimage"},"image":{"@id":"https:\/\/ultralimited.it\/fr\/lunettes-dete-2025\/#primaryimage"},"thumbnailUrl":"https:\/\/ultralimited.it\/wp-content\/uploads\/2025\/02\/1.png","datePublished":"2025-06-23T13:14:54+00:00","dateModified":"2025-06-23T13:45:02+00:00","description":"D\u00e9couvrez toutes les tendances pour l'\u00e9t\u00e9 2025 avec Ultra Limited. Formes audacieuses, couleurs vibrantes, d\u00e9tails personnalis\u00e9s.","breadcrumb":{"@id":"https:\/\/ultralimited.it\/fr\/lunettes-dete-2025\/#breadcrumb"},"inLanguage":"fr-FR","potentialAction":[{"@type":"ReadAction","target":["https:\/\/ultralimited.it\/fr\/lunettes-dete-2025\/"]}]},{"@type":"ImageObject","inLanguage":"fr-FR","@id":"https:\/\/ultralimited.it\/fr\/lunettes-dete-2025\/#primaryimage","url":"https:\/\/ultralimited.it\/wp-content\/uploads\/2025\/02\/1.png","contentUrl":"https:\/\/ultralimited.it\/wp-content\/uploads\/2025\/02\/1.png","width":1200,"height":800,"caption":"Occhiali Ultra Limited modello Giudecca in anteprima al SILMO 2025"},{"@type":"BreadcrumbList","@id":"https:\/\/ultralimited.it\/fr\/lunettes-dete-2025\/#breadcrumb","itemListElement":[{"@type":"ListItem","position":1,"name":"Home","item":"https:\/\/ultralimited.it\/fr\/"},{"@type":"ListItem","position":2,"name":"lunettes de soleil"}]},{"@type":"WebSite","@id":"https:\/\/ultralimited.it\/en\/#website","url":"https:\/\/ultralimited.it\/en\/","name":"Ultra Limited","description":"","potentialAction":[{"@type":"SearchAction","target":{"@type":"EntryPoint","urlTemplate":"https:\/\/ultralimited.it\/en\/?s={search_term_string}"},"query-input":{"@type":"PropertyValueSpecification","valueRequired":true,"valueName":"search_term_string"}}],"inLanguage":"fr-FR"}]}},"_links":{"self":[{"href":"https:\/\/ultralimited.it\/fr\/wp-json\/wp\/v2\/pages\/29426","targetHints":{"allow":["GET"]}}],"collection":[{"href":"https:\/\/ultralimited.it\/fr\/wp-json\/wp\/v2\/pages"}],"about":[{"href":"https:\/\/ultralimited.it\/fr\/wp-json\/wp\/v2\/types\/page"}],"author":[{"embeddable":true,"href":"https:\/\/ultralimited.it\/fr\/wp-json\/wp\/v2\/users\/1"}],"replies":[{"embeddable":true,"href":"https:\/\/ultralimited.it\/fr\/wp-json\/wp\/v2\/comments?post=29426"}],"version-history":[{"count":1,"href":"https:\/\/ultralimited.it\/fr\/wp-json\/wp\/v2\/pages\/29426\/revisions"}],"predecessor-version":[{"id":29442,"href":"https:\/\/ultralimited.it\/fr\/wp-json\/wp\/v2\/pages\/29426\/revisions\/29442"}],"wp:featuredmedia":[{"embeddable":true,"href":"https:\/\/ultralimited.it\/fr\/wp-json\/wp\/v2\/media\/29060"}],"wp:attachment":[{"href":"https:\/\/ultralimited.it\/fr\/wp-json\/wp\/v2\/media?parent=29426"}],"curies":[{"name":"wp","href":"https:\/\/api.w.org\/{rel}","templated":true}]}}