{"id":29325,"date":"2025-05-26T14:19:36","date_gmt":"2025-05-26T12:19:36","guid":{"rendered":"http:\/\/ultralimited.it\/?page_id=29325"},"modified":"2025-05-26T14:19:36","modified_gmt":"2025-05-26T12:19:36","slug":"lunettes-rondes-ultra-limited","status":"publish","type":"page","link":"https:\/\/ultralimited.it\/fr\/lunettes-rondes-ultra-limited\/","title":{"rendered":"Lunettes rondes"},"content":{"rendered":"<h1>Lunettes rondes Ultra\u00a0Limited<\/h1>\n","protected":false},"excerpt":{"rendered":"<p>Lunettes rondes Ultra\u00a0Limited<\/p>\n","protected":false},"author":1,"featured_media":29334,"parent":0,"menu_order":0,"comment_status":"closed","ping_status":"closed","template":"template-landing-page.php","meta":{"_acf_changed":false,"footnotes":""},"class_list":["post-29325","page","type-page","status-publish","has-post-thumbnail","hentry"],"acf":[],"yoast_head":"<!-- This site is optimized with the Yoast SEO plugin v26.4 - https:\/\/yoast.com\/wordpress\/plugins\/seo\/ -->\n<title>Lunettes rondes - Ultra Limited<\/title>\n<meta name=\"description\" content=\"Les lunettes rondes Ultra Limited \u2013 un design unique et artisanal, entre charme vintage et \u00e9l\u00e9gance moderne. Trouvez votre paire id\u00e9ale.\" \/>\n<meta name=\"robots\" content=\"index, follow, max-snippet:-1, max-image-preview:large, max-video-preview:-1\" \/>\n<link rel=\"canonical\" href=\"https:\/\/ultralimited.it\/fr\/lunettes-rondes-ultra-limited\/\" \/>\n<meta property=\"og:locale\" content=\"fr_FR\" \/>\n<meta property=\"og:type\" content=\"article\" \/>\n<meta property=\"og:title\" content=\"Lunettes rondes - Ultra Limited\" \/>\n<meta property=\"og:description\" content=\"Les lunettes rondes Ultra Limited \u2013 un design unique et artisanal, entre charme vintage et \u00e9l\u00e9gance moderne. Trouvez votre paire id\u00e9ale.\" \/>\n<meta property=\"og:url\" content=\"https:\/\/ultralimited.it\/fr\/lunettes-rondes-ultra-limited\/\" \/>\n<meta property=\"og:site_name\" content=\"Ultra Limited\" \/>\n<meta property=\"og:image\" content=\"https:\/\/ultralimited.it\/wp-content\/uploads\/2025\/05\/CAN0496-scaled.jpg\" \/>\n\t<meta property=\"og:image:width\" content=\"2560\" \/>\n\t<meta property=\"og:image:height\" content=\"1707\" \/>\n\t<meta property=\"og:image:type\" content=\"image\/jpeg\" \/>\n<meta name=\"twitter:card\" content=\"summary_large_image\" \/>\n<meta name=\"twitter:label1\" content=\"Dur\u00e9e de lecture estim\u00e9e\" \/>\n\t<meta name=\"twitter:data1\" content=\"1 minute\" \/>\n<script type=\"application\/ld+json\" class=\"yoast-schema-graph\">{\"@context\":\"https:\/\/schema.org\",\"@graph\":[{\"@type\":\"WebPage\",\"@id\":\"https:\/\/ultralimited.it\/fr\/lunettes-rondes-ultra-limited\/\",\"url\":\"https:\/\/ultralimited.it\/fr\/lunettes-rondes-ultra-limited\/\",\"name\":\"Lunettes rondes - Ultra Limited\",\"isPartOf\":{\"@id\":\"https:\/\/ultralimited.it\/en\/#website\"},\"primaryImageOfPage\":{\"@id\":\"https:\/\/ultralimited.it\/fr\/lunettes-rondes-ultra-limited\/#primaryimage\"},\"image\":{\"@id\":\"https:\/\/ultralimited.it\/fr\/lunettes-rondes-ultra-limited\/#primaryimage\"},\"thumbnailUrl\":\"https:\/\/ultralimited.it\/wp-content\/uploads\/2025\/05\/CAN0496-scaled.jpg\",\"datePublished\":\"2025-05-26T12:19:36+00:00\",\"description\":\"Les lunettes rondes Ultra Limited \u2013 un design unique et artisanal, entre charme vintage et \u00e9l\u00e9gance moderne. Trouvez votre paire id\u00e9ale.\",\"breadcrumb\":{\"@id\":\"https:\/\/ultralimited.it\/fr\/lunettes-rondes-ultra-limited\/#breadcrumb\"},\"inLanguage\":\"fr-FR\",\"potentialAction\":[{\"@type\":\"ReadAction\",\"target\":[\"https:\/\/ultralimited.it\/fr\/lunettes-rondes-ultra-limited\/\"]}]},{\"@type\":\"ImageObject\",\"inLanguage\":\"fr-FR\",\"@id\":\"https:\/\/ultralimited.it\/fr\/lunettes-rondes-ultra-limited\/#primaryimage\",\"url\":\"https:\/\/ultralimited.it\/wp-content\/uploads\/2025\/05\/CAN0496-scaled.jpg\",\"contentUrl\":\"https:\/\/ultralimited.it\/wp-content\/uploads\/2025\/05\/CAN0496-scaled.jpg\",\"width\":2560,\"height\":1707},{\"@type\":\"BreadcrumbList\",\"@id\":\"https:\/\/ultralimited.it\/fr\/lunettes-rondes-ultra-limited\/#breadcrumb\",\"itemListElement\":[{\"@type\":\"ListItem\",\"position\":1,\"name\":\"Home\",\"item\":\"https:\/\/ultralimited.it\/fr\/\"},{\"@type\":\"ListItem\",\"position\":2,\"name\":\"Lunettes rondes\"}]},{\"@type\":\"WebSite\",\"@id\":\"https:\/\/ultralimited.it\/en\/#website\",\"url\":\"https:\/\/ultralimited.it\/en\/\",\"name\":\"Ultra Limited\",\"description\":\"\",\"potentialAction\":[{\"@type\":\"SearchAction\",\"target\":{\"@type\":\"EntryPoint\",\"urlTemplate\":\"https:\/\/ultralimited.it\/en\/?s={search_term_string}\"},\"query-input\":{\"@type\":\"PropertyValueSpecification\",\"valueRequired\":true,\"valueName\":\"search_term_string\"}}],\"inLanguage\":\"fr-FR\"}]}<\/script>\n<!-- \/ Yoast SEO plugin. -->","yoast_head_json":{"title":"Lunettes rondes - Ultra Limited","description":"Les lunettes rondes Ultra Limited \u2013 un design unique et artisanal, entre charme vintage et \u00e9l\u00e9gance moderne. Trouvez votre paire id\u00e9ale.","robots":{"index":"index","follow":"follow","max-snippet":"max-snippet:-1","max-image-preview":"max-image-preview:large","max-video-preview":"max-video-preview:-1"},"canonical":"https:\/\/ultralimited.it\/fr\/lunettes-rondes-ultra-limited\/","og_locale":"fr_FR","og_type":"article","og_title":"Lunettes rondes - Ultra Limited","og_description":"Les lunettes rondes Ultra Limited \u2013 un design unique et artisanal, entre charme vintage et \u00e9l\u00e9gance moderne. Trouvez votre paire id\u00e9ale.","og_url":"https:\/\/ultralimited.it\/fr\/lunettes-rondes-ultra-limited\/","og_site_name":"Ultra Limited","og_image":[{"width":2560,"height":1707,"url":"https:\/\/ultralimited.it\/wp-content\/uploads\/2025\/05\/CAN0496-scaled.jpg","type":"image\/jpeg"}],"twitter_card":"summary_large_image","twitter_misc":{"Dur\u00e9e de lecture estim\u00e9e":"1 minute"},"schema":{"@context":"https:\/\/schema.org","@graph":[{"@type":"WebPage","@id":"https:\/\/ultralimited.it\/fr\/lunettes-rondes-ultra-limited\/","url":"https:\/\/ultralimited.it\/fr\/lunettes-rondes-ultra-limited\/","name":"Lunettes rondes - Ultra Limited","isPartOf":{"@id":"https:\/\/ultralimited.it\/en\/#website"},"primaryImageOfPage":{"@id":"https:\/\/ultralimited.it\/fr\/lunettes-rondes-ultra-limited\/#primaryimage"},"image":{"@id":"https:\/\/ultralimited.it\/fr\/lunettes-rondes-ultra-limited\/#primaryimage"},"thumbnailUrl":"https:\/\/ultralimited.it\/wp-content\/uploads\/2025\/05\/CAN0496-scaled.jpg","datePublished":"2025-05-26T12:19:36+00:00","description":"Les lunettes rondes Ultra Limited \u2013 un design unique et artisanal, entre charme vintage et \u00e9l\u00e9gance moderne. Trouvez votre paire id\u00e9ale.","breadcrumb":{"@id":"https:\/\/ultralimited.it\/fr\/lunettes-rondes-ultra-limited\/#breadcrumb"},"inLanguage":"fr-FR","potentialAction":[{"@type":"ReadAction","target":["https:\/\/ultralimited.it\/fr\/lunettes-rondes-ultra-limited\/"]}]},{"@type":"ImageObject","inLanguage":"fr-FR","@id":"https:\/\/ultralimited.it\/fr\/lunettes-rondes-ultra-limited\/#primaryimage","url":"https:\/\/ultralimited.it\/wp-content\/uploads\/2025\/05\/CAN0496-scaled.jpg","contentUrl":"https:\/\/ultralimited.it\/wp-content\/uploads\/2025\/05\/CAN0496-scaled.jpg","width":2560,"height":1707},{"@type":"BreadcrumbList","@id":"https:\/\/ultralimited.it\/fr\/lunettes-rondes-ultra-limited\/#breadcrumb","itemListElement":[{"@type":"ListItem","position":1,"name":"Home","item":"https:\/\/ultralimited.it\/fr\/"},{"@type":"ListItem","position":2,"name":"Lunettes rondes"}]},{"@type":"WebSite","@id":"https:\/\/ultralimited.it\/en\/#website","url":"https:\/\/ultralimited.it\/en\/","name":"Ultra Limited","description":"","potentialAction":[{"@type":"SearchAction","target":{"@type":"EntryPoint","urlTemplate":"https:\/\/ultralimited.it\/en\/?s={search_term_string}"},"query-input":{"@type":"PropertyValueSpecification","valueRequired":true,"valueName":"search_term_string"}}],"inLanguage":"fr-FR"}]}},"_links":{"self":[{"href":"https:\/\/ultralimited.it\/fr\/wp-json\/wp\/v2\/pages\/29325","targetHints":{"allow":["GET"]}}],"collection":[{"href":"https:\/\/ultralimited.it\/fr\/wp-json\/wp\/v2\/pages"}],"about":[{"href":"https:\/\/ultralimited.it\/fr\/wp-json\/wp\/v2\/types\/page"}],"author":[{"embeddable":true,"href":"https:\/\/ultralimited.it\/fr\/wp-json\/wp\/v2\/users\/1"}],"replies":[{"embeddable":true,"href":"https:\/\/ultralimited.it\/fr\/wp-json\/wp\/v2\/comments?post=29325"}],"version-history":[{"count":2,"href":"https:\/\/ultralimited.it\/fr\/wp-json\/wp\/v2\/pages\/29325\/revisions"}],"predecessor-version":[{"id":29400,"href":"https:\/\/ultralimited.it\/fr\/wp-json\/wp\/v2\/pages\/29325\/revisions\/29400"}],"wp:featuredmedia":[{"embeddable":true,"href":"https:\/\/ultralimited.it\/fr\/wp-json\/wp\/v2\/media\/29334"}],"wp:attachment":[{"href":"https:\/\/ultralimited.it\/fr\/wp-json\/wp\/v2\/media?parent=29325"}],"curies":[{"name":"wp","href":"https:\/\/api.w.org\/{rel}","templated":true}]}}