{"id":31970,"date":"2026-04-10T17:45:06","date_gmt":"2026-04-10T15:45:06","guid":{"rendered":"https:\/\/ultralimited.it\/?post_type=product&#038;p=31970"},"modified":"2026-04-15T09:16:34","modified_gmt":"2026-04-15T07:16:34","slug":"carloforte","status":"publish","type":"product","link":"https:\/\/ultralimited.it\/es\/gafas\/carloforte\/","title":{"rendered":"Carloforte"},"content":{"rendered":"<p data-start=\"2524\" data-end=\"2551\"><strong>Gafas de sol modelo Carloforte<\/strong><\/p>\n<p data-start=\"2553\" data-end=\"2969\">El modelo <strong>Carloforte<\/strong> de Ultra Limited es una montura de sol para mujer que destaca por su dise\u00f1o en forma de mariposa, pensada para quienes buscan un estilo decidido y contempor\u00e1neo. Fabricada en acetato de alta calidad, ofrece un equilibrio perfecto entre resistencia y comodidad, garantizando un ajuste ligero y duradero. La montura en forma de mariposa aporta un toque de elegancia y se adapta a diversos tipos de rostro, realzando cada expresi\u00f3n.<\/p>\n<p data-start=\"2971\" data-end=\"3291\" data-is-last-node=\"\" data-is-only-node=\"\">El modelo Carloforte est\u00e1 disponible en cuatro elegantes colores: <strong>Azul<\/strong>, B<strong>ordeaux<\/strong>, <strong>Havana<\/strong> y <strong>Negro<\/strong>, todos ellos pensados para expresar una personalidad fuerte y sofisticada. Cada variante de color est\u00e1 dise\u00f1ada para a\u00f1adir un toque distintivo a tu look, manteniendo la elegancia y la versatilidad que caracterizan a la marca Ultra Limited.<\/p>\n","protected":false},"excerpt":{"rendered":"<p>Gafas de sol modelo Carloforte El modelo Carloforte de Ultra Limited es una montura de sol para mujer que destaca por su dise\u00f1o en forma de mariposa, pensada para quienes buscan un estilo decidido y contempor\u00e1neo. Fabricada en acetato de alta calidad, ofrece un equilibrio perfecto entre resistencia y comodidad, garantizando un ajuste ligero y <a href=\"https:\/\/ultralimited.it\/es\/gafas\/carloforte\/\" class=\"more-link\">&#8230;<\/a><\/p>\n","protected":false},"featured_media":32057,"template":"","meta":{"_acf_changed":false},"product_brand":[],"product_cat":[118,127,121,160],"class_list":{"0":"post-31970","1":"product","2":"type-product","3":"status-publish","4":"has-post-thumbnail","6":"product_cat-gafas","7":"product_cat-gafas-de-sol","8":"product_cat-mujer","9":"product_cat-nuevo","11":"first","12":"instock","13":"shipping-taxable","14":"product-type-variable"},"acf":[],"yoast_head":"<!-- This site is optimized with the Yoast SEO plugin v26.4 - https:\/\/yoast.com\/wordpress\/plugins\/seo\/ -->\n<title>Carloforte - Ultra Limited<\/title>\n<meta name=\"description\" content=\"Gafas de sol Carloforte de Ultra Limited. Con una elegante forma, disponibles en azul, habana, burdeos y negro. Descubre m\u00e1s y visita la p\u00e1gina web.\" \/>\n<meta name=\"robots\" content=\"index, follow, max-snippet:-1, max-image-preview:large, max-video-preview:-1\" \/>\n<link rel=\"canonical\" href=\"https:\/\/ultralimited.it\/es\/gafas\/carloforte\/\" \/>\n<meta property=\"og:locale\" content=\"es_ES\" \/>\n<meta property=\"og:type\" content=\"article\" \/>\n<meta property=\"og:title\" content=\"Carloforte - Ultra Limited\" \/>\n<meta property=\"og:description\" content=\"Gafas de sol Carloforte de Ultra Limited. Con una elegante forma, disponibles en azul, habana, burdeos y negro. Descubre m\u00e1s y visita la p\u00e1gina web.\" \/>\n<meta property=\"og:url\" content=\"https:\/\/ultralimited.it\/es\/gafas\/carloforte\/\" \/>\n<meta property=\"og:site_name\" content=\"Ultra Limited\" \/>\n<meta property=\"article:modified_time\" content=\"2026-04-15T07:16:34+00:00\" \/>\n<meta property=\"og:image\" content=\"https:\/\/ultralimited.it\/wp-content\/uploads\/2026\/04\/CARLOFORTE-S-F-C4-scaled.jpg\" \/>\n\t<meta property=\"og:image:width\" content=\"2560\" \/>\n\t<meta property=\"og:image:height\" content=\"1920\" \/>\n\t<meta property=\"og:image:type\" content=\"image\/jpeg\" \/>\n<meta name=\"twitter:card\" content=\"summary_large_image\" \/>\n<meta name=\"twitter:label1\" content=\"Tiempo de lectura\" \/>\n\t<meta name=\"twitter:data1\" content=\"1 minuto\" \/>\n<script type=\"application\/ld+json\" class=\"yoast-schema-graph\">{\"@context\":\"https:\/\/schema.org\",\"@graph\":[{\"@type\":\"WebPage\",\"@id\":\"https:\/\/ultralimited.it\/es\/gafas\/carloforte\/\",\"url\":\"https:\/\/ultralimited.it\/es\/gafas\/carloforte\/\",\"name\":\"Carloforte - Ultra Limited\",\"isPartOf\":{\"@id\":\"https:\/\/ultralimited.it\/en\/#website\"},\"primaryImageOfPage\":{\"@id\":\"https:\/\/ultralimited.it\/es\/gafas\/carloforte\/#primaryimage\"},\"image\":{\"@id\":\"https:\/\/ultralimited.it\/es\/gafas\/carloforte\/#primaryimage\"},\"thumbnailUrl\":\"https:\/\/ultralimited.it\/wp-content\/uploads\/2026\/04\/CARLOFORTE-S-F-C4-scaled.jpg\",\"datePublished\":\"2026-04-10T15:45:06+00:00\",\"dateModified\":\"2026-04-15T07:16:34+00:00\",\"description\":\"Gafas de sol Carloforte de Ultra Limited. Con una elegante forma, disponibles en azul, habana, burdeos y negro. Descubre m\u00e1s y visita la p\u00e1gina web.\",\"breadcrumb\":{\"@id\":\"https:\/\/ultralimited.it\/es\/gafas\/carloforte\/#breadcrumb\"},\"inLanguage\":\"es\",\"potentialAction\":[{\"@type\":\"ReadAction\",\"target\":[\"https:\/\/ultralimited.it\/es\/gafas\/carloforte\/\"]}]},{\"@type\":\"ImageObject\",\"inLanguage\":\"es\",\"@id\":\"https:\/\/ultralimited.it\/es\/gafas\/carloforte\/#primaryimage\",\"url\":\"https:\/\/ultralimited.it\/wp-content\/uploads\/2026\/04\/CARLOFORTE-S-F-C4-scaled.jpg\",\"contentUrl\":\"https:\/\/ultralimited.it\/wp-content\/uploads\/2026\/04\/CARLOFORTE-S-F-C4-scaled.jpg\",\"width\":2560,\"height\":1920},{\"@type\":\"BreadcrumbList\",\"@id\":\"https:\/\/ultralimited.it\/es\/gafas\/carloforte\/#breadcrumb\",\"itemListElement\":[{\"@type\":\"ListItem\",\"position\":1,\"name\":\"Home\",\"item\":\"https:\/\/ultralimited.it\/es\/\"},{\"@type\":\"ListItem\",\"position\":2,\"name\":\"Carloforte\"}]},{\"@type\":\"WebSite\",\"@id\":\"https:\/\/ultralimited.it\/en\/#website\",\"url\":\"https:\/\/ultralimited.it\/en\/\",\"name\":\"Ultra Limited\",\"description\":\"\",\"potentialAction\":[{\"@type\":\"SearchAction\",\"target\":{\"@type\":\"EntryPoint\",\"urlTemplate\":\"https:\/\/ultralimited.it\/en\/?s={search_term_string}\"},\"query-input\":{\"@type\":\"PropertyValueSpecification\",\"valueRequired\":true,\"valueName\":\"search_term_string\"}}],\"inLanguage\":\"es\"}]}<\/script>\n<!-- \/ Yoast SEO plugin. -->","yoast_head_json":{"title":"Carloforte - Ultra Limited","description":"Gafas de sol Carloforte de Ultra Limited. Con una elegante forma, disponibles en azul, habana, burdeos y negro. Descubre m\u00e1s y visita la p\u00e1gina web.","robots":{"index":"index","follow":"follow","max-snippet":"max-snippet:-1","max-image-preview":"max-image-preview:large","max-video-preview":"max-video-preview:-1"},"canonical":"https:\/\/ultralimited.it\/es\/gafas\/carloforte\/","og_locale":"es_ES","og_type":"article","og_title":"Carloforte - Ultra Limited","og_description":"Gafas de sol Carloforte de Ultra Limited. Con una elegante forma, disponibles en azul, habana, burdeos y negro. Descubre m\u00e1s y visita la p\u00e1gina web.","og_url":"https:\/\/ultralimited.it\/es\/gafas\/carloforte\/","og_site_name":"Ultra Limited","article_modified_time":"2026-04-15T07:16:34+00:00","og_image":[{"width":2560,"height":1920,"url":"https:\/\/ultralimited.it\/wp-content\/uploads\/2026\/04\/CARLOFORTE-S-F-C4-scaled.jpg","type":"image\/jpeg"}],"twitter_card":"summary_large_image","twitter_misc":{"Tiempo de lectura":"1 minuto"},"schema":{"@context":"https:\/\/schema.org","@graph":[{"@type":"WebPage","@id":"https:\/\/ultralimited.it\/es\/gafas\/carloforte\/","url":"https:\/\/ultralimited.it\/es\/gafas\/carloforte\/","name":"Carloforte - Ultra Limited","isPartOf":{"@id":"https:\/\/ultralimited.it\/en\/#website"},"primaryImageOfPage":{"@id":"https:\/\/ultralimited.it\/es\/gafas\/carloforte\/#primaryimage"},"image":{"@id":"https:\/\/ultralimited.it\/es\/gafas\/carloforte\/#primaryimage"},"thumbnailUrl":"https:\/\/ultralimited.it\/wp-content\/uploads\/2026\/04\/CARLOFORTE-S-F-C4-scaled.jpg","datePublished":"2026-04-10T15:45:06+00:00","dateModified":"2026-04-15T07:16:34+00:00","description":"Gafas de sol Carloforte de Ultra Limited. Con una elegante forma, disponibles en azul, habana, burdeos y negro. Descubre m\u00e1s y visita la p\u00e1gina web.","breadcrumb":{"@id":"https:\/\/ultralimited.it\/es\/gafas\/carloforte\/#breadcrumb"},"inLanguage":"es","potentialAction":[{"@type":"ReadAction","target":["https:\/\/ultralimited.it\/es\/gafas\/carloforte\/"]}]},{"@type":"ImageObject","inLanguage":"es","@id":"https:\/\/ultralimited.it\/es\/gafas\/carloforte\/#primaryimage","url":"https:\/\/ultralimited.it\/wp-content\/uploads\/2026\/04\/CARLOFORTE-S-F-C4-scaled.jpg","contentUrl":"https:\/\/ultralimited.it\/wp-content\/uploads\/2026\/04\/CARLOFORTE-S-F-C4-scaled.jpg","width":2560,"height":1920},{"@type":"BreadcrumbList","@id":"https:\/\/ultralimited.it\/es\/gafas\/carloforte\/#breadcrumb","itemListElement":[{"@type":"ListItem","position":1,"name":"Home","item":"https:\/\/ultralimited.it\/es\/"},{"@type":"ListItem","position":2,"name":"Carloforte"}]},{"@type":"WebSite","@id":"https:\/\/ultralimited.it\/en\/#website","url":"https:\/\/ultralimited.it\/en\/","name":"Ultra Limited","description":"","potentialAction":[{"@type":"SearchAction","target":{"@type":"EntryPoint","urlTemplate":"https:\/\/ultralimited.it\/en\/?s={search_term_string}"},"query-input":{"@type":"PropertyValueSpecification","valueRequired":true,"valueName":"search_term_string"}}],"inLanguage":"es"}]}},"_links":{"self":[{"href":"https:\/\/ultralimited.it\/es\/wp-json\/wp\/v2\/product\/31970","targetHints":{"allow":["GET"]}}],"collection":[{"href":"https:\/\/ultralimited.it\/es\/wp-json\/wp\/v2\/product"}],"about":[{"href":"https:\/\/ultralimited.it\/es\/wp-json\/wp\/v2\/types\/product"}],"wp:featuredmedia":[{"embeddable":true,"href":"https:\/\/ultralimited.it\/es\/wp-json\/wp\/v2\/media\/32057"}],"wp:attachment":[{"href":"https:\/\/ultralimited.it\/es\/wp-json\/wp\/v2\/media?parent=31970"}],"wp:term":[{"taxonomy":"product_brand","embeddable":true,"href":"https:\/\/ultralimited.it\/es\/wp-json\/wp\/v2\/product_brand?post=31970"},{"taxonomy":"product_cat","embeddable":true,"href":"https:\/\/ultralimited.it\/es\/wp-json\/wp\/v2\/product_cat?post=31970"}],"curies":[{"name":"wp","href":"https:\/\/api.w.org\/{rel}","templated":true}]}}