{"id":30084,"date":"2025-07-31T08:58:56","date_gmt":"2025-07-31T06:58:56","guid":{"rendered":"http:\/\/ultralimited.it\/?post_type=product&#038;p=30084"},"modified":"2025-08-01T13:56:12","modified_gmt":"2025-08-01T11:56:12","slug":"isernia","status":"publish","type":"product","link":"https:\/\/ultralimited.it\/es\/gafas\/isernia\/","title":{"rendered":"Isernia"},"content":{"rendered":"<p data-start=\"2597\" data-end=\"2630\"><strong data-start=\"2597\" data-end=\"2630\">Gafas de vista Modelo Isernia<\/strong><\/p>\n<p data-start=\"2632\" data-end=\"3051\">El modelo Isernia de Ultra Limited es una gafa para mujer que se distingue por su dise\u00f1o cat eye, pensado para quienes buscan un estilo decidido y contempor\u00e1neo. Fabricadas en acetato de alta calidad, ofrecen un equilibrio perfecto entre robustez y comodidad, garantizando un ajuste ligero y resistente. La montura cat eye aporta un toque de elegancia y se adapta a diferentes tipos de rostro, realzando cada expresi\u00f3n.<\/p>\n<p data-start=\"3053\" data-end=\"3377\">El modelo Isernia est\u00e1 disponible en cuatro elegantes colores: Azul, Havana, Negro y Burdeos, todos pensados para expresar una personalidad fuerte y sofisticada. Cada variante de color est\u00e1 dise\u00f1ada para a\u00f1adir un toque distintivo a tu look, manteniendo la elegancia y versatilidad que caracterizan a la marca Ultra Limited.<\/p>\n","protected":false},"excerpt":{"rendered":"<p>Gafas de vista Modelo Isernia El modelo Isernia de Ultra Limited es una gafa para mujer que se distingue por su dise\u00f1o cat eye, pensado para quienes buscan un estilo decidido y contempor\u00e1neo. Fabricadas en acetato de alta calidad, ofrecen un equilibrio perfecto entre robustez y comodidad, garantizando un ajuste ligero y resistente. La montura <a href=\"https:\/\/ultralimited.it\/es\/gafas\/isernia\/\" class=\"more-link\">&#8230;<\/a><\/p>\n","protected":false},"featured_media":29821,"template":"","meta":{"_acf_changed":false},"product_brand":[],"product_cat":[118,124,121],"class_list":{"0":"post-30084","1":"product","2":"type-product","3":"status-publish","4":"has-post-thumbnail","6":"product_cat-gafas","7":"product_cat-gafas-graduadas","8":"product_cat-mujer","10":"first","11":"instock","12":"shipping-taxable","13":"product-type-variable"},"acf":[],"yoast_head":"<!-- This site is optimized with the Yoast SEO plugin v26.4 - https:\/\/yoast.com\/wordpress\/plugins\/seo\/ -->\n<title>Isernia - Ultra Limited<\/title>\n<meta name=\"robots\" content=\"index, follow, max-snippet:-1, max-image-preview:large, max-video-preview:-1\" \/>\n<link rel=\"canonical\" href=\"https:\/\/ultralimited.it\/es\/gafas\/isernia\/\" \/>\n<meta property=\"og:locale\" content=\"es_ES\" \/>\n<meta property=\"og:type\" content=\"article\" \/>\n<meta property=\"og:title\" content=\"Isernia - Ultra Limited\" \/>\n<meta property=\"og:description\" content=\"Gafas de vista Modelo Isernia El modelo Isernia de Ultra Limited es una gafa para mujer que se distingue por su dise\u00f1o cat eye, pensado para quienes buscan un estilo decidido y contempor\u00e1neo. Fabricadas en acetato de alta calidad, ofrecen un equilibrio perfecto entre robustez y comodidad, garantizando un ajuste ligero y resistente. La montura ...\" \/>\n<meta property=\"og:url\" content=\"https:\/\/ultralimited.it\/es\/gafas\/isernia\/\" \/>\n<meta property=\"og:site_name\" content=\"Ultra Limited\" \/>\n<meta property=\"article:modified_time\" content=\"2025-08-01T11:56:12+00:00\" \/>\n<meta property=\"og:image\" content=\"https:\/\/ultralimited.it\/wp-content\/uploads\/2025\/07\/ULISNE.jpg\" \/>\n\t<meta property=\"og:image:width\" content=\"1600\" \/>\n\t<meta property=\"og:image:height\" content=\"1200\" \/>\n\t<meta property=\"og:image:type\" content=\"image\/jpeg\" \/>\n<meta name=\"twitter:card\" content=\"summary_large_image\" \/>\n<meta name=\"twitter:label1\" content=\"Tiempo de lectura\" \/>\n\t<meta name=\"twitter:data1\" content=\"1 minuto\" \/>\n<script type=\"application\/ld+json\" class=\"yoast-schema-graph\">{\"@context\":\"https:\/\/schema.org\",\"@graph\":[{\"@type\":\"WebPage\",\"@id\":\"https:\/\/ultralimited.it\/es\/gafas\/isernia\/\",\"url\":\"https:\/\/ultralimited.it\/es\/gafas\/isernia\/\",\"name\":\"Isernia - Ultra Limited\",\"isPartOf\":{\"@id\":\"https:\/\/ultralimited.it\/en\/#website\"},\"primaryImageOfPage\":{\"@id\":\"https:\/\/ultralimited.it\/es\/gafas\/isernia\/#primaryimage\"},\"image\":{\"@id\":\"https:\/\/ultralimited.it\/es\/gafas\/isernia\/#primaryimage\"},\"thumbnailUrl\":\"https:\/\/ultralimited.it\/wp-content\/uploads\/2025\/07\/ULISNE.jpg\",\"datePublished\":\"2025-07-31T06:58:56+00:00\",\"dateModified\":\"2025-08-01T11:56:12+00:00\",\"breadcrumb\":{\"@id\":\"https:\/\/ultralimited.it\/es\/gafas\/isernia\/#breadcrumb\"},\"inLanguage\":\"es\",\"potentialAction\":[{\"@type\":\"ReadAction\",\"target\":[\"https:\/\/ultralimited.it\/es\/gafas\/isernia\/\"]}]},{\"@type\":\"ImageObject\",\"inLanguage\":\"es\",\"@id\":\"https:\/\/ultralimited.it\/es\/gafas\/isernia\/#primaryimage\",\"url\":\"https:\/\/ultralimited.it\/wp-content\/uploads\/2025\/07\/ULISNE.jpg\",\"contentUrl\":\"https:\/\/ultralimited.it\/wp-content\/uploads\/2025\/07\/ULISNE.jpg\",\"width\":1600,\"height\":1200},{\"@type\":\"BreadcrumbList\",\"@id\":\"https:\/\/ultralimited.it\/es\/gafas\/isernia\/#breadcrumb\",\"itemListElement\":[{\"@type\":\"ListItem\",\"position\":1,\"name\":\"Home\",\"item\":\"https:\/\/ultralimited.it\/es\/\"},{\"@type\":\"ListItem\",\"position\":2,\"name\":\"Isernia\"}]},{\"@type\":\"WebSite\",\"@id\":\"https:\/\/ultralimited.it\/en\/#website\",\"url\":\"https:\/\/ultralimited.it\/en\/\",\"name\":\"Ultra Limited\",\"description\":\"\",\"potentialAction\":[{\"@type\":\"SearchAction\",\"target\":{\"@type\":\"EntryPoint\",\"urlTemplate\":\"https:\/\/ultralimited.it\/en\/?s={search_term_string}\"},\"query-input\":{\"@type\":\"PropertyValueSpecification\",\"valueRequired\":true,\"valueName\":\"search_term_string\"}}],\"inLanguage\":\"es\"}]}<\/script>\n<!-- \/ Yoast SEO plugin. -->","yoast_head_json":{"title":"Isernia - Ultra Limited","robots":{"index":"index","follow":"follow","max-snippet":"max-snippet:-1","max-image-preview":"max-image-preview:large","max-video-preview":"max-video-preview:-1"},"canonical":"https:\/\/ultralimited.it\/es\/gafas\/isernia\/","og_locale":"es_ES","og_type":"article","og_title":"Isernia - Ultra Limited","og_description":"Gafas de vista Modelo Isernia El modelo Isernia de Ultra Limited es una gafa para mujer que se distingue por su dise\u00f1o cat eye, pensado para quienes buscan un estilo decidido y contempor\u00e1neo. Fabricadas en acetato de alta calidad, ofrecen un equilibrio perfecto entre robustez y comodidad, garantizando un ajuste ligero y resistente. La montura ...","og_url":"https:\/\/ultralimited.it\/es\/gafas\/isernia\/","og_site_name":"Ultra Limited","article_modified_time":"2025-08-01T11:56:12+00:00","og_image":[{"width":1600,"height":1200,"url":"https:\/\/ultralimited.it\/wp-content\/uploads\/2025\/07\/ULISNE.jpg","type":"image\/jpeg"}],"twitter_card":"summary_large_image","twitter_misc":{"Tiempo de lectura":"1 minuto"},"schema":{"@context":"https:\/\/schema.org","@graph":[{"@type":"WebPage","@id":"https:\/\/ultralimited.it\/es\/gafas\/isernia\/","url":"https:\/\/ultralimited.it\/es\/gafas\/isernia\/","name":"Isernia - Ultra Limited","isPartOf":{"@id":"https:\/\/ultralimited.it\/en\/#website"},"primaryImageOfPage":{"@id":"https:\/\/ultralimited.it\/es\/gafas\/isernia\/#primaryimage"},"image":{"@id":"https:\/\/ultralimited.it\/es\/gafas\/isernia\/#primaryimage"},"thumbnailUrl":"https:\/\/ultralimited.it\/wp-content\/uploads\/2025\/07\/ULISNE.jpg","datePublished":"2025-07-31T06:58:56+00:00","dateModified":"2025-08-01T11:56:12+00:00","breadcrumb":{"@id":"https:\/\/ultralimited.it\/es\/gafas\/isernia\/#breadcrumb"},"inLanguage":"es","potentialAction":[{"@type":"ReadAction","target":["https:\/\/ultralimited.it\/es\/gafas\/isernia\/"]}]},{"@type":"ImageObject","inLanguage":"es","@id":"https:\/\/ultralimited.it\/es\/gafas\/isernia\/#primaryimage","url":"https:\/\/ultralimited.it\/wp-content\/uploads\/2025\/07\/ULISNE.jpg","contentUrl":"https:\/\/ultralimited.it\/wp-content\/uploads\/2025\/07\/ULISNE.jpg","width":1600,"height":1200},{"@type":"BreadcrumbList","@id":"https:\/\/ultralimited.it\/es\/gafas\/isernia\/#breadcrumb","itemListElement":[{"@type":"ListItem","position":1,"name":"Home","item":"https:\/\/ultralimited.it\/es\/"},{"@type":"ListItem","position":2,"name":"Isernia"}]},{"@type":"WebSite","@id":"https:\/\/ultralimited.it\/en\/#website","url":"https:\/\/ultralimited.it\/en\/","name":"Ultra Limited","description":"","potentialAction":[{"@type":"SearchAction","target":{"@type":"EntryPoint","urlTemplate":"https:\/\/ultralimited.it\/en\/?s={search_term_string}"},"query-input":{"@type":"PropertyValueSpecification","valueRequired":true,"valueName":"search_term_string"}}],"inLanguage":"es"}]}},"_links":{"self":[{"href":"https:\/\/ultralimited.it\/es\/wp-json\/wp\/v2\/product\/30084","targetHints":{"allow":["GET"]}}],"collection":[{"href":"https:\/\/ultralimited.it\/es\/wp-json\/wp\/v2\/product"}],"about":[{"href":"https:\/\/ultralimited.it\/es\/wp-json\/wp\/v2\/types\/product"}],"wp:featuredmedia":[{"embeddable":true,"href":"https:\/\/ultralimited.it\/es\/wp-json\/wp\/v2\/media\/29821"}],"wp:attachment":[{"href":"https:\/\/ultralimited.it\/es\/wp-json\/wp\/v2\/media?parent=30084"}],"wp:term":[{"taxonomy":"product_brand","embeddable":true,"href":"https:\/\/ultralimited.it\/es\/wp-json\/wp\/v2\/product_brand?post=30084"},{"taxonomy":"product_cat","embeddable":true,"href":"https:\/\/ultralimited.it\/es\/wp-json\/wp\/v2\/product_cat?post=30084"}],"curies":[{"name":"wp","href":"https:\/\/api.w.org\/{rel}","templated":true}]}}