{"id":29716,"date":"2025-07-30T09:58:16","date_gmt":"2025-07-30T07:58:16","guid":{"rendered":"http:\/\/ultralimited.it\/?post_type=product&#038;p=29716"},"modified":"2025-08-01T13:51:23","modified_gmt":"2025-08-01T11:51:23","slug":"faenza","status":"publish","type":"product","link":"https:\/\/ultralimited.it\/es\/gafas\/faenza\/","title":{"rendered":"Faenza"},"content":{"rendered":"<p data-start=\"2405\" data-end=\"2437\"><strong data-start=\"2405\" data-end=\"2437\">Gafas de vista Modelo Faenza<\/strong><\/p>\n<p data-start=\"2439\" data-end=\"2852\">Elegancia y audacia, gracias a su forma de mariposa que aporta un toque distintivo a quien las lleva. Fabricadas en acetato de alta calidad, estas gafas ofrecen una ligereza sorprendente sin comprometer la resistencia. El pegado total de la montura asegura una solidez duradera, mientras que el dise\u00f1o refinado se adapta perfectamente a cada rostro, convirti\u00e9ndolo en un accesorio vers\u00e1til para cualquier ocasi\u00f3n.<\/p>\n<p data-start=\"2854\" data-end=\"3169\">Disponible en varios colores \u2013 blanco, azul, burdeos y negro \u2013 el modelo Faenza se distingue por su capacidad para adaptarse a cualquier estilo, siempre ofreciendo un look moderno y sofisticado. Cada variante de color est\u00e1 pensada para realzar la personalidad de quien las lleva, sin renunciar nunca a la elegancia.<\/p>\n","protected":false},"excerpt":{"rendered":"<p>Gafas de vista Modelo Faenza Elegancia y audacia, gracias a su forma de mariposa que aporta un toque distintivo a quien las lleva. Fabricadas en acetato de alta calidad, estas gafas ofrecen una ligereza sorprendente sin comprometer la resistencia. El pegado total de la montura asegura una solidez duradera, mientras que el dise\u00f1o refinado se <a href=\"https:\/\/ultralimited.it\/es\/gafas\/faenza\/\" class=\"more-link\">&#8230;<\/a><\/p>\n","protected":false},"featured_media":29766,"template":"","meta":{"_acf_changed":false},"product_brand":[],"product_cat":[118,124,121],"class_list":{"0":"post-29716","1":"product","2":"type-product","3":"status-publish","4":"has-post-thumbnail","6":"product_cat-gafas","7":"product_cat-gafas-graduadas","8":"product_cat-mujer","10":"first","11":"instock","12":"shipping-taxable","13":"product-type-variable"},"acf":[],"yoast_head":"<!-- This site is optimized with the Yoast SEO plugin v26.4 - https:\/\/yoast.com\/wordpress\/plugins\/seo\/ -->\n<title>Faenza - Ultra Limited<\/title>\n<meta name=\"robots\" content=\"index, follow, max-snippet:-1, max-image-preview:large, max-video-preview:-1\" \/>\n<link rel=\"canonical\" href=\"https:\/\/ultralimited.it\/es\/gafas\/faenza\/\" \/>\n<meta property=\"og:locale\" content=\"es_ES\" \/>\n<meta property=\"og:type\" content=\"article\" \/>\n<meta property=\"og:title\" content=\"Faenza - Ultra Limited\" \/>\n<meta property=\"og:description\" content=\"Gafas de vista Modelo Faenza Elegancia y audacia, gracias a su forma de mariposa que aporta un toque distintivo a quien las lleva. Fabricadas en acetato de alta calidad, estas gafas ofrecen una ligereza sorprendente sin comprometer la resistencia. El pegado total de la montura asegura una solidez duradera, mientras que el dise\u00f1o refinado se ...\" \/>\n<meta property=\"og:url\" content=\"https:\/\/ultralimited.it\/es\/gafas\/faenza\/\" \/>\n<meta property=\"og:site_name\" content=\"Ultra Limited\" \/>\n<meta property=\"article:modified_time\" content=\"2025-08-01T11:51:23+00:00\" \/>\n<meta property=\"og:image\" content=\"https:\/\/ultralimited.it\/wp-content\/uploads\/2025\/07\/ULFABI.jpg\" \/>\n\t<meta property=\"og:image:width\" content=\"1600\" \/>\n\t<meta property=\"og:image:height\" content=\"1200\" \/>\n\t<meta property=\"og:image:type\" content=\"image\/jpeg\" \/>\n<meta name=\"twitter:card\" content=\"summary_large_image\" \/>\n<meta name=\"twitter:label1\" content=\"Tiempo de lectura\" \/>\n\t<meta name=\"twitter:data1\" content=\"1 minuto\" \/>\n<script type=\"application\/ld+json\" class=\"yoast-schema-graph\">{\"@context\":\"https:\/\/schema.org\",\"@graph\":[{\"@type\":\"WebPage\",\"@id\":\"https:\/\/ultralimited.it\/es\/gafas\/faenza\/\",\"url\":\"https:\/\/ultralimited.it\/es\/gafas\/faenza\/\",\"name\":\"Faenza - Ultra Limited\",\"isPartOf\":{\"@id\":\"https:\/\/ultralimited.it\/en\/#website\"},\"primaryImageOfPage\":{\"@id\":\"https:\/\/ultralimited.it\/es\/gafas\/faenza\/#primaryimage\"},\"image\":{\"@id\":\"https:\/\/ultralimited.it\/es\/gafas\/faenza\/#primaryimage\"},\"thumbnailUrl\":\"https:\/\/ultralimited.it\/wp-content\/uploads\/2025\/07\/ULFABI.jpg\",\"datePublished\":\"2025-07-30T07:58:16+00:00\",\"dateModified\":\"2025-08-01T11:51:23+00:00\",\"breadcrumb\":{\"@id\":\"https:\/\/ultralimited.it\/es\/gafas\/faenza\/#breadcrumb\"},\"inLanguage\":\"es\",\"potentialAction\":[{\"@type\":\"ReadAction\",\"target\":[\"https:\/\/ultralimited.it\/es\/gafas\/faenza\/\"]}]},{\"@type\":\"ImageObject\",\"inLanguage\":\"es\",\"@id\":\"https:\/\/ultralimited.it\/es\/gafas\/faenza\/#primaryimage\",\"url\":\"https:\/\/ultralimited.it\/wp-content\/uploads\/2025\/07\/ULFABI.jpg\",\"contentUrl\":\"https:\/\/ultralimited.it\/wp-content\/uploads\/2025\/07\/ULFABI.jpg\",\"width\":1600,\"height\":1200},{\"@type\":\"BreadcrumbList\",\"@id\":\"https:\/\/ultralimited.it\/es\/gafas\/faenza\/#breadcrumb\",\"itemListElement\":[{\"@type\":\"ListItem\",\"position\":1,\"name\":\"Home\",\"item\":\"https:\/\/ultralimited.it\/es\/\"},{\"@type\":\"ListItem\",\"position\":2,\"name\":\"Faenza\"}]},{\"@type\":\"WebSite\",\"@id\":\"https:\/\/ultralimited.it\/en\/#website\",\"url\":\"https:\/\/ultralimited.it\/en\/\",\"name\":\"Ultra Limited\",\"description\":\"\",\"potentialAction\":[{\"@type\":\"SearchAction\",\"target\":{\"@type\":\"EntryPoint\",\"urlTemplate\":\"https:\/\/ultralimited.it\/en\/?s={search_term_string}\"},\"query-input\":{\"@type\":\"PropertyValueSpecification\",\"valueRequired\":true,\"valueName\":\"search_term_string\"}}],\"inLanguage\":\"es\"}]}<\/script>\n<!-- \/ Yoast SEO plugin. -->","yoast_head_json":{"title":"Faenza - Ultra Limited","robots":{"index":"index","follow":"follow","max-snippet":"max-snippet:-1","max-image-preview":"max-image-preview:large","max-video-preview":"max-video-preview:-1"},"canonical":"https:\/\/ultralimited.it\/es\/gafas\/faenza\/","og_locale":"es_ES","og_type":"article","og_title":"Faenza - Ultra Limited","og_description":"Gafas de vista Modelo Faenza Elegancia y audacia, gracias a su forma de mariposa que aporta un toque distintivo a quien las lleva. Fabricadas en acetato de alta calidad, estas gafas ofrecen una ligereza sorprendente sin comprometer la resistencia. El pegado total de la montura asegura una solidez duradera, mientras que el dise\u00f1o refinado se ...","og_url":"https:\/\/ultralimited.it\/es\/gafas\/faenza\/","og_site_name":"Ultra Limited","article_modified_time":"2025-08-01T11:51:23+00:00","og_image":[{"width":1600,"height":1200,"url":"https:\/\/ultralimited.it\/wp-content\/uploads\/2025\/07\/ULFABI.jpg","type":"image\/jpeg"}],"twitter_card":"summary_large_image","twitter_misc":{"Tiempo de lectura":"1 minuto"},"schema":{"@context":"https:\/\/schema.org","@graph":[{"@type":"WebPage","@id":"https:\/\/ultralimited.it\/es\/gafas\/faenza\/","url":"https:\/\/ultralimited.it\/es\/gafas\/faenza\/","name":"Faenza - Ultra Limited","isPartOf":{"@id":"https:\/\/ultralimited.it\/en\/#website"},"primaryImageOfPage":{"@id":"https:\/\/ultralimited.it\/es\/gafas\/faenza\/#primaryimage"},"image":{"@id":"https:\/\/ultralimited.it\/es\/gafas\/faenza\/#primaryimage"},"thumbnailUrl":"https:\/\/ultralimited.it\/wp-content\/uploads\/2025\/07\/ULFABI.jpg","datePublished":"2025-07-30T07:58:16+00:00","dateModified":"2025-08-01T11:51:23+00:00","breadcrumb":{"@id":"https:\/\/ultralimited.it\/es\/gafas\/faenza\/#breadcrumb"},"inLanguage":"es","potentialAction":[{"@type":"ReadAction","target":["https:\/\/ultralimited.it\/es\/gafas\/faenza\/"]}]},{"@type":"ImageObject","inLanguage":"es","@id":"https:\/\/ultralimited.it\/es\/gafas\/faenza\/#primaryimage","url":"https:\/\/ultralimited.it\/wp-content\/uploads\/2025\/07\/ULFABI.jpg","contentUrl":"https:\/\/ultralimited.it\/wp-content\/uploads\/2025\/07\/ULFABI.jpg","width":1600,"height":1200},{"@type":"BreadcrumbList","@id":"https:\/\/ultralimited.it\/es\/gafas\/faenza\/#breadcrumb","itemListElement":[{"@type":"ListItem","position":1,"name":"Home","item":"https:\/\/ultralimited.it\/es\/"},{"@type":"ListItem","position":2,"name":"Faenza"}]},{"@type":"WebSite","@id":"https:\/\/ultralimited.it\/en\/#website","url":"https:\/\/ultralimited.it\/en\/","name":"Ultra Limited","description":"","potentialAction":[{"@type":"SearchAction","target":{"@type":"EntryPoint","urlTemplate":"https:\/\/ultralimited.it\/en\/?s={search_term_string}"},"query-input":{"@type":"PropertyValueSpecification","valueRequired":true,"valueName":"search_term_string"}}],"inLanguage":"es"}]}},"_links":{"self":[{"href":"https:\/\/ultralimited.it\/es\/wp-json\/wp\/v2\/product\/29716","targetHints":{"allow":["GET"]}}],"collection":[{"href":"https:\/\/ultralimited.it\/es\/wp-json\/wp\/v2\/product"}],"about":[{"href":"https:\/\/ultralimited.it\/es\/wp-json\/wp\/v2\/types\/product"}],"wp:featuredmedia":[{"embeddable":true,"href":"https:\/\/ultralimited.it\/es\/wp-json\/wp\/v2\/media\/29766"}],"wp:attachment":[{"href":"https:\/\/ultralimited.it\/es\/wp-json\/wp\/v2\/media?parent=29716"}],"wp:term":[{"taxonomy":"product_brand","embeddable":true,"href":"https:\/\/ultralimited.it\/es\/wp-json\/wp\/v2\/product_brand?post=29716"},{"taxonomy":"product_cat","embeddable":true,"href":"https:\/\/ultralimited.it\/es\/wp-json\/wp\/v2\/product_cat?post=29716"}],"curies":[{"name":"wp","href":"https:\/\/api.w.org\/{rel}","templated":true}]}}