{"id":28543,"date":"2025-01-03T14:40:45","date_gmt":"2025-01-03T13:40:50","guid":{"rendered":"http:\/\/ultralimited.it\/?post_type=product&#038;p=28543"},"modified":"2025-01-27T11:13:20","modified_gmt":"2025-01-27T10:13:20","slug":"piana","status":"publish","type":"product","link":"https:\/\/ultralimited.it\/es\/gafas\/piana\/","title":{"rendered":"Piana"},"content":{"rendered":"<p>Gafas de sol Ultra Limited Piana para mujer: un modelo que une una refinada forma de ojo de gato con la artesan\u00eda de la zona de Belluno. Cada par de gafas est\u00e1 realizado a mano, utilizando 12 l\u00e1minas de acetato de celulosa, elaboradas en un proceso que dura m\u00e1s de 41 d\u00edas. Un detalle distintivo es el a\u00f1adido de una l\u00e1mina de relieve en la zona de las cejas, que aporta originalidad y estilo a la montura. Disponibles en blanco, azul, habana y negro, estas gafas son \u00fanicas, gracias a la personalizaci\u00f3n que ofrece el proceso artesanal. Descubre el modelo Piana de Ultra Limited, para conseguir un aspecto elegante y original.<\/p>\n","protected":false},"excerpt":{"rendered":"<p>Gafas de sol Ultra Limited Piana para mujer: un modelo que une una refinada forma de ojo de gato con la artesan\u00eda de la zona de Belluno. Cada par de gafas est\u00e1 realizado a mano, utilizando 12 l\u00e1minas de acetato de celulosa, elaboradas en un proceso que dura m\u00e1s de 41 d\u00edas. Un detalle distintivo <a href=\"https:\/\/ultralimited.it\/es\/gafas\/piana\/\" class=\"more-link\">&#8230;<\/a><\/p>\n","protected":false},"featured_media":28668,"template":"","meta":{"_acf_changed":false},"product_brand":[],"product_cat":[118,127,121],"class_list":{"0":"post-28543","1":"product","2":"type-product","3":"status-publish","4":"has-post-thumbnail","6":"product_cat-gafas","7":"product_cat-gafas-de-sol","8":"product_cat-mujer","10":"first","11":"instock","12":"shipping-taxable","13":"product-type-variable"},"acf":[],"yoast_head":"<!-- This site is optimized with the Yoast SEO plugin v26.4 - https:\/\/yoast.com\/wordpress\/plugins\/seo\/ -->\n<title>Piana - Ultra Limited<\/title>\n<meta name=\"robots\" content=\"index, follow, max-snippet:-1, max-image-preview:large, max-video-preview:-1\" \/>\n<link rel=\"canonical\" href=\"https:\/\/ultralimited.it\/es\/gafas\/piana\/\" \/>\n<meta property=\"og:locale\" content=\"es_ES\" \/>\n<meta property=\"og:type\" content=\"article\" \/>\n<meta property=\"og:title\" content=\"Piana - Ultra Limited\" \/>\n<meta property=\"og:description\" content=\"Gafas de sol Ultra Limited Piana para mujer: un modelo que une una refinada forma de ojo de gato con la artesan\u00eda de la zona de Belluno. Cada par de gafas est\u00e1 realizado a mano, utilizando 12 l\u00e1minas de acetato de celulosa, elaboradas en un proceso que dura m\u00e1s de 41 d\u00edas. Un detalle distintivo ...\" \/>\n<meta property=\"og:url\" content=\"https:\/\/ultralimited.it\/es\/gafas\/piana\/\" \/>\n<meta property=\"og:site_name\" content=\"Ultra Limited\" \/>\n<meta property=\"article:modified_time\" content=\"2025-01-27T10:13:20+00:00\" \/>\n<meta property=\"og:image\" content=\"https:\/\/ultralimited.it\/wp-content\/uploads\/2025\/01\/PIANA-S-F-BIANCO.jpg\" \/>\n\t<meta property=\"og:image:width\" content=\"1600\" \/>\n\t<meta property=\"og:image:height\" content=\"1200\" \/>\n\t<meta property=\"og:image:type\" content=\"image\/jpeg\" \/>\n<meta name=\"twitter:card\" content=\"summary_large_image\" \/>\n<meta name=\"twitter:label1\" content=\"Tiempo de lectura\" \/>\n\t<meta name=\"twitter:data1\" content=\"1 minuto\" \/>\n<script type=\"application\/ld+json\" class=\"yoast-schema-graph\">{\"@context\":\"https:\/\/schema.org\",\"@graph\":[{\"@type\":\"WebPage\",\"@id\":\"https:\/\/ultralimited.it\/es\/gafas\/piana\/\",\"url\":\"https:\/\/ultralimited.it\/es\/gafas\/piana\/\",\"name\":\"Piana - Ultra Limited\",\"isPartOf\":{\"@id\":\"https:\/\/ultralimited.it\/en\/#website\"},\"primaryImageOfPage\":{\"@id\":\"https:\/\/ultralimited.it\/es\/gafas\/piana\/#primaryimage\"},\"image\":{\"@id\":\"https:\/\/ultralimited.it\/es\/gafas\/piana\/#primaryimage\"},\"thumbnailUrl\":\"https:\/\/ultralimited.it\/wp-content\/uploads\/2025\/01\/PIANA-S-F-BIANCO.jpg\",\"datePublished\":\"2025-01-03T13:40:50+00:00\",\"dateModified\":\"2025-01-27T10:13:20+00:00\",\"breadcrumb\":{\"@id\":\"https:\/\/ultralimited.it\/es\/gafas\/piana\/#breadcrumb\"},\"inLanguage\":\"es\",\"potentialAction\":[{\"@type\":\"ReadAction\",\"target\":[\"https:\/\/ultralimited.it\/es\/gafas\/piana\/\"]}]},{\"@type\":\"ImageObject\",\"inLanguage\":\"es\",\"@id\":\"https:\/\/ultralimited.it\/es\/gafas\/piana\/#primaryimage\",\"url\":\"https:\/\/ultralimited.it\/wp-content\/uploads\/2025\/01\/PIANA-S-F-BIANCO.jpg\",\"contentUrl\":\"https:\/\/ultralimited.it\/wp-content\/uploads\/2025\/01\/PIANA-S-F-BIANCO.jpg\",\"width\":1600,\"height\":1200},{\"@type\":\"BreadcrumbList\",\"@id\":\"https:\/\/ultralimited.it\/es\/gafas\/piana\/#breadcrumb\",\"itemListElement\":[{\"@type\":\"ListItem\",\"position\":1,\"name\":\"Home\",\"item\":\"https:\/\/ultralimited.it\/es\/\"},{\"@type\":\"ListItem\",\"position\":2,\"name\":\"Piana\"}]},{\"@type\":\"WebSite\",\"@id\":\"https:\/\/ultralimited.it\/en\/#website\",\"url\":\"https:\/\/ultralimited.it\/en\/\",\"name\":\"Ultra Limited\",\"description\":\"\",\"potentialAction\":[{\"@type\":\"SearchAction\",\"target\":{\"@type\":\"EntryPoint\",\"urlTemplate\":\"https:\/\/ultralimited.it\/en\/?s={search_term_string}\"},\"query-input\":{\"@type\":\"PropertyValueSpecification\",\"valueRequired\":true,\"valueName\":\"search_term_string\"}}],\"inLanguage\":\"es\"}]}<\/script>\n<!-- \/ Yoast SEO plugin. -->","yoast_head_json":{"title":"Piana - Ultra Limited","robots":{"index":"index","follow":"follow","max-snippet":"max-snippet:-1","max-image-preview":"max-image-preview:large","max-video-preview":"max-video-preview:-1"},"canonical":"https:\/\/ultralimited.it\/es\/gafas\/piana\/","og_locale":"es_ES","og_type":"article","og_title":"Piana - Ultra Limited","og_description":"Gafas de sol Ultra Limited Piana para mujer: un modelo que une una refinada forma de ojo de gato con la artesan\u00eda de la zona de Belluno. Cada par de gafas est\u00e1 realizado a mano, utilizando 12 l\u00e1minas de acetato de celulosa, elaboradas en un proceso que dura m\u00e1s de 41 d\u00edas. Un detalle distintivo ...","og_url":"https:\/\/ultralimited.it\/es\/gafas\/piana\/","og_site_name":"Ultra Limited","article_modified_time":"2025-01-27T10:13:20+00:00","og_image":[{"width":1600,"height":1200,"url":"https:\/\/ultralimited.it\/wp-content\/uploads\/2025\/01\/PIANA-S-F-BIANCO.jpg","type":"image\/jpeg"}],"twitter_card":"summary_large_image","twitter_misc":{"Tiempo de lectura":"1 minuto"},"schema":{"@context":"https:\/\/schema.org","@graph":[{"@type":"WebPage","@id":"https:\/\/ultralimited.it\/es\/gafas\/piana\/","url":"https:\/\/ultralimited.it\/es\/gafas\/piana\/","name":"Piana - Ultra Limited","isPartOf":{"@id":"https:\/\/ultralimited.it\/en\/#website"},"primaryImageOfPage":{"@id":"https:\/\/ultralimited.it\/es\/gafas\/piana\/#primaryimage"},"image":{"@id":"https:\/\/ultralimited.it\/es\/gafas\/piana\/#primaryimage"},"thumbnailUrl":"https:\/\/ultralimited.it\/wp-content\/uploads\/2025\/01\/PIANA-S-F-BIANCO.jpg","datePublished":"2025-01-03T13:40:50+00:00","dateModified":"2025-01-27T10:13:20+00:00","breadcrumb":{"@id":"https:\/\/ultralimited.it\/es\/gafas\/piana\/#breadcrumb"},"inLanguage":"es","potentialAction":[{"@type":"ReadAction","target":["https:\/\/ultralimited.it\/es\/gafas\/piana\/"]}]},{"@type":"ImageObject","inLanguage":"es","@id":"https:\/\/ultralimited.it\/es\/gafas\/piana\/#primaryimage","url":"https:\/\/ultralimited.it\/wp-content\/uploads\/2025\/01\/PIANA-S-F-BIANCO.jpg","contentUrl":"https:\/\/ultralimited.it\/wp-content\/uploads\/2025\/01\/PIANA-S-F-BIANCO.jpg","width":1600,"height":1200},{"@type":"BreadcrumbList","@id":"https:\/\/ultralimited.it\/es\/gafas\/piana\/#breadcrumb","itemListElement":[{"@type":"ListItem","position":1,"name":"Home","item":"https:\/\/ultralimited.it\/es\/"},{"@type":"ListItem","position":2,"name":"Piana"}]},{"@type":"WebSite","@id":"https:\/\/ultralimited.it\/en\/#website","url":"https:\/\/ultralimited.it\/en\/","name":"Ultra Limited","description":"","potentialAction":[{"@type":"SearchAction","target":{"@type":"EntryPoint","urlTemplate":"https:\/\/ultralimited.it\/en\/?s={search_term_string}"},"query-input":{"@type":"PropertyValueSpecification","valueRequired":true,"valueName":"search_term_string"}}],"inLanguage":"es"}]}},"_links":{"self":[{"href":"https:\/\/ultralimited.it\/es\/wp-json\/wp\/v2\/product\/28543","targetHints":{"allow":["GET"]}}],"collection":[{"href":"https:\/\/ultralimited.it\/es\/wp-json\/wp\/v2\/product"}],"about":[{"href":"https:\/\/ultralimited.it\/es\/wp-json\/wp\/v2\/types\/product"}],"wp:featuredmedia":[{"embeddable":true,"href":"https:\/\/ultralimited.it\/es\/wp-json\/wp\/v2\/media\/28668"}],"wp:attachment":[{"href":"https:\/\/ultralimited.it\/es\/wp-json\/wp\/v2\/media?parent=28543"}],"wp:term":[{"taxonomy":"product_brand","embeddable":true,"href":"https:\/\/ultralimited.it\/es\/wp-json\/wp\/v2\/product_brand?post=28543"},{"taxonomy":"product_cat","embeddable":true,"href":"https:\/\/ultralimited.it\/es\/wp-json\/wp\/v2\/product_cat?post=28543"}],"curies":[{"name":"wp","href":"https:\/\/api.w.org\/{rel}","templated":true}]}}