{"id":28452,"date":"2025-01-03T14:22:28","date_gmt":"2025-01-03T13:22:33","guid":{"rendered":"http:\/\/ultralimited.it\/?post_type=product&#038;p=28452"},"modified":"2025-01-15T15:17:07","modified_gmt":"2025-01-15T14:17:07","slug":"giudecca","status":"publish","type":"product","link":"https:\/\/ultralimited.it\/es\/gafas\/giudecca\/","title":{"rendered":"Giudecca"},"content":{"rendered":"<p>Gafas de sol Ultra Limited Giudecca para mujer: con una sofisticada forma de ojo de gato, estas gafas son la uni\u00f3n perfecta entre tradici\u00f3n e innovaci\u00f3n. Cada par de gafas est\u00e1 realizado a mano con 12 l\u00e1minas de acetato de celulosa, elaboradas de forma meticulosa en un proceso que dura m\u00e1s de 41 d\u00edas. Cada fase, de la selecci\u00f3n al pulido, est\u00e1 pensada para garantizar un producto \u00fanico y de alta calidad. Los colores disponibles \u2014azul, burdeos, habana y negro\u2014 son exclusivos y cada una de las gafas se personaliza con una elaboraci\u00f3n artesanal, que consigue que cada pieza sea irrepetible. Descubre el modelo Giudecca de Ultra Limited, para conseguir un accesorio \u00fanico y elegante.<\/p>\n","protected":false},"excerpt":{"rendered":"<p>Gafas de sol Ultra Limited Giudecca para mujer: con una sofisticada forma de ojo de gato, estas gafas son la uni\u00f3n perfecta entre tradici\u00f3n e innovaci\u00f3n. Cada par de gafas est\u00e1 realizado a mano con 12 l\u00e1minas de acetato de celulosa, elaboradas de forma meticulosa en un proceso que dura m\u00e1s de 41 d\u00edas. Cada <a href=\"https:\/\/ultralimited.it\/es\/gafas\/giudecca\/\" class=\"more-link\">&#8230;<\/a><\/p>\n","protected":false},"featured_media":28613,"template":"","meta":{"_acf_changed":false},"product_brand":[],"product_cat":[118,127,121],"class_list":{"0":"post-28452","1":"product","2":"type-product","3":"status-publish","4":"has-post-thumbnail","6":"product_cat-gafas","7":"product_cat-gafas-de-sol","8":"product_cat-mujer","10":"first","11":"instock","12":"shipping-taxable","13":"product-type-variable"},"acf":[],"yoast_head":"<!-- This site is optimized with the Yoast SEO plugin v26.4 - https:\/\/yoast.com\/wordpress\/plugins\/seo\/ -->\n<title>Giudecca - Ultra Limited<\/title>\n<meta name=\"robots\" content=\"index, follow, max-snippet:-1, max-image-preview:large, max-video-preview:-1\" \/>\n<link rel=\"canonical\" href=\"https:\/\/ultralimited.it\/es\/gafas\/giudecca\/\" \/>\n<meta property=\"og:locale\" content=\"es_ES\" \/>\n<meta property=\"og:type\" content=\"article\" \/>\n<meta property=\"og:title\" content=\"Giudecca - Ultra Limited\" \/>\n<meta property=\"og:description\" content=\"Gafas de sol Ultra Limited Giudecca para mujer: con una sofisticada forma de ojo de gato, estas gafas son la uni\u00f3n perfecta entre tradici\u00f3n e innovaci\u00f3n. Cada par de gafas est\u00e1 realizado a mano con 12 l\u00e1minas de acetato de celulosa, elaboradas de forma meticulosa en un proceso que dura m\u00e1s de 41 d\u00edas. Cada ...\" \/>\n<meta property=\"og:url\" content=\"https:\/\/ultralimited.it\/es\/gafas\/giudecca\/\" \/>\n<meta property=\"og:site_name\" content=\"Ultra Limited\" \/>\n<meta property=\"article:modified_time\" content=\"2025-01-15T14:17:07+00:00\" \/>\n<meta property=\"og:image\" content=\"https:\/\/ultralimited.it\/wp-content\/uploads\/2025\/01\/GIUDECCA-S-F-BORDEAUX.jpg\" \/>\n\t<meta property=\"og:image:width\" content=\"1600\" \/>\n\t<meta property=\"og:image:height\" content=\"1200\" \/>\n\t<meta property=\"og:image:type\" content=\"image\/jpeg\" \/>\n<meta name=\"twitter:card\" content=\"summary_large_image\" \/>\n<meta name=\"twitter:label1\" content=\"Tiempo de lectura\" \/>\n\t<meta name=\"twitter:data1\" content=\"1 minuto\" \/>\n<script type=\"application\/ld+json\" class=\"yoast-schema-graph\">{\"@context\":\"https:\/\/schema.org\",\"@graph\":[{\"@type\":\"WebPage\",\"@id\":\"https:\/\/ultralimited.it\/es\/gafas\/giudecca\/\",\"url\":\"https:\/\/ultralimited.it\/es\/gafas\/giudecca\/\",\"name\":\"Giudecca - Ultra Limited\",\"isPartOf\":{\"@id\":\"https:\/\/ultralimited.it\/en\/#website\"},\"primaryImageOfPage\":{\"@id\":\"https:\/\/ultralimited.it\/es\/gafas\/giudecca\/#primaryimage\"},\"image\":{\"@id\":\"https:\/\/ultralimited.it\/es\/gafas\/giudecca\/#primaryimage\"},\"thumbnailUrl\":\"https:\/\/ultralimited.it\/wp-content\/uploads\/2025\/01\/GIUDECCA-S-F-BORDEAUX.jpg\",\"datePublished\":\"2025-01-03T13:22:33+00:00\",\"dateModified\":\"2025-01-15T14:17:07+00:00\",\"breadcrumb\":{\"@id\":\"https:\/\/ultralimited.it\/es\/gafas\/giudecca\/#breadcrumb\"},\"inLanguage\":\"es\",\"potentialAction\":[{\"@type\":\"ReadAction\",\"target\":[\"https:\/\/ultralimited.it\/es\/gafas\/giudecca\/\"]}]},{\"@type\":\"ImageObject\",\"inLanguage\":\"es\",\"@id\":\"https:\/\/ultralimited.it\/es\/gafas\/giudecca\/#primaryimage\",\"url\":\"https:\/\/ultralimited.it\/wp-content\/uploads\/2025\/01\/GIUDECCA-S-F-BORDEAUX.jpg\",\"contentUrl\":\"https:\/\/ultralimited.it\/wp-content\/uploads\/2025\/01\/GIUDECCA-S-F-BORDEAUX.jpg\",\"width\":1600,\"height\":1200},{\"@type\":\"BreadcrumbList\",\"@id\":\"https:\/\/ultralimited.it\/es\/gafas\/giudecca\/#breadcrumb\",\"itemListElement\":[{\"@type\":\"ListItem\",\"position\":1,\"name\":\"Home\",\"item\":\"https:\/\/ultralimited.it\/es\/\"},{\"@type\":\"ListItem\",\"position\":2,\"name\":\"Giudecca\"}]},{\"@type\":\"WebSite\",\"@id\":\"https:\/\/ultralimited.it\/en\/#website\",\"url\":\"https:\/\/ultralimited.it\/en\/\",\"name\":\"Ultra Limited\",\"description\":\"\",\"potentialAction\":[{\"@type\":\"SearchAction\",\"target\":{\"@type\":\"EntryPoint\",\"urlTemplate\":\"https:\/\/ultralimited.it\/en\/?s={search_term_string}\"},\"query-input\":{\"@type\":\"PropertyValueSpecification\",\"valueRequired\":true,\"valueName\":\"search_term_string\"}}],\"inLanguage\":\"es\"}]}<\/script>\n<!-- \/ Yoast SEO plugin. -->","yoast_head_json":{"title":"Giudecca - Ultra Limited","robots":{"index":"index","follow":"follow","max-snippet":"max-snippet:-1","max-image-preview":"max-image-preview:large","max-video-preview":"max-video-preview:-1"},"canonical":"https:\/\/ultralimited.it\/es\/gafas\/giudecca\/","og_locale":"es_ES","og_type":"article","og_title":"Giudecca - Ultra Limited","og_description":"Gafas de sol Ultra Limited Giudecca para mujer: con una sofisticada forma de ojo de gato, estas gafas son la uni\u00f3n perfecta entre tradici\u00f3n e innovaci\u00f3n. Cada par de gafas est\u00e1 realizado a mano con 12 l\u00e1minas de acetato de celulosa, elaboradas de forma meticulosa en un proceso que dura m\u00e1s de 41 d\u00edas. Cada ...","og_url":"https:\/\/ultralimited.it\/es\/gafas\/giudecca\/","og_site_name":"Ultra Limited","article_modified_time":"2025-01-15T14:17:07+00:00","og_image":[{"width":1600,"height":1200,"url":"https:\/\/ultralimited.it\/wp-content\/uploads\/2025\/01\/GIUDECCA-S-F-BORDEAUX.jpg","type":"image\/jpeg"}],"twitter_card":"summary_large_image","twitter_misc":{"Tiempo de lectura":"1 minuto"},"schema":{"@context":"https:\/\/schema.org","@graph":[{"@type":"WebPage","@id":"https:\/\/ultralimited.it\/es\/gafas\/giudecca\/","url":"https:\/\/ultralimited.it\/es\/gafas\/giudecca\/","name":"Giudecca - Ultra Limited","isPartOf":{"@id":"https:\/\/ultralimited.it\/en\/#website"},"primaryImageOfPage":{"@id":"https:\/\/ultralimited.it\/es\/gafas\/giudecca\/#primaryimage"},"image":{"@id":"https:\/\/ultralimited.it\/es\/gafas\/giudecca\/#primaryimage"},"thumbnailUrl":"https:\/\/ultralimited.it\/wp-content\/uploads\/2025\/01\/GIUDECCA-S-F-BORDEAUX.jpg","datePublished":"2025-01-03T13:22:33+00:00","dateModified":"2025-01-15T14:17:07+00:00","breadcrumb":{"@id":"https:\/\/ultralimited.it\/es\/gafas\/giudecca\/#breadcrumb"},"inLanguage":"es","potentialAction":[{"@type":"ReadAction","target":["https:\/\/ultralimited.it\/es\/gafas\/giudecca\/"]}]},{"@type":"ImageObject","inLanguage":"es","@id":"https:\/\/ultralimited.it\/es\/gafas\/giudecca\/#primaryimage","url":"https:\/\/ultralimited.it\/wp-content\/uploads\/2025\/01\/GIUDECCA-S-F-BORDEAUX.jpg","contentUrl":"https:\/\/ultralimited.it\/wp-content\/uploads\/2025\/01\/GIUDECCA-S-F-BORDEAUX.jpg","width":1600,"height":1200},{"@type":"BreadcrumbList","@id":"https:\/\/ultralimited.it\/es\/gafas\/giudecca\/#breadcrumb","itemListElement":[{"@type":"ListItem","position":1,"name":"Home","item":"https:\/\/ultralimited.it\/es\/"},{"@type":"ListItem","position":2,"name":"Giudecca"}]},{"@type":"WebSite","@id":"https:\/\/ultralimited.it\/en\/#website","url":"https:\/\/ultralimited.it\/en\/","name":"Ultra Limited","description":"","potentialAction":[{"@type":"SearchAction","target":{"@type":"EntryPoint","urlTemplate":"https:\/\/ultralimited.it\/en\/?s={search_term_string}"},"query-input":{"@type":"PropertyValueSpecification","valueRequired":true,"valueName":"search_term_string"}}],"inLanguage":"es"}]}},"_links":{"self":[{"href":"https:\/\/ultralimited.it\/es\/wp-json\/wp\/v2\/product\/28452","targetHints":{"allow":["GET"]}}],"collection":[{"href":"https:\/\/ultralimited.it\/es\/wp-json\/wp\/v2\/product"}],"about":[{"href":"https:\/\/ultralimited.it\/es\/wp-json\/wp\/v2\/types\/product"}],"wp:featuredmedia":[{"embeddable":true,"href":"https:\/\/ultralimited.it\/es\/wp-json\/wp\/v2\/media\/28613"}],"wp:attachment":[{"href":"https:\/\/ultralimited.it\/es\/wp-json\/wp\/v2\/media?parent=28452"}],"wp:term":[{"taxonomy":"product_brand","embeddable":true,"href":"https:\/\/ultralimited.it\/es\/wp-json\/wp\/v2\/product_brand?post=28452"},{"taxonomy":"product_cat","embeddable":true,"href":"https:\/\/ultralimited.it\/es\/wp-json\/wp\/v2\/product_cat?post=28452"}],"curies":[{"name":"wp","href":"https:\/\/api.w.org\/{rel}","templated":true}]}}