{"id":28354,"date":"2025-01-03T14:05:37","date_gmt":"2025-01-03T13:05:43","guid":{"rendered":"http:\/\/ultralimited.it\/?post_type=product&#038;p=28354"},"modified":"2025-01-15T14:57:53","modified_gmt":"2025-01-15T13:57:53","slug":"rovigo","status":"publish","type":"product","link":"https:\/\/ultralimited.it\/es\/gafas\/rovigo\/","title":{"rendered":"Rovigo"},"content":{"rendered":"<p>Gafas graduadas Ultra Limited Rovigo para hombre: una fusi\u00f3n perfecta de colores vivos y l\u00edneas modernas, con una forma cuadrada elegante y decidida. Cada par de gafas est\u00e1 realizado a mano con 12 l\u00e1minas de acetato de celulosa, tratadas en un proceso que dura m\u00e1s de 41 d\u00edas. La elaboraci\u00f3n incluye fases de selecci\u00f3n, pegado, prensado, cocci\u00f3n, corte, afinado en tambor, acabado y pulido, garantizando un producto de alta calidad. Finalmente, un frontal de un solo color realizado en acetato acaba las partes pegadas con un toque de elegancia. Disponibles en blanco, azul, negro y rojo, estas gafas son un icono de estilo y personalidad. Cada una de las gafas es \u00fanica gracias al cuidado y precisi\u00f3n artesanales. Descubre el modelo Rovigo de Ultra Limited, para conseguir un aspecto que no pasa desapercibido.<\/p>\n","protected":false},"excerpt":{"rendered":"<p>Gafas graduadas Ultra Limited Rovigo para hombre: una fusi\u00f3n perfecta de colores vivos y l\u00edneas modernas, con una forma cuadrada elegante y decidida. Cada par de gafas est\u00e1 realizado a mano con 12 l\u00e1minas de acetato de celulosa, tratadas en un proceso que dura m\u00e1s de 41 d\u00edas. La elaboraci\u00f3n incluye fases de selecci\u00f3n, pegado, <a href=\"https:\/\/ultralimited.it\/es\/gafas\/rovigo\/\" class=\"more-link\">&#8230;<\/a><\/p>\n","protected":false},"featured_media":28688,"template":"","meta":{"_acf_changed":false},"product_brand":[],"product_cat":[118,124,131],"class_list":{"0":"post-28354","1":"product","2":"type-product","3":"status-publish","4":"has-post-thumbnail","6":"product_cat-gafas","7":"product_cat-gafas-graduadas","8":"product_cat-hombre","10":"first","11":"instock","12":"shipping-taxable","13":"product-type-variable"},"acf":[],"yoast_head":"<!-- This site is optimized with the Yoast SEO plugin v26.4 - https:\/\/yoast.com\/wordpress\/plugins\/seo\/ -->\n<title>Rovigo - Ultra Limited<\/title>\n<meta name=\"robots\" content=\"index, follow, max-snippet:-1, max-image-preview:large, max-video-preview:-1\" \/>\n<link rel=\"canonical\" href=\"https:\/\/ultralimited.it\/es\/gafas\/rovigo\/\" \/>\n<meta property=\"og:locale\" content=\"es_ES\" \/>\n<meta property=\"og:type\" content=\"article\" \/>\n<meta property=\"og:title\" content=\"Rovigo - Ultra Limited\" \/>\n<meta property=\"og:description\" content=\"Gafas graduadas Ultra Limited Rovigo para hombre: una fusi\u00f3n perfecta de colores vivos y l\u00edneas modernas, con una forma cuadrada elegante y decidida. Cada par de gafas est\u00e1 realizado a mano con 12 l\u00e1minas de acetato de celulosa, tratadas en un proceso que dura m\u00e1s de 41 d\u00edas. La elaboraci\u00f3n incluye fases de selecci\u00f3n, pegado, ...\" \/>\n<meta property=\"og:url\" content=\"https:\/\/ultralimited.it\/es\/gafas\/rovigo\/\" \/>\n<meta property=\"og:site_name\" content=\"Ultra Limited\" \/>\n<meta property=\"article:modified_time\" content=\"2025-01-15T13:57:53+00:00\" \/>\n<meta property=\"og:image\" content=\"https:\/\/ultralimited.it\/wp-content\/uploads\/2025\/01\/ROVIGO-V-F-BIANCO.jpg\" \/>\n\t<meta property=\"og:image:width\" content=\"1600\" \/>\n\t<meta property=\"og:image:height\" content=\"1200\" \/>\n\t<meta property=\"og:image:type\" content=\"image\/jpeg\" \/>\n<meta name=\"twitter:card\" content=\"summary_large_image\" \/>\n<meta name=\"twitter:label1\" content=\"Tiempo de lectura\" \/>\n\t<meta name=\"twitter:data1\" content=\"1 minuto\" \/>\n<script type=\"application\/ld+json\" class=\"yoast-schema-graph\">{\"@context\":\"https:\/\/schema.org\",\"@graph\":[{\"@type\":\"WebPage\",\"@id\":\"https:\/\/ultralimited.it\/es\/gafas\/rovigo\/\",\"url\":\"https:\/\/ultralimited.it\/es\/gafas\/rovigo\/\",\"name\":\"Rovigo - Ultra Limited\",\"isPartOf\":{\"@id\":\"https:\/\/ultralimited.it\/en\/#website\"},\"primaryImageOfPage\":{\"@id\":\"https:\/\/ultralimited.it\/es\/gafas\/rovigo\/#primaryimage\"},\"image\":{\"@id\":\"https:\/\/ultralimited.it\/es\/gafas\/rovigo\/#primaryimage\"},\"thumbnailUrl\":\"https:\/\/ultralimited.it\/wp-content\/uploads\/2025\/01\/ROVIGO-V-F-BIANCO.jpg\",\"datePublished\":\"2025-01-03T13:05:43+00:00\",\"dateModified\":\"2025-01-15T13:57:53+00:00\",\"breadcrumb\":{\"@id\":\"https:\/\/ultralimited.it\/es\/gafas\/rovigo\/#breadcrumb\"},\"inLanguage\":\"es\",\"potentialAction\":[{\"@type\":\"ReadAction\",\"target\":[\"https:\/\/ultralimited.it\/es\/gafas\/rovigo\/\"]}]},{\"@type\":\"ImageObject\",\"inLanguage\":\"es\",\"@id\":\"https:\/\/ultralimited.it\/es\/gafas\/rovigo\/#primaryimage\",\"url\":\"https:\/\/ultralimited.it\/wp-content\/uploads\/2025\/01\/ROVIGO-V-F-BIANCO.jpg\",\"contentUrl\":\"https:\/\/ultralimited.it\/wp-content\/uploads\/2025\/01\/ROVIGO-V-F-BIANCO.jpg\",\"width\":1600,\"height\":1200},{\"@type\":\"BreadcrumbList\",\"@id\":\"https:\/\/ultralimited.it\/es\/gafas\/rovigo\/#breadcrumb\",\"itemListElement\":[{\"@type\":\"ListItem\",\"position\":1,\"name\":\"Home\",\"item\":\"https:\/\/ultralimited.it\/es\/\"},{\"@type\":\"ListItem\",\"position\":2,\"name\":\"Rovigo\"}]},{\"@type\":\"WebSite\",\"@id\":\"https:\/\/ultralimited.it\/en\/#website\",\"url\":\"https:\/\/ultralimited.it\/en\/\",\"name\":\"Ultra Limited\",\"description\":\"\",\"potentialAction\":[{\"@type\":\"SearchAction\",\"target\":{\"@type\":\"EntryPoint\",\"urlTemplate\":\"https:\/\/ultralimited.it\/en\/?s={search_term_string}\"},\"query-input\":{\"@type\":\"PropertyValueSpecification\",\"valueRequired\":true,\"valueName\":\"search_term_string\"}}],\"inLanguage\":\"es\"}]}<\/script>\n<!-- \/ Yoast SEO plugin. -->","yoast_head_json":{"title":"Rovigo - Ultra Limited","robots":{"index":"index","follow":"follow","max-snippet":"max-snippet:-1","max-image-preview":"max-image-preview:large","max-video-preview":"max-video-preview:-1"},"canonical":"https:\/\/ultralimited.it\/es\/gafas\/rovigo\/","og_locale":"es_ES","og_type":"article","og_title":"Rovigo - Ultra Limited","og_description":"Gafas graduadas Ultra Limited Rovigo para hombre: una fusi\u00f3n perfecta de colores vivos y l\u00edneas modernas, con una forma cuadrada elegante y decidida. Cada par de gafas est\u00e1 realizado a mano con 12 l\u00e1minas de acetato de celulosa, tratadas en un proceso que dura m\u00e1s de 41 d\u00edas. La elaboraci\u00f3n incluye fases de selecci\u00f3n, pegado, ...","og_url":"https:\/\/ultralimited.it\/es\/gafas\/rovigo\/","og_site_name":"Ultra Limited","article_modified_time":"2025-01-15T13:57:53+00:00","og_image":[{"width":1600,"height":1200,"url":"https:\/\/ultralimited.it\/wp-content\/uploads\/2025\/01\/ROVIGO-V-F-BIANCO.jpg","type":"image\/jpeg"}],"twitter_card":"summary_large_image","twitter_misc":{"Tiempo de lectura":"1 minuto"},"schema":{"@context":"https:\/\/schema.org","@graph":[{"@type":"WebPage","@id":"https:\/\/ultralimited.it\/es\/gafas\/rovigo\/","url":"https:\/\/ultralimited.it\/es\/gafas\/rovigo\/","name":"Rovigo - Ultra Limited","isPartOf":{"@id":"https:\/\/ultralimited.it\/en\/#website"},"primaryImageOfPage":{"@id":"https:\/\/ultralimited.it\/es\/gafas\/rovigo\/#primaryimage"},"image":{"@id":"https:\/\/ultralimited.it\/es\/gafas\/rovigo\/#primaryimage"},"thumbnailUrl":"https:\/\/ultralimited.it\/wp-content\/uploads\/2025\/01\/ROVIGO-V-F-BIANCO.jpg","datePublished":"2025-01-03T13:05:43+00:00","dateModified":"2025-01-15T13:57:53+00:00","breadcrumb":{"@id":"https:\/\/ultralimited.it\/es\/gafas\/rovigo\/#breadcrumb"},"inLanguage":"es","potentialAction":[{"@type":"ReadAction","target":["https:\/\/ultralimited.it\/es\/gafas\/rovigo\/"]}]},{"@type":"ImageObject","inLanguage":"es","@id":"https:\/\/ultralimited.it\/es\/gafas\/rovigo\/#primaryimage","url":"https:\/\/ultralimited.it\/wp-content\/uploads\/2025\/01\/ROVIGO-V-F-BIANCO.jpg","contentUrl":"https:\/\/ultralimited.it\/wp-content\/uploads\/2025\/01\/ROVIGO-V-F-BIANCO.jpg","width":1600,"height":1200},{"@type":"BreadcrumbList","@id":"https:\/\/ultralimited.it\/es\/gafas\/rovigo\/#breadcrumb","itemListElement":[{"@type":"ListItem","position":1,"name":"Home","item":"https:\/\/ultralimited.it\/es\/"},{"@type":"ListItem","position":2,"name":"Rovigo"}]},{"@type":"WebSite","@id":"https:\/\/ultralimited.it\/en\/#website","url":"https:\/\/ultralimited.it\/en\/","name":"Ultra Limited","description":"","potentialAction":[{"@type":"SearchAction","target":{"@type":"EntryPoint","urlTemplate":"https:\/\/ultralimited.it\/en\/?s={search_term_string}"},"query-input":{"@type":"PropertyValueSpecification","valueRequired":true,"valueName":"search_term_string"}}],"inLanguage":"es"}]}},"_links":{"self":[{"href":"https:\/\/ultralimited.it\/es\/wp-json\/wp\/v2\/product\/28354","targetHints":{"allow":["GET"]}}],"collection":[{"href":"https:\/\/ultralimited.it\/es\/wp-json\/wp\/v2\/product"}],"about":[{"href":"https:\/\/ultralimited.it\/es\/wp-json\/wp\/v2\/types\/product"}],"wp:featuredmedia":[{"embeddable":true,"href":"https:\/\/ultralimited.it\/es\/wp-json\/wp\/v2\/media\/28688"}],"wp:attachment":[{"href":"https:\/\/ultralimited.it\/es\/wp-json\/wp\/v2\/media?parent=28354"}],"wp:term":[{"taxonomy":"product_brand","embeddable":true,"href":"https:\/\/ultralimited.it\/es\/wp-json\/wp\/v2\/product_brand?post=28354"},{"taxonomy":"product_cat","embeddable":true,"href":"https:\/\/ultralimited.it\/es\/wp-json\/wp\/v2\/product_cat?post=28354"}],"curies":[{"name":"wp","href":"https:\/\/api.w.org\/{rel}","templated":true}]}}