{"id":28313,"date":"2025-01-03T12:54:10","date_gmt":"2025-01-03T11:54:10","guid":{"rendered":"http:\/\/ultralimited.it\/?post_type=product&#038;p=28313"},"modified":"2025-01-15T14:46:28","modified_gmt":"2025-01-15T13:46:28","slug":"mantova","status":"publish","type":"product","link":"https:\/\/ultralimited.it\/es\/gafas\/mantova\/","title":{"rendered":"Mantova"},"content":{"rendered":"<p>Gafas graduadas Ultra Limited Mantova para mujer: una obra de arte artesanal que une lo mejor de la zona de Belluno con las tecnolog\u00edas modernas. La forma irregular de la montura a\u00f1ade un toque de originalidad, consiguiendo que cada par de gafas se convierta en un accesorio exclusivo y sofisticado. Realizadas a mano con 12 l\u00e1minas de acetato de celulosa, el proceso de elaboraci\u00f3n dura m\u00e1s de 41 d\u00edas e incluye selecci\u00f3n, pegado, curado, prensado, cocci\u00f3n, corte, afinado en tambor, acabado y pulido. Las l\u00e1minas coordinadas enriquecen la parte superior e inferior exterior, aportando un detalle distintivo. Disponibles en blanco, azul, habana y negro, cada una de las gafas es \u00fanica. Descubre el modelo Mantova de Ultra Limited, un verdadero ejemplo de exclusividad.<\/p>\n","protected":false},"excerpt":{"rendered":"<p>Gafas graduadas Ultra Limited Mantova para mujer: una obra de arte artesanal que une lo mejor de la zona de Belluno con las tecnolog\u00edas modernas. La forma irregular de la montura a\u00f1ade un toque de originalidad, consiguiendo que cada par de gafas se convierta en un accesorio exclusivo y sofisticado. Realizadas a mano con 12 <a href=\"https:\/\/ultralimited.it\/es\/gafas\/mantova\/\" class=\"more-link\">&#8230;<\/a><\/p>\n","protected":false},"featured_media":28658,"template":"","meta":{"_acf_changed":false},"product_brand":[],"product_cat":[118,124,121],"class_list":{"0":"post-28313","1":"product","2":"type-product","3":"status-publish","4":"has-post-thumbnail","6":"product_cat-gafas","7":"product_cat-gafas-graduadas","8":"product_cat-mujer","10":"first","11":"instock","12":"shipping-taxable","13":"product-type-variable"},"acf":[],"yoast_head":"<!-- This site is optimized with the Yoast SEO plugin v26.4 - https:\/\/yoast.com\/wordpress\/plugins\/seo\/ -->\n<title>Mantova - Ultra Limited<\/title>\n<meta name=\"robots\" content=\"index, follow, max-snippet:-1, max-image-preview:large, max-video-preview:-1\" \/>\n<link rel=\"canonical\" href=\"https:\/\/ultralimited.it\/es\/gafas\/mantova\/\" \/>\n<meta property=\"og:locale\" content=\"es_ES\" \/>\n<meta property=\"og:type\" content=\"article\" \/>\n<meta property=\"og:title\" content=\"Mantova - Ultra Limited\" \/>\n<meta property=\"og:description\" content=\"Gafas graduadas Ultra Limited Mantova para mujer: una obra de arte artesanal que une lo mejor de la zona de Belluno con las tecnolog\u00edas modernas. La forma irregular de la montura a\u00f1ade un toque de originalidad, consiguiendo que cada par de gafas se convierta en un accesorio exclusivo y sofisticado. Realizadas a mano con 12 ...\" \/>\n<meta property=\"og:url\" content=\"https:\/\/ultralimited.it\/es\/gafas\/mantova\/\" \/>\n<meta property=\"og:site_name\" content=\"Ultra Limited\" \/>\n<meta property=\"article:modified_time\" content=\"2025-01-15T13:46:28+00:00\" \/>\n<meta property=\"og:image\" content=\"https:\/\/ultralimited.it\/wp-content\/uploads\/2025\/01\/MANTOVA-V-F-HAVANA.jpg\" \/>\n\t<meta property=\"og:image:width\" content=\"1600\" \/>\n\t<meta property=\"og:image:height\" content=\"1200\" \/>\n\t<meta property=\"og:image:type\" content=\"image\/jpeg\" \/>\n<meta name=\"twitter:card\" content=\"summary_large_image\" \/>\n<meta name=\"twitter:label1\" content=\"Tiempo de lectura\" \/>\n\t<meta name=\"twitter:data1\" content=\"1 minuto\" \/>\n<script type=\"application\/ld+json\" class=\"yoast-schema-graph\">{\"@context\":\"https:\/\/schema.org\",\"@graph\":[{\"@type\":\"WebPage\",\"@id\":\"https:\/\/ultralimited.it\/es\/gafas\/mantova\/\",\"url\":\"https:\/\/ultralimited.it\/es\/gafas\/mantova\/\",\"name\":\"Mantova - Ultra Limited\",\"isPartOf\":{\"@id\":\"https:\/\/ultralimited.it\/en\/#website\"},\"primaryImageOfPage\":{\"@id\":\"https:\/\/ultralimited.it\/es\/gafas\/mantova\/#primaryimage\"},\"image\":{\"@id\":\"https:\/\/ultralimited.it\/es\/gafas\/mantova\/#primaryimage\"},\"thumbnailUrl\":\"https:\/\/ultralimited.it\/wp-content\/uploads\/2025\/01\/MANTOVA-V-F-HAVANA.jpg\",\"datePublished\":\"2025-01-03T11:54:10+00:00\",\"dateModified\":\"2025-01-15T13:46:28+00:00\",\"breadcrumb\":{\"@id\":\"https:\/\/ultralimited.it\/es\/gafas\/mantova\/#breadcrumb\"},\"inLanguage\":\"es\",\"potentialAction\":[{\"@type\":\"ReadAction\",\"target\":[\"https:\/\/ultralimited.it\/es\/gafas\/mantova\/\"]}]},{\"@type\":\"ImageObject\",\"inLanguage\":\"es\",\"@id\":\"https:\/\/ultralimited.it\/es\/gafas\/mantova\/#primaryimage\",\"url\":\"https:\/\/ultralimited.it\/wp-content\/uploads\/2025\/01\/MANTOVA-V-F-HAVANA.jpg\",\"contentUrl\":\"https:\/\/ultralimited.it\/wp-content\/uploads\/2025\/01\/MANTOVA-V-F-HAVANA.jpg\",\"width\":1600,\"height\":1200},{\"@type\":\"BreadcrumbList\",\"@id\":\"https:\/\/ultralimited.it\/es\/gafas\/mantova\/#breadcrumb\",\"itemListElement\":[{\"@type\":\"ListItem\",\"position\":1,\"name\":\"Home\",\"item\":\"https:\/\/ultralimited.it\/es\/\"},{\"@type\":\"ListItem\",\"position\":2,\"name\":\"Mantova\"}]},{\"@type\":\"WebSite\",\"@id\":\"https:\/\/ultralimited.it\/en\/#website\",\"url\":\"https:\/\/ultralimited.it\/en\/\",\"name\":\"Ultra Limited\",\"description\":\"\",\"potentialAction\":[{\"@type\":\"SearchAction\",\"target\":{\"@type\":\"EntryPoint\",\"urlTemplate\":\"https:\/\/ultralimited.it\/en\/?s={search_term_string}\"},\"query-input\":{\"@type\":\"PropertyValueSpecification\",\"valueRequired\":true,\"valueName\":\"search_term_string\"}}],\"inLanguage\":\"es\"}]}<\/script>\n<!-- \/ Yoast SEO plugin. -->","yoast_head_json":{"title":"Mantova - Ultra Limited","robots":{"index":"index","follow":"follow","max-snippet":"max-snippet:-1","max-image-preview":"max-image-preview:large","max-video-preview":"max-video-preview:-1"},"canonical":"https:\/\/ultralimited.it\/es\/gafas\/mantova\/","og_locale":"es_ES","og_type":"article","og_title":"Mantova - Ultra Limited","og_description":"Gafas graduadas Ultra Limited Mantova para mujer: una obra de arte artesanal que une lo mejor de la zona de Belluno con las tecnolog\u00edas modernas. La forma irregular de la montura a\u00f1ade un toque de originalidad, consiguiendo que cada par de gafas se convierta en un accesorio exclusivo y sofisticado. Realizadas a mano con 12 ...","og_url":"https:\/\/ultralimited.it\/es\/gafas\/mantova\/","og_site_name":"Ultra Limited","article_modified_time":"2025-01-15T13:46:28+00:00","og_image":[{"width":1600,"height":1200,"url":"https:\/\/ultralimited.it\/wp-content\/uploads\/2025\/01\/MANTOVA-V-F-HAVANA.jpg","type":"image\/jpeg"}],"twitter_card":"summary_large_image","twitter_misc":{"Tiempo de lectura":"1 minuto"},"schema":{"@context":"https:\/\/schema.org","@graph":[{"@type":"WebPage","@id":"https:\/\/ultralimited.it\/es\/gafas\/mantova\/","url":"https:\/\/ultralimited.it\/es\/gafas\/mantova\/","name":"Mantova - Ultra Limited","isPartOf":{"@id":"https:\/\/ultralimited.it\/en\/#website"},"primaryImageOfPage":{"@id":"https:\/\/ultralimited.it\/es\/gafas\/mantova\/#primaryimage"},"image":{"@id":"https:\/\/ultralimited.it\/es\/gafas\/mantova\/#primaryimage"},"thumbnailUrl":"https:\/\/ultralimited.it\/wp-content\/uploads\/2025\/01\/MANTOVA-V-F-HAVANA.jpg","datePublished":"2025-01-03T11:54:10+00:00","dateModified":"2025-01-15T13:46:28+00:00","breadcrumb":{"@id":"https:\/\/ultralimited.it\/es\/gafas\/mantova\/#breadcrumb"},"inLanguage":"es","potentialAction":[{"@type":"ReadAction","target":["https:\/\/ultralimited.it\/es\/gafas\/mantova\/"]}]},{"@type":"ImageObject","inLanguage":"es","@id":"https:\/\/ultralimited.it\/es\/gafas\/mantova\/#primaryimage","url":"https:\/\/ultralimited.it\/wp-content\/uploads\/2025\/01\/MANTOVA-V-F-HAVANA.jpg","contentUrl":"https:\/\/ultralimited.it\/wp-content\/uploads\/2025\/01\/MANTOVA-V-F-HAVANA.jpg","width":1600,"height":1200},{"@type":"BreadcrumbList","@id":"https:\/\/ultralimited.it\/es\/gafas\/mantova\/#breadcrumb","itemListElement":[{"@type":"ListItem","position":1,"name":"Home","item":"https:\/\/ultralimited.it\/es\/"},{"@type":"ListItem","position":2,"name":"Mantova"}]},{"@type":"WebSite","@id":"https:\/\/ultralimited.it\/en\/#website","url":"https:\/\/ultralimited.it\/en\/","name":"Ultra Limited","description":"","potentialAction":[{"@type":"SearchAction","target":{"@type":"EntryPoint","urlTemplate":"https:\/\/ultralimited.it\/en\/?s={search_term_string}"},"query-input":{"@type":"PropertyValueSpecification","valueRequired":true,"valueName":"search_term_string"}}],"inLanguage":"es"}]}},"_links":{"self":[{"href":"https:\/\/ultralimited.it\/es\/wp-json\/wp\/v2\/product\/28313","targetHints":{"allow":["GET"]}}],"collection":[{"href":"https:\/\/ultralimited.it\/es\/wp-json\/wp\/v2\/product"}],"about":[{"href":"https:\/\/ultralimited.it\/es\/wp-json\/wp\/v2\/types\/product"}],"wp:featuredmedia":[{"embeddable":true,"href":"https:\/\/ultralimited.it\/es\/wp-json\/wp\/v2\/media\/28658"}],"wp:attachment":[{"href":"https:\/\/ultralimited.it\/es\/wp-json\/wp\/v2\/media?parent=28313"}],"wp:term":[{"taxonomy":"product_brand","embeddable":true,"href":"https:\/\/ultralimited.it\/es\/wp-json\/wp\/v2\/product_brand?post=28313"},{"taxonomy":"product_cat","embeddable":true,"href":"https:\/\/ultralimited.it\/es\/wp-json\/wp\/v2\/product_cat?post=28313"}],"curies":[{"name":"wp","href":"https:\/\/api.w.org\/{rel}","templated":true}]}}