{"id":27755,"date":"2024-08-05T14:48:02","date_gmt":"2024-08-05T12:48:06","guid":{"rendered":"http:\/\/ultralimited.it\/?post_type=product&#038;p=27755"},"modified":"2024-08-29T17:33:57","modified_gmt":"2024-08-29T15:33:57","slug":"fossano","status":"publish","type":"product","link":"https:\/\/ultralimited.it\/es\/gafas\/fossano\/","title":{"rendered":"Fossano"},"content":{"rendered":"<p><span data-sheets-value=\"{\" data-sheets-userformat=\"{\">El modelo Fossano de Ultra Limited es la excelencia de la elegancia masculina. Con su forma cuadrada, estas gafas son ideales para quien busca un look cl\u00e1sico pero con detalles \u00fanicos que resaltan su singularidad. Disponibles en colores azul, Habana, de rayas y negro, el modelo Fossano est\u00e1 pensado para el hombre que aprecia la est\u00e9tica refinada y la versatilidad. Fabricadas a trav\u00e9s de un proceso meticuloso que involucra 12 l\u00e1minas de acetato de celulosa, estas gafas son el resultado de m\u00e1s de 41 d\u00edas de trabajo artesanal. Cada fase \u2013 desde la selecci\u00f3n y pegado, pasando por el curado, prensado, horneado, corte, pulido, acabado y abrillantado \u2013 contribuye a crear rayas de colores distintivas y una calidad sin igual. El modelo Fossano son unas gafas que se adaptan a cualquier ocasi\u00f3n del d\u00eda, desde la oficina hasta el tiempo libre, gracias a su combinaci\u00f3n de sobriedad y car\u00e1cter. Perfecto para quien desea mantener un aspecto elegante y profesional sin renunciar a un toque de personalidad. Elige el modelo Fossano para tener un accesorio que une formas cl\u00e1sicas y detalles \u00fanicos, unas gafas vers\u00e1tiles y siempre actuales, perfectas para el hombre moderno que sabe lo que quiere.<\/span><\/p>\n","protected":false},"excerpt":{"rendered":"<p>El modelo Fossano de Ultra Limited es la excelencia de la elegancia masculina. Con su forma cuadrada, estas gafas son ideales para quien busca un look cl\u00e1sico pero con detalles \u00fanicos que resaltan su singularidad. Disponibles en colores azul, Habana, de rayas y negro, el modelo Fossano est\u00e1 pensado para el hombre que aprecia la <a href=\"https:\/\/ultralimited.it\/es\/gafas\/fossano\/\" class=\"more-link\">&#8230;<\/a><\/p>\n","protected":false},"featured_media":27789,"template":"","meta":{"_acf_changed":false},"product_brand":[],"product_cat":[118,124,131],"class_list":{"0":"post-27755","1":"product","2":"type-product","3":"status-publish","4":"has-post-thumbnail","6":"product_cat-gafas","7":"product_cat-gafas-graduadas","8":"product_cat-hombre","10":"first","11":"instock","12":"shipping-taxable","13":"product-type-variable"},"acf":[],"yoast_head":"<!-- This site is optimized with the Yoast SEO plugin v26.4 - https:\/\/yoast.com\/wordpress\/plugins\/seo\/ -->\n<title>Fossano - Ultra Limited<\/title>\n<meta name=\"robots\" content=\"index, follow, max-snippet:-1, max-image-preview:large, max-video-preview:-1\" \/>\n<link rel=\"canonical\" href=\"https:\/\/ultralimited.it\/es\/gafas\/fossano\/\" \/>\n<meta property=\"og:locale\" content=\"es_ES\" \/>\n<meta property=\"og:type\" content=\"article\" \/>\n<meta property=\"og:title\" content=\"Fossano - Ultra Limited\" \/>\n<meta property=\"og:description\" content=\"El modelo Fossano de Ultra Limited es la excelencia de la elegancia masculina. Con su forma cuadrada, estas gafas son ideales para quien busca un look cl\u00e1sico pero con detalles \u00fanicos que resaltan su singularidad. Disponibles en colores azul, Habana, de rayas y negro, el modelo Fossano est\u00e1 pensado para el hombre que aprecia la ...\" \/>\n<meta property=\"og:url\" content=\"https:\/\/ultralimited.it\/es\/gafas\/fossano\/\" \/>\n<meta property=\"og:site_name\" content=\"Ultra Limited\" \/>\n<meta property=\"article:modified_time\" content=\"2024-08-29T15:33:57+00:00\" \/>\n<meta property=\"og:image\" content=\"https:\/\/ultralimited.it\/wp-content\/uploads\/2024\/08\/ULFSBL.jpg\" \/>\n\t<meta property=\"og:image:width\" content=\"1600\" \/>\n\t<meta property=\"og:image:height\" content=\"1200\" \/>\n\t<meta property=\"og:image:type\" content=\"image\/jpeg\" \/>\n<meta name=\"twitter:card\" content=\"summary_large_image\" \/>\n<meta name=\"twitter:label1\" content=\"Tiempo de lectura\" \/>\n\t<meta name=\"twitter:data1\" content=\"1 minuto\" \/>\n<script type=\"application\/ld+json\" class=\"yoast-schema-graph\">{\"@context\":\"https:\/\/schema.org\",\"@graph\":[{\"@type\":\"WebPage\",\"@id\":\"https:\/\/ultralimited.it\/es\/gafas\/fossano\/\",\"url\":\"https:\/\/ultralimited.it\/es\/gafas\/fossano\/\",\"name\":\"Fossano - Ultra Limited\",\"isPartOf\":{\"@id\":\"https:\/\/ultralimited.it\/en\/#website\"},\"primaryImageOfPage\":{\"@id\":\"https:\/\/ultralimited.it\/es\/gafas\/fossano\/#primaryimage\"},\"image\":{\"@id\":\"https:\/\/ultralimited.it\/es\/gafas\/fossano\/#primaryimage\"},\"thumbnailUrl\":\"https:\/\/ultralimited.it\/wp-content\/uploads\/2024\/08\/ULFSBL.jpg\",\"datePublished\":\"2024-08-05T12:48:06+00:00\",\"dateModified\":\"2024-08-29T15:33:57+00:00\",\"breadcrumb\":{\"@id\":\"https:\/\/ultralimited.it\/es\/gafas\/fossano\/#breadcrumb\"},\"inLanguage\":\"es\",\"potentialAction\":[{\"@type\":\"ReadAction\",\"target\":[\"https:\/\/ultralimited.it\/es\/gafas\/fossano\/\"]}]},{\"@type\":\"ImageObject\",\"inLanguage\":\"es\",\"@id\":\"https:\/\/ultralimited.it\/es\/gafas\/fossano\/#primaryimage\",\"url\":\"https:\/\/ultralimited.it\/wp-content\/uploads\/2024\/08\/ULFSBL.jpg\",\"contentUrl\":\"https:\/\/ultralimited.it\/wp-content\/uploads\/2024\/08\/ULFSBL.jpg\",\"width\":1600,\"height\":1200},{\"@type\":\"BreadcrumbList\",\"@id\":\"https:\/\/ultralimited.it\/es\/gafas\/fossano\/#breadcrumb\",\"itemListElement\":[{\"@type\":\"ListItem\",\"position\":1,\"name\":\"Home\",\"item\":\"https:\/\/ultralimited.it\/es\/\"},{\"@type\":\"ListItem\",\"position\":2,\"name\":\"Fossano\"}]},{\"@type\":\"WebSite\",\"@id\":\"https:\/\/ultralimited.it\/en\/#website\",\"url\":\"https:\/\/ultralimited.it\/en\/\",\"name\":\"Ultra Limited\",\"description\":\"\",\"potentialAction\":[{\"@type\":\"SearchAction\",\"target\":{\"@type\":\"EntryPoint\",\"urlTemplate\":\"https:\/\/ultralimited.it\/en\/?s={search_term_string}\"},\"query-input\":{\"@type\":\"PropertyValueSpecification\",\"valueRequired\":true,\"valueName\":\"search_term_string\"}}],\"inLanguage\":\"es\"}]}<\/script>\n<!-- \/ Yoast SEO plugin. -->","yoast_head_json":{"title":"Fossano - Ultra Limited","robots":{"index":"index","follow":"follow","max-snippet":"max-snippet:-1","max-image-preview":"max-image-preview:large","max-video-preview":"max-video-preview:-1"},"canonical":"https:\/\/ultralimited.it\/es\/gafas\/fossano\/","og_locale":"es_ES","og_type":"article","og_title":"Fossano - Ultra Limited","og_description":"El modelo Fossano de Ultra Limited es la excelencia de la elegancia masculina. Con su forma cuadrada, estas gafas son ideales para quien busca un look cl\u00e1sico pero con detalles \u00fanicos que resaltan su singularidad. Disponibles en colores azul, Habana, de rayas y negro, el modelo Fossano est\u00e1 pensado para el hombre que aprecia la ...","og_url":"https:\/\/ultralimited.it\/es\/gafas\/fossano\/","og_site_name":"Ultra Limited","article_modified_time":"2024-08-29T15:33:57+00:00","og_image":[{"width":1600,"height":1200,"url":"https:\/\/ultralimited.it\/wp-content\/uploads\/2024\/08\/ULFSBL.jpg","type":"image\/jpeg"}],"twitter_card":"summary_large_image","twitter_misc":{"Tiempo de lectura":"1 minuto"},"schema":{"@context":"https:\/\/schema.org","@graph":[{"@type":"WebPage","@id":"https:\/\/ultralimited.it\/es\/gafas\/fossano\/","url":"https:\/\/ultralimited.it\/es\/gafas\/fossano\/","name":"Fossano - Ultra Limited","isPartOf":{"@id":"https:\/\/ultralimited.it\/en\/#website"},"primaryImageOfPage":{"@id":"https:\/\/ultralimited.it\/es\/gafas\/fossano\/#primaryimage"},"image":{"@id":"https:\/\/ultralimited.it\/es\/gafas\/fossano\/#primaryimage"},"thumbnailUrl":"https:\/\/ultralimited.it\/wp-content\/uploads\/2024\/08\/ULFSBL.jpg","datePublished":"2024-08-05T12:48:06+00:00","dateModified":"2024-08-29T15:33:57+00:00","breadcrumb":{"@id":"https:\/\/ultralimited.it\/es\/gafas\/fossano\/#breadcrumb"},"inLanguage":"es","potentialAction":[{"@type":"ReadAction","target":["https:\/\/ultralimited.it\/es\/gafas\/fossano\/"]}]},{"@type":"ImageObject","inLanguage":"es","@id":"https:\/\/ultralimited.it\/es\/gafas\/fossano\/#primaryimage","url":"https:\/\/ultralimited.it\/wp-content\/uploads\/2024\/08\/ULFSBL.jpg","contentUrl":"https:\/\/ultralimited.it\/wp-content\/uploads\/2024\/08\/ULFSBL.jpg","width":1600,"height":1200},{"@type":"BreadcrumbList","@id":"https:\/\/ultralimited.it\/es\/gafas\/fossano\/#breadcrumb","itemListElement":[{"@type":"ListItem","position":1,"name":"Home","item":"https:\/\/ultralimited.it\/es\/"},{"@type":"ListItem","position":2,"name":"Fossano"}]},{"@type":"WebSite","@id":"https:\/\/ultralimited.it\/en\/#website","url":"https:\/\/ultralimited.it\/en\/","name":"Ultra Limited","description":"","potentialAction":[{"@type":"SearchAction","target":{"@type":"EntryPoint","urlTemplate":"https:\/\/ultralimited.it\/en\/?s={search_term_string}"},"query-input":{"@type":"PropertyValueSpecification","valueRequired":true,"valueName":"search_term_string"}}],"inLanguage":"es"}]}},"_links":{"self":[{"href":"https:\/\/ultralimited.it\/es\/wp-json\/wp\/v2\/product\/27755","targetHints":{"allow":["GET"]}}],"collection":[{"href":"https:\/\/ultralimited.it\/es\/wp-json\/wp\/v2\/product"}],"about":[{"href":"https:\/\/ultralimited.it\/es\/wp-json\/wp\/v2\/types\/product"}],"wp:featuredmedia":[{"embeddable":true,"href":"https:\/\/ultralimited.it\/es\/wp-json\/wp\/v2\/media\/27789"}],"wp:attachment":[{"href":"https:\/\/ultralimited.it\/es\/wp-json\/wp\/v2\/media?parent=27755"}],"wp:term":[{"taxonomy":"product_brand","embeddable":true,"href":"https:\/\/ultralimited.it\/es\/wp-json\/wp\/v2\/product_brand?post=27755"},{"taxonomy":"product_cat","embeddable":true,"href":"https:\/\/ultralimited.it\/es\/wp-json\/wp\/v2\/product_cat?post=27755"}],"curies":[{"name":"wp","href":"https:\/\/api.w.org\/{rel}","templated":true}]}}