{"id":27730,"date":"2024-08-05T14:47:52","date_gmt":"2024-08-05T12:47:56","guid":{"rendered":"http:\/\/ultralimited.it\/?post_type=product&#038;p=27730"},"modified":"2024-08-29T17:40:06","modified_gmt":"2024-08-29T15:40:06","slug":"giannutri","status":"publish","type":"product","link":"https:\/\/ultralimited.it\/es\/gafas\/giannutri\/","title":{"rendered":"Giannutri"},"content":{"rendered":"<p><span data-sheets-value=\"{\"data-sheets-userformat=\"{\">El modelo Giannutri son unas gafas de sol de para mujer que celebran con elegancia el 10\u00b0 aniversario de la colecci\u00f3n Ultra Limited. Con una forma cuadrada que las distingue, estas gafas encarnan el estilo refinado e intemporal, disponibles en los elegantes colores Habana y negro. La creaci\u00f3n de cada par de Giannutri es una obra de arte, hecha con 12 l\u00e1minas de acetato de celulosa por medio de un proceso artesanal que requiere m\u00e1s de 41 d\u00edas. Este complejo proceso incluye fases como selecci\u00f3n, pegado, curado, prensado, horneado, corte, pulido, acabado y abrillantado, culminando en rayas de colores \u00fanicas que confieren a cada pieza un car\u00e1cter distintivo. En homenaje al 10\u00b0 aniversario de Ultra Limited, el modelo Giannutri presenta un exclusivo logo en las patillas, s\u00edmbolo de una d\u00e9cada de innovaci\u00f3n y dise\u00f1o a la vanguardia. Cada par se entrega dentro de un estuche especial, un toque de lujo que a\u00f1ade valor y sofisticaci\u00f3n a un accesorio ya de por s\u00ed extraordinario. Estas gafas de sol son perfectas para quien desea celebrar su singularidad con un dise\u00f1o audaz y refinado. Elige el modelo Giannutri y forma parte de la historia de Ultra Limited, una marca que sigue redefiniendo la elegancia y el estilo. <\/span><\/p>\n","protected":false},"excerpt":{"rendered":"<p>El modelo Giannutri son unas gafas de sol de para mujer que celebran con elegancia el 10\u00b0 aniversario de la colecci\u00f3n Ultra Limited. Con una forma cuadrada que las distingue, estas gafas encarnan el estilo refinado e intemporal, disponibles en los elegantes colores Habana y negro. La creaci\u00f3n de cada par de Giannutri es una <a href=\"https:\/\/ultralimited.it\/es\/gafas\/giannutri\/\" class=\"more-link\">&#8230;<\/a><\/p>\n","protected":false},"featured_media":27906,"template":"","meta":{"_acf_changed":false},"product_brand":[],"product_cat":[118,127,121],"class_list":{"0":"post-27730","1":"product","2":"type-product","3":"status-publish","4":"has-post-thumbnail","6":"product_cat-gafas","7":"product_cat-gafas-de-sol","8":"product_cat-mujer","10":"first","11":"instock","12":"shipping-taxable","13":"product-type-variable"},"acf":[],"yoast_head":"<!-- This site is optimized with the Yoast SEO plugin v26.4 - https:\/\/yoast.com\/wordpress\/plugins\/seo\/ -->\n<title>Giannutri - Ultra Limited<\/title>\n<meta name=\"robots\" content=\"index, follow, max-snippet:-1, max-image-preview:large, max-video-preview:-1\" \/>\n<link rel=\"canonical\" href=\"https:\/\/ultralimited.it\/es\/gafas\/giannutri\/\" \/>\n<meta property=\"og:locale\" content=\"es_ES\" \/>\n<meta property=\"og:type\" content=\"article\" \/>\n<meta property=\"og:title\" content=\"Giannutri - Ultra Limited\" \/>\n<meta property=\"og:description\" content=\"El modelo Giannutri son unas gafas de sol de para mujer que celebran con elegancia el 10\u00b0 aniversario de la colecci\u00f3n Ultra Limited. Con una forma cuadrada que las distingue, estas gafas encarnan el estilo refinado e intemporal, disponibles en los elegantes colores Habana y negro. La creaci\u00f3n de cada par de Giannutri es una ...\" \/>\n<meta property=\"og:url\" content=\"https:\/\/ultralimited.it\/es\/gafas\/giannutri\/\" \/>\n<meta property=\"og:site_name\" content=\"Ultra Limited\" \/>\n<meta property=\"article:modified_time\" content=\"2024-08-29T15:40:06+00:00\" \/>\n<meta property=\"og:image\" content=\"https:\/\/ultralimited.it\/wp-content\/uploads\/2024\/08\/ULSGIAHA.jpg\" \/>\n\t<meta property=\"og:image:width\" content=\"1600\" \/>\n\t<meta property=\"og:image:height\" content=\"1200\" \/>\n\t<meta property=\"og:image:type\" content=\"image\/jpeg\" \/>\n<meta name=\"twitter:card\" content=\"summary_large_image\" \/>\n<meta name=\"twitter:label1\" content=\"Tiempo de lectura\" \/>\n\t<meta name=\"twitter:data1\" content=\"1 minuto\" \/>\n<script type=\"application\/ld+json\" class=\"yoast-schema-graph\">{\"@context\":\"https:\/\/schema.org\",\"@graph\":[{\"@type\":\"WebPage\",\"@id\":\"https:\/\/ultralimited.it\/es\/gafas\/giannutri\/\",\"url\":\"https:\/\/ultralimited.it\/es\/gafas\/giannutri\/\",\"name\":\"Giannutri - Ultra Limited\",\"isPartOf\":{\"@id\":\"https:\/\/ultralimited.it\/en\/#website\"},\"primaryImageOfPage\":{\"@id\":\"https:\/\/ultralimited.it\/es\/gafas\/giannutri\/#primaryimage\"},\"image\":{\"@id\":\"https:\/\/ultralimited.it\/es\/gafas\/giannutri\/#primaryimage\"},\"thumbnailUrl\":\"https:\/\/ultralimited.it\/wp-content\/uploads\/2024\/08\/ULSGIAHA.jpg\",\"datePublished\":\"2024-08-05T12:47:56+00:00\",\"dateModified\":\"2024-08-29T15:40:06+00:00\",\"breadcrumb\":{\"@id\":\"https:\/\/ultralimited.it\/es\/gafas\/giannutri\/#breadcrumb\"},\"inLanguage\":\"es\",\"potentialAction\":[{\"@type\":\"ReadAction\",\"target\":[\"https:\/\/ultralimited.it\/es\/gafas\/giannutri\/\"]}]},{\"@type\":\"ImageObject\",\"inLanguage\":\"es\",\"@id\":\"https:\/\/ultralimited.it\/es\/gafas\/giannutri\/#primaryimage\",\"url\":\"https:\/\/ultralimited.it\/wp-content\/uploads\/2024\/08\/ULSGIAHA.jpg\",\"contentUrl\":\"https:\/\/ultralimited.it\/wp-content\/uploads\/2024\/08\/ULSGIAHA.jpg\",\"width\":1600,\"height\":1200},{\"@type\":\"BreadcrumbList\",\"@id\":\"https:\/\/ultralimited.it\/es\/gafas\/giannutri\/#breadcrumb\",\"itemListElement\":[{\"@type\":\"ListItem\",\"position\":1,\"name\":\"Home\",\"item\":\"https:\/\/ultralimited.it\/es\/\"},{\"@type\":\"ListItem\",\"position\":2,\"name\":\"Giannutri\"}]},{\"@type\":\"WebSite\",\"@id\":\"https:\/\/ultralimited.it\/en\/#website\",\"url\":\"https:\/\/ultralimited.it\/en\/\",\"name\":\"Ultra Limited\",\"description\":\"\",\"potentialAction\":[{\"@type\":\"SearchAction\",\"target\":{\"@type\":\"EntryPoint\",\"urlTemplate\":\"https:\/\/ultralimited.it\/en\/?s={search_term_string}\"},\"query-input\":{\"@type\":\"PropertyValueSpecification\",\"valueRequired\":true,\"valueName\":\"search_term_string\"}}],\"inLanguage\":\"es\"}]}<\/script>\n<!-- \/ Yoast SEO plugin. -->","yoast_head_json":{"title":"Giannutri - Ultra Limited","robots":{"index":"index","follow":"follow","max-snippet":"max-snippet:-1","max-image-preview":"max-image-preview:large","max-video-preview":"max-video-preview:-1"},"canonical":"https:\/\/ultralimited.it\/es\/gafas\/giannutri\/","og_locale":"es_ES","og_type":"article","og_title":"Giannutri - Ultra Limited","og_description":"El modelo Giannutri son unas gafas de sol de para mujer que celebran con elegancia el 10\u00b0 aniversario de la colecci\u00f3n Ultra Limited. Con una forma cuadrada que las distingue, estas gafas encarnan el estilo refinado e intemporal, disponibles en los elegantes colores Habana y negro. La creaci\u00f3n de cada par de Giannutri es una ...","og_url":"https:\/\/ultralimited.it\/es\/gafas\/giannutri\/","og_site_name":"Ultra Limited","article_modified_time":"2024-08-29T15:40:06+00:00","og_image":[{"width":1600,"height":1200,"url":"https:\/\/ultralimited.it\/wp-content\/uploads\/2024\/08\/ULSGIAHA.jpg","type":"image\/jpeg"}],"twitter_card":"summary_large_image","twitter_misc":{"Tiempo de lectura":"1 minuto"},"schema":{"@context":"https:\/\/schema.org","@graph":[{"@type":"WebPage","@id":"https:\/\/ultralimited.it\/es\/gafas\/giannutri\/","url":"https:\/\/ultralimited.it\/es\/gafas\/giannutri\/","name":"Giannutri - Ultra Limited","isPartOf":{"@id":"https:\/\/ultralimited.it\/en\/#website"},"primaryImageOfPage":{"@id":"https:\/\/ultralimited.it\/es\/gafas\/giannutri\/#primaryimage"},"image":{"@id":"https:\/\/ultralimited.it\/es\/gafas\/giannutri\/#primaryimage"},"thumbnailUrl":"https:\/\/ultralimited.it\/wp-content\/uploads\/2024\/08\/ULSGIAHA.jpg","datePublished":"2024-08-05T12:47:56+00:00","dateModified":"2024-08-29T15:40:06+00:00","breadcrumb":{"@id":"https:\/\/ultralimited.it\/es\/gafas\/giannutri\/#breadcrumb"},"inLanguage":"es","potentialAction":[{"@type":"ReadAction","target":["https:\/\/ultralimited.it\/es\/gafas\/giannutri\/"]}]},{"@type":"ImageObject","inLanguage":"es","@id":"https:\/\/ultralimited.it\/es\/gafas\/giannutri\/#primaryimage","url":"https:\/\/ultralimited.it\/wp-content\/uploads\/2024\/08\/ULSGIAHA.jpg","contentUrl":"https:\/\/ultralimited.it\/wp-content\/uploads\/2024\/08\/ULSGIAHA.jpg","width":1600,"height":1200},{"@type":"BreadcrumbList","@id":"https:\/\/ultralimited.it\/es\/gafas\/giannutri\/#breadcrumb","itemListElement":[{"@type":"ListItem","position":1,"name":"Home","item":"https:\/\/ultralimited.it\/es\/"},{"@type":"ListItem","position":2,"name":"Giannutri"}]},{"@type":"WebSite","@id":"https:\/\/ultralimited.it\/en\/#website","url":"https:\/\/ultralimited.it\/en\/","name":"Ultra Limited","description":"","potentialAction":[{"@type":"SearchAction","target":{"@type":"EntryPoint","urlTemplate":"https:\/\/ultralimited.it\/en\/?s={search_term_string}"},"query-input":{"@type":"PropertyValueSpecification","valueRequired":true,"valueName":"search_term_string"}}],"inLanguage":"es"}]}},"_links":{"self":[{"href":"https:\/\/ultralimited.it\/es\/wp-json\/wp\/v2\/product\/27730","targetHints":{"allow":["GET"]}}],"collection":[{"href":"https:\/\/ultralimited.it\/es\/wp-json\/wp\/v2\/product"}],"about":[{"href":"https:\/\/ultralimited.it\/es\/wp-json\/wp\/v2\/types\/product"}],"wp:featuredmedia":[{"embeddable":true,"href":"https:\/\/ultralimited.it\/es\/wp-json\/wp\/v2\/media\/27906"}],"wp:attachment":[{"href":"https:\/\/ultralimited.it\/es\/wp-json\/wp\/v2\/media?parent=27730"}],"wp:term":[{"taxonomy":"product_brand","embeddable":true,"href":"https:\/\/ultralimited.it\/es\/wp-json\/wp\/v2\/product_brand?post=27730"},{"taxonomy":"product_cat","embeddable":true,"href":"https:\/\/ultralimited.it\/es\/wp-json\/wp\/v2\/product_cat?post=27730"}],"curies":[{"name":"wp","href":"https:\/\/api.w.org\/{rel}","templated":true}]}}