{"id":27566,"date":"2024-08-02T15:42:28","date_gmt":"2024-08-02T13:42:32","guid":{"rendered":"http:\/\/ultralimited.it\/?post_type=product&#038;p=27566"},"modified":"2024-08-29T17:18:16","modified_gmt":"2024-08-29T15:18:16","slug":"canelli","status":"publish","type":"product","link":"https:\/\/ultralimited.it\/es\/gafas\/canelli\/","title":{"rendered":"Canelli"},"content":{"rendered":"<p><span data-sheets-value=\"{\" data-sheets-userformat=\"{\">El modelo Canelli de Ultra Limited es la esencia de la versatilidad, pensado para quien busca unas gafas que sean al mismo tiempo divertidas y serias. Con su elegante forma redonda, el Canelli es un modelo unisex que se adapta perfectamente a cualquier estilo. Estas gafas se recomiendan especialmente para quien tiene una cara m\u00e1s cuadrada, suavizando los rasgos y dando un aspecto m\u00e1s ligero y armonioso. Disponibles en una gama de colores fascinantes &#8211; azul, habana, de rayas y negro \u2013 el modelo Canelli ofrece una mezcla de opciones, desde las combinaciones m\u00e1s cl\u00e1sicas hasta las m\u00e1s audaces y vivaces. Las rayas de colores se obtienen por medio de un proceso artesanal que dura m\u00e1s de 41 d\u00edas, durante el cual 12 l\u00e1minas de acetato de celulosa se trabajan cuidadosamente. El proceso incluye la selecci\u00f3n, el pegado, el curado, el prensado, el horneado, el corte, el pulido, el acabado y el abrillantado, asegurando de esta manera un producto final de alta calidad y singularidad. Hechas a mano por maestros artesanos del distrito de Belluno, las gafas Canelli encarnan la artesan\u00eda de excelencia y la atenci\u00f3n a los detalles. Ya sea que prefieras un look sobrio o desees experimentar con colores m\u00e1s audaces, el modelo Canelli ofrece una versatilidad que se adapta a cualquier estado de \u00e1nimo y ocasi\u00f3n.<\/span><\/p>\n","protected":false},"excerpt":{"rendered":"<p>El modelo Canelli de Ultra Limited es la esencia de la versatilidad, pensado para quien busca unas gafas que sean al mismo tiempo divertidas y serias. Con su elegante forma redonda, el Canelli es un modelo unisex que se adapta perfectamente a cualquier estilo. Estas gafas se recomiendan especialmente para quien tiene una cara m\u00e1s <a href=\"https:\/\/ultralimited.it\/es\/gafas\/canelli\/\" class=\"more-link\">&#8230;<\/a><\/p>\n","protected":false},"featured_media":27585,"template":"","meta":{"_acf_changed":false},"product_brand":[],"product_cat":[118,124,131,121],"class_list":{"0":"post-27566","1":"product","2":"type-product","3":"status-publish","4":"has-post-thumbnail","6":"product_cat-gafas","7":"product_cat-gafas-graduadas","8":"product_cat-hombre","9":"product_cat-mujer","11":"first","12":"instock","13":"shipping-taxable","14":"product-type-variable"},"acf":[],"yoast_head":"<!-- This site is optimized with the Yoast SEO plugin v26.4 - https:\/\/yoast.com\/wordpress\/plugins\/seo\/ -->\n<title>Canelli - Ultra Limited<\/title>\n<meta name=\"robots\" content=\"index, follow, max-snippet:-1, max-image-preview:large, max-video-preview:-1\" \/>\n<link rel=\"canonical\" href=\"https:\/\/ultralimited.it\/es\/gafas\/canelli\/\" \/>\n<meta property=\"og:locale\" content=\"es_ES\" \/>\n<meta property=\"og:type\" content=\"article\" \/>\n<meta property=\"og:title\" content=\"Canelli - Ultra Limited\" \/>\n<meta property=\"og:description\" content=\"El modelo Canelli de Ultra Limited es la esencia de la versatilidad, pensado para quien busca unas gafas que sean al mismo tiempo divertidas y serias. Con su elegante forma redonda, el Canelli es un modelo unisex que se adapta perfectamente a cualquier estilo. Estas gafas se recomiendan especialmente para quien tiene una cara m\u00e1s ...\" \/>\n<meta property=\"og:url\" content=\"https:\/\/ultralimited.it\/es\/gafas\/canelli\/\" \/>\n<meta property=\"og:site_name\" content=\"Ultra Limited\" \/>\n<meta property=\"article:modified_time\" content=\"2024-08-29T15:18:16+00:00\" \/>\n<meta property=\"og:image\" content=\"https:\/\/ultralimited.it\/wp-content\/uploads\/2024\/08\/ULCANHA.jpg\" \/>\n\t<meta property=\"og:image:width\" content=\"1600\" \/>\n\t<meta property=\"og:image:height\" content=\"1200\" \/>\n\t<meta property=\"og:image:type\" content=\"image\/jpeg\" \/>\n<meta name=\"twitter:card\" content=\"summary_large_image\" \/>\n<meta name=\"twitter:label1\" content=\"Tiempo de lectura\" \/>\n\t<meta name=\"twitter:data1\" content=\"1 minuto\" \/>\n<script type=\"application\/ld+json\" class=\"yoast-schema-graph\">{\"@context\":\"https:\/\/schema.org\",\"@graph\":[{\"@type\":\"WebPage\",\"@id\":\"https:\/\/ultralimited.it\/es\/gafas\/canelli\/\",\"url\":\"https:\/\/ultralimited.it\/es\/gafas\/canelli\/\",\"name\":\"Canelli - Ultra Limited\",\"isPartOf\":{\"@id\":\"https:\/\/ultralimited.it\/en\/#website\"},\"primaryImageOfPage\":{\"@id\":\"https:\/\/ultralimited.it\/es\/gafas\/canelli\/#primaryimage\"},\"image\":{\"@id\":\"https:\/\/ultralimited.it\/es\/gafas\/canelli\/#primaryimage\"},\"thumbnailUrl\":\"https:\/\/ultralimited.it\/wp-content\/uploads\/2024\/08\/ULCANHA.jpg\",\"datePublished\":\"2024-08-02T13:42:32+00:00\",\"dateModified\":\"2024-08-29T15:18:16+00:00\",\"breadcrumb\":{\"@id\":\"https:\/\/ultralimited.it\/es\/gafas\/canelli\/#breadcrumb\"},\"inLanguage\":\"es\",\"potentialAction\":[{\"@type\":\"ReadAction\",\"target\":[\"https:\/\/ultralimited.it\/es\/gafas\/canelli\/\"]}]},{\"@type\":\"ImageObject\",\"inLanguage\":\"es\",\"@id\":\"https:\/\/ultralimited.it\/es\/gafas\/canelli\/#primaryimage\",\"url\":\"https:\/\/ultralimited.it\/wp-content\/uploads\/2024\/08\/ULCANHA.jpg\",\"contentUrl\":\"https:\/\/ultralimited.it\/wp-content\/uploads\/2024\/08\/ULCANHA.jpg\",\"width\":1600,\"height\":1200},{\"@type\":\"BreadcrumbList\",\"@id\":\"https:\/\/ultralimited.it\/es\/gafas\/canelli\/#breadcrumb\",\"itemListElement\":[{\"@type\":\"ListItem\",\"position\":1,\"name\":\"Home\",\"item\":\"https:\/\/ultralimited.it\/es\/\"},{\"@type\":\"ListItem\",\"position\":2,\"name\":\"Canelli\"}]},{\"@type\":\"WebSite\",\"@id\":\"https:\/\/ultralimited.it\/en\/#website\",\"url\":\"https:\/\/ultralimited.it\/en\/\",\"name\":\"Ultra Limited\",\"description\":\"\",\"potentialAction\":[{\"@type\":\"SearchAction\",\"target\":{\"@type\":\"EntryPoint\",\"urlTemplate\":\"https:\/\/ultralimited.it\/en\/?s={search_term_string}\"},\"query-input\":{\"@type\":\"PropertyValueSpecification\",\"valueRequired\":true,\"valueName\":\"search_term_string\"}}],\"inLanguage\":\"es\"}]}<\/script>\n<!-- \/ Yoast SEO plugin. -->","yoast_head_json":{"title":"Canelli - Ultra Limited","robots":{"index":"index","follow":"follow","max-snippet":"max-snippet:-1","max-image-preview":"max-image-preview:large","max-video-preview":"max-video-preview:-1"},"canonical":"https:\/\/ultralimited.it\/es\/gafas\/canelli\/","og_locale":"es_ES","og_type":"article","og_title":"Canelli - Ultra Limited","og_description":"El modelo Canelli de Ultra Limited es la esencia de la versatilidad, pensado para quien busca unas gafas que sean al mismo tiempo divertidas y serias. Con su elegante forma redonda, el Canelli es un modelo unisex que se adapta perfectamente a cualquier estilo. Estas gafas se recomiendan especialmente para quien tiene una cara m\u00e1s ...","og_url":"https:\/\/ultralimited.it\/es\/gafas\/canelli\/","og_site_name":"Ultra Limited","article_modified_time":"2024-08-29T15:18:16+00:00","og_image":[{"width":1600,"height":1200,"url":"https:\/\/ultralimited.it\/wp-content\/uploads\/2024\/08\/ULCANHA.jpg","type":"image\/jpeg"}],"twitter_card":"summary_large_image","twitter_misc":{"Tiempo de lectura":"1 minuto"},"schema":{"@context":"https:\/\/schema.org","@graph":[{"@type":"WebPage","@id":"https:\/\/ultralimited.it\/es\/gafas\/canelli\/","url":"https:\/\/ultralimited.it\/es\/gafas\/canelli\/","name":"Canelli - Ultra Limited","isPartOf":{"@id":"https:\/\/ultralimited.it\/en\/#website"},"primaryImageOfPage":{"@id":"https:\/\/ultralimited.it\/es\/gafas\/canelli\/#primaryimage"},"image":{"@id":"https:\/\/ultralimited.it\/es\/gafas\/canelli\/#primaryimage"},"thumbnailUrl":"https:\/\/ultralimited.it\/wp-content\/uploads\/2024\/08\/ULCANHA.jpg","datePublished":"2024-08-02T13:42:32+00:00","dateModified":"2024-08-29T15:18:16+00:00","breadcrumb":{"@id":"https:\/\/ultralimited.it\/es\/gafas\/canelli\/#breadcrumb"},"inLanguage":"es","potentialAction":[{"@type":"ReadAction","target":["https:\/\/ultralimited.it\/es\/gafas\/canelli\/"]}]},{"@type":"ImageObject","inLanguage":"es","@id":"https:\/\/ultralimited.it\/es\/gafas\/canelli\/#primaryimage","url":"https:\/\/ultralimited.it\/wp-content\/uploads\/2024\/08\/ULCANHA.jpg","contentUrl":"https:\/\/ultralimited.it\/wp-content\/uploads\/2024\/08\/ULCANHA.jpg","width":1600,"height":1200},{"@type":"BreadcrumbList","@id":"https:\/\/ultralimited.it\/es\/gafas\/canelli\/#breadcrumb","itemListElement":[{"@type":"ListItem","position":1,"name":"Home","item":"https:\/\/ultralimited.it\/es\/"},{"@type":"ListItem","position":2,"name":"Canelli"}]},{"@type":"WebSite","@id":"https:\/\/ultralimited.it\/en\/#website","url":"https:\/\/ultralimited.it\/en\/","name":"Ultra Limited","description":"","potentialAction":[{"@type":"SearchAction","target":{"@type":"EntryPoint","urlTemplate":"https:\/\/ultralimited.it\/en\/?s={search_term_string}"},"query-input":{"@type":"PropertyValueSpecification","valueRequired":true,"valueName":"search_term_string"}}],"inLanguage":"es"}]}},"_links":{"self":[{"href":"https:\/\/ultralimited.it\/es\/wp-json\/wp\/v2\/product\/27566","targetHints":{"allow":["GET"]}}],"collection":[{"href":"https:\/\/ultralimited.it\/es\/wp-json\/wp\/v2\/product"}],"about":[{"href":"https:\/\/ultralimited.it\/es\/wp-json\/wp\/v2\/types\/product"}],"wp:featuredmedia":[{"embeddable":true,"href":"https:\/\/ultralimited.it\/es\/wp-json\/wp\/v2\/media\/27585"}],"wp:attachment":[{"href":"https:\/\/ultralimited.it\/es\/wp-json\/wp\/v2\/media?parent=27566"}],"wp:term":[{"taxonomy":"product_brand","embeddable":true,"href":"https:\/\/ultralimited.it\/es\/wp-json\/wp\/v2\/product_brand?post=27566"},{"taxonomy":"product_cat","embeddable":true,"href":"https:\/\/ultralimited.it\/es\/wp-json\/wp\/v2\/product_cat?post=27566"}],"curies":[{"name":"wp","href":"https:\/\/api.w.org\/{rel}","templated":true}]}}