{"id":27485,"date":"2024-08-02T15:34:49","date_gmt":"2024-08-02T13:34:52","guid":{"rendered":"http:\/\/ultralimited.it\/?post_type=product&#038;p=27485"},"modified":"2025-01-15T16:25:05","modified_gmt":"2025-01-15T15:25:05","slug":"biella","status":"publish","type":"product","link":"https:\/\/ultralimited.it\/es\/gafas\/biella\/","title":{"rendered":"Biella"},"content":{"rendered":"<p><span data-sheets-value=\"{\" data-sheets-userformat=\"{\">EI modelo Biella de Ultra Limited es para quien no tiene miedo de destacar. Estas gafas de mujer combinan una forma hexagonal innovadora con un dise\u00f1o que habla de personalidad y estilo. Con sus colores vivaces y distintivos \u2013 rojo, habana, blanco y negro \u2013 Biella est\u00e1 pensado para quien ama atreverse y jugar con la moda sin renunciar a la elegancia. Cada par es una pieza \u00fanica, hecho por medio de un proceso artesanal que dura m\u00e1s de 41 d\u00edas y comprende todas las fases, desde la selecci\u00f3n y el pegado de las 12 l\u00e1minas de acetato de celulosa hasta el curado, prensado, corte, pulido, acabado y abrillantado. Esta atenci\u00f3n a los detalles garantiza rayas de colores y un dise\u00f1o que no pasa desapercibido. Las gafas Biella est\u00e1n hechas a mano por maestros artesanos del distrito de Belluno, famosos por su excelencia en el trabajo del acetato. Las patillas termoformadas aseguran un porte c\u00f3modo y perfecto, completando un look que es tan audaz como con lleno de estilo. Elige Biella para un acento de car\u00e1cter que refleja tu personalidad vivaz y refinada. Con estas gafas, estar\u00e1s lista para billar con una mezcla de originalidad y sofisticaci\u00f3n.<\/span><\/p>\n","protected":false},"excerpt":{"rendered":"<p>EI modelo Biella de Ultra Limited es para quien no tiene miedo de destacar. Estas gafas de mujer combinan una forma hexagonal innovadora con un dise\u00f1o que habla de personalidad y estilo. Con sus colores vivaces y distintivos \u2013 rojo, habana, blanco y negro \u2013 Biella est\u00e1 pensado para quien ama atreverse y jugar con <a href=\"https:\/\/ultralimited.it\/es\/gafas\/biella\/\" class=\"more-link\">&#8230;<\/a><\/p>\n","protected":false},"featured_media":27519,"template":"","meta":{"_acf_changed":false},"product_brand":[],"product_cat":[118,124,121],"class_list":{"0":"post-27485","1":"product","2":"type-product","3":"status-publish","4":"has-post-thumbnail","6":"product_cat-gafas","7":"product_cat-gafas-graduadas","8":"product_cat-mujer","10":"first","11":"instock","12":"shipping-taxable","13":"product-type-variable"},"acf":[],"yoast_head":"<!-- This site is optimized with the Yoast SEO plugin v26.4 - https:\/\/yoast.com\/wordpress\/plugins\/seo\/ -->\n<title>Biella - Ultra Limited<\/title>\n<meta name=\"robots\" content=\"index, follow, max-snippet:-1, max-image-preview:large, max-video-preview:-1\" \/>\n<link rel=\"canonical\" href=\"https:\/\/ultralimited.it\/es\/gafas\/biella\/\" \/>\n<meta property=\"og:locale\" content=\"es_ES\" \/>\n<meta property=\"og:type\" content=\"article\" \/>\n<meta property=\"og:title\" content=\"Biella - Ultra Limited\" \/>\n<meta property=\"og:description\" content=\"EI modelo Biella de Ultra Limited es para quien no tiene miedo de destacar. Estas gafas de mujer combinan una forma hexagonal innovadora con un dise\u00f1o que habla de personalidad y estilo. Con sus colores vivaces y distintivos \u2013 rojo, habana, blanco y negro \u2013 Biella est\u00e1 pensado para quien ama atreverse y jugar con ...\" \/>\n<meta property=\"og:url\" content=\"https:\/\/ultralimited.it\/es\/gafas\/biella\/\" \/>\n<meta property=\"og:site_name\" content=\"Ultra Limited\" \/>\n<meta property=\"article:modified_time\" content=\"2025-01-15T15:25:05+00:00\" \/>\n<meta property=\"og:image\" content=\"https:\/\/ultralimited.it\/wp-content\/uploads\/2024\/08\/ULBIBX.jpg\" \/>\n\t<meta property=\"og:image:width\" content=\"1600\" \/>\n\t<meta property=\"og:image:height\" content=\"1200\" \/>\n\t<meta property=\"og:image:type\" content=\"image\/jpeg\" \/>\n<meta name=\"twitter:card\" content=\"summary_large_image\" \/>\n<meta name=\"twitter:label1\" content=\"Tiempo de lectura\" \/>\n\t<meta name=\"twitter:data1\" content=\"2 minutos\" \/>\n<script type=\"application\/ld+json\" class=\"yoast-schema-graph\">{\"@context\":\"https:\/\/schema.org\",\"@graph\":[{\"@type\":\"WebPage\",\"@id\":\"https:\/\/ultralimited.it\/es\/gafas\/biella\/\",\"url\":\"https:\/\/ultralimited.it\/es\/gafas\/biella\/\",\"name\":\"Biella - Ultra Limited\",\"isPartOf\":{\"@id\":\"https:\/\/ultralimited.it\/en\/#website\"},\"primaryImageOfPage\":{\"@id\":\"https:\/\/ultralimited.it\/es\/gafas\/biella\/#primaryimage\"},\"image\":{\"@id\":\"https:\/\/ultralimited.it\/es\/gafas\/biella\/#primaryimage\"},\"thumbnailUrl\":\"https:\/\/ultralimited.it\/wp-content\/uploads\/2024\/08\/ULBIBX.jpg\",\"datePublished\":\"2024-08-02T13:34:52+00:00\",\"dateModified\":\"2025-01-15T15:25:05+00:00\",\"breadcrumb\":{\"@id\":\"https:\/\/ultralimited.it\/es\/gafas\/biella\/#breadcrumb\"},\"inLanguage\":\"es\",\"potentialAction\":[{\"@type\":\"ReadAction\",\"target\":[\"https:\/\/ultralimited.it\/es\/gafas\/biella\/\"]}]},{\"@type\":\"ImageObject\",\"inLanguage\":\"es\",\"@id\":\"https:\/\/ultralimited.it\/es\/gafas\/biella\/#primaryimage\",\"url\":\"https:\/\/ultralimited.it\/wp-content\/uploads\/2024\/08\/ULBIBX.jpg\",\"contentUrl\":\"https:\/\/ultralimited.it\/wp-content\/uploads\/2024\/08\/ULBIBX.jpg\",\"width\":1600,\"height\":1200},{\"@type\":\"BreadcrumbList\",\"@id\":\"https:\/\/ultralimited.it\/es\/gafas\/biella\/#breadcrumb\",\"itemListElement\":[{\"@type\":\"ListItem\",\"position\":1,\"name\":\"Home\",\"item\":\"https:\/\/ultralimited.it\/es\/\"},{\"@type\":\"ListItem\",\"position\":2,\"name\":\"Biella\"}]},{\"@type\":\"WebSite\",\"@id\":\"https:\/\/ultralimited.it\/en\/#website\",\"url\":\"https:\/\/ultralimited.it\/en\/\",\"name\":\"Ultra Limited\",\"description\":\"\",\"potentialAction\":[{\"@type\":\"SearchAction\",\"target\":{\"@type\":\"EntryPoint\",\"urlTemplate\":\"https:\/\/ultralimited.it\/en\/?s={search_term_string}\"},\"query-input\":{\"@type\":\"PropertyValueSpecification\",\"valueRequired\":true,\"valueName\":\"search_term_string\"}}],\"inLanguage\":\"es\"}]}<\/script>\n<!-- \/ Yoast SEO plugin. -->","yoast_head_json":{"title":"Biella - Ultra Limited","robots":{"index":"index","follow":"follow","max-snippet":"max-snippet:-1","max-image-preview":"max-image-preview:large","max-video-preview":"max-video-preview:-1"},"canonical":"https:\/\/ultralimited.it\/es\/gafas\/biella\/","og_locale":"es_ES","og_type":"article","og_title":"Biella - Ultra Limited","og_description":"EI modelo Biella de Ultra Limited es para quien no tiene miedo de destacar. Estas gafas de mujer combinan una forma hexagonal innovadora con un dise\u00f1o que habla de personalidad y estilo. Con sus colores vivaces y distintivos \u2013 rojo, habana, blanco y negro \u2013 Biella est\u00e1 pensado para quien ama atreverse y jugar con ...","og_url":"https:\/\/ultralimited.it\/es\/gafas\/biella\/","og_site_name":"Ultra Limited","article_modified_time":"2025-01-15T15:25:05+00:00","og_image":[{"width":1600,"height":1200,"url":"https:\/\/ultralimited.it\/wp-content\/uploads\/2024\/08\/ULBIBX.jpg","type":"image\/jpeg"}],"twitter_card":"summary_large_image","twitter_misc":{"Tiempo de lectura":"2 minutos"},"schema":{"@context":"https:\/\/schema.org","@graph":[{"@type":"WebPage","@id":"https:\/\/ultralimited.it\/es\/gafas\/biella\/","url":"https:\/\/ultralimited.it\/es\/gafas\/biella\/","name":"Biella - Ultra Limited","isPartOf":{"@id":"https:\/\/ultralimited.it\/en\/#website"},"primaryImageOfPage":{"@id":"https:\/\/ultralimited.it\/es\/gafas\/biella\/#primaryimage"},"image":{"@id":"https:\/\/ultralimited.it\/es\/gafas\/biella\/#primaryimage"},"thumbnailUrl":"https:\/\/ultralimited.it\/wp-content\/uploads\/2024\/08\/ULBIBX.jpg","datePublished":"2024-08-02T13:34:52+00:00","dateModified":"2025-01-15T15:25:05+00:00","breadcrumb":{"@id":"https:\/\/ultralimited.it\/es\/gafas\/biella\/#breadcrumb"},"inLanguage":"es","potentialAction":[{"@type":"ReadAction","target":["https:\/\/ultralimited.it\/es\/gafas\/biella\/"]}]},{"@type":"ImageObject","inLanguage":"es","@id":"https:\/\/ultralimited.it\/es\/gafas\/biella\/#primaryimage","url":"https:\/\/ultralimited.it\/wp-content\/uploads\/2024\/08\/ULBIBX.jpg","contentUrl":"https:\/\/ultralimited.it\/wp-content\/uploads\/2024\/08\/ULBIBX.jpg","width":1600,"height":1200},{"@type":"BreadcrumbList","@id":"https:\/\/ultralimited.it\/es\/gafas\/biella\/#breadcrumb","itemListElement":[{"@type":"ListItem","position":1,"name":"Home","item":"https:\/\/ultralimited.it\/es\/"},{"@type":"ListItem","position":2,"name":"Biella"}]},{"@type":"WebSite","@id":"https:\/\/ultralimited.it\/en\/#website","url":"https:\/\/ultralimited.it\/en\/","name":"Ultra Limited","description":"","potentialAction":[{"@type":"SearchAction","target":{"@type":"EntryPoint","urlTemplate":"https:\/\/ultralimited.it\/en\/?s={search_term_string}"},"query-input":{"@type":"PropertyValueSpecification","valueRequired":true,"valueName":"search_term_string"}}],"inLanguage":"es"}]}},"_links":{"self":[{"href":"https:\/\/ultralimited.it\/es\/wp-json\/wp\/v2\/product\/27485","targetHints":{"allow":["GET"]}}],"collection":[{"href":"https:\/\/ultralimited.it\/es\/wp-json\/wp\/v2\/product"}],"about":[{"href":"https:\/\/ultralimited.it\/es\/wp-json\/wp\/v2\/types\/product"}],"wp:featuredmedia":[{"embeddable":true,"href":"https:\/\/ultralimited.it\/es\/wp-json\/wp\/v2\/media\/27519"}],"wp:attachment":[{"href":"https:\/\/ultralimited.it\/es\/wp-json\/wp\/v2\/media?parent=27485"}],"wp:term":[{"taxonomy":"product_brand","embeddable":true,"href":"https:\/\/ultralimited.it\/es\/wp-json\/wp\/v2\/product_brand?post=27485"},{"taxonomy":"product_cat","embeddable":true,"href":"https:\/\/ultralimited.it\/es\/wp-json\/wp\/v2\/product_cat?post=27485"}],"curies":[{"name":"wp","href":"https:\/\/api.w.org\/{rel}","templated":true}]}}