{"id":27404,"date":"2024-07-31T14:16:54","date_gmt":"2024-07-31T12:16:58","guid":{"rendered":"http:\/\/ultralimited.it\/?post_type=product&#038;p=27404"},"modified":"2025-01-15T16:36:15","modified_gmt":"2025-01-15T15:36:15","slug":"albissola","status":"publish","type":"product","link":"https:\/\/ultralimited.it\/es\/gafas\/albissola\/","title":{"rendered":"Albissola"},"content":{"rendered":"<p><span data-sheets-value=\"{\" data-sheets-userformat=\"{\">Gafas Ultra Limited Albissola. Una creaci\u00f3n que encarna la sofisticaci\u00f3n y el encanto del dise\u00f1o femenino. Se distingue por su forma a ojo de gato, estas gafas no solo resaltan la mirada, sino que adem\u00e1s expresan una personalidad elegante y sofisticada. El modelo Albissola presenta rayas de colores obtenidas por medio de un meticuloso proceso de fabricaci\u00f3n. Cada par est\u00e1 compuesto por 12 l\u00e1minas de acetato de celulosa, trabajadas con una maestr\u00eda que requiere m\u00e1s de 41 d\u00edas. El proceso incluye todas las fases, desde la selecci\u00f3n y el pegado al curado y prensado, hasta llegar al corte, pulido, acabado y abrillantado. Cada paso se realiza con la mayor precisi\u00f3n para garantizar un producto final de calidad y duraci\u00f3n excepcionales. Las gafas Albissola est\u00e1n hechas a mano por artesanos expertos del distrito de Belluno que combinan tradici\u00f3n con innovaci\u00f3n tecnol\u00f3gica. Le patillas termoformadas completan el dise\u00f1o con una combinaci\u00f3n perfecta de comodidad y estilo. Disponibles en 4 colores exclusivos: Burdeos, Habana, negro y de rayas. Ya sea que est\u00e9s buscando a\u00f1adir un toque de clase a tu look diario o bien distinguirte en ocasiones especiales, las gafas Albissola son la elecci\u00f3n ideal.<\/span><\/p>\n","protected":false},"excerpt":{"rendered":"<p>Gafas Ultra Limited Albissola. Una creaci\u00f3n que encarna la sofisticaci\u00f3n y el encanto del dise\u00f1o femenino. Se distingue por su forma a ojo de gato, estas gafas no solo resaltan la mirada, sino que adem\u00e1s expresan una personalidad elegante y sofisticada. El modelo Albissola presenta rayas de colores obtenidas por medio de un meticuloso proceso <a href=\"https:\/\/ultralimited.it\/es\/gafas\/albissola\/\" class=\"more-link\">&#8230;<\/a><\/p>\n","protected":false},"featured_media":27434,"template":"","meta":{"_acf_changed":false},"product_brand":[],"product_cat":[118,124,121],"class_list":{"0":"post-27404","1":"product","2":"type-product","3":"status-publish","4":"has-post-thumbnail","6":"product_cat-gafas","7":"product_cat-gafas-graduadas","8":"product_cat-mujer","10":"first","11":"instock","12":"shipping-taxable","13":"product-type-variable"},"acf":[],"yoast_head":"<!-- This site is optimized with the Yoast SEO plugin v26.4 - https:\/\/yoast.com\/wordpress\/plugins\/seo\/ -->\n<title>Albissola - Ultra Limited<\/title>\n<meta name=\"robots\" content=\"index, follow, max-snippet:-1, max-image-preview:large, max-video-preview:-1\" \/>\n<link rel=\"canonical\" href=\"https:\/\/ultralimited.it\/es\/gafas\/albissola\/\" \/>\n<meta property=\"og:locale\" content=\"es_ES\" \/>\n<meta property=\"og:type\" content=\"article\" \/>\n<meta property=\"og:title\" content=\"Albissola - Ultra Limited\" \/>\n<meta property=\"og:description\" content=\"Gafas Ultra Limited Albissola. Una creaci\u00f3n que encarna la sofisticaci\u00f3n y el encanto del dise\u00f1o femenino. Se distingue por su forma a ojo de gato, estas gafas no solo resaltan la mirada, sino que adem\u00e1s expresan una personalidad elegante y sofisticada. El modelo Albissola presenta rayas de colores obtenidas por medio de un meticuloso proceso ...\" \/>\n<meta property=\"og:url\" content=\"https:\/\/ultralimited.it\/es\/gafas\/albissola\/\" \/>\n<meta property=\"og:site_name\" content=\"Ultra Limited\" \/>\n<meta property=\"article:modified_time\" content=\"2025-01-15T15:36:15+00:00\" \/>\n<meta property=\"og:image\" content=\"https:\/\/ultralimited.it\/wp-content\/uploads\/2024\/07\/ULALBBX.jpg\" \/>\n\t<meta property=\"og:image:width\" content=\"1600\" \/>\n\t<meta property=\"og:image:height\" content=\"1200\" \/>\n\t<meta property=\"og:image:type\" content=\"image\/jpeg\" \/>\n<meta name=\"twitter:card\" content=\"summary_large_image\" \/>\n<meta name=\"twitter:label1\" content=\"Tiempo de lectura\" \/>\n\t<meta name=\"twitter:data1\" content=\"2 minutos\" \/>\n<script type=\"application\/ld+json\" class=\"yoast-schema-graph\">{\"@context\":\"https:\/\/schema.org\",\"@graph\":[{\"@type\":\"WebPage\",\"@id\":\"https:\/\/ultralimited.it\/es\/gafas\/albissola\/\",\"url\":\"https:\/\/ultralimited.it\/es\/gafas\/albissola\/\",\"name\":\"Albissola - Ultra Limited\",\"isPartOf\":{\"@id\":\"https:\/\/ultralimited.it\/en\/#website\"},\"primaryImageOfPage\":{\"@id\":\"https:\/\/ultralimited.it\/es\/gafas\/albissola\/#primaryimage\"},\"image\":{\"@id\":\"https:\/\/ultralimited.it\/es\/gafas\/albissola\/#primaryimage\"},\"thumbnailUrl\":\"https:\/\/ultralimited.it\/wp-content\/uploads\/2024\/07\/ULALBBX.jpg\",\"datePublished\":\"2024-07-31T12:16:58+00:00\",\"dateModified\":\"2025-01-15T15:36:15+00:00\",\"breadcrumb\":{\"@id\":\"https:\/\/ultralimited.it\/es\/gafas\/albissola\/#breadcrumb\"},\"inLanguage\":\"es\",\"potentialAction\":[{\"@type\":\"ReadAction\",\"target\":[\"https:\/\/ultralimited.it\/es\/gafas\/albissola\/\"]}]},{\"@type\":\"ImageObject\",\"inLanguage\":\"es\",\"@id\":\"https:\/\/ultralimited.it\/es\/gafas\/albissola\/#primaryimage\",\"url\":\"https:\/\/ultralimited.it\/wp-content\/uploads\/2024\/07\/ULALBBX.jpg\",\"contentUrl\":\"https:\/\/ultralimited.it\/wp-content\/uploads\/2024\/07\/ULALBBX.jpg\",\"width\":1600,\"height\":1200},{\"@type\":\"BreadcrumbList\",\"@id\":\"https:\/\/ultralimited.it\/es\/gafas\/albissola\/#breadcrumb\",\"itemListElement\":[{\"@type\":\"ListItem\",\"position\":1,\"name\":\"Home\",\"item\":\"https:\/\/ultralimited.it\/es\/\"},{\"@type\":\"ListItem\",\"position\":2,\"name\":\"Albissola\"}]},{\"@type\":\"WebSite\",\"@id\":\"https:\/\/ultralimited.it\/en\/#website\",\"url\":\"https:\/\/ultralimited.it\/en\/\",\"name\":\"Ultra Limited\",\"description\":\"\",\"potentialAction\":[{\"@type\":\"SearchAction\",\"target\":{\"@type\":\"EntryPoint\",\"urlTemplate\":\"https:\/\/ultralimited.it\/en\/?s={search_term_string}\"},\"query-input\":{\"@type\":\"PropertyValueSpecification\",\"valueRequired\":true,\"valueName\":\"search_term_string\"}}],\"inLanguage\":\"es\"}]}<\/script>\n<!-- \/ Yoast SEO plugin. -->","yoast_head_json":{"title":"Albissola - Ultra Limited","robots":{"index":"index","follow":"follow","max-snippet":"max-snippet:-1","max-image-preview":"max-image-preview:large","max-video-preview":"max-video-preview:-1"},"canonical":"https:\/\/ultralimited.it\/es\/gafas\/albissola\/","og_locale":"es_ES","og_type":"article","og_title":"Albissola - Ultra Limited","og_description":"Gafas Ultra Limited Albissola. Una creaci\u00f3n que encarna la sofisticaci\u00f3n y el encanto del dise\u00f1o femenino. Se distingue por su forma a ojo de gato, estas gafas no solo resaltan la mirada, sino que adem\u00e1s expresan una personalidad elegante y sofisticada. El modelo Albissola presenta rayas de colores obtenidas por medio de un meticuloso proceso ...","og_url":"https:\/\/ultralimited.it\/es\/gafas\/albissola\/","og_site_name":"Ultra Limited","article_modified_time":"2025-01-15T15:36:15+00:00","og_image":[{"width":1600,"height":1200,"url":"https:\/\/ultralimited.it\/wp-content\/uploads\/2024\/07\/ULALBBX.jpg","type":"image\/jpeg"}],"twitter_card":"summary_large_image","twitter_misc":{"Tiempo de lectura":"2 minutos"},"schema":{"@context":"https:\/\/schema.org","@graph":[{"@type":"WebPage","@id":"https:\/\/ultralimited.it\/es\/gafas\/albissola\/","url":"https:\/\/ultralimited.it\/es\/gafas\/albissola\/","name":"Albissola - Ultra Limited","isPartOf":{"@id":"https:\/\/ultralimited.it\/en\/#website"},"primaryImageOfPage":{"@id":"https:\/\/ultralimited.it\/es\/gafas\/albissola\/#primaryimage"},"image":{"@id":"https:\/\/ultralimited.it\/es\/gafas\/albissola\/#primaryimage"},"thumbnailUrl":"https:\/\/ultralimited.it\/wp-content\/uploads\/2024\/07\/ULALBBX.jpg","datePublished":"2024-07-31T12:16:58+00:00","dateModified":"2025-01-15T15:36:15+00:00","breadcrumb":{"@id":"https:\/\/ultralimited.it\/es\/gafas\/albissola\/#breadcrumb"},"inLanguage":"es","potentialAction":[{"@type":"ReadAction","target":["https:\/\/ultralimited.it\/es\/gafas\/albissola\/"]}]},{"@type":"ImageObject","inLanguage":"es","@id":"https:\/\/ultralimited.it\/es\/gafas\/albissola\/#primaryimage","url":"https:\/\/ultralimited.it\/wp-content\/uploads\/2024\/07\/ULALBBX.jpg","contentUrl":"https:\/\/ultralimited.it\/wp-content\/uploads\/2024\/07\/ULALBBX.jpg","width":1600,"height":1200},{"@type":"BreadcrumbList","@id":"https:\/\/ultralimited.it\/es\/gafas\/albissola\/#breadcrumb","itemListElement":[{"@type":"ListItem","position":1,"name":"Home","item":"https:\/\/ultralimited.it\/es\/"},{"@type":"ListItem","position":2,"name":"Albissola"}]},{"@type":"WebSite","@id":"https:\/\/ultralimited.it\/en\/#website","url":"https:\/\/ultralimited.it\/en\/","name":"Ultra Limited","description":"","potentialAction":[{"@type":"SearchAction","target":{"@type":"EntryPoint","urlTemplate":"https:\/\/ultralimited.it\/en\/?s={search_term_string}"},"query-input":{"@type":"PropertyValueSpecification","valueRequired":true,"valueName":"search_term_string"}}],"inLanguage":"es"}]}},"_links":{"self":[{"href":"https:\/\/ultralimited.it\/es\/wp-json\/wp\/v2\/product\/27404","targetHints":{"allow":["GET"]}}],"collection":[{"href":"https:\/\/ultralimited.it\/es\/wp-json\/wp\/v2\/product"}],"about":[{"href":"https:\/\/ultralimited.it\/es\/wp-json\/wp\/v2\/types\/product"}],"wp:featuredmedia":[{"embeddable":true,"href":"https:\/\/ultralimited.it\/es\/wp-json\/wp\/v2\/media\/27434"}],"wp:attachment":[{"href":"https:\/\/ultralimited.it\/es\/wp-json\/wp\/v2\/media?parent=27404"}],"wp:term":[{"taxonomy":"product_brand","embeddable":true,"href":"https:\/\/ultralimited.it\/es\/wp-json\/wp\/v2\/product_brand?post=27404"},{"taxonomy":"product_cat","embeddable":true,"href":"https:\/\/ultralimited.it\/es\/wp-json\/wp\/v2\/product_cat?post=27404"}],"curies":[{"name":"wp","href":"https:\/\/api.w.org\/{rel}","templated":true}]}}