{"id":26346,"date":"2024-03-01T15:03:44","date_gmt":"2024-03-01T14:03:51","guid":{"rendered":"http:\/\/ultralimited.it\/?post_type=product&#038;p=26346"},"modified":"2024-08-30T16:56:12","modified_gmt":"2024-08-30T14:56:12","slug":"pellestrina","status":"publish","type":"product","link":"https:\/\/ultralimited.it\/es\/gafas\/pellestrina\/","title":{"rendered":"Pellestrina Sun"},"content":{"rendered":"<p><span data-sheets-value=\"{\" data-sheets-userformat=\"{\">Gafas de sol Ultra Limited Pellestrina Sun. Hechas a mano combinando el saber hacer artesanal de la zona de Belluno con tecnolog\u00edas de vanguardia. Montaje de 12 l\u00e1minas de acetato de celulosa, elaboradas durante m\u00e1s de 41 d\u00edas en diversas fases: selecci\u00f3n, pegado, curado, prensa, horno, corte, cribado, acabado y pulido. Se a\u00f1adi\u00f3 una placa adicional en relieve en la zona ciliar de los vasos.<\/span><\/p>\n","protected":false},"excerpt":{"rendered":"<p>Gafas de sol Ultra Limited Pellestrina Sun. Hechas a mano combinando el saber hacer artesanal de la zona de Belluno con tecnolog\u00edas de vanguardia. Montaje de 12 l\u00e1minas de acetato de celulosa, elaboradas durante m\u00e1s de 41 d\u00edas en diversas fases: selecci\u00f3n, pegado, curado, prensa, horno, corte, cribado, acabado y pulido. Se a\u00f1adi\u00f3 una placa <a href=\"https:\/\/ultralimited.it\/es\/gafas\/pellestrina\/\" class=\"more-link\">&#8230;<\/a><\/p>\n","protected":false},"featured_media":26624,"template":"","meta":{"_acf_changed":false},"product_brand":[],"product_cat":[118,127,121],"class_list":{"0":"post-26346","1":"product","2":"type-product","3":"status-publish","4":"has-post-thumbnail","6":"product_cat-gafas","7":"product_cat-gafas-de-sol","8":"product_cat-mujer","10":"first","11":"instock","12":"shipping-taxable","13":"product-type-variable"},"acf":[],"yoast_head":"<!-- This site is optimized with the Yoast SEO plugin v26.4 - https:\/\/yoast.com\/wordpress\/plugins\/seo\/ -->\n<title>Pellestrina Sun - Ultra Limited<\/title>\n<meta name=\"robots\" content=\"index, follow, max-snippet:-1, max-image-preview:large, max-video-preview:-1\" \/>\n<link rel=\"canonical\" href=\"https:\/\/ultralimited.it\/es\/gafas\/pellestrina\/\" \/>\n<meta property=\"og:locale\" content=\"es_ES\" \/>\n<meta property=\"og:type\" content=\"article\" \/>\n<meta property=\"og:title\" content=\"Pellestrina Sun - Ultra Limited\" \/>\n<meta property=\"og:description\" content=\"Gafas de sol Ultra Limited Pellestrina Sun. Hechas a mano combinando el saber hacer artesanal de la zona de Belluno con tecnolog\u00edas de vanguardia. Montaje de 12 l\u00e1minas de acetato de celulosa, elaboradas durante m\u00e1s de 41 d\u00edas en diversas fases: selecci\u00f3n, pegado, curado, prensa, horno, corte, cribado, acabado y pulido. Se a\u00f1adi\u00f3 una placa ...\" \/>\n<meta property=\"og:url\" content=\"https:\/\/ultralimited.it\/es\/gafas\/pellestrina\/\" \/>\n<meta property=\"og:site_name\" content=\"Ultra Limited\" \/>\n<meta property=\"article:modified_time\" content=\"2024-08-30T14:56:12+00:00\" \/>\n<meta property=\"og:image\" content=\"https:\/\/ultralimited.it\/wp-content\/uploads\/2024\/03\/PELLESTRINA-F-C4.jpg\" \/>\n\t<meta property=\"og:image:width\" content=\"1600\" \/>\n\t<meta property=\"og:image:height\" content=\"1200\" \/>\n\t<meta property=\"og:image:type\" content=\"image\/jpeg\" \/>\n<meta name=\"twitter:card\" content=\"summary_large_image\" \/>\n<meta name=\"twitter:label1\" content=\"Tiempo de lectura\" \/>\n\t<meta name=\"twitter:data1\" content=\"1 minuto\" \/>\n<script type=\"application\/ld+json\" class=\"yoast-schema-graph\">{\"@context\":\"https:\/\/schema.org\",\"@graph\":[{\"@type\":\"WebPage\",\"@id\":\"https:\/\/ultralimited.it\/es\/gafas\/pellestrina\/\",\"url\":\"https:\/\/ultralimited.it\/es\/gafas\/pellestrina\/\",\"name\":\"Pellestrina Sun - Ultra Limited\",\"isPartOf\":{\"@id\":\"https:\/\/ultralimited.it\/en\/#website\"},\"primaryImageOfPage\":{\"@id\":\"https:\/\/ultralimited.it\/es\/gafas\/pellestrina\/#primaryimage\"},\"image\":{\"@id\":\"https:\/\/ultralimited.it\/es\/gafas\/pellestrina\/#primaryimage\"},\"thumbnailUrl\":\"https:\/\/ultralimited.it\/wp-content\/uploads\/2024\/03\/PELLESTRINA-F-C4.jpg\",\"datePublished\":\"2024-03-01T14:03:51+00:00\",\"dateModified\":\"2024-08-30T14:56:12+00:00\",\"breadcrumb\":{\"@id\":\"https:\/\/ultralimited.it\/es\/gafas\/pellestrina\/#breadcrumb\"},\"inLanguage\":\"es\",\"potentialAction\":[{\"@type\":\"ReadAction\",\"target\":[\"https:\/\/ultralimited.it\/es\/gafas\/pellestrina\/\"]}]},{\"@type\":\"ImageObject\",\"inLanguage\":\"es\",\"@id\":\"https:\/\/ultralimited.it\/es\/gafas\/pellestrina\/#primaryimage\",\"url\":\"https:\/\/ultralimited.it\/wp-content\/uploads\/2024\/03\/PELLESTRINA-F-C4.jpg\",\"contentUrl\":\"https:\/\/ultralimited.it\/wp-content\/uploads\/2024\/03\/PELLESTRINA-F-C4.jpg\",\"width\":1600,\"height\":1200},{\"@type\":\"BreadcrumbList\",\"@id\":\"https:\/\/ultralimited.it\/es\/gafas\/pellestrina\/#breadcrumb\",\"itemListElement\":[{\"@type\":\"ListItem\",\"position\":1,\"name\":\"Home\",\"item\":\"https:\/\/ultralimited.it\/es\/\"},{\"@type\":\"ListItem\",\"position\":2,\"name\":\"Pellestrina Sun\"}]},{\"@type\":\"WebSite\",\"@id\":\"https:\/\/ultralimited.it\/en\/#website\",\"url\":\"https:\/\/ultralimited.it\/en\/\",\"name\":\"Ultra Limited\",\"description\":\"\",\"potentialAction\":[{\"@type\":\"SearchAction\",\"target\":{\"@type\":\"EntryPoint\",\"urlTemplate\":\"https:\/\/ultralimited.it\/en\/?s={search_term_string}\"},\"query-input\":{\"@type\":\"PropertyValueSpecification\",\"valueRequired\":true,\"valueName\":\"search_term_string\"}}],\"inLanguage\":\"es\"}]}<\/script>\n<!-- \/ Yoast SEO plugin. -->","yoast_head_json":{"title":"Pellestrina Sun - Ultra Limited","robots":{"index":"index","follow":"follow","max-snippet":"max-snippet:-1","max-image-preview":"max-image-preview:large","max-video-preview":"max-video-preview:-1"},"canonical":"https:\/\/ultralimited.it\/es\/gafas\/pellestrina\/","og_locale":"es_ES","og_type":"article","og_title":"Pellestrina Sun - Ultra Limited","og_description":"Gafas de sol Ultra Limited Pellestrina Sun. Hechas a mano combinando el saber hacer artesanal de la zona de Belluno con tecnolog\u00edas de vanguardia. Montaje de 12 l\u00e1minas de acetato de celulosa, elaboradas durante m\u00e1s de 41 d\u00edas en diversas fases: selecci\u00f3n, pegado, curado, prensa, horno, corte, cribado, acabado y pulido. Se a\u00f1adi\u00f3 una placa ...","og_url":"https:\/\/ultralimited.it\/es\/gafas\/pellestrina\/","og_site_name":"Ultra Limited","article_modified_time":"2024-08-30T14:56:12+00:00","og_image":[{"width":1600,"height":1200,"url":"https:\/\/ultralimited.it\/wp-content\/uploads\/2024\/03\/PELLESTRINA-F-C4.jpg","type":"image\/jpeg"}],"twitter_card":"summary_large_image","twitter_misc":{"Tiempo de lectura":"1 minuto"},"schema":{"@context":"https:\/\/schema.org","@graph":[{"@type":"WebPage","@id":"https:\/\/ultralimited.it\/es\/gafas\/pellestrina\/","url":"https:\/\/ultralimited.it\/es\/gafas\/pellestrina\/","name":"Pellestrina Sun - Ultra Limited","isPartOf":{"@id":"https:\/\/ultralimited.it\/en\/#website"},"primaryImageOfPage":{"@id":"https:\/\/ultralimited.it\/es\/gafas\/pellestrina\/#primaryimage"},"image":{"@id":"https:\/\/ultralimited.it\/es\/gafas\/pellestrina\/#primaryimage"},"thumbnailUrl":"https:\/\/ultralimited.it\/wp-content\/uploads\/2024\/03\/PELLESTRINA-F-C4.jpg","datePublished":"2024-03-01T14:03:51+00:00","dateModified":"2024-08-30T14:56:12+00:00","breadcrumb":{"@id":"https:\/\/ultralimited.it\/es\/gafas\/pellestrina\/#breadcrumb"},"inLanguage":"es","potentialAction":[{"@type":"ReadAction","target":["https:\/\/ultralimited.it\/es\/gafas\/pellestrina\/"]}]},{"@type":"ImageObject","inLanguage":"es","@id":"https:\/\/ultralimited.it\/es\/gafas\/pellestrina\/#primaryimage","url":"https:\/\/ultralimited.it\/wp-content\/uploads\/2024\/03\/PELLESTRINA-F-C4.jpg","contentUrl":"https:\/\/ultralimited.it\/wp-content\/uploads\/2024\/03\/PELLESTRINA-F-C4.jpg","width":1600,"height":1200},{"@type":"BreadcrumbList","@id":"https:\/\/ultralimited.it\/es\/gafas\/pellestrina\/#breadcrumb","itemListElement":[{"@type":"ListItem","position":1,"name":"Home","item":"https:\/\/ultralimited.it\/es\/"},{"@type":"ListItem","position":2,"name":"Pellestrina Sun"}]},{"@type":"WebSite","@id":"https:\/\/ultralimited.it\/en\/#website","url":"https:\/\/ultralimited.it\/en\/","name":"Ultra Limited","description":"","potentialAction":[{"@type":"SearchAction","target":{"@type":"EntryPoint","urlTemplate":"https:\/\/ultralimited.it\/en\/?s={search_term_string}"},"query-input":{"@type":"PropertyValueSpecification","valueRequired":true,"valueName":"search_term_string"}}],"inLanguage":"es"}]}},"_links":{"self":[{"href":"https:\/\/ultralimited.it\/es\/wp-json\/wp\/v2\/product\/26346","targetHints":{"allow":["GET"]}}],"collection":[{"href":"https:\/\/ultralimited.it\/es\/wp-json\/wp\/v2\/product"}],"about":[{"href":"https:\/\/ultralimited.it\/es\/wp-json\/wp\/v2\/types\/product"}],"wp:featuredmedia":[{"embeddable":true,"href":"https:\/\/ultralimited.it\/es\/wp-json\/wp\/v2\/media\/26624"}],"wp:attachment":[{"href":"https:\/\/ultralimited.it\/es\/wp-json\/wp\/v2\/media?parent=26346"}],"wp:term":[{"taxonomy":"product_brand","embeddable":true,"href":"https:\/\/ultralimited.it\/es\/wp-json\/wp\/v2\/product_brand?post=26346"},{"taxonomy":"product_cat","embeddable":true,"href":"https:\/\/ultralimited.it\/es\/wp-json\/wp\/v2\/product_cat?post=26346"}],"curies":[{"name":"wp","href":"https:\/\/api.w.org\/{rel}","templated":true}]}}