{"id":26218,"date":"2024-03-01T11:54:58","date_gmt":"2024-03-01T10:55:14","guid":{"rendered":"http:\/\/ultralimited.it\/?post_type=product&#038;p=26218"},"modified":"2024-08-30T17:10:14","modified_gmt":"2024-08-30T15:10:14","slug":"lido","status":"publish","type":"product","link":"https:\/\/ultralimited.it\/es\/gafas\/lido\/","title":{"rendered":"Lido Sun"},"content":{"rendered":"<p><span data-sheets-value=\"{\" data-sheets-userformat=\"{\">Gafas de sol Ultra Limited Lido Sun. Hechas a mano combinando el saber hacer artesanal de la zona de Belluno con tecnolog\u00edas de vanguardia. Montaje de 12 l\u00e1minas de acetato de celulosa, elaboradas durante m\u00e1s de 41 d\u00edas en diversas fases: selecci\u00f3n, pegado, curado, prensa, horno, corte, cribado, acabado y pulido. Se a\u00f1adi\u00f3 una placa adicional en relieve en la zona ciliar de los vasos.<\/span><\/p>\n","protected":false},"excerpt":{"rendered":"<p>Gafas de sol Ultra Limited Lido Sun. Hechas a mano combinando el saber hacer artesanal de la zona de Belluno con tecnolog\u00edas de vanguardia. Montaje de 12 l\u00e1minas de acetato de celulosa, elaboradas durante m\u00e1s de 41 d\u00edas en diversas fases: selecci\u00f3n, pegado, curado, prensa, horno, corte, cribado, acabado y pulido. Se a\u00f1adi\u00f3 una placa <a href=\"https:\/\/ultralimited.it\/es\/gafas\/lido\/\" class=\"more-link\">&#8230;<\/a><\/p>\n","protected":false},"featured_media":26499,"template":"","meta":{"_acf_changed":false},"product_brand":[],"product_cat":[118,127,121],"class_list":{"0":"post-26218","1":"product","2":"type-product","3":"status-publish","4":"has-post-thumbnail","6":"product_cat-gafas","7":"product_cat-gafas-de-sol","8":"product_cat-mujer","10":"first","11":"instock","12":"shipping-taxable","13":"product-type-variable"},"acf":[],"yoast_head":"<!-- This site is optimized with the Yoast SEO plugin v26.4 - https:\/\/yoast.com\/wordpress\/plugins\/seo\/ -->\n<title>Lido Sun - Ultra Limited<\/title>\n<meta name=\"robots\" content=\"index, follow, max-snippet:-1, max-image-preview:large, max-video-preview:-1\" \/>\n<link rel=\"canonical\" href=\"https:\/\/ultralimited.it\/es\/gafas\/lido\/\" \/>\n<meta property=\"og:locale\" content=\"es_ES\" \/>\n<meta property=\"og:type\" content=\"article\" \/>\n<meta property=\"og:title\" content=\"Lido Sun - Ultra Limited\" \/>\n<meta property=\"og:description\" content=\"Gafas de sol Ultra Limited Lido Sun. Hechas a mano combinando el saber hacer artesanal de la zona de Belluno con tecnolog\u00edas de vanguardia. Montaje de 12 l\u00e1minas de acetato de celulosa, elaboradas durante m\u00e1s de 41 d\u00edas en diversas fases: selecci\u00f3n, pegado, curado, prensa, horno, corte, cribado, acabado y pulido. Se a\u00f1adi\u00f3 una placa ...\" \/>\n<meta property=\"og:url\" content=\"https:\/\/ultralimited.it\/es\/gafas\/lido\/\" \/>\n<meta property=\"og:site_name\" content=\"Ultra Limited\" \/>\n<meta property=\"article:modified_time\" content=\"2024-08-30T15:10:14+00:00\" \/>\n<meta property=\"og:image\" content=\"https:\/\/ultralimited.it\/wp-content\/uploads\/2024\/03\/LIDO-F-C1.jpg\" \/>\n\t<meta property=\"og:image:width\" content=\"1600\" \/>\n\t<meta property=\"og:image:height\" content=\"1200\" \/>\n\t<meta property=\"og:image:type\" content=\"image\/jpeg\" \/>\n<meta name=\"twitter:card\" content=\"summary_large_image\" \/>\n<meta name=\"twitter:label1\" content=\"Tiempo de lectura\" \/>\n\t<meta name=\"twitter:data1\" content=\"1 minuto\" \/>\n<script type=\"application\/ld+json\" class=\"yoast-schema-graph\">{\"@context\":\"https:\/\/schema.org\",\"@graph\":[{\"@type\":\"WebPage\",\"@id\":\"https:\/\/ultralimited.it\/es\/gafas\/lido\/\",\"url\":\"https:\/\/ultralimited.it\/es\/gafas\/lido\/\",\"name\":\"Lido Sun - Ultra Limited\",\"isPartOf\":{\"@id\":\"https:\/\/ultralimited.it\/en\/#website\"},\"primaryImageOfPage\":{\"@id\":\"https:\/\/ultralimited.it\/es\/gafas\/lido\/#primaryimage\"},\"image\":{\"@id\":\"https:\/\/ultralimited.it\/es\/gafas\/lido\/#primaryimage\"},\"thumbnailUrl\":\"https:\/\/ultralimited.it\/wp-content\/uploads\/2024\/03\/LIDO-F-C1.jpg\",\"datePublished\":\"2024-03-01T10:55:14+00:00\",\"dateModified\":\"2024-08-30T15:10:14+00:00\",\"breadcrumb\":{\"@id\":\"https:\/\/ultralimited.it\/es\/gafas\/lido\/#breadcrumb\"},\"inLanguage\":\"es\",\"potentialAction\":[{\"@type\":\"ReadAction\",\"target\":[\"https:\/\/ultralimited.it\/es\/gafas\/lido\/\"]}]},{\"@type\":\"ImageObject\",\"inLanguage\":\"es\",\"@id\":\"https:\/\/ultralimited.it\/es\/gafas\/lido\/#primaryimage\",\"url\":\"https:\/\/ultralimited.it\/wp-content\/uploads\/2024\/03\/LIDO-F-C1.jpg\",\"contentUrl\":\"https:\/\/ultralimited.it\/wp-content\/uploads\/2024\/03\/LIDO-F-C1.jpg\",\"width\":1600,\"height\":1200},{\"@type\":\"BreadcrumbList\",\"@id\":\"https:\/\/ultralimited.it\/es\/gafas\/lido\/#breadcrumb\",\"itemListElement\":[{\"@type\":\"ListItem\",\"position\":1,\"name\":\"Home\",\"item\":\"https:\/\/ultralimited.it\/es\/\"},{\"@type\":\"ListItem\",\"position\":2,\"name\":\"Lido Sun\"}]},{\"@type\":\"WebSite\",\"@id\":\"https:\/\/ultralimited.it\/en\/#website\",\"url\":\"https:\/\/ultralimited.it\/en\/\",\"name\":\"Ultra Limited\",\"description\":\"\",\"potentialAction\":[{\"@type\":\"SearchAction\",\"target\":{\"@type\":\"EntryPoint\",\"urlTemplate\":\"https:\/\/ultralimited.it\/en\/?s={search_term_string}\"},\"query-input\":{\"@type\":\"PropertyValueSpecification\",\"valueRequired\":true,\"valueName\":\"search_term_string\"}}],\"inLanguage\":\"es\"}]}<\/script>\n<!-- \/ Yoast SEO plugin. -->","yoast_head_json":{"title":"Lido Sun - Ultra Limited","robots":{"index":"index","follow":"follow","max-snippet":"max-snippet:-1","max-image-preview":"max-image-preview:large","max-video-preview":"max-video-preview:-1"},"canonical":"https:\/\/ultralimited.it\/es\/gafas\/lido\/","og_locale":"es_ES","og_type":"article","og_title":"Lido Sun - Ultra Limited","og_description":"Gafas de sol Ultra Limited Lido Sun. Hechas a mano combinando el saber hacer artesanal de la zona de Belluno con tecnolog\u00edas de vanguardia. Montaje de 12 l\u00e1minas de acetato de celulosa, elaboradas durante m\u00e1s de 41 d\u00edas en diversas fases: selecci\u00f3n, pegado, curado, prensa, horno, corte, cribado, acabado y pulido. Se a\u00f1adi\u00f3 una placa ...","og_url":"https:\/\/ultralimited.it\/es\/gafas\/lido\/","og_site_name":"Ultra Limited","article_modified_time":"2024-08-30T15:10:14+00:00","og_image":[{"width":1600,"height":1200,"url":"https:\/\/ultralimited.it\/wp-content\/uploads\/2024\/03\/LIDO-F-C1.jpg","type":"image\/jpeg"}],"twitter_card":"summary_large_image","twitter_misc":{"Tiempo de lectura":"1 minuto"},"schema":{"@context":"https:\/\/schema.org","@graph":[{"@type":"WebPage","@id":"https:\/\/ultralimited.it\/es\/gafas\/lido\/","url":"https:\/\/ultralimited.it\/es\/gafas\/lido\/","name":"Lido Sun - Ultra Limited","isPartOf":{"@id":"https:\/\/ultralimited.it\/en\/#website"},"primaryImageOfPage":{"@id":"https:\/\/ultralimited.it\/es\/gafas\/lido\/#primaryimage"},"image":{"@id":"https:\/\/ultralimited.it\/es\/gafas\/lido\/#primaryimage"},"thumbnailUrl":"https:\/\/ultralimited.it\/wp-content\/uploads\/2024\/03\/LIDO-F-C1.jpg","datePublished":"2024-03-01T10:55:14+00:00","dateModified":"2024-08-30T15:10:14+00:00","breadcrumb":{"@id":"https:\/\/ultralimited.it\/es\/gafas\/lido\/#breadcrumb"},"inLanguage":"es","potentialAction":[{"@type":"ReadAction","target":["https:\/\/ultralimited.it\/es\/gafas\/lido\/"]}]},{"@type":"ImageObject","inLanguage":"es","@id":"https:\/\/ultralimited.it\/es\/gafas\/lido\/#primaryimage","url":"https:\/\/ultralimited.it\/wp-content\/uploads\/2024\/03\/LIDO-F-C1.jpg","contentUrl":"https:\/\/ultralimited.it\/wp-content\/uploads\/2024\/03\/LIDO-F-C1.jpg","width":1600,"height":1200},{"@type":"BreadcrumbList","@id":"https:\/\/ultralimited.it\/es\/gafas\/lido\/#breadcrumb","itemListElement":[{"@type":"ListItem","position":1,"name":"Home","item":"https:\/\/ultralimited.it\/es\/"},{"@type":"ListItem","position":2,"name":"Lido Sun"}]},{"@type":"WebSite","@id":"https:\/\/ultralimited.it\/en\/#website","url":"https:\/\/ultralimited.it\/en\/","name":"Ultra Limited","description":"","potentialAction":[{"@type":"SearchAction","target":{"@type":"EntryPoint","urlTemplate":"https:\/\/ultralimited.it\/en\/?s={search_term_string}"},"query-input":{"@type":"PropertyValueSpecification","valueRequired":true,"valueName":"search_term_string"}}],"inLanguage":"es"}]}},"_links":{"self":[{"href":"https:\/\/ultralimited.it\/es\/wp-json\/wp\/v2\/product\/26218","targetHints":{"allow":["GET"]}}],"collection":[{"href":"https:\/\/ultralimited.it\/es\/wp-json\/wp\/v2\/product"}],"about":[{"href":"https:\/\/ultralimited.it\/es\/wp-json\/wp\/v2\/types\/product"}],"wp:featuredmedia":[{"embeddable":true,"href":"https:\/\/ultralimited.it\/es\/wp-json\/wp\/v2\/media\/26499"}],"wp:attachment":[{"href":"https:\/\/ultralimited.it\/es\/wp-json\/wp\/v2\/media?parent=26218"}],"wp:term":[{"taxonomy":"product_brand","embeddable":true,"href":"https:\/\/ultralimited.it\/es\/wp-json\/wp\/v2\/product_brand?post=26218"},{"taxonomy":"product_cat","embeddable":true,"href":"https:\/\/ultralimited.it\/es\/wp-json\/wp\/v2\/product_cat?post=26218"}],"curies":[{"name":"wp","href":"https:\/\/api.w.org\/{rel}","templated":true}]}}