{"id":24564,"date":"2023-03-06T21:12:02","date_gmt":"2023-03-22T18:05:19","guid":{"rendered":"http:\/\/ultralimited.it\/sin%20categor\u00eda\/busca\/"},"modified":"2024-07-09T16:38:56","modified_gmt":"2024-07-09T14:38:56","slug":"busca","status":"publish","type":"product","link":"https:\/\/ultralimited.it\/es\/gafas\/busca\/","title":{"rendered":"Busca"},"content":{"rendered":"<p>Las gafas Busca de Ultra Limited son un ejemplo excepcional del dise\u00f1o vivaz e innovador. La montura rectangular se caracteriza por una combinaci\u00f3n audaz de colores distribuidos en franjas horizontales que crean un efecto visual \u00fanico. La montura est\u00e1 hecha de acetato de celulosa, un material de alta calidad que ofrece durabilidad y comodidad. Cada par de gafas Busca es el resultado de un proceso artesanal meticuloso que dura m\u00e1s de 41 d\u00edas y comprende varias fases de fabricaci\u00f3n como selecci\u00f3n, pegado, curado, prensado, cocci\u00f3n, corte, pulido, acabado y abrillantado. Este nivel de atenci\u00f3n a los detalles y el uso de tecnolog\u00edas avanzadas garantizan que cada par sea una verdadera obra de arte, uniendo tradici\u00f3n e innovaci\u00f3n para crear un accesorio \u00fanico y de alta moda.<\/p>\n","protected":false},"excerpt":{"rendered":"<p>Las gafas Busca de Ultra Limited son un ejemplo excepcional del dise\u00f1o vivaz e innovador. La montura rectangular se caracteriza por una combinaci\u00f3n audaz de colores distribuidos en franjas horizontales que crean un efecto visual \u00fanico. La montura est\u00e1 hecha de acetato de celulosa, un material de alta calidad que ofrece durabilidad y comodidad. Cada <a href=\"https:\/\/ultralimited.it\/es\/gafas\/busca\/\" class=\"more-link\">&#8230;<\/a><\/p>\n","protected":false},"featured_media":18958,"template":"","meta":{"_acf_changed":false},"product_brand":[],"product_cat":[118,124,131],"class_list":{"0":"post-24564","1":"product","2":"type-product","3":"status-publish","4":"has-post-thumbnail","6":"product_cat-gafas","7":"product_cat-gafas-graduadas","8":"product_cat-hombre","10":"first","11":"instock","12":"shipping-taxable","13":"product-type-variable"},"acf":[],"yoast_head":"<!-- This site is optimized with the Yoast SEO plugin v26.4 - https:\/\/yoast.com\/wordpress\/plugins\/seo\/ -->\n<title>Busca - Ultra Limited<\/title>\n<meta name=\"robots\" content=\"index, follow, max-snippet:-1, max-image-preview:large, max-video-preview:-1\" \/>\n<link rel=\"canonical\" href=\"https:\/\/ultralimited.it\/es\/gafas\/busca\/\" \/>\n<meta property=\"og:locale\" content=\"es_ES\" \/>\n<meta property=\"og:type\" content=\"article\" \/>\n<meta property=\"og:title\" content=\"Busca - Ultra Limited\" \/>\n<meta property=\"og:description\" content=\"Las gafas Busca de Ultra Limited son un ejemplo excepcional del dise\u00f1o vivaz e innovador. La montura rectangular se caracteriza por una combinaci\u00f3n audaz de colores distribuidos en franjas horizontales que crean un efecto visual \u00fanico. La montura est\u00e1 hecha de acetato de celulosa, un material de alta calidad que ofrece durabilidad y comodidad. Cada ...\" \/>\n<meta property=\"og:url\" content=\"https:\/\/ultralimited.it\/es\/gafas\/busca\/\" \/>\n<meta property=\"og:site_name\" content=\"Ultra Limited\" \/>\n<meta property=\"article:modified_time\" content=\"2024-07-09T14:38:56+00:00\" \/>\n<meta property=\"og:image\" content=\"https:\/\/ultralimited.it\/wp-content\/uploads\/2023\/03\/BUSCA-BLU-FR.jpg\" \/>\n\t<meta property=\"og:image:width\" content=\"1600\" \/>\n\t<meta property=\"og:image:height\" content=\"1200\" \/>\n\t<meta property=\"og:image:type\" content=\"image\/jpeg\" \/>\n<meta name=\"twitter:card\" content=\"summary_large_image\" \/>\n<meta name=\"twitter:label1\" content=\"Tiempo de lectura\" \/>\n\t<meta name=\"twitter:data1\" content=\"1 minuto\" \/>\n<script type=\"application\/ld+json\" class=\"yoast-schema-graph\">{\"@context\":\"https:\/\/schema.org\",\"@graph\":[{\"@type\":\"WebPage\",\"@id\":\"https:\/\/ultralimited.it\/es\/gafas\/busca\/\",\"url\":\"https:\/\/ultralimited.it\/es\/gafas\/busca\/\",\"name\":\"Busca - Ultra Limited\",\"isPartOf\":{\"@id\":\"https:\/\/ultralimited.it\/en\/#website\"},\"primaryImageOfPage\":{\"@id\":\"https:\/\/ultralimited.it\/es\/gafas\/busca\/#primaryimage\"},\"image\":{\"@id\":\"https:\/\/ultralimited.it\/es\/gafas\/busca\/#primaryimage\"},\"thumbnailUrl\":\"https:\/\/ultralimited.it\/wp-content\/uploads\/2023\/03\/BUSCA-BLU-FR.jpg\",\"datePublished\":\"2023-03-22T18:05:19+00:00\",\"dateModified\":\"2024-07-09T14:38:56+00:00\",\"breadcrumb\":{\"@id\":\"https:\/\/ultralimited.it\/es\/gafas\/busca\/#breadcrumb\"},\"inLanguage\":\"es\",\"potentialAction\":[{\"@type\":\"ReadAction\",\"target\":[\"https:\/\/ultralimited.it\/es\/gafas\/busca\/\"]}]},{\"@type\":\"ImageObject\",\"inLanguage\":\"es\",\"@id\":\"https:\/\/ultralimited.it\/es\/gafas\/busca\/#primaryimage\",\"url\":\"https:\/\/ultralimited.it\/wp-content\/uploads\/2023\/03\/BUSCA-BLU-FR.jpg\",\"contentUrl\":\"https:\/\/ultralimited.it\/wp-content\/uploads\/2023\/03\/BUSCA-BLU-FR.jpg\",\"width\":1600,\"height\":1200},{\"@type\":\"BreadcrumbList\",\"@id\":\"https:\/\/ultralimited.it\/es\/gafas\/busca\/#breadcrumb\",\"itemListElement\":[{\"@type\":\"ListItem\",\"position\":1,\"name\":\"Home\",\"item\":\"https:\/\/ultralimited.it\/es\/\"},{\"@type\":\"ListItem\",\"position\":2,\"name\":\"Busca\"}]},{\"@type\":\"WebSite\",\"@id\":\"https:\/\/ultralimited.it\/en\/#website\",\"url\":\"https:\/\/ultralimited.it\/en\/\",\"name\":\"Ultra Limited\",\"description\":\"\",\"potentialAction\":[{\"@type\":\"SearchAction\",\"target\":{\"@type\":\"EntryPoint\",\"urlTemplate\":\"https:\/\/ultralimited.it\/en\/?s={search_term_string}\"},\"query-input\":{\"@type\":\"PropertyValueSpecification\",\"valueRequired\":true,\"valueName\":\"search_term_string\"}}],\"inLanguage\":\"es\"}]}<\/script>\n<!-- \/ Yoast SEO plugin. -->","yoast_head_json":{"title":"Busca - Ultra Limited","robots":{"index":"index","follow":"follow","max-snippet":"max-snippet:-1","max-image-preview":"max-image-preview:large","max-video-preview":"max-video-preview:-1"},"canonical":"https:\/\/ultralimited.it\/es\/gafas\/busca\/","og_locale":"es_ES","og_type":"article","og_title":"Busca - Ultra Limited","og_description":"Las gafas Busca de Ultra Limited son un ejemplo excepcional del dise\u00f1o vivaz e innovador. La montura rectangular se caracteriza por una combinaci\u00f3n audaz de colores distribuidos en franjas horizontales que crean un efecto visual \u00fanico. La montura est\u00e1 hecha de acetato de celulosa, un material de alta calidad que ofrece durabilidad y comodidad. Cada ...","og_url":"https:\/\/ultralimited.it\/es\/gafas\/busca\/","og_site_name":"Ultra Limited","article_modified_time":"2024-07-09T14:38:56+00:00","og_image":[{"width":1600,"height":1200,"url":"https:\/\/ultralimited.it\/wp-content\/uploads\/2023\/03\/BUSCA-BLU-FR.jpg","type":"image\/jpeg"}],"twitter_card":"summary_large_image","twitter_misc":{"Tiempo de lectura":"1 minuto"},"schema":{"@context":"https:\/\/schema.org","@graph":[{"@type":"WebPage","@id":"https:\/\/ultralimited.it\/es\/gafas\/busca\/","url":"https:\/\/ultralimited.it\/es\/gafas\/busca\/","name":"Busca - Ultra Limited","isPartOf":{"@id":"https:\/\/ultralimited.it\/en\/#website"},"primaryImageOfPage":{"@id":"https:\/\/ultralimited.it\/es\/gafas\/busca\/#primaryimage"},"image":{"@id":"https:\/\/ultralimited.it\/es\/gafas\/busca\/#primaryimage"},"thumbnailUrl":"https:\/\/ultralimited.it\/wp-content\/uploads\/2023\/03\/BUSCA-BLU-FR.jpg","datePublished":"2023-03-22T18:05:19+00:00","dateModified":"2024-07-09T14:38:56+00:00","breadcrumb":{"@id":"https:\/\/ultralimited.it\/es\/gafas\/busca\/#breadcrumb"},"inLanguage":"es","potentialAction":[{"@type":"ReadAction","target":["https:\/\/ultralimited.it\/es\/gafas\/busca\/"]}]},{"@type":"ImageObject","inLanguage":"es","@id":"https:\/\/ultralimited.it\/es\/gafas\/busca\/#primaryimage","url":"https:\/\/ultralimited.it\/wp-content\/uploads\/2023\/03\/BUSCA-BLU-FR.jpg","contentUrl":"https:\/\/ultralimited.it\/wp-content\/uploads\/2023\/03\/BUSCA-BLU-FR.jpg","width":1600,"height":1200},{"@type":"BreadcrumbList","@id":"https:\/\/ultralimited.it\/es\/gafas\/busca\/#breadcrumb","itemListElement":[{"@type":"ListItem","position":1,"name":"Home","item":"https:\/\/ultralimited.it\/es\/"},{"@type":"ListItem","position":2,"name":"Busca"}]},{"@type":"WebSite","@id":"https:\/\/ultralimited.it\/en\/#website","url":"https:\/\/ultralimited.it\/en\/","name":"Ultra Limited","description":"","potentialAction":[{"@type":"SearchAction","target":{"@type":"EntryPoint","urlTemplate":"https:\/\/ultralimited.it\/en\/?s={search_term_string}"},"query-input":{"@type":"PropertyValueSpecification","valueRequired":true,"valueName":"search_term_string"}}],"inLanguage":"es"}]}},"_links":{"self":[{"href":"https:\/\/ultralimited.it\/es\/wp-json\/wp\/v2\/product\/24564","targetHints":{"allow":["GET"]}}],"collection":[{"href":"https:\/\/ultralimited.it\/es\/wp-json\/wp\/v2\/product"}],"about":[{"href":"https:\/\/ultralimited.it\/es\/wp-json\/wp\/v2\/types\/product"}],"wp:featuredmedia":[{"embeddable":true,"href":"https:\/\/ultralimited.it\/es\/wp-json\/wp\/v2\/media\/18958"}],"wp:attachment":[{"href":"https:\/\/ultralimited.it\/es\/wp-json\/wp\/v2\/media?parent=24564"}],"wp:term":[{"taxonomy":"product_brand","embeddable":true,"href":"https:\/\/ultralimited.it\/es\/wp-json\/wp\/v2\/product_brand?post=24564"},{"taxonomy":"product_cat","embeddable":true,"href":"https:\/\/ultralimited.it\/es\/wp-json\/wp\/v2\/product_cat?post=24564"}],"curies":[{"name":"wp","href":"https:\/\/api.w.org\/{rel}","templated":true}]}}