{"id":24382,"date":"2023-03-07T17:38:46","date_gmt":"2023-03-22T17:34:48","guid":{"rendered":"http:\/\/ultralimited.it\/sin%20categor\u00eda\/pozzuoli\/"},"modified":"2024-07-09T16:40:41","modified_gmt":"2024-07-09T14:40:41","slug":"pozzuoli","status":"publish","type":"product","link":"https:\/\/ultralimited.it\/es\/gafas\/pozzuoli\/","title":{"rendered":"Pozzuoli"},"content":{"rendered":"<p>Las gafas Pozzuoli de Ultra Limited son una maravilla de colores y dise\u00f1os audaces, perfectos para quien quiere distinguirse con estilo. Este modelo luce una montura rectangular caracterizada por vibrantes combinaciones de colores, entre los cuales encontramos tonos de rojo, azul, celeste, blanco, negro y tortuga. El contraste entre las diferentes secciones de color y las texturas crea un efecto visual \u00fanico y din\u00e1mico. La montura robusta est\u00e1 hecha de acetato de celulosa, un material de alta calidad que garantiza durabilidad y comodidad. Para cada montura Pozzuoli se necesitan hasta 41 d\u00edas de tiempo de fabricaci\u00f3n. La artesan\u00eda italiana se refleja en cada detalle, desde las l\u00edneas netas y precisas hasta el acabado brillante. Descubre la belleza del modelo Pozzuoli de Ultra Limited.<\/p>\n","protected":false},"excerpt":{"rendered":"<p>Las gafas Pozzuoli de Ultra Limited son una maravilla de colores y dise\u00f1os audaces, perfectos para quien quiere distinguirse con estilo. Este modelo luce una montura rectangular caracterizada por vibrantes combinaciones de colores, entre los cuales encontramos tonos de rojo, azul, celeste, blanco, negro y tortuga. El contraste entre las diferentes secciones de color y <a href=\"https:\/\/ultralimited.it\/es\/gafas\/pozzuoli\/\" class=\"more-link\">&#8230;<\/a><\/p>\n","protected":false},"featured_media":19840,"template":"","meta":{"_acf_changed":false},"product_brand":[],"product_cat":[118,124,121],"class_list":{"0":"post-24382","1":"product","2":"type-product","3":"status-publish","4":"has-post-thumbnail","6":"product_cat-gafas","7":"product_cat-gafas-graduadas","8":"product_cat-mujer","10":"first","11":"instock","12":"shipping-taxable","13":"product-type-variable"},"acf":[],"yoast_head":"<!-- This site is optimized with the Yoast SEO plugin v26.4 - https:\/\/yoast.com\/wordpress\/plugins\/seo\/ -->\n<title>Pozzuoli - Ultra Limited<\/title>\n<meta name=\"robots\" content=\"index, follow, max-snippet:-1, max-image-preview:large, max-video-preview:-1\" \/>\n<link rel=\"canonical\" href=\"https:\/\/ultralimited.it\/es\/gafas\/pozzuoli\/\" \/>\n<meta property=\"og:locale\" content=\"es_ES\" \/>\n<meta property=\"og:type\" content=\"article\" \/>\n<meta property=\"og:title\" content=\"Pozzuoli - Ultra Limited\" \/>\n<meta property=\"og:description\" content=\"Las gafas Pozzuoli de Ultra Limited son una maravilla de colores y dise\u00f1os audaces, perfectos para quien quiere distinguirse con estilo. Este modelo luce una montura rectangular caracterizada por vibrantes combinaciones de colores, entre los cuales encontramos tonos de rojo, azul, celeste, blanco, negro y tortuga. El contraste entre las diferentes secciones de color y ...\" \/>\n<meta property=\"og:url\" content=\"https:\/\/ultralimited.it\/es\/gafas\/pozzuoli\/\" \/>\n<meta property=\"og:site_name\" content=\"Ultra Limited\" \/>\n<meta property=\"article:modified_time\" content=\"2024-07-09T14:40:41+00:00\" \/>\n<meta property=\"og:image\" content=\"https:\/\/ultralimited.it\/wp-content\/uploads\/2023\/03\/POZZUOLI-FRONTALE.jpg\" \/>\n\t<meta property=\"og:image:width\" content=\"1600\" \/>\n\t<meta property=\"og:image:height\" content=\"1059\" \/>\n\t<meta property=\"og:image:type\" content=\"image\/jpeg\" \/>\n<meta name=\"twitter:card\" content=\"summary_large_image\" \/>\n<meta name=\"twitter:label1\" content=\"Tiempo de lectura\" \/>\n\t<meta name=\"twitter:data1\" content=\"1 minuto\" \/>\n<script type=\"application\/ld+json\" class=\"yoast-schema-graph\">{\"@context\":\"https:\/\/schema.org\",\"@graph\":[{\"@type\":\"WebPage\",\"@id\":\"https:\/\/ultralimited.it\/es\/gafas\/pozzuoli\/\",\"url\":\"https:\/\/ultralimited.it\/es\/gafas\/pozzuoli\/\",\"name\":\"Pozzuoli - Ultra Limited\",\"isPartOf\":{\"@id\":\"https:\/\/ultralimited.it\/en\/#website\"},\"primaryImageOfPage\":{\"@id\":\"https:\/\/ultralimited.it\/es\/gafas\/pozzuoli\/#primaryimage\"},\"image\":{\"@id\":\"https:\/\/ultralimited.it\/es\/gafas\/pozzuoli\/#primaryimage\"},\"thumbnailUrl\":\"https:\/\/ultralimited.it\/wp-content\/uploads\/2023\/03\/POZZUOLI-FRONTALE.jpg\",\"datePublished\":\"2023-03-22T17:34:48+00:00\",\"dateModified\":\"2024-07-09T14:40:41+00:00\",\"breadcrumb\":{\"@id\":\"https:\/\/ultralimited.it\/es\/gafas\/pozzuoli\/#breadcrumb\"},\"inLanguage\":\"es\",\"potentialAction\":[{\"@type\":\"ReadAction\",\"target\":[\"https:\/\/ultralimited.it\/es\/gafas\/pozzuoli\/\"]}]},{\"@type\":\"ImageObject\",\"inLanguage\":\"es\",\"@id\":\"https:\/\/ultralimited.it\/es\/gafas\/pozzuoli\/#primaryimage\",\"url\":\"https:\/\/ultralimited.it\/wp-content\/uploads\/2023\/03\/POZZUOLI-FRONTALE.jpg\",\"contentUrl\":\"https:\/\/ultralimited.it\/wp-content\/uploads\/2023\/03\/POZZUOLI-FRONTALE.jpg\",\"width\":1600,\"height\":1059},{\"@type\":\"BreadcrumbList\",\"@id\":\"https:\/\/ultralimited.it\/es\/gafas\/pozzuoli\/#breadcrumb\",\"itemListElement\":[{\"@type\":\"ListItem\",\"position\":1,\"name\":\"Home\",\"item\":\"https:\/\/ultralimited.it\/es\/\"},{\"@type\":\"ListItem\",\"position\":2,\"name\":\"Pozzuoli\"}]},{\"@type\":\"WebSite\",\"@id\":\"https:\/\/ultralimited.it\/en\/#website\",\"url\":\"https:\/\/ultralimited.it\/en\/\",\"name\":\"Ultra Limited\",\"description\":\"\",\"potentialAction\":[{\"@type\":\"SearchAction\",\"target\":{\"@type\":\"EntryPoint\",\"urlTemplate\":\"https:\/\/ultralimited.it\/en\/?s={search_term_string}\"},\"query-input\":{\"@type\":\"PropertyValueSpecification\",\"valueRequired\":true,\"valueName\":\"search_term_string\"}}],\"inLanguage\":\"es\"}]}<\/script>\n<!-- \/ Yoast SEO plugin. -->","yoast_head_json":{"title":"Pozzuoli - Ultra Limited","robots":{"index":"index","follow":"follow","max-snippet":"max-snippet:-1","max-image-preview":"max-image-preview:large","max-video-preview":"max-video-preview:-1"},"canonical":"https:\/\/ultralimited.it\/es\/gafas\/pozzuoli\/","og_locale":"es_ES","og_type":"article","og_title":"Pozzuoli - Ultra Limited","og_description":"Las gafas Pozzuoli de Ultra Limited son una maravilla de colores y dise\u00f1os audaces, perfectos para quien quiere distinguirse con estilo. Este modelo luce una montura rectangular caracterizada por vibrantes combinaciones de colores, entre los cuales encontramos tonos de rojo, azul, celeste, blanco, negro y tortuga. El contraste entre las diferentes secciones de color y ...","og_url":"https:\/\/ultralimited.it\/es\/gafas\/pozzuoli\/","og_site_name":"Ultra Limited","article_modified_time":"2024-07-09T14:40:41+00:00","og_image":[{"width":1600,"height":1059,"url":"https:\/\/ultralimited.it\/wp-content\/uploads\/2023\/03\/POZZUOLI-FRONTALE.jpg","type":"image\/jpeg"}],"twitter_card":"summary_large_image","twitter_misc":{"Tiempo de lectura":"1 minuto"},"schema":{"@context":"https:\/\/schema.org","@graph":[{"@type":"WebPage","@id":"https:\/\/ultralimited.it\/es\/gafas\/pozzuoli\/","url":"https:\/\/ultralimited.it\/es\/gafas\/pozzuoli\/","name":"Pozzuoli - Ultra Limited","isPartOf":{"@id":"https:\/\/ultralimited.it\/en\/#website"},"primaryImageOfPage":{"@id":"https:\/\/ultralimited.it\/es\/gafas\/pozzuoli\/#primaryimage"},"image":{"@id":"https:\/\/ultralimited.it\/es\/gafas\/pozzuoli\/#primaryimage"},"thumbnailUrl":"https:\/\/ultralimited.it\/wp-content\/uploads\/2023\/03\/POZZUOLI-FRONTALE.jpg","datePublished":"2023-03-22T17:34:48+00:00","dateModified":"2024-07-09T14:40:41+00:00","breadcrumb":{"@id":"https:\/\/ultralimited.it\/es\/gafas\/pozzuoli\/#breadcrumb"},"inLanguage":"es","potentialAction":[{"@type":"ReadAction","target":["https:\/\/ultralimited.it\/es\/gafas\/pozzuoli\/"]}]},{"@type":"ImageObject","inLanguage":"es","@id":"https:\/\/ultralimited.it\/es\/gafas\/pozzuoli\/#primaryimage","url":"https:\/\/ultralimited.it\/wp-content\/uploads\/2023\/03\/POZZUOLI-FRONTALE.jpg","contentUrl":"https:\/\/ultralimited.it\/wp-content\/uploads\/2023\/03\/POZZUOLI-FRONTALE.jpg","width":1600,"height":1059},{"@type":"BreadcrumbList","@id":"https:\/\/ultralimited.it\/es\/gafas\/pozzuoli\/#breadcrumb","itemListElement":[{"@type":"ListItem","position":1,"name":"Home","item":"https:\/\/ultralimited.it\/es\/"},{"@type":"ListItem","position":2,"name":"Pozzuoli"}]},{"@type":"WebSite","@id":"https:\/\/ultralimited.it\/en\/#website","url":"https:\/\/ultralimited.it\/en\/","name":"Ultra Limited","description":"","potentialAction":[{"@type":"SearchAction","target":{"@type":"EntryPoint","urlTemplate":"https:\/\/ultralimited.it\/en\/?s={search_term_string}"},"query-input":{"@type":"PropertyValueSpecification","valueRequired":true,"valueName":"search_term_string"}}],"inLanguage":"es"}]}},"_links":{"self":[{"href":"https:\/\/ultralimited.it\/es\/wp-json\/wp\/v2\/product\/24382","targetHints":{"allow":["GET"]}}],"collection":[{"href":"https:\/\/ultralimited.it\/es\/wp-json\/wp\/v2\/product"}],"about":[{"href":"https:\/\/ultralimited.it\/es\/wp-json\/wp\/v2\/types\/product"}],"wp:featuredmedia":[{"embeddable":true,"href":"https:\/\/ultralimited.it\/es\/wp-json\/wp\/v2\/media\/19840"}],"wp:attachment":[{"href":"https:\/\/ultralimited.it\/es\/wp-json\/wp\/v2\/media?parent=24382"}],"wp:term":[{"taxonomy":"product_brand","embeddable":true,"href":"https:\/\/ultralimited.it\/es\/wp-json\/wp\/v2\/product_brand?post=24382"},{"taxonomy":"product_cat","embeddable":true,"href":"https:\/\/ultralimited.it\/es\/wp-json\/wp\/v2\/product_cat?post=24382"}],"curies":[{"name":"wp","href":"https:\/\/api.w.org\/{rel}","templated":true}]}}