{"id":24335,"date":"2023-03-06T21:52:33","date_gmt":"2023-03-22T17:28:52","guid":{"rendered":"http:\/\/ultralimited.it\/sin%20categor\u00eda\/molara\/"},"modified":"2024-02-29T12:47:13","modified_gmt":"2024-02-29T11:47:13","slug":"molara","status":"publish","type":"product","link":"https:\/\/ultralimited.it\/es\/gafas\/molara\/","title":{"rendered":"Molara Sun"},"content":{"rendered":"<p><span data-sheets-value=\"{\"1\":2,\"2\":\"Occhiale da vista Ultra Limited Trapani. Realizzato a mano combinando il sapere artigiano del distretto bellunese a tecnologie d\u2019avanguardia. Assemblaggio di 12 lastre di acetato di cellulosa, lavorate per pi\u00f9 di 41 giorni in diverse fasi: taglio, pressa, forno, burattatura, finitura e lucidatura.\"}\" data-sheets-userformat=\"{\"2\":513,\"3\":{\"1\":0},\"12\":0}\">Gafas de sol Ultra Limited Molara Sun. Hechas a mano combinando el saber hacer artesanal de la zona de Belluno con tecnolog\u00edas de vanguardia. Montaje de 12 l\u00e1minas de acetato de celulosa, elaboradas durante m\u00e1s de 41 d\u00edas en diversas fases: selecci\u00f3n, pegado, curado, prensa, horno, corte, cribado, acabado y pulido.<\/span><\/p>\n","protected":false},"excerpt":{"rendered":"<p>Gafas de sol Ultra Limited Molara Sun. Hechas a mano combinando el saber hacer artesanal de la zona de Belluno con tecnolog\u00edas de vanguardia. Montaje de 12 l\u00e1minas de acetato de celulosa, elaboradas durante m\u00e1s de 41 d\u00edas en diversas fases: selecci\u00f3n, pegado, curado, prensa, horno, corte, cribado, acabado y pulido.<\/p>\n","protected":false},"featured_media":19570,"template":"","meta":{"_acf_changed":false},"product_brand":[],"product_cat":[118,127,121],"class_list":{"0":"post-24335","1":"product","2":"type-product","3":"status-publish","4":"has-post-thumbnail","6":"product_cat-gafas","7":"product_cat-gafas-de-sol","8":"product_cat-mujer","10":"first","11":"instock","12":"shipping-taxable","13":"product-type-variable"},"acf":[],"yoast_head":"<!-- This site is optimized with the Yoast SEO plugin v26.4 - https:\/\/yoast.com\/wordpress\/plugins\/seo\/ -->\n<title>Molara Sun - Ultra Limited<\/title>\n<meta name=\"robots\" content=\"index, follow, max-snippet:-1, max-image-preview:large, max-video-preview:-1\" \/>\n<link rel=\"canonical\" href=\"https:\/\/ultralimited.it\/es\/gafas\/molara\/\" \/>\n<meta property=\"og:locale\" content=\"es_ES\" \/>\n<meta property=\"og:type\" content=\"article\" \/>\n<meta property=\"og:title\" content=\"Molara Sun - Ultra Limited\" \/>\n<meta property=\"og:description\" content=\"Gafas de sol Ultra Limited Molara Sun. Hechas a mano combinando el saber hacer artesanal de la zona de Belluno con tecnolog\u00edas de vanguardia. Montaje de 12 l\u00e1minas de acetato de celulosa, elaboradas durante m\u00e1s de 41 d\u00edas en diversas fases: selecci\u00f3n, pegado, curado, prensa, horno, corte, cribado, acabado y pulido.\" \/>\n<meta property=\"og:url\" content=\"https:\/\/ultralimited.it\/es\/gafas\/molara\/\" \/>\n<meta property=\"og:site_name\" content=\"Ultra Limited\" \/>\n<meta property=\"article:modified_time\" content=\"2024-02-29T11:47:13+00:00\" \/>\n<meta property=\"og:image\" content=\"https:\/\/ultralimited.it\/wp-content\/uploads\/2023\/03\/MOLARA-FRONTALE.jpg\" \/>\n\t<meta property=\"og:image:width\" content=\"1600\" \/>\n\t<meta property=\"og:image:height\" content=\"1200\" \/>\n\t<meta property=\"og:image:type\" content=\"image\/jpeg\" \/>\n<meta name=\"twitter:card\" content=\"summary_large_image\" \/>\n<script type=\"application\/ld+json\" class=\"yoast-schema-graph\">{\"@context\":\"https:\/\/schema.org\",\"@graph\":[{\"@type\":\"WebPage\",\"@id\":\"https:\/\/ultralimited.it\/es\/gafas\/molara\/\",\"url\":\"https:\/\/ultralimited.it\/es\/gafas\/molara\/\",\"name\":\"Molara Sun - Ultra Limited\",\"isPartOf\":{\"@id\":\"https:\/\/ultralimited.it\/en\/#website\"},\"primaryImageOfPage\":{\"@id\":\"https:\/\/ultralimited.it\/es\/gafas\/molara\/#primaryimage\"},\"image\":{\"@id\":\"https:\/\/ultralimited.it\/es\/gafas\/molara\/#primaryimage\"},\"thumbnailUrl\":\"https:\/\/ultralimited.it\/wp-content\/uploads\/2023\/03\/MOLARA-FRONTALE.jpg\",\"datePublished\":\"2023-03-22T17:28:52+00:00\",\"dateModified\":\"2024-02-29T11:47:13+00:00\",\"breadcrumb\":{\"@id\":\"https:\/\/ultralimited.it\/es\/gafas\/molara\/#breadcrumb\"},\"inLanguage\":\"es\",\"potentialAction\":[{\"@type\":\"ReadAction\",\"target\":[\"https:\/\/ultralimited.it\/es\/gafas\/molara\/\"]}]},{\"@type\":\"ImageObject\",\"inLanguage\":\"es\",\"@id\":\"https:\/\/ultralimited.it\/es\/gafas\/molara\/#primaryimage\",\"url\":\"https:\/\/ultralimited.it\/wp-content\/uploads\/2023\/03\/MOLARA-FRONTALE.jpg\",\"contentUrl\":\"https:\/\/ultralimited.it\/wp-content\/uploads\/2023\/03\/MOLARA-FRONTALE.jpg\",\"width\":1600,\"height\":1200},{\"@type\":\"BreadcrumbList\",\"@id\":\"https:\/\/ultralimited.it\/es\/gafas\/molara\/#breadcrumb\",\"itemListElement\":[{\"@type\":\"ListItem\",\"position\":1,\"name\":\"Home\",\"item\":\"https:\/\/ultralimited.it\/es\/\"},{\"@type\":\"ListItem\",\"position\":2,\"name\":\"Molara Sun\"}]},{\"@type\":\"WebSite\",\"@id\":\"https:\/\/ultralimited.it\/en\/#website\",\"url\":\"https:\/\/ultralimited.it\/en\/\",\"name\":\"Ultra Limited\",\"description\":\"\",\"potentialAction\":[{\"@type\":\"SearchAction\",\"target\":{\"@type\":\"EntryPoint\",\"urlTemplate\":\"https:\/\/ultralimited.it\/en\/?s={search_term_string}\"},\"query-input\":{\"@type\":\"PropertyValueSpecification\",\"valueRequired\":true,\"valueName\":\"search_term_string\"}}],\"inLanguage\":\"es\"}]}<\/script>\n<!-- \/ Yoast SEO plugin. -->","yoast_head_json":{"title":"Molara Sun - Ultra Limited","robots":{"index":"index","follow":"follow","max-snippet":"max-snippet:-1","max-image-preview":"max-image-preview:large","max-video-preview":"max-video-preview:-1"},"canonical":"https:\/\/ultralimited.it\/es\/gafas\/molara\/","og_locale":"es_ES","og_type":"article","og_title":"Molara Sun - Ultra Limited","og_description":"Gafas de sol Ultra Limited Molara Sun. Hechas a mano combinando el saber hacer artesanal de la zona de Belluno con tecnolog\u00edas de vanguardia. Montaje de 12 l\u00e1minas de acetato de celulosa, elaboradas durante m\u00e1s de 41 d\u00edas en diversas fases: selecci\u00f3n, pegado, curado, prensa, horno, corte, cribado, acabado y pulido.","og_url":"https:\/\/ultralimited.it\/es\/gafas\/molara\/","og_site_name":"Ultra Limited","article_modified_time":"2024-02-29T11:47:13+00:00","og_image":[{"width":1600,"height":1200,"url":"https:\/\/ultralimited.it\/wp-content\/uploads\/2023\/03\/MOLARA-FRONTALE.jpg","type":"image\/jpeg"}],"twitter_card":"summary_large_image","schema":{"@context":"https:\/\/schema.org","@graph":[{"@type":"WebPage","@id":"https:\/\/ultralimited.it\/es\/gafas\/molara\/","url":"https:\/\/ultralimited.it\/es\/gafas\/molara\/","name":"Molara Sun - Ultra Limited","isPartOf":{"@id":"https:\/\/ultralimited.it\/en\/#website"},"primaryImageOfPage":{"@id":"https:\/\/ultralimited.it\/es\/gafas\/molara\/#primaryimage"},"image":{"@id":"https:\/\/ultralimited.it\/es\/gafas\/molara\/#primaryimage"},"thumbnailUrl":"https:\/\/ultralimited.it\/wp-content\/uploads\/2023\/03\/MOLARA-FRONTALE.jpg","datePublished":"2023-03-22T17:28:52+00:00","dateModified":"2024-02-29T11:47:13+00:00","breadcrumb":{"@id":"https:\/\/ultralimited.it\/es\/gafas\/molara\/#breadcrumb"},"inLanguage":"es","potentialAction":[{"@type":"ReadAction","target":["https:\/\/ultralimited.it\/es\/gafas\/molara\/"]}]},{"@type":"ImageObject","inLanguage":"es","@id":"https:\/\/ultralimited.it\/es\/gafas\/molara\/#primaryimage","url":"https:\/\/ultralimited.it\/wp-content\/uploads\/2023\/03\/MOLARA-FRONTALE.jpg","contentUrl":"https:\/\/ultralimited.it\/wp-content\/uploads\/2023\/03\/MOLARA-FRONTALE.jpg","width":1600,"height":1200},{"@type":"BreadcrumbList","@id":"https:\/\/ultralimited.it\/es\/gafas\/molara\/#breadcrumb","itemListElement":[{"@type":"ListItem","position":1,"name":"Home","item":"https:\/\/ultralimited.it\/es\/"},{"@type":"ListItem","position":2,"name":"Molara Sun"}]},{"@type":"WebSite","@id":"https:\/\/ultralimited.it\/en\/#website","url":"https:\/\/ultralimited.it\/en\/","name":"Ultra Limited","description":"","potentialAction":[{"@type":"SearchAction","target":{"@type":"EntryPoint","urlTemplate":"https:\/\/ultralimited.it\/en\/?s={search_term_string}"},"query-input":{"@type":"PropertyValueSpecification","valueRequired":true,"valueName":"search_term_string"}}],"inLanguage":"es"}]}},"_links":{"self":[{"href":"https:\/\/ultralimited.it\/es\/wp-json\/wp\/v2\/product\/24335","targetHints":{"allow":["GET"]}}],"collection":[{"href":"https:\/\/ultralimited.it\/es\/wp-json\/wp\/v2\/product"}],"about":[{"href":"https:\/\/ultralimited.it\/es\/wp-json\/wp\/v2\/types\/product"}],"wp:featuredmedia":[{"embeddable":true,"href":"https:\/\/ultralimited.it\/es\/wp-json\/wp\/v2\/media\/19570"}],"wp:attachment":[{"href":"https:\/\/ultralimited.it\/es\/wp-json\/wp\/v2\/media?parent=24335"}],"wp:term":[{"taxonomy":"product_brand","embeddable":true,"href":"https:\/\/ultralimited.it\/es\/wp-json\/wp\/v2\/product_brand?post=24335"},{"taxonomy":"product_cat","embeddable":true,"href":"https:\/\/ultralimited.it\/es\/wp-json\/wp\/v2\/product_cat?post=24335"}],"curies":[{"name":"wp","href":"https:\/\/api.w.org\/{rel}","templated":true}]}}