{"id":32074,"date":"2026-04-14T17:32:35","date_gmt":"2026-04-14T15:32:35","guid":{"rendered":"https:\/\/ultralimited.it\/?post_type=product&#038;p=32074"},"modified":"2026-04-14T18:13:36","modified_gmt":"2026-04-14T16:13:36","slug":"torcello","status":"publish","type":"product","link":"https:\/\/ultralimited.it\/de\/damen\/torcello\/","title":{"rendered":"Torcello"},"content":{"rendered":"<p data-start=\"1635\" data-end=\"1660\">Sonnenbrille Modell <strong>Torcello<\/strong><\/p>\n<p data-start=\"1662\" data-end=\"2166\">Das Modell <strong>Torcello<\/strong> von Ultra Limited ist eine Damenbrille, die sich durch ihr eckiges Design auszeichnet und f\u00fcr alle gedacht ist, die einen markanten und zeitgem\u00e4\u00dfen Stil suchen. Sie ist aus hochwertigem Acetat gefertigt und bietet eine perfekte Balance zwischen Robustheit und Komfort, wodurch ein leichter und strapazierf\u00e4higer Sitz gew\u00e4hrleistet ist. Der eckige Rahmen verleiht einen Hauch von Eleganz und passt sich verschiedenen Gesichtsformen an, wodurch jeder Ausdruck unterstrichen wird.<\/p>\n<p data-start=\"1662\" data-end=\"2166\">Das Modell Torcello ist in vier eleganten Farben erh\u00e4ltlich: <strong>Blauw<\/strong>, <strong>Bordeaux<\/strong>, <strong>Havana<\/strong> und <strong>Zwart<\/strong>, die alle darauf ausgelegt sind, eine starke und raffinierte Pers\u00f6nlichkeit zum Ausdruck zu bringen. Jede Farbvariante wurde entworfen, um deinem Look eine unverwechselbare Note zu verleihen und dabei die Eleganz und Vielseitigkeit zu bewahren, die die Marke Ultra Limited auszeichnen.<\/p>\n","protected":false},"excerpt":{"rendered":"<p>Sonnenbrille Modell Torcello Das Modell Torcello von Ultra Limited ist eine Damenbrille, die sich durch ihr eckiges Design auszeichnet und f\u00fcr alle gedacht ist, die einen markanten und zeitgem\u00e4\u00dfen Stil suchen. Sie ist aus hochwertigem Acetat gefertigt und bietet eine perfekte Balance zwischen Robustheit und Komfort, wodurch ein leichter und strapazierf\u00e4higer Sitz gew\u00e4hrleistet ist. Der <a href=\"https:\/\/ultralimited.it\/de\/damen\/torcello\/\" class=\"more-link\">&#8230;<\/a><\/p>\n","protected":false},"featured_media":32107,"template":"","meta":{"_acf_changed":false},"product_brand":[],"product_cat":[128,120,162,126],"class_list":{"0":"post-32074","1":"product","2":"type-product","3":"status-publish","4":"has-post-thumbnail","6":"product_cat-brille","7":"product_cat-damen","8":"product_cat-neu","9":"product_cat-sonnenbrillen","11":"first","12":"instock","13":"shipping-taxable","14":"product-type-variable"},"acf":[],"yoast_head":"<!-- This site is optimized with the Yoast SEO plugin v26.4 - https:\/\/yoast.com\/wordpress\/plugins\/seo\/ -->\n<title>Torcello - Ultra Limited<\/title>\n<meta name=\"description\" content=\"Sonnenbrille \u201eTorcello\u201c von Ultra Limited. Elegante Schmetterlingsform, erh\u00e4ltlich in Blau, Havanna, Bordeaux und Schwarz. Erfahren Sie mehr und besuchen Sie die Website.\" \/>\n<meta name=\"robots\" content=\"index, follow, max-snippet:-1, max-image-preview:large, max-video-preview:-1\" \/>\n<link rel=\"canonical\" href=\"https:\/\/ultralimited.it\/de\/damen\/torcello\/\" \/>\n<meta property=\"og:locale\" content=\"de_DE\" \/>\n<meta property=\"og:type\" content=\"article\" \/>\n<meta property=\"og:title\" content=\"Torcello - Ultra Limited\" \/>\n<meta property=\"og:description\" content=\"Sonnenbrille \u201eTorcello\u201c von Ultra Limited. Elegante Schmetterlingsform, erh\u00e4ltlich in Blau, Havanna, Bordeaux und Schwarz. Erfahren Sie mehr und besuchen Sie die Website.\" \/>\n<meta property=\"og:url\" content=\"https:\/\/ultralimited.it\/de\/damen\/torcello\/\" \/>\n<meta property=\"og:site_name\" content=\"Ultra Limited\" \/>\n<meta property=\"article:modified_time\" content=\"2026-04-14T16:13:36+00:00\" \/>\n<meta property=\"og:image\" content=\"https:\/\/ultralimited.it\/wp-content\/uploads\/2026\/04\/TORCELLO-S-F-C2-scaled.jpg\" \/>\n\t<meta property=\"og:image:width\" content=\"2560\" \/>\n\t<meta property=\"og:image:height\" content=\"1920\" \/>\n\t<meta property=\"og:image:type\" content=\"image\/jpeg\" \/>\n<meta name=\"twitter:card\" content=\"summary_large_image\" \/>\n<meta name=\"twitter:label1\" content=\"Gesch\u00e4tzte Lesezeit\" \/>\n\t<meta name=\"twitter:data1\" content=\"1\u00a0Minute\" \/>\n<script type=\"application\/ld+json\" class=\"yoast-schema-graph\">{\"@context\":\"https:\/\/schema.org\",\"@graph\":[{\"@type\":\"WebPage\",\"@id\":\"https:\/\/ultralimited.it\/de\/damen\/torcello\/\",\"url\":\"https:\/\/ultralimited.it\/de\/damen\/torcello\/\",\"name\":\"Torcello - Ultra Limited\",\"isPartOf\":{\"@id\":\"https:\/\/ultralimited.it\/en\/#website\"},\"primaryImageOfPage\":{\"@id\":\"https:\/\/ultralimited.it\/de\/damen\/torcello\/#primaryimage\"},\"image\":{\"@id\":\"https:\/\/ultralimited.it\/de\/damen\/torcello\/#primaryimage\"},\"thumbnailUrl\":\"https:\/\/ultralimited.it\/wp-content\/uploads\/2026\/04\/TORCELLO-S-F-C2-scaled.jpg\",\"datePublished\":\"2026-04-14T15:32:35+00:00\",\"dateModified\":\"2026-04-14T16:13:36+00:00\",\"description\":\"Sonnenbrille \u201eTorcello\u201c von Ultra Limited. Elegante Schmetterlingsform, erh\u00e4ltlich in Blau, Havanna, Bordeaux und Schwarz. Erfahren Sie mehr und besuchen Sie die Website.\",\"breadcrumb\":{\"@id\":\"https:\/\/ultralimited.it\/de\/damen\/torcello\/#breadcrumb\"},\"inLanguage\":\"de\",\"potentialAction\":[{\"@type\":\"ReadAction\",\"target\":[\"https:\/\/ultralimited.it\/de\/damen\/torcello\/\"]}]},{\"@type\":\"ImageObject\",\"inLanguage\":\"de\",\"@id\":\"https:\/\/ultralimited.it\/de\/damen\/torcello\/#primaryimage\",\"url\":\"https:\/\/ultralimited.it\/wp-content\/uploads\/2026\/04\/TORCELLO-S-F-C2-scaled.jpg\",\"contentUrl\":\"https:\/\/ultralimited.it\/wp-content\/uploads\/2026\/04\/TORCELLO-S-F-C2-scaled.jpg\",\"width\":2560,\"height\":1920},{\"@type\":\"BreadcrumbList\",\"@id\":\"https:\/\/ultralimited.it\/de\/damen\/torcello\/#breadcrumb\",\"itemListElement\":[{\"@type\":\"ListItem\",\"position\":1,\"name\":\"Home\",\"item\":\"https:\/\/ultralimited.it\/de\/\"},{\"@type\":\"ListItem\",\"position\":2,\"name\":\"Torcello\"}]},{\"@type\":\"WebSite\",\"@id\":\"https:\/\/ultralimited.it\/en\/#website\",\"url\":\"https:\/\/ultralimited.it\/en\/\",\"name\":\"Ultra Limited\",\"description\":\"\",\"potentialAction\":[{\"@type\":\"SearchAction\",\"target\":{\"@type\":\"EntryPoint\",\"urlTemplate\":\"https:\/\/ultralimited.it\/en\/?s={search_term_string}\"},\"query-input\":{\"@type\":\"PropertyValueSpecification\",\"valueRequired\":true,\"valueName\":\"search_term_string\"}}],\"inLanguage\":\"de\"}]}<\/script>\n<!-- \/ Yoast SEO plugin. -->","yoast_head_json":{"title":"Torcello - Ultra Limited","description":"Sonnenbrille \u201eTorcello\u201c von Ultra Limited. Elegante Schmetterlingsform, erh\u00e4ltlich in Blau, Havanna, Bordeaux und Schwarz. Erfahren Sie mehr und besuchen Sie die Website.","robots":{"index":"index","follow":"follow","max-snippet":"max-snippet:-1","max-image-preview":"max-image-preview:large","max-video-preview":"max-video-preview:-1"},"canonical":"https:\/\/ultralimited.it\/de\/damen\/torcello\/","og_locale":"de_DE","og_type":"article","og_title":"Torcello - Ultra Limited","og_description":"Sonnenbrille \u201eTorcello\u201c von Ultra Limited. Elegante Schmetterlingsform, erh\u00e4ltlich in Blau, Havanna, Bordeaux und Schwarz. Erfahren Sie mehr und besuchen Sie die Website.","og_url":"https:\/\/ultralimited.it\/de\/damen\/torcello\/","og_site_name":"Ultra Limited","article_modified_time":"2026-04-14T16:13:36+00:00","og_image":[{"width":2560,"height":1920,"url":"https:\/\/ultralimited.it\/wp-content\/uploads\/2026\/04\/TORCELLO-S-F-C2-scaled.jpg","type":"image\/jpeg"}],"twitter_card":"summary_large_image","twitter_misc":{"Gesch\u00e4tzte Lesezeit":"1\u00a0Minute"},"schema":{"@context":"https:\/\/schema.org","@graph":[{"@type":"WebPage","@id":"https:\/\/ultralimited.it\/de\/damen\/torcello\/","url":"https:\/\/ultralimited.it\/de\/damen\/torcello\/","name":"Torcello - Ultra Limited","isPartOf":{"@id":"https:\/\/ultralimited.it\/en\/#website"},"primaryImageOfPage":{"@id":"https:\/\/ultralimited.it\/de\/damen\/torcello\/#primaryimage"},"image":{"@id":"https:\/\/ultralimited.it\/de\/damen\/torcello\/#primaryimage"},"thumbnailUrl":"https:\/\/ultralimited.it\/wp-content\/uploads\/2026\/04\/TORCELLO-S-F-C2-scaled.jpg","datePublished":"2026-04-14T15:32:35+00:00","dateModified":"2026-04-14T16:13:36+00:00","description":"Sonnenbrille \u201eTorcello\u201c von Ultra Limited. Elegante Schmetterlingsform, erh\u00e4ltlich in Blau, Havanna, Bordeaux und Schwarz. Erfahren Sie mehr und besuchen Sie die Website.","breadcrumb":{"@id":"https:\/\/ultralimited.it\/de\/damen\/torcello\/#breadcrumb"},"inLanguage":"de","potentialAction":[{"@type":"ReadAction","target":["https:\/\/ultralimited.it\/de\/damen\/torcello\/"]}]},{"@type":"ImageObject","inLanguage":"de","@id":"https:\/\/ultralimited.it\/de\/damen\/torcello\/#primaryimage","url":"https:\/\/ultralimited.it\/wp-content\/uploads\/2026\/04\/TORCELLO-S-F-C2-scaled.jpg","contentUrl":"https:\/\/ultralimited.it\/wp-content\/uploads\/2026\/04\/TORCELLO-S-F-C2-scaled.jpg","width":2560,"height":1920},{"@type":"BreadcrumbList","@id":"https:\/\/ultralimited.it\/de\/damen\/torcello\/#breadcrumb","itemListElement":[{"@type":"ListItem","position":1,"name":"Home","item":"https:\/\/ultralimited.it\/de\/"},{"@type":"ListItem","position":2,"name":"Torcello"}]},{"@type":"WebSite","@id":"https:\/\/ultralimited.it\/en\/#website","url":"https:\/\/ultralimited.it\/en\/","name":"Ultra Limited","description":"","potentialAction":[{"@type":"SearchAction","target":{"@type":"EntryPoint","urlTemplate":"https:\/\/ultralimited.it\/en\/?s={search_term_string}"},"query-input":{"@type":"PropertyValueSpecification","valueRequired":true,"valueName":"search_term_string"}}],"inLanguage":"de"}]}},"_links":{"self":[{"href":"https:\/\/ultralimited.it\/de\/wp-json\/wp\/v2\/product\/32074","targetHints":{"allow":["GET"]}}],"collection":[{"href":"https:\/\/ultralimited.it\/de\/wp-json\/wp\/v2\/product"}],"about":[{"href":"https:\/\/ultralimited.it\/de\/wp-json\/wp\/v2\/types\/product"}],"wp:featuredmedia":[{"embeddable":true,"href":"https:\/\/ultralimited.it\/de\/wp-json\/wp\/v2\/media\/32107"}],"wp:attachment":[{"href":"https:\/\/ultralimited.it\/de\/wp-json\/wp\/v2\/media?parent=32074"}],"wp:term":[{"taxonomy":"product_brand","embeddable":true,"href":"https:\/\/ultralimited.it\/de\/wp-json\/wp\/v2\/product_brand?post=32074"},{"taxonomy":"product_cat","embeddable":true,"href":"https:\/\/ultralimited.it\/de\/wp-json\/wp\/v2\/product_cat?post=32074"}],"curies":[{"name":"wp","href":"https:\/\/api.w.org\/{rel}","templated":true}]}}