{"id":31092,"date":"2026-01-20T14:41:46","date_gmt":"2026-01-20T13:41:46","guid":{"rendered":"https:\/\/ultralimited.it\/?post_type=product&#038;p=31092"},"modified":"2026-01-20T18:20:03","modified_gmt":"2026-01-20T17:20:03","slug":"ostuni","status":"publish","type":"product","link":"https:\/\/ultralimited.it\/de\/damen\/ostuni\/","title":{"rendered":"Ostuni"},"content":{"rendered":"<p data-start=\"1635\" data-end=\"1660\"><strong data-start=\"1635\" data-end=\"1660\">Brillenmodell Ostuni<\/strong><\/p>\n<p data-start=\"1662\" data-end=\"2166\">Das Ostuni-Modell von Ultra Limited ist eine Damen-Brille, die sich durch ihr Schmetterling Design auszeichnet und f\u00fcr diejenigen gedacht ist, die einen entschlossenen und zeitgem\u00e4\u00dfen Stil suchen. Hergestellt aus hochwertigem Acetat, bietet es das perfekte Gleichgewicht zwischen Robustheit und Komfort und sorgt f\u00fcr einen leichten und widerstandsf\u00e4higen Sitz. Das Schmetterling Gestell verleiht einen eleganten Touch und passt sich verschiedenen Gesichtstypen an, wobei es jeden Ausdruck unterstreicht.<\/p>\n<p data-start=\"2168\" data-end=\"2507\">Das Ostuni-Modell ist in vier eleganten Farben erh\u00e4ltlich: <strong>Wit, Blauw, Zwart und Rood<\/strong>, die alle eine starke und raffinierte Pers\u00f6nlichkeit ausdr\u00fccken. Jede Farbvariante wurde entwickelt, um Ihrem Look eine markante Note zu verleihen und gleichzeitig die Eleganz und Vielseitigkeit zu bewahren, die die Marke Ultra Limited auszeichnen.<\/p>\n","protected":false},"excerpt":{"rendered":"<p>Brillenmodell Ostuni Das Ostuni-Modell von Ultra Limited ist eine Damen-Brille, die sich durch ihr Schmetterling Design auszeichnet und f\u00fcr diejenigen gedacht ist, die einen entschlossenen und zeitgem\u00e4\u00dfen Stil suchen. Hergestellt aus hochwertigem Acetat, bietet es das perfekte Gleichgewicht zwischen Robustheit und Komfort und sorgt f\u00fcr einen leichten und widerstandsf\u00e4higen Sitz. Das Schmetterling Gestell verleiht einen <a href=\"https:\/\/ultralimited.it\/de\/damen\/ostuni\/\" class=\"more-link\">&#8230;<\/a><\/p>\n","protected":false},"featured_media":31405,"template":"","meta":{"_acf_changed":false},"product_brand":[],"product_cat":[128,123,120,162],"class_list":{"0":"post-31092","1":"product","2":"type-product","3":"status-publish","4":"has-post-thumbnail","6":"product_cat-brille","7":"product_cat-brillen","8":"product_cat-damen","9":"product_cat-neu","11":"first","12":"instock","13":"shipping-taxable","14":"product-type-variable"},"acf":[],"yoast_head":"<!-- This site is optimized with the Yoast SEO plugin v26.4 - https:\/\/yoast.com\/wordpress\/plugins\/seo\/ -->\n<title>Ostuni - Ultra Limited<\/title>\n<meta name=\"robots\" content=\"index, follow, max-snippet:-1, max-image-preview:large, max-video-preview:-1\" \/>\n<link rel=\"canonical\" href=\"https:\/\/ultralimited.it\/de\/damen\/ostuni\/\" \/>\n<meta property=\"og:locale\" content=\"de_DE\" \/>\n<meta property=\"og:type\" content=\"article\" \/>\n<meta property=\"og:title\" content=\"Ostuni - Ultra Limited\" \/>\n<meta property=\"og:description\" content=\"Brillenmodell Ostuni Das Ostuni-Modell von Ultra Limited ist eine Damen-Brille, die sich durch ihr Schmetterling Design auszeichnet und f\u00fcr diejenigen gedacht ist, die einen entschlossenen und zeitgem\u00e4\u00dfen Stil suchen. Hergestellt aus hochwertigem Acetat, bietet es das perfekte Gleichgewicht zwischen Robustheit und Komfort und sorgt f\u00fcr einen leichten und widerstandsf\u00e4higen Sitz. Das Schmetterling Gestell verleiht einen ...\" \/>\n<meta property=\"og:url\" content=\"https:\/\/ultralimited.it\/de\/damen\/ostuni\/\" \/>\n<meta property=\"og:site_name\" content=\"Ultra Limited\" \/>\n<meta property=\"article:modified_time\" content=\"2026-01-20T17:20:03+00:00\" \/>\n<meta property=\"og:image\" content=\"https:\/\/ultralimited.it\/wp-content\/uploads\/2026\/01\/OSTUNI-F-C1-scaled.jpg\" \/>\n\t<meta property=\"og:image:width\" content=\"2560\" \/>\n\t<meta property=\"og:image:height\" content=\"1920\" \/>\n\t<meta property=\"og:image:type\" content=\"image\/jpeg\" \/>\n<meta name=\"twitter:card\" content=\"summary_large_image\" \/>\n<meta name=\"twitter:label1\" content=\"Gesch\u00e4tzte Lesezeit\" \/>\n\t<meta name=\"twitter:data1\" content=\"1\u00a0Minute\" \/>\n<script type=\"application\/ld+json\" class=\"yoast-schema-graph\">{\"@context\":\"https:\/\/schema.org\",\"@graph\":[{\"@type\":\"WebPage\",\"@id\":\"https:\/\/ultralimited.it\/de\/damen\/ostuni\/\",\"url\":\"https:\/\/ultralimited.it\/de\/damen\/ostuni\/\",\"name\":\"Ostuni - Ultra Limited\",\"isPartOf\":{\"@id\":\"https:\/\/ultralimited.it\/en\/#website\"},\"primaryImageOfPage\":{\"@id\":\"https:\/\/ultralimited.it\/de\/damen\/ostuni\/#primaryimage\"},\"image\":{\"@id\":\"https:\/\/ultralimited.it\/de\/damen\/ostuni\/#primaryimage\"},\"thumbnailUrl\":\"https:\/\/ultralimited.it\/wp-content\/uploads\/2026\/01\/OSTUNI-F-C4.jpg\",\"datePublished\":\"2026-01-20T13:41:46+00:00\",\"dateModified\":\"2026-01-20T17:20:03+00:00\",\"breadcrumb\":{\"@id\":\"https:\/\/ultralimited.it\/de\/damen\/ostuni\/#breadcrumb\"},\"inLanguage\":\"de\",\"potentialAction\":[{\"@type\":\"ReadAction\",\"target\":[\"https:\/\/ultralimited.it\/de\/damen\/ostuni\/\"]}]},{\"@type\":\"ImageObject\",\"inLanguage\":\"de\",\"@id\":\"https:\/\/ultralimited.it\/de\/damen\/ostuni\/#primaryimage\",\"url\":\"https:\/\/ultralimited.it\/wp-content\/uploads\/2026\/01\/OSTUNI-F-C4.jpg\",\"contentUrl\":\"https:\/\/ultralimited.it\/wp-content\/uploads\/2026\/01\/OSTUNI-F-C4.jpg\",\"width\":2457,\"height\":1843},{\"@type\":\"BreadcrumbList\",\"@id\":\"https:\/\/ultralimited.it\/de\/damen\/ostuni\/#breadcrumb\",\"itemListElement\":[{\"@type\":\"ListItem\",\"position\":1,\"name\":\"Home\",\"item\":\"https:\/\/ultralimited.it\/de\/\"},{\"@type\":\"ListItem\",\"position\":2,\"name\":\"Ostuni\"}]},{\"@type\":\"WebSite\",\"@id\":\"https:\/\/ultralimited.it\/en\/#website\",\"url\":\"https:\/\/ultralimited.it\/en\/\",\"name\":\"Ultra Limited\",\"description\":\"\",\"potentialAction\":[{\"@type\":\"SearchAction\",\"target\":{\"@type\":\"EntryPoint\",\"urlTemplate\":\"https:\/\/ultralimited.it\/en\/?s={search_term_string}\"},\"query-input\":{\"@type\":\"PropertyValueSpecification\",\"valueRequired\":true,\"valueName\":\"search_term_string\"}}],\"inLanguage\":\"de\"}]}<\/script>\n<!-- \/ Yoast SEO plugin. -->","yoast_head_json":{"title":"Ostuni - Ultra Limited","robots":{"index":"index","follow":"follow","max-snippet":"max-snippet:-1","max-image-preview":"max-image-preview:large","max-video-preview":"max-video-preview:-1"},"canonical":"https:\/\/ultralimited.it\/de\/damen\/ostuni\/","og_locale":"de_DE","og_type":"article","og_title":"Ostuni - Ultra Limited","og_description":"Brillenmodell Ostuni Das Ostuni-Modell von Ultra Limited ist eine Damen-Brille, die sich durch ihr Schmetterling Design auszeichnet und f\u00fcr diejenigen gedacht ist, die einen entschlossenen und zeitgem\u00e4\u00dfen Stil suchen. Hergestellt aus hochwertigem Acetat, bietet es das perfekte Gleichgewicht zwischen Robustheit und Komfort und sorgt f\u00fcr einen leichten und widerstandsf\u00e4higen Sitz. Das Schmetterling Gestell verleiht einen ...","og_url":"https:\/\/ultralimited.it\/de\/damen\/ostuni\/","og_site_name":"Ultra Limited","article_modified_time":"2026-01-20T17:20:03+00:00","og_image":[{"width":2560,"height":1920,"url":"https:\/\/ultralimited.it\/wp-content\/uploads\/2026\/01\/OSTUNI-F-C1-scaled.jpg","type":"image\/jpeg"}],"twitter_card":"summary_large_image","twitter_misc":{"Gesch\u00e4tzte Lesezeit":"1\u00a0Minute"},"schema":{"@context":"https:\/\/schema.org","@graph":[{"@type":"WebPage","@id":"https:\/\/ultralimited.it\/de\/damen\/ostuni\/","url":"https:\/\/ultralimited.it\/de\/damen\/ostuni\/","name":"Ostuni - Ultra Limited","isPartOf":{"@id":"https:\/\/ultralimited.it\/en\/#website"},"primaryImageOfPage":{"@id":"https:\/\/ultralimited.it\/de\/damen\/ostuni\/#primaryimage"},"image":{"@id":"https:\/\/ultralimited.it\/de\/damen\/ostuni\/#primaryimage"},"thumbnailUrl":"https:\/\/ultralimited.it\/wp-content\/uploads\/2026\/01\/OSTUNI-F-C4.jpg","datePublished":"2026-01-20T13:41:46+00:00","dateModified":"2026-01-20T17:20:03+00:00","breadcrumb":{"@id":"https:\/\/ultralimited.it\/de\/damen\/ostuni\/#breadcrumb"},"inLanguage":"de","potentialAction":[{"@type":"ReadAction","target":["https:\/\/ultralimited.it\/de\/damen\/ostuni\/"]}]},{"@type":"ImageObject","inLanguage":"de","@id":"https:\/\/ultralimited.it\/de\/damen\/ostuni\/#primaryimage","url":"https:\/\/ultralimited.it\/wp-content\/uploads\/2026\/01\/OSTUNI-F-C4.jpg","contentUrl":"https:\/\/ultralimited.it\/wp-content\/uploads\/2026\/01\/OSTUNI-F-C4.jpg","width":2457,"height":1843},{"@type":"BreadcrumbList","@id":"https:\/\/ultralimited.it\/de\/damen\/ostuni\/#breadcrumb","itemListElement":[{"@type":"ListItem","position":1,"name":"Home","item":"https:\/\/ultralimited.it\/de\/"},{"@type":"ListItem","position":2,"name":"Ostuni"}]},{"@type":"WebSite","@id":"https:\/\/ultralimited.it\/en\/#website","url":"https:\/\/ultralimited.it\/en\/","name":"Ultra Limited","description":"","potentialAction":[{"@type":"SearchAction","target":{"@type":"EntryPoint","urlTemplate":"https:\/\/ultralimited.it\/en\/?s={search_term_string}"},"query-input":{"@type":"PropertyValueSpecification","valueRequired":true,"valueName":"search_term_string"}}],"inLanguage":"de"}]}},"_links":{"self":[{"href":"https:\/\/ultralimited.it\/de\/wp-json\/wp\/v2\/product\/31092","targetHints":{"allow":["GET"]}}],"collection":[{"href":"https:\/\/ultralimited.it\/de\/wp-json\/wp\/v2\/product"}],"about":[{"href":"https:\/\/ultralimited.it\/de\/wp-json\/wp\/v2\/types\/product"}],"wp:featuredmedia":[{"embeddable":true,"href":"https:\/\/ultralimited.it\/de\/wp-json\/wp\/v2\/media\/31405"}],"wp:attachment":[{"href":"https:\/\/ultralimited.it\/de\/wp-json\/wp\/v2\/media?parent=31092"}],"wp:term":[{"taxonomy":"product_brand","embeddable":true,"href":"https:\/\/ultralimited.it\/de\/wp-json\/wp\/v2\/product_brand?post=31092"},{"taxonomy":"product_cat","embeddable":true,"href":"https:\/\/ultralimited.it\/de\/wp-json\/wp\/v2\/product_cat?post=31092"}],"curies":[{"name":"wp","href":"https:\/\/api.w.org\/{rel}","templated":true}]}}