{"id":30157,"date":"2025-07-31T10:56:22","date_gmt":"2025-07-31T08:56:22","guid":{"rendered":"http:\/\/ultralimited.it\/?post_type=product&#038;p=30157"},"modified":"2025-08-01T13:37:15","modified_gmt":"2025-08-01T11:37:15","slug":"spoleto","status":"publish","type":"product","link":"https:\/\/ultralimited.it\/de\/damen\/spoleto\/","title":{"rendered":"Spoleto"},"content":{"rendered":"<p data-start=\"1635\" data-end=\"1660\"><strong data-start=\"1635\" data-end=\"1660\">Brillenmodell Spoleto<\/strong><\/p>\n<p data-start=\"1662\" data-end=\"2166\">Das Spoleto-Modell von Ultra Limited ist eine Unisex-Brille, die sich durch ihr quadratisches Design auszeichnet und f\u00fcr diejenigen gedacht ist, die einen entschlossenen und zeitgem\u00e4\u00dfen Stil suchen. Hergestellt aus hochwertigem Acetat, bietet es das perfekte Gleichgewicht zwischen Robustheit und Komfort und sorgt f\u00fcr einen leichten und widerstandsf\u00e4higen Sitz. Das quadratische Gestell verleiht einen eleganten Touch und passt sich verschiedenen Gesichtstypen an, wobei es jeden Ausdruck unterstreicht.<\/p>\n<p data-start=\"2168\" data-end=\"2507\">Das Spoleto-Modell ist in vier eleganten Farben erh\u00e4ltlich: Blau, Havana, Schwarz und Gr\u00fcn, die alle eine starke und raffinierte Pers\u00f6nlichkeit ausdr\u00fccken. Jede Farbvariante wurde entwickelt, um Ihrem Look eine markante Note zu verleihen und gleichzeitig die Eleganz und Vielseitigkeit zu bewahren, die die Marke Ultra Limited auszeichnen.<\/p>\n","protected":false},"excerpt":{"rendered":"<p>Brillenmodell Spoleto Das Spoleto-Modell von Ultra Limited ist eine Unisex-Brille, die sich durch ihr quadratisches Design auszeichnet und f\u00fcr diejenigen gedacht ist, die einen entschlossenen und zeitgem\u00e4\u00dfen Stil suchen. Hergestellt aus hochwertigem Acetat, bietet es das perfekte Gleichgewicht zwischen Robustheit und Komfort und sorgt f\u00fcr einen leichten und widerstandsf\u00e4higen Sitz. Das quadratische Gestell verleiht einen <a href=\"https:\/\/ultralimited.it\/de\/damen\/spoleto\/\" class=\"more-link\">&#8230;<\/a><\/p>\n","protected":false},"featured_media":29845,"template":"","meta":{"_acf_changed":false},"product_brand":[],"product_cat":[128,123,120,130],"class_list":{"0":"post-30157","1":"product","2":"type-product","3":"status-publish","4":"has-post-thumbnail","6":"product_cat-brille","7":"product_cat-brillen","8":"product_cat-damen","9":"product_cat-herren","11":"first","12":"instock","13":"shipping-taxable","14":"product-type-variable"},"acf":[],"yoast_head":"<!-- This site is optimized with the Yoast SEO plugin v26.4 - https:\/\/yoast.com\/wordpress\/plugins\/seo\/ -->\n<title>Spoleto - Ultra Limited<\/title>\n<meta name=\"robots\" content=\"index, follow, max-snippet:-1, max-image-preview:large, max-video-preview:-1\" \/>\n<link rel=\"canonical\" href=\"https:\/\/ultralimited.it\/de\/damen\/spoleto\/\" \/>\n<meta property=\"og:locale\" content=\"de_DE\" \/>\n<meta property=\"og:type\" content=\"article\" \/>\n<meta property=\"og:title\" content=\"Spoleto - Ultra Limited\" \/>\n<meta property=\"og:description\" content=\"Brillenmodell Spoleto Das Spoleto-Modell von Ultra Limited ist eine Unisex-Brille, die sich durch ihr quadratisches Design auszeichnet und f\u00fcr diejenigen gedacht ist, die einen entschlossenen und zeitgem\u00e4\u00dfen Stil suchen. Hergestellt aus hochwertigem Acetat, bietet es das perfekte Gleichgewicht zwischen Robustheit und Komfort und sorgt f\u00fcr einen leichten und widerstandsf\u00e4higen Sitz. Das quadratische Gestell verleiht einen ...\" \/>\n<meta property=\"og:url\" content=\"https:\/\/ultralimited.it\/de\/damen\/spoleto\/\" \/>\n<meta property=\"og:site_name\" content=\"Ultra Limited\" \/>\n<meta property=\"article:modified_time\" content=\"2025-08-01T11:37:15+00:00\" \/>\n<meta property=\"og:image\" content=\"https:\/\/ultralimited.it\/wp-content\/uploads\/2025\/07\/ULSPOBL.jpg\" \/>\n\t<meta property=\"og:image:width\" content=\"1600\" \/>\n\t<meta property=\"og:image:height\" content=\"1200\" \/>\n\t<meta property=\"og:image:type\" content=\"image\/jpeg\" \/>\n<meta name=\"twitter:card\" content=\"summary_large_image\" \/>\n<meta name=\"twitter:label1\" content=\"Gesch\u00e4tzte Lesezeit\" \/>\n\t<meta name=\"twitter:data1\" content=\"1\u00a0Minute\" \/>\n<script type=\"application\/ld+json\" class=\"yoast-schema-graph\">{\"@context\":\"https:\/\/schema.org\",\"@graph\":[{\"@type\":\"WebPage\",\"@id\":\"https:\/\/ultralimited.it\/de\/damen\/spoleto\/\",\"url\":\"https:\/\/ultralimited.it\/de\/damen\/spoleto\/\",\"name\":\"Spoleto - Ultra Limited\",\"isPartOf\":{\"@id\":\"https:\/\/ultralimited.it\/en\/#website\"},\"primaryImageOfPage\":{\"@id\":\"https:\/\/ultralimited.it\/de\/damen\/spoleto\/#primaryimage\"},\"image\":{\"@id\":\"https:\/\/ultralimited.it\/de\/damen\/spoleto\/#primaryimage\"},\"thumbnailUrl\":\"https:\/\/ultralimited.it\/wp-content\/uploads\/2025\/07\/ULSPOBL.jpg\",\"datePublished\":\"2025-07-31T08:56:22+00:00\",\"dateModified\":\"2025-08-01T11:37:15+00:00\",\"breadcrumb\":{\"@id\":\"https:\/\/ultralimited.it\/de\/damen\/spoleto\/#breadcrumb\"},\"inLanguage\":\"de\",\"potentialAction\":[{\"@type\":\"ReadAction\",\"target\":[\"https:\/\/ultralimited.it\/de\/damen\/spoleto\/\"]}]},{\"@type\":\"ImageObject\",\"inLanguage\":\"de\",\"@id\":\"https:\/\/ultralimited.it\/de\/damen\/spoleto\/#primaryimage\",\"url\":\"https:\/\/ultralimited.it\/wp-content\/uploads\/2025\/07\/ULSPOBL.jpg\",\"contentUrl\":\"https:\/\/ultralimited.it\/wp-content\/uploads\/2025\/07\/ULSPOBL.jpg\",\"width\":1600,\"height\":1200},{\"@type\":\"BreadcrumbList\",\"@id\":\"https:\/\/ultralimited.it\/de\/damen\/spoleto\/#breadcrumb\",\"itemListElement\":[{\"@type\":\"ListItem\",\"position\":1,\"name\":\"Home\",\"item\":\"https:\/\/ultralimited.it\/de\/\"},{\"@type\":\"ListItem\",\"position\":2,\"name\":\"Spoleto\"}]},{\"@type\":\"WebSite\",\"@id\":\"https:\/\/ultralimited.it\/en\/#website\",\"url\":\"https:\/\/ultralimited.it\/en\/\",\"name\":\"Ultra Limited\",\"description\":\"\",\"potentialAction\":[{\"@type\":\"SearchAction\",\"target\":{\"@type\":\"EntryPoint\",\"urlTemplate\":\"https:\/\/ultralimited.it\/en\/?s={search_term_string}\"},\"query-input\":{\"@type\":\"PropertyValueSpecification\",\"valueRequired\":true,\"valueName\":\"search_term_string\"}}],\"inLanguage\":\"de\"}]}<\/script>\n<!-- \/ Yoast SEO plugin. -->","yoast_head_json":{"title":"Spoleto - Ultra Limited","robots":{"index":"index","follow":"follow","max-snippet":"max-snippet:-1","max-image-preview":"max-image-preview:large","max-video-preview":"max-video-preview:-1"},"canonical":"https:\/\/ultralimited.it\/de\/damen\/spoleto\/","og_locale":"de_DE","og_type":"article","og_title":"Spoleto - Ultra Limited","og_description":"Brillenmodell Spoleto Das Spoleto-Modell von Ultra Limited ist eine Unisex-Brille, die sich durch ihr quadratisches Design auszeichnet und f\u00fcr diejenigen gedacht ist, die einen entschlossenen und zeitgem\u00e4\u00dfen Stil suchen. Hergestellt aus hochwertigem Acetat, bietet es das perfekte Gleichgewicht zwischen Robustheit und Komfort und sorgt f\u00fcr einen leichten und widerstandsf\u00e4higen Sitz. Das quadratische Gestell verleiht einen ...","og_url":"https:\/\/ultralimited.it\/de\/damen\/spoleto\/","og_site_name":"Ultra Limited","article_modified_time":"2025-08-01T11:37:15+00:00","og_image":[{"width":1600,"height":1200,"url":"https:\/\/ultralimited.it\/wp-content\/uploads\/2025\/07\/ULSPOBL.jpg","type":"image\/jpeg"}],"twitter_card":"summary_large_image","twitter_misc":{"Gesch\u00e4tzte Lesezeit":"1\u00a0Minute"},"schema":{"@context":"https:\/\/schema.org","@graph":[{"@type":"WebPage","@id":"https:\/\/ultralimited.it\/de\/damen\/spoleto\/","url":"https:\/\/ultralimited.it\/de\/damen\/spoleto\/","name":"Spoleto - Ultra Limited","isPartOf":{"@id":"https:\/\/ultralimited.it\/en\/#website"},"primaryImageOfPage":{"@id":"https:\/\/ultralimited.it\/de\/damen\/spoleto\/#primaryimage"},"image":{"@id":"https:\/\/ultralimited.it\/de\/damen\/spoleto\/#primaryimage"},"thumbnailUrl":"https:\/\/ultralimited.it\/wp-content\/uploads\/2025\/07\/ULSPOBL.jpg","datePublished":"2025-07-31T08:56:22+00:00","dateModified":"2025-08-01T11:37:15+00:00","breadcrumb":{"@id":"https:\/\/ultralimited.it\/de\/damen\/spoleto\/#breadcrumb"},"inLanguage":"de","potentialAction":[{"@type":"ReadAction","target":["https:\/\/ultralimited.it\/de\/damen\/spoleto\/"]}]},{"@type":"ImageObject","inLanguage":"de","@id":"https:\/\/ultralimited.it\/de\/damen\/spoleto\/#primaryimage","url":"https:\/\/ultralimited.it\/wp-content\/uploads\/2025\/07\/ULSPOBL.jpg","contentUrl":"https:\/\/ultralimited.it\/wp-content\/uploads\/2025\/07\/ULSPOBL.jpg","width":1600,"height":1200},{"@type":"BreadcrumbList","@id":"https:\/\/ultralimited.it\/de\/damen\/spoleto\/#breadcrumb","itemListElement":[{"@type":"ListItem","position":1,"name":"Home","item":"https:\/\/ultralimited.it\/de\/"},{"@type":"ListItem","position":2,"name":"Spoleto"}]},{"@type":"WebSite","@id":"https:\/\/ultralimited.it\/en\/#website","url":"https:\/\/ultralimited.it\/en\/","name":"Ultra Limited","description":"","potentialAction":[{"@type":"SearchAction","target":{"@type":"EntryPoint","urlTemplate":"https:\/\/ultralimited.it\/en\/?s={search_term_string}"},"query-input":{"@type":"PropertyValueSpecification","valueRequired":true,"valueName":"search_term_string"}}],"inLanguage":"de"}]}},"_links":{"self":[{"href":"https:\/\/ultralimited.it\/de\/wp-json\/wp\/v2\/product\/30157","targetHints":{"allow":["GET"]}}],"collection":[{"href":"https:\/\/ultralimited.it\/de\/wp-json\/wp\/v2\/product"}],"about":[{"href":"https:\/\/ultralimited.it\/de\/wp-json\/wp\/v2\/types\/product"}],"wp:featuredmedia":[{"embeddable":true,"href":"https:\/\/ultralimited.it\/de\/wp-json\/wp\/v2\/media\/29845"}],"wp:attachment":[{"href":"https:\/\/ultralimited.it\/de\/wp-json\/wp\/v2\/media?parent=30157"}],"wp:term":[{"taxonomy":"product_brand","embeddable":true,"href":"https:\/\/ultralimited.it\/de\/wp-json\/wp\/v2\/product_brand?post=30157"},{"taxonomy":"product_cat","embeddable":true,"href":"https:\/\/ultralimited.it\/de\/wp-json\/wp\/v2\/product_cat?post=30157"}],"curies":[{"name":"wp","href":"https:\/\/api.w.org\/{rel}","templated":true}]}}