{"id":29987,"date":"2025-07-30T10:55:34","date_gmt":"2025-07-30T08:55:34","guid":{"rendered":"http:\/\/ultralimited.it\/?post_type=product&#038;p=29987"},"modified":"2025-07-31T15:17:10","modified_gmt":"2025-07-31T13:17:10","slug":"fucecchio","status":"publish","type":"product","link":"https:\/\/ultralimited.it\/de\/brillen\/fucecchio\/","title":{"rendered":"Fucecchio"},"content":{"rendered":"<p data-start=\"1244\" data-end=\"1271\"><strong data-start=\"1244\" data-end=\"1271\">Brillenmodell Fucecchio<\/strong><\/p>\n<p data-start=\"1273\" data-end=\"1850\">Die Fucecchio-Brillen von Ultra Limited sind eine perfekte Kombination aus Stil und Funktionalit\u00e4t. Mit einem Acetatdesign zeichnet sich dieses Modell durch den Doppelsteg und die vollst\u00e4ndige Verklebung aus, die Robustheit und eine raffinierte \u00c4sthetik gew\u00e4hrleisten. Die unteren Klebeelemente, die darauf ausgelegt sind, einen markanten Akzent zu setzen, bieten ein elegantes und modernes Detail. Erh\u00e4ltlich in vier Farbvarianten: Blau, Havana, Schwarz und Gr\u00fcn, sind diese Brillen die ideale Wahl f\u00fcr diejenigen, die Komfort und Stil suchen, ohne auf Qualit\u00e4t zu verzichten.<\/p>\n","protected":false},"excerpt":{"rendered":"<p>Brillenmodell Fucecchio Die Fucecchio-Brillen von Ultra Limited sind eine perfekte Kombination aus Stil und Funktionalit\u00e4t. Mit einem Acetatdesign zeichnet sich dieses Modell durch den Doppelsteg und die vollst\u00e4ndige Verklebung aus, die Robustheit und eine raffinierte \u00c4sthetik gew\u00e4hrleisten. Die unteren Klebeelemente, die darauf ausgelegt sind, einen markanten Akzent zu setzen, bieten ein elegantes und modernes Detail. <a href=\"https:\/\/ultralimited.it\/de\/brillen\/fucecchio\/\" class=\"more-link\">&#8230;<\/a><\/p>\n","protected":false},"featured_media":29790,"template":"","meta":{"_acf_changed":false},"product_brand":[],"product_cat":[128,123,130],"class_list":{"0":"post-29987","1":"product","2":"type-product","3":"status-publish","4":"has-post-thumbnail","6":"product_cat-brille","7":"product_cat-brillen","8":"product_cat-herren","10":"first","11":"instock","12":"shipping-taxable","13":"product-type-variable"},"acf":[],"yoast_head":"<!-- This site is optimized with the Yoast SEO plugin v26.4 - https:\/\/yoast.com\/wordpress\/plugins\/seo\/ -->\n<title>Fucecchio - Ultra Limited<\/title>\n<meta name=\"robots\" content=\"index, follow, max-snippet:-1, max-image-preview:large, max-video-preview:-1\" \/>\n<link rel=\"canonical\" href=\"https:\/\/ultralimited.it\/de\/brillen\/fucecchio\/\" \/>\n<meta property=\"og:locale\" content=\"de_DE\" \/>\n<meta property=\"og:type\" content=\"article\" \/>\n<meta property=\"og:title\" content=\"Fucecchio - Ultra Limited\" \/>\n<meta property=\"og:description\" content=\"Brillenmodell Fucecchio Die Fucecchio-Brillen von Ultra Limited sind eine perfekte Kombination aus Stil und Funktionalit\u00e4t. Mit einem Acetatdesign zeichnet sich dieses Modell durch den Doppelsteg und die vollst\u00e4ndige Verklebung aus, die Robustheit und eine raffinierte \u00c4sthetik gew\u00e4hrleisten. Die unteren Klebeelemente, die darauf ausgelegt sind, einen markanten Akzent zu setzen, bieten ein elegantes und modernes Detail. ...\" \/>\n<meta property=\"og:url\" content=\"https:\/\/ultralimited.it\/de\/brillen\/fucecchio\/\" \/>\n<meta property=\"og:site_name\" content=\"Ultra Limited\" \/>\n<meta property=\"article:modified_time\" content=\"2025-07-31T13:17:10+00:00\" \/>\n<meta property=\"og:image\" content=\"https:\/\/ultralimited.it\/wp-content\/uploads\/2025\/07\/ULFUHA.jpg\" \/>\n\t<meta property=\"og:image:width\" content=\"1600\" \/>\n\t<meta property=\"og:image:height\" content=\"1200\" \/>\n\t<meta property=\"og:image:type\" content=\"image\/jpeg\" \/>\n<meta name=\"twitter:card\" content=\"summary_large_image\" \/>\n<meta name=\"twitter:label1\" content=\"Gesch\u00e4tzte Lesezeit\" \/>\n\t<meta name=\"twitter:data1\" content=\"1\u00a0Minute\" \/>\n<script type=\"application\/ld+json\" class=\"yoast-schema-graph\">{\"@context\":\"https:\/\/schema.org\",\"@graph\":[{\"@type\":\"WebPage\",\"@id\":\"https:\/\/ultralimited.it\/de\/brillen\/fucecchio\/\",\"url\":\"https:\/\/ultralimited.it\/de\/brillen\/fucecchio\/\",\"name\":\"Fucecchio - Ultra Limited\",\"isPartOf\":{\"@id\":\"https:\/\/ultralimited.it\/en\/#website\"},\"primaryImageOfPage\":{\"@id\":\"https:\/\/ultralimited.it\/de\/brillen\/fucecchio\/#primaryimage\"},\"image\":{\"@id\":\"https:\/\/ultralimited.it\/de\/brillen\/fucecchio\/#primaryimage\"},\"thumbnailUrl\":\"https:\/\/ultralimited.it\/wp-content\/uploads\/2025\/07\/ULFUHA.jpg\",\"datePublished\":\"2025-07-30T08:55:34+00:00\",\"dateModified\":\"2025-07-31T13:17:10+00:00\",\"breadcrumb\":{\"@id\":\"https:\/\/ultralimited.it\/de\/brillen\/fucecchio\/#breadcrumb\"},\"inLanguage\":\"de\",\"potentialAction\":[{\"@type\":\"ReadAction\",\"target\":[\"https:\/\/ultralimited.it\/de\/brillen\/fucecchio\/\"]}]},{\"@type\":\"ImageObject\",\"inLanguage\":\"de\",\"@id\":\"https:\/\/ultralimited.it\/de\/brillen\/fucecchio\/#primaryimage\",\"url\":\"https:\/\/ultralimited.it\/wp-content\/uploads\/2025\/07\/ULFUHA.jpg\",\"contentUrl\":\"https:\/\/ultralimited.it\/wp-content\/uploads\/2025\/07\/ULFUHA.jpg\",\"width\":1600,\"height\":1200},{\"@type\":\"BreadcrumbList\",\"@id\":\"https:\/\/ultralimited.it\/de\/brillen\/fucecchio\/#breadcrumb\",\"itemListElement\":[{\"@type\":\"ListItem\",\"position\":1,\"name\":\"Home\",\"item\":\"https:\/\/ultralimited.it\/de\/\"},{\"@type\":\"ListItem\",\"position\":2,\"name\":\"Fucecchio\"}]},{\"@type\":\"WebSite\",\"@id\":\"https:\/\/ultralimited.it\/en\/#website\",\"url\":\"https:\/\/ultralimited.it\/en\/\",\"name\":\"Ultra Limited\",\"description\":\"\",\"potentialAction\":[{\"@type\":\"SearchAction\",\"target\":{\"@type\":\"EntryPoint\",\"urlTemplate\":\"https:\/\/ultralimited.it\/en\/?s={search_term_string}\"},\"query-input\":{\"@type\":\"PropertyValueSpecification\",\"valueRequired\":true,\"valueName\":\"search_term_string\"}}],\"inLanguage\":\"de\"}]}<\/script>\n<!-- \/ Yoast SEO plugin. -->","yoast_head_json":{"title":"Fucecchio - Ultra Limited","robots":{"index":"index","follow":"follow","max-snippet":"max-snippet:-1","max-image-preview":"max-image-preview:large","max-video-preview":"max-video-preview:-1"},"canonical":"https:\/\/ultralimited.it\/de\/brillen\/fucecchio\/","og_locale":"de_DE","og_type":"article","og_title":"Fucecchio - Ultra Limited","og_description":"Brillenmodell Fucecchio Die Fucecchio-Brillen von Ultra Limited sind eine perfekte Kombination aus Stil und Funktionalit\u00e4t. Mit einem Acetatdesign zeichnet sich dieses Modell durch den Doppelsteg und die vollst\u00e4ndige Verklebung aus, die Robustheit und eine raffinierte \u00c4sthetik gew\u00e4hrleisten. Die unteren Klebeelemente, die darauf ausgelegt sind, einen markanten Akzent zu setzen, bieten ein elegantes und modernes Detail. ...","og_url":"https:\/\/ultralimited.it\/de\/brillen\/fucecchio\/","og_site_name":"Ultra Limited","article_modified_time":"2025-07-31T13:17:10+00:00","og_image":[{"width":1600,"height":1200,"url":"https:\/\/ultralimited.it\/wp-content\/uploads\/2025\/07\/ULFUHA.jpg","type":"image\/jpeg"}],"twitter_card":"summary_large_image","twitter_misc":{"Gesch\u00e4tzte Lesezeit":"1\u00a0Minute"},"schema":{"@context":"https:\/\/schema.org","@graph":[{"@type":"WebPage","@id":"https:\/\/ultralimited.it\/de\/brillen\/fucecchio\/","url":"https:\/\/ultralimited.it\/de\/brillen\/fucecchio\/","name":"Fucecchio - Ultra Limited","isPartOf":{"@id":"https:\/\/ultralimited.it\/en\/#website"},"primaryImageOfPage":{"@id":"https:\/\/ultralimited.it\/de\/brillen\/fucecchio\/#primaryimage"},"image":{"@id":"https:\/\/ultralimited.it\/de\/brillen\/fucecchio\/#primaryimage"},"thumbnailUrl":"https:\/\/ultralimited.it\/wp-content\/uploads\/2025\/07\/ULFUHA.jpg","datePublished":"2025-07-30T08:55:34+00:00","dateModified":"2025-07-31T13:17:10+00:00","breadcrumb":{"@id":"https:\/\/ultralimited.it\/de\/brillen\/fucecchio\/#breadcrumb"},"inLanguage":"de","potentialAction":[{"@type":"ReadAction","target":["https:\/\/ultralimited.it\/de\/brillen\/fucecchio\/"]}]},{"@type":"ImageObject","inLanguage":"de","@id":"https:\/\/ultralimited.it\/de\/brillen\/fucecchio\/#primaryimage","url":"https:\/\/ultralimited.it\/wp-content\/uploads\/2025\/07\/ULFUHA.jpg","contentUrl":"https:\/\/ultralimited.it\/wp-content\/uploads\/2025\/07\/ULFUHA.jpg","width":1600,"height":1200},{"@type":"BreadcrumbList","@id":"https:\/\/ultralimited.it\/de\/brillen\/fucecchio\/#breadcrumb","itemListElement":[{"@type":"ListItem","position":1,"name":"Home","item":"https:\/\/ultralimited.it\/de\/"},{"@type":"ListItem","position":2,"name":"Fucecchio"}]},{"@type":"WebSite","@id":"https:\/\/ultralimited.it\/en\/#website","url":"https:\/\/ultralimited.it\/en\/","name":"Ultra Limited","description":"","potentialAction":[{"@type":"SearchAction","target":{"@type":"EntryPoint","urlTemplate":"https:\/\/ultralimited.it\/en\/?s={search_term_string}"},"query-input":{"@type":"PropertyValueSpecification","valueRequired":true,"valueName":"search_term_string"}}],"inLanguage":"de"}]}},"_links":{"self":[{"href":"https:\/\/ultralimited.it\/de\/wp-json\/wp\/v2\/product\/29987","targetHints":{"allow":["GET"]}}],"collection":[{"href":"https:\/\/ultralimited.it\/de\/wp-json\/wp\/v2\/product"}],"about":[{"href":"https:\/\/ultralimited.it\/de\/wp-json\/wp\/v2\/types\/product"}],"wp:featuredmedia":[{"embeddable":true,"href":"https:\/\/ultralimited.it\/de\/wp-json\/wp\/v2\/media\/29790"}],"wp:attachment":[{"href":"https:\/\/ultralimited.it\/de\/wp-json\/wp\/v2\/media?parent=29987"}],"wp:term":[{"taxonomy":"product_brand","embeddable":true,"href":"https:\/\/ultralimited.it\/de\/wp-json\/wp\/v2\/product_brand?post=29987"},{"taxonomy":"product_cat","embeddable":true,"href":"https:\/\/ultralimited.it\/de\/wp-json\/wp\/v2\/product_cat?post=29987"}],"curies":[{"name":"wp","href":"https:\/\/api.w.org\/{rel}","templated":true}]}}