{"id":29706,"date":"2025-07-30T09:58:16","date_gmt":"2025-07-30T07:58:16","guid":{"rendered":"http:\/\/ultralimited.it\/?post_type=product&#038;p=29706"},"modified":"2025-08-01T13:47:38","modified_gmt":"2025-08-01T11:47:38","slug":"faenza","status":"publish","type":"product","link":"https:\/\/ultralimited.it\/de\/damen\/faenza\/","title":{"rendered":"Faenza"},"content":{"rendered":"<p data-start=\"1568\" data-end=\"1592\"><strong data-start=\"1568\" data-end=\"1592\">Brillenmodell Faenza<\/strong><\/p>\n<p data-start=\"1594\" data-end=\"2050\">Eleganz und K\u00fchnheit, dank seiner Schmetterlingsform, die den Tr\u00e4gern einen markanten Touch verleiht. Hergestellt aus hochwertigem Acetat, bieten diese Brillen \u00fcberraschende Leichtigkeit, ohne die Widerstandsf\u00e4higkeit zu beeintr\u00e4chtigen. Die vollst\u00e4ndige Verklebung des Gestells gew\u00e4hrleistet langanhaltende Festigkeit, w\u00e4hrend das raffinierte Design sich perfekt an jedes Gesicht anpasst und es zu einem vielseitigen Accessoire f\u00fcr jede Gelegenheit macht.<\/p>\n<p data-start=\"2052\" data-end=\"2383\">Erh\u00e4ltlich in verschiedenen Farben \u2013 Wei\u00df, Blau, Bordeaux und Schwarz \u2013 zeichnet sich das Modell Faenza durch seine F\u00e4higkeit aus, sich jedem Stil anzupassen und immer einen modernen und eleganten Look zu bieten. Jede Farbvariante wurde entwickelt, um die Pers\u00f6nlichkeit des Tr\u00e4gers zu unterstreichen, ohne dabei Eleganz zu opfern.<\/p>\n","protected":false},"excerpt":{"rendered":"<p>Brillenmodell Faenza Eleganz und K\u00fchnheit, dank seiner Schmetterlingsform, die den Tr\u00e4gern einen markanten Touch verleiht. Hergestellt aus hochwertigem Acetat, bieten diese Brillen \u00fcberraschende Leichtigkeit, ohne die Widerstandsf\u00e4higkeit zu beeintr\u00e4chtigen. Die vollst\u00e4ndige Verklebung des Gestells gew\u00e4hrleistet langanhaltende Festigkeit, w\u00e4hrend das raffinierte Design sich perfekt an jedes Gesicht anpasst und es zu einem vielseitigen Accessoire f\u00fcr jede <a href=\"https:\/\/ultralimited.it\/de\/damen\/faenza\/\" class=\"more-link\">&#8230;<\/a><\/p>\n","protected":false},"featured_media":29765,"template":"","meta":{"_acf_changed":false},"product_brand":[],"product_cat":[128,123,120],"class_list":{"0":"post-29706","1":"product","2":"type-product","3":"status-publish","4":"has-post-thumbnail","6":"product_cat-brille","7":"product_cat-brillen","8":"product_cat-damen","10":"first","11":"instock","12":"shipping-taxable","13":"product-type-variable"},"acf":[],"yoast_head":"<!-- This site is optimized with the Yoast SEO plugin v26.4 - https:\/\/yoast.com\/wordpress\/plugins\/seo\/ -->\n<title>Faenza - Ultra Limited<\/title>\n<meta name=\"robots\" content=\"index, follow, max-snippet:-1, max-image-preview:large, max-video-preview:-1\" \/>\n<link rel=\"canonical\" href=\"https:\/\/ultralimited.it\/de\/damen\/faenza\/\" \/>\n<meta property=\"og:locale\" content=\"de_DE\" \/>\n<meta property=\"og:type\" content=\"article\" \/>\n<meta property=\"og:title\" content=\"Faenza - Ultra Limited\" \/>\n<meta property=\"og:description\" content=\"Brillenmodell Faenza Eleganz und K\u00fchnheit, dank seiner Schmetterlingsform, die den Tr\u00e4gern einen markanten Touch verleiht. Hergestellt aus hochwertigem Acetat, bieten diese Brillen \u00fcberraschende Leichtigkeit, ohne die Widerstandsf\u00e4higkeit zu beeintr\u00e4chtigen. Die vollst\u00e4ndige Verklebung des Gestells gew\u00e4hrleistet langanhaltende Festigkeit, w\u00e4hrend das raffinierte Design sich perfekt an jedes Gesicht anpasst und es zu einem vielseitigen Accessoire f\u00fcr jede ...\" \/>\n<meta property=\"og:url\" content=\"https:\/\/ultralimited.it\/de\/damen\/faenza\/\" \/>\n<meta property=\"og:site_name\" content=\"Ultra Limited\" \/>\n<meta property=\"article:modified_time\" content=\"2025-08-01T11:47:38+00:00\" \/>\n<meta property=\"og:image\" content=\"https:\/\/ultralimited.it\/wp-content\/uploads\/2025\/07\/ULFABI.jpg\" \/>\n\t<meta property=\"og:image:width\" content=\"1600\" \/>\n\t<meta property=\"og:image:height\" content=\"1200\" \/>\n\t<meta property=\"og:image:type\" content=\"image\/jpeg\" \/>\n<meta name=\"twitter:card\" content=\"summary_large_image\" \/>\n<meta name=\"twitter:label1\" content=\"Gesch\u00e4tzte Lesezeit\" \/>\n\t<meta name=\"twitter:data1\" content=\"1\u00a0Minute\" \/>\n<script type=\"application\/ld+json\" class=\"yoast-schema-graph\">{\"@context\":\"https:\/\/schema.org\",\"@graph\":[{\"@type\":\"WebPage\",\"@id\":\"https:\/\/ultralimited.it\/de\/damen\/faenza\/\",\"url\":\"https:\/\/ultralimited.it\/de\/damen\/faenza\/\",\"name\":\"Faenza - Ultra Limited\",\"isPartOf\":{\"@id\":\"https:\/\/ultralimited.it\/en\/#website\"},\"primaryImageOfPage\":{\"@id\":\"https:\/\/ultralimited.it\/de\/damen\/faenza\/#primaryimage\"},\"image\":{\"@id\":\"https:\/\/ultralimited.it\/de\/damen\/faenza\/#primaryimage\"},\"thumbnailUrl\":\"https:\/\/ultralimited.it\/wp-content\/uploads\/2025\/07\/ULFABI.jpg\",\"datePublished\":\"2025-07-30T07:58:16+00:00\",\"dateModified\":\"2025-08-01T11:47:38+00:00\",\"breadcrumb\":{\"@id\":\"https:\/\/ultralimited.it\/de\/damen\/faenza\/#breadcrumb\"},\"inLanguage\":\"de\",\"potentialAction\":[{\"@type\":\"ReadAction\",\"target\":[\"https:\/\/ultralimited.it\/de\/damen\/faenza\/\"]}]},{\"@type\":\"ImageObject\",\"inLanguage\":\"de\",\"@id\":\"https:\/\/ultralimited.it\/de\/damen\/faenza\/#primaryimage\",\"url\":\"https:\/\/ultralimited.it\/wp-content\/uploads\/2025\/07\/ULFABI.jpg\",\"contentUrl\":\"https:\/\/ultralimited.it\/wp-content\/uploads\/2025\/07\/ULFABI.jpg\",\"width\":1600,\"height\":1200},{\"@type\":\"BreadcrumbList\",\"@id\":\"https:\/\/ultralimited.it\/de\/damen\/faenza\/#breadcrumb\",\"itemListElement\":[{\"@type\":\"ListItem\",\"position\":1,\"name\":\"Home\",\"item\":\"https:\/\/ultralimited.it\/de\/\"},{\"@type\":\"ListItem\",\"position\":2,\"name\":\"Faenza\"}]},{\"@type\":\"WebSite\",\"@id\":\"https:\/\/ultralimited.it\/en\/#website\",\"url\":\"https:\/\/ultralimited.it\/en\/\",\"name\":\"Ultra Limited\",\"description\":\"\",\"potentialAction\":[{\"@type\":\"SearchAction\",\"target\":{\"@type\":\"EntryPoint\",\"urlTemplate\":\"https:\/\/ultralimited.it\/en\/?s={search_term_string}\"},\"query-input\":{\"@type\":\"PropertyValueSpecification\",\"valueRequired\":true,\"valueName\":\"search_term_string\"}}],\"inLanguage\":\"de\"}]}<\/script>\n<!-- \/ Yoast SEO plugin. -->","yoast_head_json":{"title":"Faenza - Ultra Limited","robots":{"index":"index","follow":"follow","max-snippet":"max-snippet:-1","max-image-preview":"max-image-preview:large","max-video-preview":"max-video-preview:-1"},"canonical":"https:\/\/ultralimited.it\/de\/damen\/faenza\/","og_locale":"de_DE","og_type":"article","og_title":"Faenza - Ultra Limited","og_description":"Brillenmodell Faenza Eleganz und K\u00fchnheit, dank seiner Schmetterlingsform, die den Tr\u00e4gern einen markanten Touch verleiht. Hergestellt aus hochwertigem Acetat, bieten diese Brillen \u00fcberraschende Leichtigkeit, ohne die Widerstandsf\u00e4higkeit zu beeintr\u00e4chtigen. Die vollst\u00e4ndige Verklebung des Gestells gew\u00e4hrleistet langanhaltende Festigkeit, w\u00e4hrend das raffinierte Design sich perfekt an jedes Gesicht anpasst und es zu einem vielseitigen Accessoire f\u00fcr jede ...","og_url":"https:\/\/ultralimited.it\/de\/damen\/faenza\/","og_site_name":"Ultra Limited","article_modified_time":"2025-08-01T11:47:38+00:00","og_image":[{"width":1600,"height":1200,"url":"https:\/\/ultralimited.it\/wp-content\/uploads\/2025\/07\/ULFABI.jpg","type":"image\/jpeg"}],"twitter_card":"summary_large_image","twitter_misc":{"Gesch\u00e4tzte Lesezeit":"1\u00a0Minute"},"schema":{"@context":"https:\/\/schema.org","@graph":[{"@type":"WebPage","@id":"https:\/\/ultralimited.it\/de\/damen\/faenza\/","url":"https:\/\/ultralimited.it\/de\/damen\/faenza\/","name":"Faenza - Ultra Limited","isPartOf":{"@id":"https:\/\/ultralimited.it\/en\/#website"},"primaryImageOfPage":{"@id":"https:\/\/ultralimited.it\/de\/damen\/faenza\/#primaryimage"},"image":{"@id":"https:\/\/ultralimited.it\/de\/damen\/faenza\/#primaryimage"},"thumbnailUrl":"https:\/\/ultralimited.it\/wp-content\/uploads\/2025\/07\/ULFABI.jpg","datePublished":"2025-07-30T07:58:16+00:00","dateModified":"2025-08-01T11:47:38+00:00","breadcrumb":{"@id":"https:\/\/ultralimited.it\/de\/damen\/faenza\/#breadcrumb"},"inLanguage":"de","potentialAction":[{"@type":"ReadAction","target":["https:\/\/ultralimited.it\/de\/damen\/faenza\/"]}]},{"@type":"ImageObject","inLanguage":"de","@id":"https:\/\/ultralimited.it\/de\/damen\/faenza\/#primaryimage","url":"https:\/\/ultralimited.it\/wp-content\/uploads\/2025\/07\/ULFABI.jpg","contentUrl":"https:\/\/ultralimited.it\/wp-content\/uploads\/2025\/07\/ULFABI.jpg","width":1600,"height":1200},{"@type":"BreadcrumbList","@id":"https:\/\/ultralimited.it\/de\/damen\/faenza\/#breadcrumb","itemListElement":[{"@type":"ListItem","position":1,"name":"Home","item":"https:\/\/ultralimited.it\/de\/"},{"@type":"ListItem","position":2,"name":"Faenza"}]},{"@type":"WebSite","@id":"https:\/\/ultralimited.it\/en\/#website","url":"https:\/\/ultralimited.it\/en\/","name":"Ultra Limited","description":"","potentialAction":[{"@type":"SearchAction","target":{"@type":"EntryPoint","urlTemplate":"https:\/\/ultralimited.it\/en\/?s={search_term_string}"},"query-input":{"@type":"PropertyValueSpecification","valueRequired":true,"valueName":"search_term_string"}}],"inLanguage":"de"}]}},"_links":{"self":[{"href":"https:\/\/ultralimited.it\/de\/wp-json\/wp\/v2\/product\/29706","targetHints":{"allow":["GET"]}}],"collection":[{"href":"https:\/\/ultralimited.it\/de\/wp-json\/wp\/v2\/product"}],"about":[{"href":"https:\/\/ultralimited.it\/de\/wp-json\/wp\/v2\/types\/product"}],"wp:featuredmedia":[{"embeddable":true,"href":"https:\/\/ultralimited.it\/de\/wp-json\/wp\/v2\/media\/29765"}],"wp:attachment":[{"href":"https:\/\/ultralimited.it\/de\/wp-json\/wp\/v2\/media?parent=29706"}],"wp:term":[{"taxonomy":"product_brand","embeddable":true,"href":"https:\/\/ultralimited.it\/de\/wp-json\/wp\/v2\/product_brand?post=29706"},{"taxonomy":"product_cat","embeddable":true,"href":"https:\/\/ultralimited.it\/de\/wp-json\/wp\/v2\/product_cat?post=29706"}],"curies":[{"name":"wp","href":"https:\/\/api.w.org\/{rel}","templated":true}]}}