{"id":28442,"date":"2025-01-03T14:22:28","date_gmt":"2025-01-03T13:22:30","guid":{"rendered":"http:\/\/ultralimited.it\/?post_type=product&#038;p=28442"},"modified":"2025-01-15T15:15:38","modified_gmt":"2025-01-15T14:15:38","slug":"giudecca","status":"publish","type":"product","link":"https:\/\/ultralimited.it\/de\/damen\/giudecca\/","title":{"rendered":"Giudecca"},"content":{"rendered":"<p>Sonnenbrille Ultra Limited Giudecca f\u00fcr Damen: Mit der erlesenen Cateye-Form ist diese Brille eine perfekte Verbindung von Tradition und Innovation. Jede Brille wird aus 12 Celluloseacetatfolien handgefertigt, die in einem \u00fcber 41-t\u00e4gigen Prozess sorgf\u00e4ltig verarbeitet werden. Jeder Schritt, von der Auswahl bis zum Polieren, tr\u00e4gt dazu bei, ein einmaliges Produkt in hoher Qualit\u00e4t zu garantieren. Die erh\u00e4ltlichen Farben \u2013 Blau, Bordeaux, Havana und Schwarz \u2013 sind exklusiv. Jede Brille wird durch die handwerkliche Bearbeitung personalisiert, denn dadurch wird jede ein Einzelst\u00fcck. Mehr \u00fcber das Modell Giudecca von Ultra Limited, ein einmaliges, elegantes Accessoire.<\/p>\n","protected":false},"excerpt":{"rendered":"<p>Sonnenbrille Ultra Limited Giudecca f\u00fcr Damen: Mit der erlesenen Cateye-Form ist diese Brille eine perfekte Verbindung von Tradition und Innovation. Jede Brille wird aus 12 Celluloseacetatfolien handgefertigt, die in einem \u00fcber 41-t\u00e4gigen Prozess sorgf\u00e4ltig verarbeitet werden. Jeder Schritt, von der Auswahl bis zum Polieren, tr\u00e4gt dazu bei, ein einmaliges Produkt in hoher Qualit\u00e4t zu garantieren. <a href=\"https:\/\/ultralimited.it\/de\/damen\/giudecca\/\" class=\"more-link\">&#8230;<\/a><\/p>\n","protected":false},"featured_media":28612,"template":"","meta":{"_acf_changed":false},"product_brand":[],"product_cat":[128,120,126],"class_list":{"0":"post-28442","1":"product","2":"type-product","3":"status-publish","4":"has-post-thumbnail","6":"product_cat-brille","7":"product_cat-damen","8":"product_cat-sonnenbrillen","10":"first","11":"instock","12":"shipping-taxable","13":"product-type-variable"},"acf":[],"yoast_head":"<!-- This site is optimized with the Yoast SEO plugin v26.4 - https:\/\/yoast.com\/wordpress\/plugins\/seo\/ -->\n<title>Giudecca - Ultra Limited<\/title>\n<meta name=\"robots\" content=\"index, follow, max-snippet:-1, max-image-preview:large, max-video-preview:-1\" \/>\n<link rel=\"canonical\" href=\"https:\/\/ultralimited.it\/de\/damen\/giudecca\/\" \/>\n<meta property=\"og:locale\" content=\"de_DE\" \/>\n<meta property=\"og:type\" content=\"article\" \/>\n<meta property=\"og:title\" content=\"Giudecca - Ultra Limited\" \/>\n<meta property=\"og:description\" content=\"Sonnenbrille Ultra Limited Giudecca f\u00fcr Damen: Mit der erlesenen Cateye-Form ist diese Brille eine perfekte Verbindung von Tradition und Innovation. Jede Brille wird aus 12 Celluloseacetatfolien handgefertigt, die in einem \u00fcber 41-t\u00e4gigen Prozess sorgf\u00e4ltig verarbeitet werden. Jeder Schritt, von der Auswahl bis zum Polieren, tr\u00e4gt dazu bei, ein einmaliges Produkt in hoher Qualit\u00e4t zu garantieren. ...\" \/>\n<meta property=\"og:url\" content=\"https:\/\/ultralimited.it\/de\/damen\/giudecca\/\" \/>\n<meta property=\"og:site_name\" content=\"Ultra Limited\" \/>\n<meta property=\"article:modified_time\" content=\"2025-01-15T14:15:38+00:00\" \/>\n<meta property=\"og:image\" content=\"https:\/\/ultralimited.it\/wp-content\/uploads\/2025\/01\/GIUDECCA-S-F-BORDEAUX.jpg\" \/>\n\t<meta property=\"og:image:width\" content=\"1600\" \/>\n\t<meta property=\"og:image:height\" content=\"1200\" \/>\n\t<meta property=\"og:image:type\" content=\"image\/jpeg\" \/>\n<meta name=\"twitter:card\" content=\"summary_large_image\" \/>\n<meta name=\"twitter:label1\" content=\"Gesch\u00e4tzte Lesezeit\" \/>\n\t<meta name=\"twitter:data1\" content=\"1\u00a0Minute\" \/>\n<script type=\"application\/ld+json\" class=\"yoast-schema-graph\">{\"@context\":\"https:\/\/schema.org\",\"@graph\":[{\"@type\":\"WebPage\",\"@id\":\"https:\/\/ultralimited.it\/de\/damen\/giudecca\/\",\"url\":\"https:\/\/ultralimited.it\/de\/damen\/giudecca\/\",\"name\":\"Giudecca - Ultra Limited\",\"isPartOf\":{\"@id\":\"https:\/\/ultralimited.it\/en\/#website\"},\"primaryImageOfPage\":{\"@id\":\"https:\/\/ultralimited.it\/de\/damen\/giudecca\/#primaryimage\"},\"image\":{\"@id\":\"https:\/\/ultralimited.it\/de\/damen\/giudecca\/#primaryimage\"},\"thumbnailUrl\":\"https:\/\/ultralimited.it\/wp-content\/uploads\/2025\/01\/GIUDECCA-S-F-BORDEAUX.jpg\",\"datePublished\":\"2025-01-03T13:22:30+00:00\",\"dateModified\":\"2025-01-15T14:15:38+00:00\",\"breadcrumb\":{\"@id\":\"https:\/\/ultralimited.it\/de\/damen\/giudecca\/#breadcrumb\"},\"inLanguage\":\"de\",\"potentialAction\":[{\"@type\":\"ReadAction\",\"target\":[\"https:\/\/ultralimited.it\/de\/damen\/giudecca\/\"]}]},{\"@type\":\"ImageObject\",\"inLanguage\":\"de\",\"@id\":\"https:\/\/ultralimited.it\/de\/damen\/giudecca\/#primaryimage\",\"url\":\"https:\/\/ultralimited.it\/wp-content\/uploads\/2025\/01\/GIUDECCA-S-F-BORDEAUX.jpg\",\"contentUrl\":\"https:\/\/ultralimited.it\/wp-content\/uploads\/2025\/01\/GIUDECCA-S-F-BORDEAUX.jpg\",\"width\":1600,\"height\":1200},{\"@type\":\"BreadcrumbList\",\"@id\":\"https:\/\/ultralimited.it\/de\/damen\/giudecca\/#breadcrumb\",\"itemListElement\":[{\"@type\":\"ListItem\",\"position\":1,\"name\":\"Home\",\"item\":\"https:\/\/ultralimited.it\/de\/\"},{\"@type\":\"ListItem\",\"position\":2,\"name\":\"Giudecca\"}]},{\"@type\":\"WebSite\",\"@id\":\"https:\/\/ultralimited.it\/en\/#website\",\"url\":\"https:\/\/ultralimited.it\/en\/\",\"name\":\"Ultra Limited\",\"description\":\"\",\"potentialAction\":[{\"@type\":\"SearchAction\",\"target\":{\"@type\":\"EntryPoint\",\"urlTemplate\":\"https:\/\/ultralimited.it\/en\/?s={search_term_string}\"},\"query-input\":{\"@type\":\"PropertyValueSpecification\",\"valueRequired\":true,\"valueName\":\"search_term_string\"}}],\"inLanguage\":\"de\"}]}<\/script>\n<!-- \/ Yoast SEO plugin. -->","yoast_head_json":{"title":"Giudecca - Ultra Limited","robots":{"index":"index","follow":"follow","max-snippet":"max-snippet:-1","max-image-preview":"max-image-preview:large","max-video-preview":"max-video-preview:-1"},"canonical":"https:\/\/ultralimited.it\/de\/damen\/giudecca\/","og_locale":"de_DE","og_type":"article","og_title":"Giudecca - Ultra Limited","og_description":"Sonnenbrille Ultra Limited Giudecca f\u00fcr Damen: Mit der erlesenen Cateye-Form ist diese Brille eine perfekte Verbindung von Tradition und Innovation. Jede Brille wird aus 12 Celluloseacetatfolien handgefertigt, die in einem \u00fcber 41-t\u00e4gigen Prozess sorgf\u00e4ltig verarbeitet werden. Jeder Schritt, von der Auswahl bis zum Polieren, tr\u00e4gt dazu bei, ein einmaliges Produkt in hoher Qualit\u00e4t zu garantieren. ...","og_url":"https:\/\/ultralimited.it\/de\/damen\/giudecca\/","og_site_name":"Ultra Limited","article_modified_time":"2025-01-15T14:15:38+00:00","og_image":[{"width":1600,"height":1200,"url":"https:\/\/ultralimited.it\/wp-content\/uploads\/2025\/01\/GIUDECCA-S-F-BORDEAUX.jpg","type":"image\/jpeg"}],"twitter_card":"summary_large_image","twitter_misc":{"Gesch\u00e4tzte Lesezeit":"1\u00a0Minute"},"schema":{"@context":"https:\/\/schema.org","@graph":[{"@type":"WebPage","@id":"https:\/\/ultralimited.it\/de\/damen\/giudecca\/","url":"https:\/\/ultralimited.it\/de\/damen\/giudecca\/","name":"Giudecca - Ultra Limited","isPartOf":{"@id":"https:\/\/ultralimited.it\/en\/#website"},"primaryImageOfPage":{"@id":"https:\/\/ultralimited.it\/de\/damen\/giudecca\/#primaryimage"},"image":{"@id":"https:\/\/ultralimited.it\/de\/damen\/giudecca\/#primaryimage"},"thumbnailUrl":"https:\/\/ultralimited.it\/wp-content\/uploads\/2025\/01\/GIUDECCA-S-F-BORDEAUX.jpg","datePublished":"2025-01-03T13:22:30+00:00","dateModified":"2025-01-15T14:15:38+00:00","breadcrumb":{"@id":"https:\/\/ultralimited.it\/de\/damen\/giudecca\/#breadcrumb"},"inLanguage":"de","potentialAction":[{"@type":"ReadAction","target":["https:\/\/ultralimited.it\/de\/damen\/giudecca\/"]}]},{"@type":"ImageObject","inLanguage":"de","@id":"https:\/\/ultralimited.it\/de\/damen\/giudecca\/#primaryimage","url":"https:\/\/ultralimited.it\/wp-content\/uploads\/2025\/01\/GIUDECCA-S-F-BORDEAUX.jpg","contentUrl":"https:\/\/ultralimited.it\/wp-content\/uploads\/2025\/01\/GIUDECCA-S-F-BORDEAUX.jpg","width":1600,"height":1200},{"@type":"BreadcrumbList","@id":"https:\/\/ultralimited.it\/de\/damen\/giudecca\/#breadcrumb","itemListElement":[{"@type":"ListItem","position":1,"name":"Home","item":"https:\/\/ultralimited.it\/de\/"},{"@type":"ListItem","position":2,"name":"Giudecca"}]},{"@type":"WebSite","@id":"https:\/\/ultralimited.it\/en\/#website","url":"https:\/\/ultralimited.it\/en\/","name":"Ultra Limited","description":"","potentialAction":[{"@type":"SearchAction","target":{"@type":"EntryPoint","urlTemplate":"https:\/\/ultralimited.it\/en\/?s={search_term_string}"},"query-input":{"@type":"PropertyValueSpecification","valueRequired":true,"valueName":"search_term_string"}}],"inLanguage":"de"}]}},"_links":{"self":[{"href":"https:\/\/ultralimited.it\/de\/wp-json\/wp\/v2\/product\/28442","targetHints":{"allow":["GET"]}}],"collection":[{"href":"https:\/\/ultralimited.it\/de\/wp-json\/wp\/v2\/product"}],"about":[{"href":"https:\/\/ultralimited.it\/de\/wp-json\/wp\/v2\/types\/product"}],"wp:featuredmedia":[{"embeddable":true,"href":"https:\/\/ultralimited.it\/de\/wp-json\/wp\/v2\/media\/28612"}],"wp:attachment":[{"href":"https:\/\/ultralimited.it\/de\/wp-json\/wp\/v2\/media?parent=28442"}],"wp:term":[{"taxonomy":"product_brand","embeddable":true,"href":"https:\/\/ultralimited.it\/de\/wp-json\/wp\/v2\/product_brand?post=28442"},{"taxonomy":"product_cat","embeddable":true,"href":"https:\/\/ultralimited.it\/de\/wp-json\/wp\/v2\/product_cat?post=28442"}],"curies":[{"name":"wp","href":"https:\/\/api.w.org\/{rel}","templated":true}]}}