{"id":28384,"date":"2025-01-03T14:16:51","date_gmt":"2025-01-03T13:16:52","guid":{"rendered":"http:\/\/ultralimited.it\/?post_type=product&#038;p=28384"},"modified":"2025-01-15T15:33:05","modified_gmt":"2025-01-15T14:33:05","slug":"bergeggi","status":"publish","type":"product","link":"https:\/\/ultralimited.it\/de\/damen\/bergeggi\/","title":{"rendered":"Bergeggi"},"content":{"rendered":"<p>Sonnenbrille Ultra Limited Bergeggi f\u00fcr Damen: Die unregelm\u00e4\u00dfige, k\u00fchne Form verleiht diesem Modell einen eleganten Akzent. Jede Brille wird von Hand aus 12 Celluloseacetatfolien hergestellt. Der komplexe Verarbeitungsprozess dauert \u00fcber 41 Tage und umfasst die Auswahl, das Verkleben, Aush\u00e4rten, Pressen, Brennen, Schneiden, Schleifen, Feinschleifen und Polieren. Die Fassung wird von einem thermogeformten B\u00fcgel abgerundet, der durch Diamantschliff veredelt wird und so das Design, aber auch die Best\u00e4ndigkeit erh\u00f6ht. Die erh\u00e4ltlichen Farben \u2013 Wei\u00df, Havana und Schwarz \u2013 sind elegant und erlesen. Jede Brille erwirbt durch die handwerkliche Bearbeitung eine einmalige Personalisierung. Mehr \u00fcber das Modell Bergeggi von Ultra Limited, das f\u00fcr einen erlesenen, auff\u00e4lligen Look sorgt.<\/p>\n","protected":false},"excerpt":{"rendered":"<p>Sonnenbrille Ultra Limited Bergeggi f\u00fcr Damen: Die unregelm\u00e4\u00dfige, k\u00fchne Form verleiht diesem Modell einen eleganten Akzent. Jede Brille wird von Hand aus 12 Celluloseacetatfolien hergestellt. Der komplexe Verarbeitungsprozess dauert \u00fcber 41 Tage und umfasst die Auswahl, das Verkleben, Aush\u00e4rten, Pressen, Brennen, Schneiden, Schleifen, Feinschleifen und Polieren. Die Fassung wird von einem thermogeformten B\u00fcgel abgerundet, der <a href=\"https:\/\/ultralimited.it\/de\/damen\/bergeggi\/\" class=\"more-link\">&#8230;<\/a><\/p>\n","protected":false},"featured_media":28592,"template":"","meta":{"_acf_changed":false},"product_brand":[],"product_cat":[128,120,126],"class_list":{"0":"post-28384","1":"product","2":"type-product","3":"status-publish","4":"has-post-thumbnail","6":"product_cat-brille","7":"product_cat-damen","8":"product_cat-sonnenbrillen","10":"first","11":"instock","12":"shipping-taxable","13":"product-type-variable"},"acf":[],"yoast_head":"<!-- This site is optimized with the Yoast SEO plugin v26.4 - https:\/\/yoast.com\/wordpress\/plugins\/seo\/ -->\n<title>Bergeggi - Ultra Limited<\/title>\n<meta name=\"robots\" content=\"index, follow, max-snippet:-1, max-image-preview:large, max-video-preview:-1\" \/>\n<link rel=\"canonical\" href=\"https:\/\/ultralimited.it\/de\/damen\/bergeggi\/\" \/>\n<meta property=\"og:locale\" content=\"de_DE\" \/>\n<meta property=\"og:type\" content=\"article\" \/>\n<meta property=\"og:title\" content=\"Bergeggi - Ultra Limited\" \/>\n<meta property=\"og:description\" content=\"Sonnenbrille Ultra Limited Bergeggi f\u00fcr Damen: Die unregelm\u00e4\u00dfige, k\u00fchne Form verleiht diesem Modell einen eleganten Akzent. Jede Brille wird von Hand aus 12 Celluloseacetatfolien hergestellt. Der komplexe Verarbeitungsprozess dauert \u00fcber 41 Tage und umfasst die Auswahl, das Verkleben, Aush\u00e4rten, Pressen, Brennen, Schneiden, Schleifen, Feinschleifen und Polieren. Die Fassung wird von einem thermogeformten B\u00fcgel abgerundet, der ...\" \/>\n<meta property=\"og:url\" content=\"https:\/\/ultralimited.it\/de\/damen\/bergeggi\/\" \/>\n<meta property=\"og:site_name\" content=\"Ultra Limited\" \/>\n<meta property=\"article:modified_time\" content=\"2025-01-15T14:33:05+00:00\" \/>\n<meta property=\"og:image\" content=\"https:\/\/ultralimited.it\/wp-content\/uploads\/2025\/01\/BERGEGGI-S-F-BIANCO.jpg\" \/>\n\t<meta property=\"og:image:width\" content=\"1600\" \/>\n\t<meta property=\"og:image:height\" content=\"1200\" \/>\n\t<meta property=\"og:image:type\" content=\"image\/jpeg\" \/>\n<meta name=\"twitter:card\" content=\"summary_large_image\" \/>\n<meta name=\"twitter:label1\" content=\"Gesch\u00e4tzte Lesezeit\" \/>\n\t<meta name=\"twitter:data1\" content=\"1\u00a0Minute\" \/>\n<script type=\"application\/ld+json\" class=\"yoast-schema-graph\">{\"@context\":\"https:\/\/schema.org\",\"@graph\":[{\"@type\":\"WebPage\",\"@id\":\"https:\/\/ultralimited.it\/de\/damen\/bergeggi\/\",\"url\":\"https:\/\/ultralimited.it\/de\/damen\/bergeggi\/\",\"name\":\"Bergeggi - Ultra Limited\",\"isPartOf\":{\"@id\":\"https:\/\/ultralimited.it\/en\/#website\"},\"primaryImageOfPage\":{\"@id\":\"https:\/\/ultralimited.it\/de\/damen\/bergeggi\/#primaryimage\"},\"image\":{\"@id\":\"https:\/\/ultralimited.it\/de\/damen\/bergeggi\/#primaryimage\"},\"thumbnailUrl\":\"https:\/\/ultralimited.it\/wp-content\/uploads\/2025\/01\/BERGEGGI-S-F-BIANCO.jpg\",\"datePublished\":\"2025-01-03T13:16:52+00:00\",\"dateModified\":\"2025-01-15T14:33:05+00:00\",\"breadcrumb\":{\"@id\":\"https:\/\/ultralimited.it\/de\/damen\/bergeggi\/#breadcrumb\"},\"inLanguage\":\"de\",\"potentialAction\":[{\"@type\":\"ReadAction\",\"target\":[\"https:\/\/ultralimited.it\/de\/damen\/bergeggi\/\"]}]},{\"@type\":\"ImageObject\",\"inLanguage\":\"de\",\"@id\":\"https:\/\/ultralimited.it\/de\/damen\/bergeggi\/#primaryimage\",\"url\":\"https:\/\/ultralimited.it\/wp-content\/uploads\/2025\/01\/BERGEGGI-S-F-BIANCO.jpg\",\"contentUrl\":\"https:\/\/ultralimited.it\/wp-content\/uploads\/2025\/01\/BERGEGGI-S-F-BIANCO.jpg\",\"width\":1600,\"height\":1200},{\"@type\":\"BreadcrumbList\",\"@id\":\"https:\/\/ultralimited.it\/de\/damen\/bergeggi\/#breadcrumb\",\"itemListElement\":[{\"@type\":\"ListItem\",\"position\":1,\"name\":\"Home\",\"item\":\"https:\/\/ultralimited.it\/de\/\"},{\"@type\":\"ListItem\",\"position\":2,\"name\":\"Bergeggi\"}]},{\"@type\":\"WebSite\",\"@id\":\"https:\/\/ultralimited.it\/en\/#website\",\"url\":\"https:\/\/ultralimited.it\/en\/\",\"name\":\"Ultra Limited\",\"description\":\"\",\"potentialAction\":[{\"@type\":\"SearchAction\",\"target\":{\"@type\":\"EntryPoint\",\"urlTemplate\":\"https:\/\/ultralimited.it\/en\/?s={search_term_string}\"},\"query-input\":{\"@type\":\"PropertyValueSpecification\",\"valueRequired\":true,\"valueName\":\"search_term_string\"}}],\"inLanguage\":\"de\"}]}<\/script>\n<!-- \/ Yoast SEO plugin. -->","yoast_head_json":{"title":"Bergeggi - Ultra Limited","robots":{"index":"index","follow":"follow","max-snippet":"max-snippet:-1","max-image-preview":"max-image-preview:large","max-video-preview":"max-video-preview:-1"},"canonical":"https:\/\/ultralimited.it\/de\/damen\/bergeggi\/","og_locale":"de_DE","og_type":"article","og_title":"Bergeggi - Ultra Limited","og_description":"Sonnenbrille Ultra Limited Bergeggi f\u00fcr Damen: Die unregelm\u00e4\u00dfige, k\u00fchne Form verleiht diesem Modell einen eleganten Akzent. Jede Brille wird von Hand aus 12 Celluloseacetatfolien hergestellt. Der komplexe Verarbeitungsprozess dauert \u00fcber 41 Tage und umfasst die Auswahl, das Verkleben, Aush\u00e4rten, Pressen, Brennen, Schneiden, Schleifen, Feinschleifen und Polieren. Die Fassung wird von einem thermogeformten B\u00fcgel abgerundet, der ...","og_url":"https:\/\/ultralimited.it\/de\/damen\/bergeggi\/","og_site_name":"Ultra Limited","article_modified_time":"2025-01-15T14:33:05+00:00","og_image":[{"width":1600,"height":1200,"url":"https:\/\/ultralimited.it\/wp-content\/uploads\/2025\/01\/BERGEGGI-S-F-BIANCO.jpg","type":"image\/jpeg"}],"twitter_card":"summary_large_image","twitter_misc":{"Gesch\u00e4tzte Lesezeit":"1\u00a0Minute"},"schema":{"@context":"https:\/\/schema.org","@graph":[{"@type":"WebPage","@id":"https:\/\/ultralimited.it\/de\/damen\/bergeggi\/","url":"https:\/\/ultralimited.it\/de\/damen\/bergeggi\/","name":"Bergeggi - Ultra Limited","isPartOf":{"@id":"https:\/\/ultralimited.it\/en\/#website"},"primaryImageOfPage":{"@id":"https:\/\/ultralimited.it\/de\/damen\/bergeggi\/#primaryimage"},"image":{"@id":"https:\/\/ultralimited.it\/de\/damen\/bergeggi\/#primaryimage"},"thumbnailUrl":"https:\/\/ultralimited.it\/wp-content\/uploads\/2025\/01\/BERGEGGI-S-F-BIANCO.jpg","datePublished":"2025-01-03T13:16:52+00:00","dateModified":"2025-01-15T14:33:05+00:00","breadcrumb":{"@id":"https:\/\/ultralimited.it\/de\/damen\/bergeggi\/#breadcrumb"},"inLanguage":"de","potentialAction":[{"@type":"ReadAction","target":["https:\/\/ultralimited.it\/de\/damen\/bergeggi\/"]}]},{"@type":"ImageObject","inLanguage":"de","@id":"https:\/\/ultralimited.it\/de\/damen\/bergeggi\/#primaryimage","url":"https:\/\/ultralimited.it\/wp-content\/uploads\/2025\/01\/BERGEGGI-S-F-BIANCO.jpg","contentUrl":"https:\/\/ultralimited.it\/wp-content\/uploads\/2025\/01\/BERGEGGI-S-F-BIANCO.jpg","width":1600,"height":1200},{"@type":"BreadcrumbList","@id":"https:\/\/ultralimited.it\/de\/damen\/bergeggi\/#breadcrumb","itemListElement":[{"@type":"ListItem","position":1,"name":"Home","item":"https:\/\/ultralimited.it\/de\/"},{"@type":"ListItem","position":2,"name":"Bergeggi"}]},{"@type":"WebSite","@id":"https:\/\/ultralimited.it\/en\/#website","url":"https:\/\/ultralimited.it\/en\/","name":"Ultra Limited","description":"","potentialAction":[{"@type":"SearchAction","target":{"@type":"EntryPoint","urlTemplate":"https:\/\/ultralimited.it\/en\/?s={search_term_string}"},"query-input":{"@type":"PropertyValueSpecification","valueRequired":true,"valueName":"search_term_string"}}],"inLanguage":"de"}]}},"_links":{"self":[{"href":"https:\/\/ultralimited.it\/de\/wp-json\/wp\/v2\/product\/28384","targetHints":{"allow":["GET"]}}],"collection":[{"href":"https:\/\/ultralimited.it\/de\/wp-json\/wp\/v2\/product"}],"about":[{"href":"https:\/\/ultralimited.it\/de\/wp-json\/wp\/v2\/types\/product"}],"wp:featuredmedia":[{"embeddable":true,"href":"https:\/\/ultralimited.it\/de\/wp-json\/wp\/v2\/media\/28592"}],"wp:attachment":[{"href":"https:\/\/ultralimited.it\/de\/wp-json\/wp\/v2\/media?parent=28384"}],"wp:term":[{"taxonomy":"product_brand","embeddable":true,"href":"https:\/\/ultralimited.it\/de\/wp-json\/wp\/v2\/product_brand?post=28384"},{"taxonomy":"product_cat","embeddable":true,"href":"https:\/\/ultralimited.it\/de\/wp-json\/wp\/v2\/product_cat?post=28384"}],"curies":[{"name":"wp","href":"https:\/\/api.w.org\/{rel}","templated":true}]}}