{"id":28344,"date":"2025-01-03T14:05:37","date_gmt":"2025-01-03T13:05:40","guid":{"rendered":"http:\/\/ultralimited.it\/?post_type=product&#038;p=28344"},"modified":"2025-01-15T14:55:31","modified_gmt":"2025-01-15T13:55:31","slug":"rovigo","status":"publish","type":"product","link":"https:\/\/ultralimited.it\/de\/brillen\/rovigo\/","title":{"rendered":"Rovigo"},"content":{"rendered":"<p>Herrenbrille Ultra Limited Rovigo: eine perfekte Verschmelzung von kr\u00e4ftigen Farben und modernen Linien mit einer eleganten, entschlossenen kantigen Form. Jede Brille wird aus 12 Celluloseacetatfolien in einem Prozess, der \u00fcber 41 Tage<br \/>\ndauert, handgefertigt. Die Bearbeitung umfasst die Auswahl, das Verkleben, Aush\u00e4rten, Pressen, Brennen, Schneiden, Schleifen, Feinschleifen und Polieren und garantiert damit ein hochwertiges Produkt. Ein einfarbiger Rahmen aus Acetat rundet die Schichtung ab und verleiht der Brille Eleganz. Erh\u00e4ltlich in Wei\u00df, Blau, Schwarz und Rot \u2013 diese Brille ist eine Ikone an Stil und Pers\u00f6nlichkeit. Jede Brille ist dank der handwerklichen Sorgfalt und Pr\u00e4zision einzigartig. Mehr \u00fcber das Modell Rovigo von Ultra Limited. Mit diesem Look bleiben Sie nicht unbemerkt.<\/p>\n","protected":false},"excerpt":{"rendered":"<p>Herrenbrille Ultra Limited Rovigo: eine perfekte Verschmelzung von kr\u00e4ftigen Farben und modernen Linien mit einer eleganten, entschlossenen kantigen Form. Jede Brille wird aus 12 Celluloseacetatfolien in einem Prozess, der \u00fcber 41 Tage dauert, handgefertigt. Die Bearbeitung umfasst die Auswahl, das Verkleben, Aush\u00e4rten, Pressen, Brennen, Schneiden, Schleifen, Feinschleifen und Polieren und garantiert damit ein hochwertiges Produkt. <a href=\"https:\/\/ultralimited.it\/de\/brillen\/rovigo\/\" class=\"more-link\">&#8230;<\/a><\/p>\n","protected":false},"featured_media":28687,"template":"","meta":{"_acf_changed":false},"product_brand":[],"product_cat":[128,123,130],"class_list":{"0":"post-28344","1":"product","2":"type-product","3":"status-publish","4":"has-post-thumbnail","6":"product_cat-brille","7":"product_cat-brillen","8":"product_cat-herren","10":"first","11":"instock","12":"shipping-taxable","13":"product-type-variable"},"acf":[],"yoast_head":"<!-- This site is optimized with the Yoast SEO plugin v26.4 - https:\/\/yoast.com\/wordpress\/plugins\/seo\/ -->\n<title>Rovigo - Ultra Limited<\/title>\n<meta name=\"robots\" content=\"index, follow, max-snippet:-1, max-image-preview:large, max-video-preview:-1\" \/>\n<link rel=\"canonical\" href=\"https:\/\/ultralimited.it\/de\/brillen\/rovigo\/\" \/>\n<meta property=\"og:locale\" content=\"de_DE\" \/>\n<meta property=\"og:type\" content=\"article\" \/>\n<meta property=\"og:title\" content=\"Rovigo - Ultra Limited\" \/>\n<meta property=\"og:description\" content=\"Herrenbrille Ultra Limited Rovigo: eine perfekte Verschmelzung von kr\u00e4ftigen Farben und modernen Linien mit einer eleganten, entschlossenen kantigen Form. Jede Brille wird aus 12 Celluloseacetatfolien in einem Prozess, der \u00fcber 41 Tage dauert, handgefertigt. Die Bearbeitung umfasst die Auswahl, das Verkleben, Aush\u00e4rten, Pressen, Brennen, Schneiden, Schleifen, Feinschleifen und Polieren und garantiert damit ein hochwertiges Produkt. ...\" \/>\n<meta property=\"og:url\" content=\"https:\/\/ultralimited.it\/de\/brillen\/rovigo\/\" \/>\n<meta property=\"og:site_name\" content=\"Ultra Limited\" \/>\n<meta property=\"article:modified_time\" content=\"2025-01-15T13:55:31+00:00\" \/>\n<meta property=\"og:image\" content=\"https:\/\/ultralimited.it\/wp-content\/uploads\/2025\/01\/ROVIGO-V-F-BIANCO.jpg\" \/>\n\t<meta property=\"og:image:width\" content=\"1600\" \/>\n\t<meta property=\"og:image:height\" content=\"1200\" \/>\n\t<meta property=\"og:image:type\" content=\"image\/jpeg\" \/>\n<meta name=\"twitter:card\" content=\"summary_large_image\" \/>\n<meta name=\"twitter:label1\" content=\"Gesch\u00e4tzte Lesezeit\" \/>\n\t<meta name=\"twitter:data1\" content=\"1\u00a0Minute\" \/>\n<script type=\"application\/ld+json\" class=\"yoast-schema-graph\">{\"@context\":\"https:\/\/schema.org\",\"@graph\":[{\"@type\":\"WebPage\",\"@id\":\"https:\/\/ultralimited.it\/de\/brillen\/rovigo\/\",\"url\":\"https:\/\/ultralimited.it\/de\/brillen\/rovigo\/\",\"name\":\"Rovigo - Ultra Limited\",\"isPartOf\":{\"@id\":\"https:\/\/ultralimited.it\/en\/#website\"},\"primaryImageOfPage\":{\"@id\":\"https:\/\/ultralimited.it\/de\/brillen\/rovigo\/#primaryimage\"},\"image\":{\"@id\":\"https:\/\/ultralimited.it\/de\/brillen\/rovigo\/#primaryimage\"},\"thumbnailUrl\":\"https:\/\/ultralimited.it\/wp-content\/uploads\/2025\/01\/ROVIGO-V-F-BIANCO.jpg\",\"datePublished\":\"2025-01-03T13:05:40+00:00\",\"dateModified\":\"2025-01-15T13:55:31+00:00\",\"breadcrumb\":{\"@id\":\"https:\/\/ultralimited.it\/de\/brillen\/rovigo\/#breadcrumb\"},\"inLanguage\":\"de\",\"potentialAction\":[{\"@type\":\"ReadAction\",\"target\":[\"https:\/\/ultralimited.it\/de\/brillen\/rovigo\/\"]}]},{\"@type\":\"ImageObject\",\"inLanguage\":\"de\",\"@id\":\"https:\/\/ultralimited.it\/de\/brillen\/rovigo\/#primaryimage\",\"url\":\"https:\/\/ultralimited.it\/wp-content\/uploads\/2025\/01\/ROVIGO-V-F-BIANCO.jpg\",\"contentUrl\":\"https:\/\/ultralimited.it\/wp-content\/uploads\/2025\/01\/ROVIGO-V-F-BIANCO.jpg\",\"width\":1600,\"height\":1200},{\"@type\":\"BreadcrumbList\",\"@id\":\"https:\/\/ultralimited.it\/de\/brillen\/rovigo\/#breadcrumb\",\"itemListElement\":[{\"@type\":\"ListItem\",\"position\":1,\"name\":\"Home\",\"item\":\"https:\/\/ultralimited.it\/de\/\"},{\"@type\":\"ListItem\",\"position\":2,\"name\":\"Rovigo\"}]},{\"@type\":\"WebSite\",\"@id\":\"https:\/\/ultralimited.it\/en\/#website\",\"url\":\"https:\/\/ultralimited.it\/en\/\",\"name\":\"Ultra Limited\",\"description\":\"\",\"potentialAction\":[{\"@type\":\"SearchAction\",\"target\":{\"@type\":\"EntryPoint\",\"urlTemplate\":\"https:\/\/ultralimited.it\/en\/?s={search_term_string}\"},\"query-input\":{\"@type\":\"PropertyValueSpecification\",\"valueRequired\":true,\"valueName\":\"search_term_string\"}}],\"inLanguage\":\"de\"}]}<\/script>\n<!-- \/ Yoast SEO plugin. -->","yoast_head_json":{"title":"Rovigo - Ultra Limited","robots":{"index":"index","follow":"follow","max-snippet":"max-snippet:-1","max-image-preview":"max-image-preview:large","max-video-preview":"max-video-preview:-1"},"canonical":"https:\/\/ultralimited.it\/de\/brillen\/rovigo\/","og_locale":"de_DE","og_type":"article","og_title":"Rovigo - Ultra Limited","og_description":"Herrenbrille Ultra Limited Rovigo: eine perfekte Verschmelzung von kr\u00e4ftigen Farben und modernen Linien mit einer eleganten, entschlossenen kantigen Form. Jede Brille wird aus 12 Celluloseacetatfolien in einem Prozess, der \u00fcber 41 Tage dauert, handgefertigt. Die Bearbeitung umfasst die Auswahl, das Verkleben, Aush\u00e4rten, Pressen, Brennen, Schneiden, Schleifen, Feinschleifen und Polieren und garantiert damit ein hochwertiges Produkt. ...","og_url":"https:\/\/ultralimited.it\/de\/brillen\/rovigo\/","og_site_name":"Ultra Limited","article_modified_time":"2025-01-15T13:55:31+00:00","og_image":[{"width":1600,"height":1200,"url":"https:\/\/ultralimited.it\/wp-content\/uploads\/2025\/01\/ROVIGO-V-F-BIANCO.jpg","type":"image\/jpeg"}],"twitter_card":"summary_large_image","twitter_misc":{"Gesch\u00e4tzte Lesezeit":"1\u00a0Minute"},"schema":{"@context":"https:\/\/schema.org","@graph":[{"@type":"WebPage","@id":"https:\/\/ultralimited.it\/de\/brillen\/rovigo\/","url":"https:\/\/ultralimited.it\/de\/brillen\/rovigo\/","name":"Rovigo - Ultra Limited","isPartOf":{"@id":"https:\/\/ultralimited.it\/en\/#website"},"primaryImageOfPage":{"@id":"https:\/\/ultralimited.it\/de\/brillen\/rovigo\/#primaryimage"},"image":{"@id":"https:\/\/ultralimited.it\/de\/brillen\/rovigo\/#primaryimage"},"thumbnailUrl":"https:\/\/ultralimited.it\/wp-content\/uploads\/2025\/01\/ROVIGO-V-F-BIANCO.jpg","datePublished":"2025-01-03T13:05:40+00:00","dateModified":"2025-01-15T13:55:31+00:00","breadcrumb":{"@id":"https:\/\/ultralimited.it\/de\/brillen\/rovigo\/#breadcrumb"},"inLanguage":"de","potentialAction":[{"@type":"ReadAction","target":["https:\/\/ultralimited.it\/de\/brillen\/rovigo\/"]}]},{"@type":"ImageObject","inLanguage":"de","@id":"https:\/\/ultralimited.it\/de\/brillen\/rovigo\/#primaryimage","url":"https:\/\/ultralimited.it\/wp-content\/uploads\/2025\/01\/ROVIGO-V-F-BIANCO.jpg","contentUrl":"https:\/\/ultralimited.it\/wp-content\/uploads\/2025\/01\/ROVIGO-V-F-BIANCO.jpg","width":1600,"height":1200},{"@type":"BreadcrumbList","@id":"https:\/\/ultralimited.it\/de\/brillen\/rovigo\/#breadcrumb","itemListElement":[{"@type":"ListItem","position":1,"name":"Home","item":"https:\/\/ultralimited.it\/de\/"},{"@type":"ListItem","position":2,"name":"Rovigo"}]},{"@type":"WebSite","@id":"https:\/\/ultralimited.it\/en\/#website","url":"https:\/\/ultralimited.it\/en\/","name":"Ultra Limited","description":"","potentialAction":[{"@type":"SearchAction","target":{"@type":"EntryPoint","urlTemplate":"https:\/\/ultralimited.it\/en\/?s={search_term_string}"},"query-input":{"@type":"PropertyValueSpecification","valueRequired":true,"valueName":"search_term_string"}}],"inLanguage":"de"}]}},"_links":{"self":[{"href":"https:\/\/ultralimited.it\/de\/wp-json\/wp\/v2\/product\/28344","targetHints":{"allow":["GET"]}}],"collection":[{"href":"https:\/\/ultralimited.it\/de\/wp-json\/wp\/v2\/product"}],"about":[{"href":"https:\/\/ultralimited.it\/de\/wp-json\/wp\/v2\/types\/product"}],"wp:featuredmedia":[{"embeddable":true,"href":"https:\/\/ultralimited.it\/de\/wp-json\/wp\/v2\/media\/28687"}],"wp:attachment":[{"href":"https:\/\/ultralimited.it\/de\/wp-json\/wp\/v2\/media?parent=28344"}],"wp:term":[{"taxonomy":"product_brand","embeddable":true,"href":"https:\/\/ultralimited.it\/de\/wp-json\/wp\/v2\/product_brand?post=28344"},{"taxonomy":"product_cat","embeddable":true,"href":"https:\/\/ultralimited.it\/de\/wp-json\/wp\/v2\/product_cat?post=28344"}],"curies":[{"name":"wp","href":"https:\/\/api.w.org\/{rel}","templated":true}]}}